{"id":3,"date":"2021-09-22T06:38:16","date_gmt":"2021-09-22T06:38:16","guid":{"rendered":"https:\/\/getdokan.com\/?page_id=3"},"modified":"2025-05-26T16:49:05","modified_gmt":"2025-05-26T10:49:05","slug":"privacy-policy","status":"publish","type":"page","link":"https:\/\/dokan.co\/de\/wordpress\/privacy-policy\/","title":{"rendered":"Datenschutz-Bestimmungen"},"content":{"rendered":"<div class=\"wp-block-group alignfull ticss-d80810bc has-global-padding is-layout-constrained wp-container-core-group-is-layout-bed9fd30 wp-block-group-is-layout-constrained\">\n<div style=\"height:20px\" aria-hidden=\"true\" class=\"wp-block-spacer\"><\/div>\n\n\n\n<h1 class=\"wp-block-heading has-text-align-center\" style=\"font-size:clamp(2.2rem, 2.2rem + ((1vw - 0.2rem) * 3.273), 4rem);\"><strong><strong>Datenschutzrichtlinie f\u00fcr das Dokan-Plugin<\/strong><\/strong><\/h1>\n\n\n\n<div style=\"height:20px\" aria-hidden=\"true\" class=\"wp-block-spacer\"><\/div>\n\n\n\n<p>Diese Datenschutzrichtlinie erl\u00e4utert, wie <strong>weDevs Ltd.<\/strong> (\u201eweDevs\u201c, \u201ewir\u201c, \u201eunser\u201c oder \u201euns\u201c) sammelt, verwendet und teilt Ihre pers\u00f6nlichen Daten, wenn Sie die <strong>Dokan-Plugin<\/strong>, ein WordPress-basiertes Multivendor-Marktplatz-Plugin. Egal, ob Sie ein <strong>Marktplatzbesitzer<\/strong> Betrieb eines Dokan-basierten Marktplatzes, <strong>Verk\u00e4ufer<\/strong> Verkauf von Produkten, ein <strong>Kunde<\/strong> Einkaufen oder ein <strong>Gast<\/strong> Wenn Sie dokan.co\/wordpress durchsuchen, gilt diese Richtlinie f\u00fcr Sie.<\/p>\n\n\n\n<p>Das Dokan Plugin wird auf Ihrer eigenen WordPress-Site installiert, sodass die <strong>Marktplatzbesitzer<\/strong> ist f\u00fcr die Verwaltung der Marktplatzdaten, die Sicherheit und die Einhaltung von Gesetzen wie DSGVO oder CCPA verantwortlich. Wir stellen das Plugin und den Support bereit, hosten oder kontrollieren Ihre Marktplatzdaten jedoch nicht. Wir informieren Sie \u00fcber Richtlinien\u00e4nderungen per E-Mail oder auf dokan.co\/wordpress.<\/p>\n\n\n\n<p>Bei Fragen erreichen Sie uns unter <strong>support@dokan.co<\/strong><\/p>\n\n\n\n<h2 class=\"wp-block-heading\" style=\"font-size:clamp(1.146rem, 1.146rem + ((1vw - 0.2rem) * 1.189), 1.8rem);\"><strong>1. Wer wir sind und welche Rollen wir spielen<\/strong><\/h2>\n\n\n\n<p>Der <strong>Dokan-Plugin<\/strong>, entwickelt von <strong>weDevs Ltd.<\/strong>, verwandelt Ihre WordPress-Site mit WooCommerce in einen Multivendor-Marktplatz, auf dem Anbieter Produkte an Kunden verkaufen.<\/p>\n\n\n\n<ul class=\"wp-block-list\">\n<li><strong>Marktplatzbesitzer<\/strong>: Sie installieren das Dokan-Plugin und verwalten den Marktplatz. Sie kontrollieren Lieferanten- und Kundendaten. Sie m\u00fcssen Ihre eigene Datenschutzrichtlinie f\u00fcr Ihren Marktplatz bereitstellen.<\/li>\n\n\n\n<li><strong>Anbieter<\/strong>: Sie erstellen einen Shop in einem von Dokan betriebenen Marktplatz, um Produkte zu verkaufen und Kundendaten f\u00fcr Bestellungen zu verwalten.<\/li>\n\n\n\n<li><strong>Kunde<\/strong>: Sie kaufen auf einem von Dokan betriebenen Marktplatz bei Anbietern ein.<\/li>\n\n\n\n<li><strong>Gast<\/strong>: Sie durchsuchen <a href=\"https:\/\/dokan.co\/de\/wordpress\/\">http:\/\/dokan.co\/wordpress<\/a> oder einen Marktplatz ohne Registrierung oder Kauf.<\/li>\n<\/ul>\n\n\n\n<p>WeDevs ist der <strong>Verantwortlicher f\u00fcr die Datenverarbeitung<\/strong> f\u00fcr die von uns erfassten Daten (z. B. Plugin-K\u00e4ufe, Supportanfragen) und kontrolliert keine Marktplatzdaten, sofern sie nicht f\u00fcr den Support freigegeben werden.<\/p>\n\n\n\n<h2 class=\"wp-block-heading\" style=\"font-size:clamp(1.146rem, 1.146rem + ((1vw - 0.2rem) * 1.189), 1.8rem);\"><strong>2. Welche Informationen wir erfassen und wie<\/strong><\/h2>\n\n\n\n<p>Wir sammeln begrenzte Informationen, um das Dokan-Plugin bereitzustellen und zu unterst\u00fctzen. Marktplatzbesitzer verwalten die meisten Daten auf ihren WordPress-Sites.<\/p>\n\n\n\n<h3 class=\"wp-block-heading has-medium-font-size\"><strong>2.1 Pers\u00f6nliche Informationen<\/strong><\/h3>\n\n\n\n<p>Wir erfassen Informationen, die Sie uns direkt zur Verf\u00fcgung stellen, beispielsweise:<\/p>\n\n\n\n<ul class=\"wp-block-list\">\n<li><strong>Name, E-Mail-Adresse, Telefonnummer<\/strong>, Und <strong>Zahlungsinformationen<\/strong> (z. B. Kreditkartendaten, PayPal-E-Mail), wenn Sie das Dokan-Plugin auf dokan.co\/wordpress kaufen oder registrieren.<\/li>\n\n\n\n<li><strong>Supportanfragen<\/strong>: Details, die Sie per E-Mail, Support-Tickets oder Live-Chat teilen (z. B. Plugin-Probleme, WordPress-Protokolle, falls bereitgestellt).<\/li>\n<\/ul>\n\n\n\n<h3 class=\"wp-block-heading has-medium-font-size\"><strong>2.2 Bestellinformationen<\/strong><\/h3>\n\n\n\n<p>Wenn Sie das Dokan-Plugin kaufen oder versuchen zu kaufen, erfassen wir:<\/p>\n\n\n\n<ul class=\"wp-block-list\">\n<li><strong>Name<\/strong>, <strong>Rechnungs-\/Lieferadresse<\/strong>, <strong>Zahlungsinformationen<\/strong> (z. B. Kreditkartennummern, PayPal-E-Mail, Bankdaten), <strong>E-Mail-Adresse<\/strong>, Und <strong>Telefonnummer<\/strong>.<\/li>\n<\/ul>\n\n\n\n<h3 class=\"wp-block-heading has-medium-font-size\"><strong>2.3 Nutzungsinformationen<\/strong><\/h3>\n\n\n\n<p>Wir erfassen Informationen \u00fcber Ihre Nutzung von dokan.co\/wordpress, darunter:<\/p>\n\n\n\n<ul class=\"wp-block-list\">\n<li><strong>Verwendete Funktionen<\/strong> (z. B. Plugin-Downloadseite).<\/li>\n\n\n\n<li><strong>Aufgerufene Seiten<\/strong> und <strong>durchgef\u00fchrte Durchsuchungen<\/strong>.<\/li>\n<\/ul>\n\n\n\n<h3 class=\"wp-block-heading has-medium-font-size\"><strong>2.4 Ger\u00e4teinformationen<\/strong><\/h3>\n\n\n\n<p>Wir erfassen Daten \u00fcber Ger\u00e4te, die f\u00fcr den Zugriff auf dokan.co\/wordpress oder die Aktivierung des Plugins verwendet werden, wie etwa:<\/p>\n\n\n\n<ul class=\"wp-block-list\">\n<li><strong>Hardwaremodell<\/strong>, <strong>Betriebssystem und Version<\/strong>, <strong>eindeutige Ger\u00e4tekennungen<\/strong>, Und <strong>Mobilfunknetzinformationen<\/strong>.<\/li>\n<\/ul>\n\n\n\n<h3 class=\"wp-block-heading has-medium-font-size\"><strong>2.5 Protokollinformationen<\/strong><\/h3>\n\n\n\n<p>Wir erfassen Protokolldaten, wenn Sie dokan.co\/wordpress verwenden, darunter:<\/p>\n\n\n\n<ul class=\"wp-block-list\">\n<li><strong>IP-Adresse<\/strong>, <strong>Zugriffszeiten<\/strong>, <strong>aufgerufene Seiten<\/strong>, Und <strong>Verweisende URL<\/strong>.<\/li>\n<\/ul>\n\n\n\n<h3 class=\"wp-block-heading has-medium-font-size\"><strong>2.6 Erfassungstechnologien<\/strong><\/h3>\n\n\n\n<p>Wir verwenden:<\/p>\n\n\n\n<ul class=\"wp-block-list\">\n<li><strong>Cookie-Hinweis<\/strong>: Datendateien auf Ihrem Ger\u00e4t f\u00fcr die Funktionalit\u00e4t der Website. Weitere Informationen finden Sie unter<a href=\"http:\/\/www.allaboutcookies.org\/\" target=\"_blank\" rel=\"noopener\"> allaboutcookies.org<\/a>.<\/li>\n\n\n\n<li><strong>Protokolldateien<\/strong>: Verfolgen Sie IP-Adresse, Browsertyp, ISP, verweisende\/verlassene Seiten und Zeitstempel.<\/li>\n\n\n\n<li><strong>Web Beacons, Tags, Pixel<\/strong>: Zeichnen Sie das Surfverhalten auf dokan.co\/wordpress auf.<\/li>\n\n\n\n<li><strong>Google Analytics<\/strong>: Verfolgt Verkehr und Interaktionen. Abmelden unter<a href=\"https:\/\/tools.google.com\/dlpage\/gaoptout\" target=\"_blank\" rel=\"noopener\"> tools.google.com\/dlpage\/gaoptout<\/a>Die Datenschutzbestimmungen von Google finden Sie unter<a href=\"https:\/\/www.google.com\/intl\/en\/policies\/privacy\" target=\"_blank\" rel=\"noopener\"> google.com\/intl\/en\/policies\/privacy<\/a>.<\/li>\n<\/ul>\n\n\n\n<h3 class=\"wp-block-heading has-medium-font-size\"><strong>2.7 Von Marktplatzbesitzern erfasste Daten<\/strong><\/h3>\n\n\n\n<ul class=\"wp-block-list\">\n<li><strong>Marktplatzbesitzer<\/strong>: Sie erfassen auf Ihrer WordPress-Site Lieferantendaten (z. B. Namen, E-Mails, Auszahlungsinformationen) und Kundendaten (z. B. Bestellungen, Lieferadressen).<\/li>\n\n\n\n<li><strong>Anbieter<\/strong>: Sie erfassen Kundendaten (z. B. Versanddetails), um Bestellungen auszuf\u00fchren.<\/li>\n\n\n\n<li><strong>Kunden<\/strong>: Ihre Daten werden vom Marktplatzbesitzer und den Anbietern erfasst, nicht von weDevs, es sei denn, sie werden f\u00fcr Supportzwecke weitergegeben.<\/li>\n<\/ul>\n\n\n\n<h2 class=\"wp-block-heading\" style=\"font-size:clamp(1.146rem, 1.146rem + ((1vw - 0.2rem) * 1.189), 1.8rem);\"><strong>3. Wie wir Ihre Daten verwenden<\/strong><\/h2>\n\n\n\n<p>Wir verwenden Ihre Informationen, um:<\/p>\n\n\n\n<ul class=\"wp-block-list\">\n<li><strong>Bereitstellen, Warten und Verbessern<\/strong> das Dokan-Plugin (z. B. Lizenz\u00fcberpr\u00fcfung, Updates).<\/li>\n\n\n\n<li><strong>Personifizieren<\/strong> Ihre Erfahrungen mit dokan.co\/wordpress (z. B. Plugin-Empfehlungen).<\/li>\n\n\n\n<li><strong>Bieten Sie Kundensupport an<\/strong> per E-Mail, Live-Chat oder Support-Tickets.<\/li>\n\n\n\n<li><strong>Kommunizieren<\/strong> \u00fcber das Dokan-Plugin, einschlie\u00dflich Updates und Werbeangebote (mit Zustimmung, falls erforderlich).<\/li>\n\n\n\n<li><strong>Erkennen und verhindern<\/strong> Betrug oder Missbrauch (z. B. unbefugte Lizenznutzung).<\/li>\n\n\n\n<li><strong>Einhalten<\/strong> mit Gesetzen und Vorschriften (z. B. Steuererkl\u00e4rung).<\/li>\n<\/ul>\n\n\n\n<h2 class=\"wp-block-heading\" style=\"font-size:clamp(1.146rem, 1.146rem + ((1vw - 0.2rem) * 1.189), 1.8rem);\"><strong>4. Wie wir Ihre Informationen weitergeben<\/strong><\/h2>\n\n\n\n<p>Wir verkaufen Ihre personenbezogenen Daten nicht. Wir geben sie nur weiter, wenn es notwendig ist:<\/p>\n\n\n\n<ul class=\"wp-block-list\">\n<li><strong>Dienstanbieter<\/strong>: Mit Drittanbietern wie Stripe, PayPal (Zahlungsabwicklung), Google Analytics 4 (Analyse) oder Zendesk (Support), um dokan.co\/wordpress zu betreiben. Diese sind vertraglich zum Schutz Ihrer Daten verpflichtet.<\/li>\n\n\n\n<li><strong>Rechtliche Zwecke<\/strong>: Um Gesetze einzuhalten, auf rechtliche Anfragen (z. B. Vorladungen) zu reagieren oder unsere Rechte, unser Eigentum oder unsere Sicherheit zu sch\u00fctzen.<\/li>\n\n\n\n<li><strong>Unternehmens\u00fcbertragungen<\/strong>: Bei einer Fusion, \u00dcbernahme oder einem Verkauf von Verm\u00f6genswerten, mit vorheriger Ank\u00fcndigung.<\/li>\n<\/ul>\n\n\n\n<p>Marktplatzbesitzer und -anbieter kontrollieren die Datenfreigabe auf ihrer WordPress-Website. Wir greifen nicht auf Marktplatzdaten zu, es sei denn, sie werden f\u00fcr Supportzwecke freigegeben.<\/p>\n\n\n\n<h2 class=\"wp-block-heading\" style=\"font-size:clamp(1.146rem, 1.146rem + ((1vw - 0.2rem) * 1.189), 1.8rem);\"><strong>5. Google Cloud-Umfang und Richtlinie zur eingeschr\u00e4nkten Nutzung<\/strong><\/h2>\n\n\n\n<p>Das Dokan Plugin kann verwenden <strong>Google Cloud-APIs<\/strong> f\u00fcr Funktionen wie die Analyseintegration (sofern vom Marktplatzbesitzer aktiviert).<\/p>\n\n\n\n<ul class=\"wp-block-list\">\n<li><strong>Empfindliche Bereiche<\/strong>: Zugriff auf Google Drive-Dateien\/-Ordner, um Google Analytics-Daten anzuzeigen und herunterzuladen (sofern integriert).<\/li>\n\n\n\n<li><strong>Nicht sensible Bereiche<\/strong>: Zugriff auf die E-Mail-Adresse, das \u00f6ffentliche Profil oder die Identit\u00e4t Ihres Google-Kontos (sofern verbunden).<\/li>\n<\/ul>\n\n\n\n<p>Wir erf\u00fcllen die <strong>Nutzerdatenrichtlinie f\u00fcr Google API-Dienste<\/strong>, einschlie\u00dflich <strong>Eingeschr\u00e4nkte Nutzung<\/strong> Anforderungen, um sicherzustellen, dass Daten nur wie zul\u00e4ssig verwendet und \u00fcbertragen werden. Erfahren Sie mehr unter<a href=\"https:\/\/developers.google.com\/terms\/api-services-user-data-policy\" target=\"_blank\" rel=\"noopener\"> developers.google.com\/terms\/api-services-user-data-policy<\/a>.<\/p>\n\n\n\n<h2 class=\"wp-block-heading\" style=\"font-size:clamp(1.146rem, 1.146rem + ((1vw - 0.2rem) * 1.189), 1.8rem);\"><strong>6. Sicherheit<\/strong><\/h2>\n\n\n\n<p>Wir ergreifen angemessene Ma\u00dfnahmen zum Schutz Ihrer Daten, darunter:<\/p>\n\n\n\n<ul class=\"wp-block-list\">\n<li><strong>Physische, elektronische und verfahrenstechnische Sicherheitsvorkehrungen<\/strong> f\u00fcr Daten auf dokan.co\/wordpress.<\/li>\n\n\n\n<li><strong>Verschl\u00fcsselung<\/strong> f\u00fcr Daten w\u00e4hrend der \u00dcbertragung und im Ruhezustand.<\/li>\n<\/ul>\n\n\n\n<p>Marktplatzbetreiber sind f\u00fcr die Sicherung ihrer WordPress-Site und der \u00fcber das Dokan-Plugin erfassten Daten verantwortlich. Kein System ist 100%-sicher, daher k\u00f6nnen wir keine absolute Sicherheit garantieren.<\/p>\n\n\n\n<h2 class=\"wp-block-heading\" style=\"font-size:clamp(1.146rem, 1.146rem + ((1vw - 0.2rem) * 1.189), 1.8rem);\"><strong>7. Ihre Wahlm\u00f6glichkeiten und Datenschutzrechte<\/strong><\/h2>\n\n\n\n<p>Du kannst <strong>Zugriff, Aktualisierung oder L\u00f6schung<\/strong> Ihre pers\u00f6nlichen Daten, indem Sie uns unter <a href=\"mailto:support@dokan.co\"><strong>support@dokan.co<\/strong><\/a> Abh\u00e4ngig von Ihrem Standort (z. B. DSGVO in Europa, CCPA in Kalifornien) haben Sie m\u00f6glicherweise folgende Rechte:<\/p>\n\n\n\n<ul class=\"wp-block-list\">\n<li><strong>Zugang<\/strong> oder <strong>richtig<\/strong> Ihre Daten.<br><\/li>\n\n\n\n<li><strong>L\u00f6schen<\/strong> Ihre Daten (vorbehaltlich gesetzlicher Anforderungen).<br><\/li>\n\n\n\n<li><strong>Portabilit\u00e4t<\/strong> um eine Kopie Ihrer Daten zu erhalten.<br><\/li>\n\n\n\n<li><strong>Opt-out<\/strong> von Marketing-E-Mails oder gezielten Anzeigen.<br><\/li>\n\n\n\n<li><strong>Beschr\u00e4nken<\/strong> bestimmte Datenverwendungen.<br><\/li>\n\n\n\n<li><strong>Kunden<\/strong>: Wenden Sie sich f\u00fcr Ihre Daten an den Marktplatzbesitzer.<br><\/li>\n\n\n\n<li><strong>Anbieter<\/strong>: Wenden Sie sich f\u00fcr Shop-Daten an den Marktplatzbesitzer oder f\u00fcr supportbezogene Daten an weDevs.<br><\/li>\n\n\n\n<li><strong>Marktplatzbesitzer\/Besucher<\/strong>: E-Mail <strong>support@dokan.co<\/strong> oder verwalten Sie Ihr dokan.co\/wordpress-Konto.<br><\/li>\n<\/ul>\n\n\n\n<p>Wir k\u00f6nnen Ihre Identit\u00e4t \u00fcberpr\u00fcfen, bevor wir antworten.<\/p>\n\n\n\n<h2 class=\"wp-block-heading\" style=\"font-size:clamp(1.146rem, 1.146rem + ((1vw - 0.2rem) * 1.189), 1.8rem);\"><strong>8. \u00c4nderungen dieser Richtlinie<\/strong><\/h2>\n\n\n\n<p>Wir k\u00f6nnen diese Richtlinie aktualisieren, um \u00c4nderungen am Dokan-Plugin oder an den Gesetzen zu ber\u00fccksichtigen. Wir informieren Sie \u00fcber wesentliche \u00c4nderungen per E-Mail oder auf dokan.co\/wordpress. \u00dcberpr\u00fcfen Sie die <strong>Zuletzt aktualisiert<\/strong> Datum f\u00fcr die neueste Version.<\/p>\n\n\n\n<h2 class=\"wp-block-heading\" style=\"font-size:clamp(1.146rem, 1.146rem + ((1vw - 0.2rem) * 1.189), 1.8rem);\"><strong>9. Kontakt<\/strong><\/h2>\n\n\n\n<p>Bei Fragen oder Anliegen:<br>E-Mail: <strong>support@dokan.co\/wordpress<\/strong><strong><br><\/strong>Adresse: Dokan Inc. 8 The Green Ste R, Dover, DE, 19901, USA<br>Telefon:&nbsp;<\/p>\n<\/div>\n\n\n\n<div style=\"height:100px\" aria-hidden=\"true\" class=\"wp-block-spacer\"><\/div>\n\n\n\n<p><\/p>","protected":false},"excerpt":{"rendered":"<p>Privacy Policy for Dokan Plugin This Privacy Policy explains how weDevs Ltd. (\u201cweDevs,\u201d \u201cwe,\u201d \u201cour,\u201d or \u201cus\u201d) collects, uses, and shares your personal information when you use the Dokan Plugin, a WordPress-based multivendor marketplace plugin. Whether you\u2019re a marketplace owner running a Dokan-powered marketplace, a vendor selling products, a customer shopping, or a visitor browsing [&hellip;]<\/p>\n","protected":false},"author":1,"featured_media":0,"parent":472416,"menu_order":0,"comment_status":"closed","ping_status":"open","template":"","meta":{"footnotes":""},"class_list":["post-3","page","type-page","status-publish","hentry"],"_links":{"self":[{"href":"https:\/\/dokan.co\/de\/wp-json\/wp\/v2\/pages\/3","targetHints":{"allow":["GET"]}}],"collection":[{"href":"https:\/\/dokan.co\/de\/wp-json\/wp\/v2\/pages"}],"about":[{"href":"https:\/\/dokan.co\/de\/wp-json\/wp\/v2\/types\/page"}],"author":[{"embeddable":true,"href":"https:\/\/dokan.co\/de\/wp-json\/wp\/v2\/users\/1"}],"replies":[{"embeddable":true,"href":"https:\/\/dokan.co\/de\/wp-json\/wp\/v2\/comments?post=3"}],"version-history":[{"count":24,"href":"https:\/\/dokan.co\/de\/wp-json\/wp\/v2\/pages\/3\/revisions"}],"predecessor-version":[{"id":500077,"href":"https:\/\/dokan.co\/de\/wp-json\/wp\/v2\/pages\/3\/revisions\/500077"}],"up":[{"embeddable":true,"href":"https:\/\/dokan.co\/de\/wp-json\/wp\/v2\/pages\/472416"}],"wp:attachment":[{"href":"https:\/\/dokan.co\/de\/wp-json\/wp\/v2\/media?parent=3"}],"curies":[{"name":"wp","href":"https:\/\/api.w.org\/{rel}","templated":true}]}}