{"id":472483,"date":"2023-08-01T08:41:34","date_gmt":"2023-08-01T02:41:34","guid":{"rendered":"https:\/\/dokan.co\/?page_id=472483"},"modified":"2024-12-11T12:05:54","modified_gmt":"2024-12-11T06:05:54","slug":"comparison","status":"publish","type":"page","link":"https:\/\/dokan.co\/de\/wordpress\/comparison\/","title":{"rendered":"Vergleich"},"content":{"rendered":"<div class=\"wp-block-group alignfull has-global-padding is-layout-constrained wp-container-core-group-is-layout-03246cf0 wp-block-group-is-layout-constrained\" style=\"padding-top:var(--wp--preset--spacing--40);padding-bottom:var(--wp--preset--spacing--60)\">\n<h1 class=\"wp-block-heading has-text-align-center has-text-color has-link-color has-poppins-font-family wp-elements-c3f210495a879e28df8203f6d13af96a\" style=\"color:#25252d;font-size:clamp(1.805rem, 1.805rem + ((1vw - 0.2rem) * 2.409), 3.13rem);font-style:normal;font-weight:700;line-height:1.2\">Vergleich<\/h1>\n\n\n\n<div style=\"height:49px\" aria-hidden=\"true\" class=\"wp-block-spacer\"><\/div>\n\n\n\n<div class=\"wp-block-group ticss-2e1c96f4 has-border-color is-layout-flow wp-block-group-is-layout-flow\" style=\"border-color:#ecedef;border-width:1px\">\n<figure class=\"wp-block-table is-style-regular ticss-9a3bbc40 has-small-font-size\"><table><thead><tr><th class=\"has-text-align-left\" data-align=\"left\"><mark style=\"background-color:rgba(0, 0, 0, 0)\" class=\"has-inline-color has-contrast-color\">Besonderheit<\/mark><\/th><th class=\"has-text-align-center\" data-align=\"center\"><mark style=\"background-color:rgba(0, 0, 0, 0)\" class=\"has-inline-color has-contrast-color\">Dokan Pro<\/mark><\/th><th class=\"has-text-align-center\" data-align=\"center\"><mark style=\"background-color:rgba(0, 0, 0, 0)\" class=\"has-inline-color has-contrast-color\">Dokan<\/mark><\/th><\/tr><\/thead><tbody><tr><td class=\"has-text-align-left\" data-align=\"left\">Plugin-Updates<\/td><td class=\"has-text-align-center\" data-align=\"center\"><mark style=\"background-color:rgba(0, 0, 0, 0);color:#61bd6d\" class=\"has-inline-color\">\u2713<\/mark><\/td><td class=\"has-text-align-center\" data-align=\"center\"><mark style=\"background-color:rgba(0, 0, 0, 0);color:#61bd6d\" class=\"has-inline-color\">\u2713<\/mark><\/td><\/tr><tr><td class=\"has-text-align-left\" data-align=\"left\">Unterst\u00fctzung<\/td><td class=\"has-text-align-center\" data-align=\"center\">Ticketbasiert<\/td><td class=\"has-text-align-center\" data-align=\"center\">WordPress.org-Foren<\/td><\/tr><tr><td class=\"has-text-align-left\" data-align=\"left\">Frontend-Dashboard f\u00fcr Anbieter<\/td><td class=\"has-text-align-center\" data-align=\"center\"><mark style=\"background-color:rgba(0, 0, 0, 0);color:#61bd6d\" class=\"has-inline-color\">\u2713<\/mark><\/td><td class=\"has-text-align-center\" data-align=\"center\"><mark style=\"background-color:rgba(0, 0, 0, 0);color:#61bd6d\" class=\"has-inline-color\">\u2713<\/mark><\/td><\/tr><tr><td class=\"has-text-align-left\" data-align=\"left\">Einfaches Frontend-Produktmanagement<\/td><td class=\"has-text-align-center\" data-align=\"center\"><mark style=\"background-color:rgba(0, 0, 0, 0);color:#61bd6d\" class=\"has-inline-color\">\u2713<\/mark><\/td><td class=\"has-text-align-center\" data-align=\"center\"><mark style=\"background-color:rgba(0, 0, 0, 0);color:#61bd6d\" class=\"has-inline-color\">\u2713<\/mark><\/td><\/tr><tr><td class=\"has-text-align-left\" data-align=\"left\">Frontend-Variables-Produktmanagement<\/td><td class=\"has-text-align-center\" data-align=\"center\"><mark style=\"background-color:rgba(0, 0, 0, 0);color:#61bd6d\" class=\"has-inline-color\">\u2713<\/mark><\/td><td class=\"has-text-align-center\" data-align=\"center\"><mark style=\"background-color:rgba(0, 0, 0, 0);color:#e14938\" class=\"has-inline-color\"><strong>\u2573<\/strong><\/mark><\/td><\/tr><tr><td class=\"has-text-align-left\" data-align=\"left\">Auftragsverwaltung<\/td><td class=\"has-text-align-center\" data-align=\"center\"><mark style=\"background-color:rgba(0, 0, 0, 0);color:#61bd6d\" class=\"has-inline-color\">\u2713<\/mark><\/td><td class=\"has-text-align-center\" data-align=\"center\"><mark style=\"background-color:rgba(0, 0, 0, 0);color:#61bd6d\" class=\"has-inline-color\">\u2713<\/mark><\/td><\/tr><tr><td class=\"has-text-align-left\" data-align=\"left\">Auszahlungssystem f\u00fcr Verk\u00e4ufer<\/td><td class=\"has-text-align-center\" data-align=\"center\"><mark style=\"background-color:rgba(0, 0, 0, 0);color:#61bd6d\" class=\"has-inline-color\">\u2713<\/mark><\/td><td class=\"has-text-align-center\" data-align=\"center\"><mark style=\"background-color:rgba(0, 0, 0, 0);color:#61bd6d\" class=\"has-inline-color\">\u2713<\/mark><\/td><\/tr><tr><td class=\"has-text-align-left\" data-align=\"left\">Einzelne Verkaufsstellen<\/td><td class=\"has-text-align-center\" data-align=\"center\"><mark style=\"background-color:rgba(0, 0, 0, 0);color:#61bd6d\" class=\"has-inline-color\">\u2713<\/mark><\/td><td class=\"has-text-align-center\" data-align=\"center\"><mark style=\"background-color:rgba(0, 0, 0, 0);color:#61bd6d\" class=\"has-inline-color\">\u2713<\/mark><\/td><\/tr><tr><td class=\"has-text-align-left\" data-align=\"left\">Bestellen Sie E-Mail-Benachrichtigungen<\/td><td class=\"has-text-align-center\" data-align=\"center\"><mark style=\"background-color:rgba(0, 0, 0, 0);color:#61bd6d\" class=\"has-inline-color\">\u2713<\/mark><\/td><td class=\"has-text-align-center\" data-align=\"center\"><mark style=\"background-color:rgba(0, 0, 0, 0);color:#61bd6d\" class=\"has-inline-color\">\u2713<\/mark><\/td><\/tr><tr><td class=\"has-text-align-left\" data-align=\"left\">Benutzeroberfl\u00e4che f\u00fcr die Verk\u00e4uferverwaltung<\/td><td class=\"has-text-align-center\" data-align=\"center\"><mark style=\"background-color:rgba(0, 0, 0, 0);color:#61bd6d\" class=\"has-inline-color\">\u2713<\/mark><\/td><td class=\"has-text-align-center\" data-align=\"center\"><strong><mark style=\"background-color:rgba(0, 0, 0, 0);color:#e14938\" class=\"has-inline-color\"><strong>\u2573<\/strong><\/mark><\/strong><\/td><\/tr><tr><td class=\"has-text-align-left\" data-align=\"left\">Verk\u00e4uferberichte<\/td><td class=\"has-text-align-center\" data-align=\"center\"><mark style=\"background-color:rgba(0, 0, 0, 0);color:#61bd6d\" class=\"has-inline-color\">\u2713<\/mark><\/td><td class=\"has-text-align-center\" data-align=\"center\"><mark style=\"background-color:rgba(0, 0, 0, 0);color:#e14938\" class=\"has-inline-color\"><strong>\u2573<\/strong><\/mark><\/td><\/tr><tr><td class=\"has-text-align-left\" data-align=\"left\">Versandmanagement<\/td><td class=\"has-text-align-center\" data-align=\"center\"><mark style=\"background-color:rgba(0, 0, 0, 0);color:#61bd6d\" class=\"has-inline-color\">\u2713<\/mark><\/td><td class=\"has-text-align-center\" data-align=\"center\"><mark style=\"background-color:rgba(0, 0, 0, 0);color:#e14938\" class=\"has-inline-color\"><strong>\u2573<\/strong><\/mark><\/td><\/tr><tr><td class=\"has-text-align-left\" data-align=\"left\">Steueroptionen<\/td><td class=\"has-text-align-center\" data-align=\"center\"><mark style=\"background-color:rgba(0, 0, 0, 0);color:#61bd6d\" class=\"has-inline-color\">\u2713<\/mark><\/td><td class=\"has-text-align-center\" data-align=\"center\"><mark style=\"background-color:rgba(0, 0, 0, 0);color:#e14938\" class=\"has-inline-color\"><strong>\u2573<\/strong><\/mark><\/td><\/tr><tr><td class=\"has-text-align-left\" data-align=\"left\">Gutscheinerstellung<\/td><td class=\"has-text-align-center\" data-align=\"center\"><mark style=\"background-color:rgba(0, 0, 0, 0);color:#61bd6d\" class=\"has-inline-color\">\u2713<\/mark><\/td><td class=\"has-text-align-center\" data-align=\"center\"><mark style=\"background-color:rgba(0, 0, 0, 0);color:#e14938\" class=\"has-inline-color\"><strong>\u2573<\/strong><\/mark><\/td><\/tr><tr><td class=\"has-text-align-left\" data-align=\"left\">Ank\u00fcndigungen machen<\/td><td class=\"has-text-align-center\" data-align=\"center\"><mark style=\"background-color:rgba(0, 0, 0, 0);color:#61bd6d\" class=\"has-inline-color\">\u2713<\/mark><\/td><td class=\"has-text-align-center\" data-align=\"center\"><mark style=\"background-color:rgba(0, 0, 0, 0);color:#e14938\" class=\"has-inline-color\"><strong>\u2573<\/strong><\/mark><\/td><\/tr><tr><td class=\"has-text-align-left\" data-align=\"left\">Schaufenster-Widgets<\/td><td class=\"has-text-align-center\" data-align=\"center\"><mark style=\"background-color:rgba(0, 0, 0, 0);color:#61bd6d\" class=\"has-inline-color\">\u2713<\/mark><\/td><td class=\"has-text-align-center\" data-align=\"center\"><mark style=\"background-color:rgba(0, 0, 0, 0);color:#61bd6d\" class=\"has-inline-color\">\u2713<\/mark><\/td><\/tr><tr><td class=\"has-text-align-left\" data-align=\"left\">Admin-Bericht<\/td><td class=\"has-text-align-center\" data-align=\"center\"><mark style=\"background-color:rgba(0, 0, 0, 0);color:#61bd6d\" class=\"has-inline-color\">\u2713<\/mark><\/td><td class=\"has-text-align-center\" data-align=\"center\"><mark style=\"background-color:rgba(0, 0, 0, 0);color:#e14938\" class=\"has-inline-color\"><strong>\u2573<\/strong><\/mark><\/td><\/tr><tr><td class=\"has-text-align-left\" data-align=\"left\">Module<\/td><td class=\"has-text-align-center\" data-align=\"center\"><mark style=\"background-color:rgba(0, 0, 0, 0);color:#61bd6d\" class=\"has-inline-color\">\u2713<\/mark><\/td><td class=\"has-text-align-center\" data-align=\"center\"><mark style=\"background-color:rgba(0, 0, 0, 0);color:#e14938\" class=\"has-inline-color\"><strong>\u2573<\/strong><\/mark><\/td><\/tr><tr><td class=\"has-text-align-left\" data-align=\"left\">Kundeninformationen verbergen<\/td><td class=\"has-text-align-center\" data-align=\"center\"><mark style=\"background-color:rgba(0, 0, 0, 0);color:#61bd6d\" class=\"has-inline-color\">\u2713<\/mark><\/td><td class=\"has-text-align-center\" data-align=\"center\"><mark style=\"background-color:rgba(0, 0, 0, 0);color:#e14938\" class=\"has-inline-color\"><strong>\u2573<\/strong><\/mark><\/td><\/tr><tr><td class=\"has-text-align-left\" data-align=\"left\">Men\u00fc-Manager<\/td><td class=\"has-text-align-center\" data-align=\"center\"><mark style=\"background-color:rgba(0, 0, 0, 0);color:#61bd6d\" class=\"has-inline-color\">\u2713<\/mark><\/td><td class=\"has-text-align-center\" data-align=\"center\"><mark style=\"background-color:rgba(0, 0, 0, 0);color:#e14938\" class=\"has-inline-color\"><strong>\u2573<\/strong><\/mark><\/td><\/tr><\/tbody><\/table><\/figure>\n<\/div>\n\n\n\n<div style=\"height:11px\" aria-hidden=\"true\" class=\"wp-block-spacer\"><\/div>\n\n\n\n<div class=\"wp-block-buttons has-custom-font-size has-small-font-size is-content-justification-right is-layout-flex wp-container-core-buttons-is-layout-5d81e6a6 wp-block-buttons-is-layout-flex\" style=\"line-height:1\">\n<div class=\"wp-block-button btn-bg-hover-transparent btn-color-hover-black ticss-e82c1732\"><a class=\"wp-block-button__link has-base-color has-text-color has-background wp-element-button\" href=\"https:\/\/dokan.co\/de\/wordpress\/pricing\/\" style=\"border-radius:4px;background-color:#6556be\">Kaufe jetzt<\/a><\/div>\n\n\n\n<div class=\"wp-block-button ticss-36284f4c btn-bg-hover-transparent btn-color-hover-black\"><a class=\"wp-block-button__link has-base-color has-text-color has-background wp-element-button\" href=\"https:\/\/downloads.wordpress.org\/plugin\/dokan-lite.latest-stable.zip\" style=\"border-radius:4px;background-color:#f1634c\" target=\"_blank\" rel=\"noreferrer noopener\">Kostenfreier Download<\/a><\/div>\n<\/div>\n\n\n\n<div style=\"height:85px\" aria-hidden=\"true\" class=\"wp-block-spacer\"><\/div>\n\n\n\n<div class=\"wp-block-group ticss-c2b99990 dco-m-flex-col is-nowrap is-layout-flex wp-container-core-group-is-layout-eee36d49 wp-block-group-is-layout-flex\" style=\"border-radius:5px;padding-top:2.63rem;padding-right:3.75rem;padding-bottom:2.63rem;padding-left:3.75rem\">\n<figure class=\"wp-block-image size-full\"><img loading=\"lazy\" decoding=\"async\" width=\"93\" height=\"94\" src=\"https:\/\/dokan.co\/app\/uploads\/2024\/09\/Gradient-_-Dokan-Logo.png\" alt=\"\" class=\"wp-image-489291\" srcset=\"https:\/\/dokan.co\/app\/uploads\/2024\/09\/Gradient-_-Dokan-Logo.png 93w, https:\/\/dokan.co\/app\/uploads\/2024\/09\/Gradient-_-Dokan-Logo-12x12.png 12w\" sizes=\"auto, (max-width: 93px) 100vw, 93px\" data-no-translation=\"\" data-no-auto-translation=\"\" \/><\/figure>\n\n\n\n<div class=\"wp-block-group is-vertical is-layout-flex wp-container-core-group-is-layout-01814474 wp-block-group-is-layout-flex\">\n<h3 class=\"wp-block-heading dco-m-text-3xl dco-m-text-center has-contrast-color has-text-color has-x-large-font-size\" style=\"font-style:normal;font-weight:700\">Beginnen Sie mit <mark style=\"background-color:rgba(0, 0, 0, 0);color:#f1634c\" class=\"has-inline-color\">Dokan<\/mark><\/h3>\n\n\n\n<p class=\"dco-m-br-hidden dco-m-text-center has-text-color has-small-font-size\" style=\"color:#a88682\">Wir sind hier, um Ihnen die richtigen Werkzeuge zur Verf\u00fcgung zu stellen, aber Sie sind derjenige, der es tut<br>Sie m\u00fcssen an Ihre F\u00e4higkeiten glauben und anfangen. <\/p>\n<\/div>\n<\/div>\n<\/div>","protected":false},"excerpt":{"rendered":"<p>Comparison Feature Dokan Pro Dokan Plugin updates \u2713 \u2713 Support Ticket Based WordPress.org Forums Frontend Dashboard for Vendors \u2713 \u2713 Frontend Simple Product Management \u2713 \u2713 Frontend Variable Products Management \u2713 \u2573 Order Management \u2713 \u2713 Withdraw System for Vendors \u2713 \u2713 Individual Vendor Stores \u2713 \u2713 Order Email Notifications \u2713 \u2713 Seller Management UI [&hellip;]<\/p>\n","protected":false},"author":2,"featured_media":0,"parent":472416,"menu_order":0,"comment_status":"closed","ping_status":"closed","template":"page-dokan-wordpress","meta":{"footnotes":""},"class_list":["post-472483","page","type-page","status-publish","hentry"],"_links":{"self":[{"href":"https:\/\/dokan.co\/de\/wp-json\/wp\/v2\/pages\/472483","targetHints":{"allow":["GET"]}}],"collection":[{"href":"https:\/\/dokan.co\/de\/wp-json\/wp\/v2\/pages"}],"about":[{"href":"https:\/\/dokan.co\/de\/wp-json\/wp\/v2\/types\/page"}],"author":[{"embeddable":true,"href":"https:\/\/dokan.co\/de\/wp-json\/wp\/v2\/users\/2"}],"replies":[{"embeddable":true,"href":"https:\/\/dokan.co\/de\/wp-json\/wp\/v2\/comments?post=472483"}],"version-history":[{"count":9,"href":"https:\/\/dokan.co\/de\/wp-json\/wp\/v2\/pages\/472483\/revisions"}],"predecessor-version":[{"id":494682,"href":"https:\/\/dokan.co\/de\/wp-json\/wp\/v2\/pages\/472483\/revisions\/494682"}],"up":[{"embeddable":true,"href":"https:\/\/dokan.co\/de\/wp-json\/wp\/v2\/pages\/472416"}],"wp:attachment":[{"href":"https:\/\/dokan.co\/de\/wp-json\/wp\/v2\/media?parent=472483"}],"curies":[{"name":"wp","href":"https:\/\/api.w.org\/{rel}","templated":true}]}}