{"id":472493,"date":"2023-08-01T08:42:19","date_gmt":"2023-08-01T02:42:19","guid":{"rendered":"https:\/\/dokan.co\/?page_id=472493"},"modified":"2023-08-07T16:08:54","modified_gmt":"2023-08-07T10:08:54","slug":"dokan-documentation","status":"publish","type":"page","link":"https:\/\/dokan.co\/de\/wordpress\/dokan-documentation\/","title":{"rendered":"Dokan-Dokumentation"},"content":{"rendered":"<div class=\"wp-block-group alignfull has-global-padding is-layout-constrained wp-container-core-group-is-layout-0d25d02e wp-block-group-is-layout-constrained\" style=\"padding-top:var(--wp--preset--spacing--50);padding-bottom:var(--wp--preset--spacing--50)\">\n<div class=\"wp-block-group is-layout-flow wp-block-group-is-layout-flow\">\n<h1 class=\"wp-block-heading has-text-align-center has-foreground-color has-text-color\" style=\"font-size:clamp(1.378rem, 1.378rem + ((1vw - 0.2rem) * 1.585), 2.25rem);font-style:normal;font-weight:900\">Dokan-Dokumentation<\/h1>\n\n\n\n<p class=\"has-text-align-center has-text-color has-small-font-size\" style=\"color:#333333;margin-top:6px\">Die Dokumentation, Wissensdatenbank, FAQ, Forum und mehr<\/p>\n<\/div>\n\n\n\n<div style=\"height:14px\" aria-hidden=\"true\" class=\"wp-block-spacer\"><\/div>\n\n\n\n<div class=\"wp-block-columns is-layout-flex wp-container-core-columns-is-layout-28f84493 wp-block-columns-is-layout-flex\">\n<div class=\"wp-block-column is-layout-flow wp-block-column-is-layout-flow\">\n<div class=\"wp-block-group ticss-cfea08cc dco-ptm-32 dco-prm-32 dco-pbm-32 dco-plm-32 has-background has-global-padding is-layout-constrained wp-container-core-group-is-layout-42f8417c wp-block-group-is-layout-constrained\" style=\"border-radius:10px;background-color:#f0ecfc;padding-top:4.38rem;padding-right:2.88rem;padding-bottom:4.38rem;padding-left:2.88rem\">\n<p class=\"ticss-feb309cd\" style=\"margin-top:0;margin-right:0;margin-bottom:0;margin-left:0\"><a href=\"https:\/\/dokan.co\/docs\/wordpress\/\">Benutzerdefiniertes Linkelement der Karte. nicht bearbeiten.<\/a><\/p>\n\n\n\n<div class=\"wp-block-group dco-m-flex-col is-nowrap is-layout-flex wp-container-core-group-is-layout-940891e9 wp-block-group-is-layout-flex\" style=\"margin-top:0;margin-bottom:0\">\n<figure class=\"wp-block-image size-full is-resized ticss-eb6e3e96\"><img loading=\"lazy\" decoding=\"async\" src=\"https:\/\/dokan.co\/app\/uploads\/2023\/07\/docs-icon.png\" alt=\"\" class=\"wp-image-473303\" width=\"94\" height=\"94\" srcset=\"https:\/\/dokan.co\/app\/uploads\/2023\/07\/docs-icon.png 188w, https:\/\/dokan.co\/app\/uploads\/2023\/07\/docs-icon-150x150.png 150w, https:\/\/dokan.co\/app\/uploads\/2023\/07\/docs-icon-12x12.png 12w\" sizes=\"auto, (max-width: 94px) 100vw, 94px\" data-no-translation=\"\" data-no-auto-translation=\"\" \/><\/figure>\n\n\n\n<div class=\"wp-block-group has-global-padding is-layout-constrained wp-container-core-group-is-layout-f39e8682 wp-block-group-is-layout-constrained\">\n<p class=\"has-foreground-color has-text-color\" style=\"font-size:clamp(1.188rem, 1.188rem + ((1vw - 0.2rem) * 1.258), 1.88rem);line-height:1\">Grundlegende Benutzerdokumente<\/p>\n\n\n\n<p class=\"has-text-color\" style=\"color:#575d64;margin-top:var(--wp--preset--spacing--30);margin-right:0;margin-bottom:0;margin-left:0\">Holen Sie sich das gesamte Grundwissen und die Unterst\u00fctzung, die Sie ben\u00f6tigen. Durchsuchen Sie Schritt-f\u00fcr-Schritt-Benutzerdokumente nach Installations-, Anleitungs-, Fehlerbehebungs- und FAQ-Artikeln.<\/p>\n<\/div>\n<\/div>\n<\/div>\n<\/div>\n\n\n\n<div class=\"wp-block-column is-layout-flow wp-block-column-is-layout-flow\">\n<div class=\"wp-block-group ticss-ec1e7675 dco-ptm-32 dco-prm-32 dco-pbm-32 dco-plm-32 has-background is-layout-flow wp-block-group-is-layout-flow\" style=\"border-radius:10px;background-color:#ecf4fc;padding-top:4.38rem;padding-right:2.88rem;padding-bottom:4.38rem;padding-left:2.88rem\">\n<p class=\"ticss-feb309cd\"><a href=\"https:\/\/dokan.co\/docs\/wordpress\/tutorials\/\">Benutzerdefiniertes Linkelement der Karte. nicht bearbeiten.<\/a><\/p>\n\n\n\n<div class=\"wp-block-group dco-m-flex-col is-nowrap is-layout-flex wp-container-core-group-is-layout-940891e9 wp-block-group-is-layout-flex\" style=\"margin-top:0;margin-bottom:0\">\n<figure class=\"wp-block-image size-full is-resized ticss-eb6e3e96\"><img loading=\"lazy\" decoding=\"async\" src=\"https:\/\/dokan.co\/app\/uploads\/2023\/07\/docs-tutorials-icon.png\" alt=\"\" class=\"wp-image-473305\" width=\"94\" height=\"94\" srcset=\"https:\/\/dokan.co\/app\/uploads\/2023\/07\/docs-tutorials-icon.png 188w, https:\/\/dokan.co\/app\/uploads\/2023\/07\/docs-tutorials-icon-150x150.png 150w, https:\/\/dokan.co\/app\/uploads\/2023\/07\/docs-tutorials-icon-12x12.png 12w\" sizes=\"auto, (max-width: 94px) 100vw, 94px\" data-no-translation=\"\" data-no-auto-translation=\"\" \/><\/figure>\n\n\n\n<div class=\"wp-block-group has-global-padding is-layout-constrained wp-container-core-group-is-layout-f39e8682 wp-block-group-is-layout-constrained\">\n<p class=\"has-foreground-color has-text-color\" style=\"font-size:clamp(1.188rem, 1.188rem + ((1vw - 0.2rem) * 1.258), 1.88rem);line-height:1\">Erweiterte Anleitungen<\/p>\n\n\n\n<p class=\"has-text-color\" style=\"color:#575d64;margin-top:var(--wp--preset--spacing--30);margin-right:0;margin-bottom:0;margin-left:0\">Erhalten Sie erweiterte Tutorials, um die Benutzererfahrung zu verbessern, Probleme zu beheben und mehr. Erhalten Sie Ratschl\u00e4ge und Best Practices mit unseren ausf\u00fchrlichen E-Commerce-Leitf\u00e4den.<\/p>\n<\/div>\n<\/div>\n<\/div>\n<\/div>\n<\/div>\n\n\n\n<div class=\"wp-block-columns is-layout-flex wp-container-core-columns-is-layout-28f84493 wp-block-columns-is-layout-flex\">\n<div class=\"wp-block-column is-layout-flow wp-block-column-is-layout-flow\">\n<div class=\"wp-block-group ticss-9e94b166 dco-ptm-32 dco-prm-32 dco-pbm-32 dco-plm-32 has-background is-layout-flow wp-block-group-is-layout-flow\" style=\"border-radius:10px;background-color:#fcecec;padding-top:4.38rem;padding-right:2.88rem;padding-bottom:4.38rem;padding-left:2.88rem\">\n<p class=\"ticss-feb309cd\"><a href=\"https:\/\/dokan.co\/de\/wordpress\/videos\/\">Benutzerdefiniertes Linkelement der Karte. nicht bearbeiten.<\/a><\/p>\n\n\n\n<div class=\"wp-block-group dco-m-flex-col is-nowrap is-layout-flex wp-container-core-group-is-layout-940891e9 wp-block-group-is-layout-flex\" style=\"margin-top:0;margin-bottom:0\">\n<figure class=\"wp-block-image size-full is-resized ticss-eb6e3e96\"><img loading=\"lazy\" decoding=\"async\" src=\"https:\/\/dokan.co\/app\/uploads\/2023\/07\/docs-video-icon.png\" alt=\"\" class=\"wp-image-473304\" width=\"94\" height=\"94\" srcset=\"https:\/\/dokan.co\/app\/uploads\/2023\/07\/docs-video-icon.png 188w, https:\/\/dokan.co\/app\/uploads\/2023\/07\/docs-video-icon-150x150.png 150w, https:\/\/dokan.co\/app\/uploads\/2023\/07\/docs-video-icon-12x12.png 12w\" sizes=\"auto, (max-width: 94px) 100vw, 94px\" data-no-translation=\"\" data-no-auto-translation=\"\" \/><\/figure>\n\n\n\n<div class=\"wp-block-group has-global-padding is-layout-constrained wp-container-core-group-is-layout-f39e8682 wp-block-group-is-layout-constrained\">\n<p class=\"has-foreground-color has-text-color\" style=\"font-size:clamp(1.188rem, 1.188rem + ((1vw - 0.2rem) * 1.258), 1.88rem);line-height:1\">Videoanleitungen<\/p>\n\n\n\n<p class=\"has-text-color\" style=\"color:#575d64;margin-top:var(--wp--preset--spacing--30);margin-right:0;margin-bottom:0;margin-left:0\">Sehen Sie sich unsere Video-Tutorials an, um Ihren Multivendor-Marktplatz auf WordPress aufzubauen, zu starten und zu erweitern.<\/p>\n<\/div>\n<\/div>\n<\/div>\n<\/div>\n\n\n\n<div class=\"wp-block-column is-layout-flow wp-block-column-is-layout-flow\">\n<div class=\"wp-block-group ticss-cc446614 dco-ptm-32 dco-prm-32 dco-pbm-32 dco-plm-32 has-background is-layout-flow wp-block-group-is-layout-flow\" style=\"border-radius:10px;background-color:#edf8f4;padding-top:4.38rem;padding-right:2.88rem;padding-bottom:4.38rem;padding-left:2.88rem\">\n<p class=\"ticss-feb309cd\"><a href=\"https:\/\/dokan.co\/docs\/wordpress\/developer-documentation\/\">Benutzerdefiniertes Linkelement der Karte. nicht bearbeiten.<\/a><\/p>\n\n\n\n<div class=\"wp-block-group dco-m-flex-col is-nowrap is-layout-flex wp-container-core-group-is-layout-940891e9 wp-block-group-is-layout-flex\" style=\"margin-top:0;margin-bottom:0\">\n<figure class=\"wp-block-image size-full is-resized ticss-eb6e3e96\"><img loading=\"lazy\" decoding=\"async\" src=\"https:\/\/dokan.co\/app\/uploads\/2023\/07\/docs-dev-icon.png\" alt=\"\" class=\"wp-image-473306\" width=\"94\" height=\"94\" data-no-translation=\"\" data-no-auto-translation=\"\"\/><\/figure>\n\n\n\n<div class=\"wp-block-group has-global-padding is-layout-constrained wp-container-core-group-is-layout-f39e8682 wp-block-group-is-layout-constrained\">\n<p class=\"has-foreground-color has-text-color\" style=\"font-size:clamp(1.188rem, 1.188rem + ((1vw - 0.2rem) * 1.258), 1.88rem);line-height:1\">Entwicklerdokumente<\/p>\n\n\n\n<p class=\"has-text-color\" style=\"color:#575d64;margin-top:var(--wp--preset--spacing--30);margin-right:0;margin-bottom:0;margin-left:0\">Entdecken Sie unsere APIs und Entwicklungsdokumente, um Probleme zu beheben und Ihre Plugins\/Themes mit Dokan Multivendor zu erstellen oder zu integrieren.<\/p>\n<\/div>\n<\/div>\n<\/div>\n<\/div>\n<\/div>\n<\/div>\n\n\n\n<div class=\"wp-block-group alignfull has-background has-global-padding is-layout-constrained wp-container-core-group-is-layout-a069c0b1 wp-block-group-is-layout-constrained\" style=\"background-color:#171717;padding-top:2.75rem;padding-bottom:2.75rem\">\n<div class=\"wp-block-cover is-light ticss-9ac89d76\"><span aria-hidden=\"true\" class=\"wp-block-cover__background has-background-dim-0 has-background-dim\"><\/span><img loading=\"lazy\" decoding=\"async\" width=\"1020\" height=\"349\" class=\"wp-block-cover__image-background wp-image-388\" alt=\"\" src=\"https:\/\/dokan.co\/app\/uploads\/2022\/02\/cta-bg.png\" data-object-fit=\"cover\" srcset=\"https:\/\/dokan.co\/app\/uploads\/2022\/02\/cta-bg.png 1020w, https:\/\/dokan.co\/app\/uploads\/2022\/02\/cta-bg-300x103.png 300w, https:\/\/dokan.co\/app\/uploads\/2022\/02\/cta-bg-768x263.png 768w, https:\/\/dokan.co\/app\/uploads\/2022\/02\/cta-bg-18x6.png 18w\" sizes=\"auto, (max-width: 1020px) 100vw, 1020px\" \/><div class=\"wp-block-cover__inner-container is-layout-flow wp-block-cover-is-layout-flow\">\n<h2 class=\"wp-block-heading has-text-align-center has-background-color has-text-color\" style=\"font-size:clamp(1.805rem, 1.805rem + ((1vw - 0.2rem) * 2.409), 3.13rem);font-style:normal;font-weight:900;line-height:1.2\">Ich kann nicht finden, was<br>du schaust nach?<\/h2>\n\n\n\n<div style=\"height:30px\" aria-hidden=\"true\" class=\"wp-block-spacer\"><\/div>\n\n\n\n<div class=\"wp-block-buttons is-content-justification-center is-layout-flex wp-container-core-buttons-is-layout-a89b3969 wp-block-buttons-is-layout-flex\">\n<div class=\"wp-block-button has-custom-font-size btn-bg-hover-transparent btn-color-hover-white has-small-font-size\" style=\"line-height:1\"><a class=\"wp-block-button__link has-base-color has-text-color has-background wp-element-button\" href=\"https:\/\/app.dokan.co\/support\/create\/\" style=\"border-radius:35px;background-color:#f1634c;padding-top:1.07rem;padding-right:2rem;padding-bottom:1.07rem;padding-left:2rem\">Senden Sie ein Support-Ticket<\/a><\/div>\n<\/div>\n<\/div><\/div>\n<\/div>","protected":false},"excerpt":{"rendered":"<p>Dokan Documentation The Documentation, Knowledge-base, FAQ, Forum, and more Card custom link element. don&#8217;t edit. Basic User Docs Get all the basic knowledge and support you need. Browse step-by-step user docs for installation, how-to, troubleshooting, and FAQ articles. Card custom link element. don&#8217;t edit. Advanced Guides Get advanced tutorials to enhance user experience, fix issues, [&hellip;]<\/p>\n","protected":false},"author":2,"featured_media":0,"parent":472416,"menu_order":0,"comment_status":"closed","ping_status":"closed","template":"page-dokan-wordpress","meta":{"footnotes":""},"class_list":["post-472493","page","type-page","status-publish","hentry"],"_links":{"self":[{"href":"https:\/\/dokan.co\/de\/wp-json\/wp\/v2\/pages\/472493","targetHints":{"allow":["GET"]}}],"collection":[{"href":"https:\/\/dokan.co\/de\/wp-json\/wp\/v2\/pages"}],"about":[{"href":"https:\/\/dokan.co\/de\/wp-json\/wp\/v2\/types\/page"}],"author":[{"embeddable":true,"href":"https:\/\/dokan.co\/de\/wp-json\/wp\/v2\/users\/2"}],"replies":[{"embeddable":true,"href":"https:\/\/dokan.co\/de\/wp-json\/wp\/v2\/comments?post=472493"}],"version-history":[{"count":9,"href":"https:\/\/dokan.co\/de\/wp-json\/wp\/v2\/pages\/472493\/revisions"}],"predecessor-version":[{"id":495257,"href":"https:\/\/dokan.co\/de\/wp-json\/wp\/v2\/pages\/472493\/revisions\/495257"}],"up":[{"embeddable":true,"href":"https:\/\/dokan.co\/de\/wp-json\/wp\/v2\/pages\/472416"}],"wp:attachment":[{"href":"https:\/\/dokan.co\/de\/wp-json\/wp\/v2\/media?parent=472493"}],"curies":[{"name":"wp","href":"https:\/\/api.w.org\/{rel}","templated":true}]}}