{"id":474773,"date":"2023-08-18T19:03:18","date_gmt":"2023-08-18T13:03:18","guid":{"rendered":"https:\/\/dokan.co\/?page_id=474773"},"modified":"2023-08-23T08:58:49","modified_gmt":"2023-08-23T02:58:49","slug":"affiliate-terms-and-conditions","status":"publish","type":"page","link":"https:\/\/dokan.co\/de\/affiliate-terms-and-conditions\/","title":{"rendered":"Affiliate-Gesch\u00e4ftsbedingungen"},"content":{"rendered":"<div class=\"wp-block-group alignfull has-global-padding is-layout-constrained wp-container-core-group-is-layout-bed9fd30 wp-block-group-is-layout-constrained\">\n<div style=\"height:20px\" aria-hidden=\"true\" class=\"wp-block-spacer\"><\/div>\n\n\n\n<h1 class=\"wp-block-heading has-text-align-center\" style=\"font-size:clamp(2.2rem, 2.2rem + ((1vw - 0.2rem) * 3.273), 4rem);\"><strong>Affiliate-Gesch\u00e4ftsbedingungen<\/strong><\/h1>\n\n\n\n<div style=\"height:20px\" aria-hidden=\"true\" class=\"wp-block-spacer\"><\/div>\n\n\n\n<h2 class=\"wp-block-heading has-large-font-size\"><strong>Wie funktioniert es?<\/strong><\/h2>\n\n\n\n<p>Als Affiliate-Mitglied sind Sie ein fester Bestandteil unseres Vertriebsteams. Verdienen Sie Provisionen f\u00fcr jede Person, die Sie empfehlen und die einen Kauf t\u00e4tigt. Je mehr Empfehlungen Sie generieren, desto gr\u00f6\u00dfer sind Ihre Verdienstm\u00f6glichkeiten.&nbsp;<\/p>\n\n\n\n<h2 class=\"wp-block-heading has-large-font-size\"><strong>Akzeptiert Dokan die Zugeh\u00f6rigkeit zu einer Coupon-Website?<\/strong><\/h2>\n\n\n\n<p>NEIN! Dokan akzeptiert keine Coupon-Site-Zugeh\u00f6rigkeit, da diese keinen neuen Traffic f\u00fcr Dokan generiert. Angenommen, jemand kommt nach Dokan. Dann suchen sie nach \u201eGutscheincode von Dokan\u201c. Sie gehen auf die Coupon-Seite und gelangen \u00fcber ihre Empfehlung erneut zu Dokan. Sie empfehlen den Besuchern unser Produkt also nicht wirklich. Wir akzeptieren niemals Empfehlungen von Coupon-Websites.<\/p>\n\n\n\n<h2 class=\"wp-block-heading has-large-font-size\"><strong>Wie bewerbe ich Dokan?<\/strong><\/h2>\n\n\n\n<p>Am beliebtesten ist die Verlinkung auf unsere Website mit einem Werbebanner oder einem Textlink. Wir stellen Ihnen mehrere Beispiele und Werbebanner zur Verf\u00fcgung, damit Sie sofort loslegen k\u00f6nnen.<\/p>\n\n\n\n<h2 class=\"wp-block-heading has-large-font-size\"><strong>Wie schnell kann ich loslegen?<\/strong><\/h2>\n\n\n\n<p>Es h\u00e4ngt davon ab, wie schnell Sie tippen k\u00f6nnen. Das Ausf\u00fcllen unseres kurzen Antrags dauert nur eine Minute und Sie werden sofort in unser Programm aufgenommen. Von Ihrem Partnerkonto aus haben Sie Zugriff auf unsere Bannerbibliothek, in die Ihr einzigartiger Tracking-Code eingebettet ist. So k\u00f6nnen wir erkennen, ob eine Empfehlung von Ihnen oder einer anderen Person stammt.<\/p>\n\n\n\n<h2 class=\"wp-block-heading has-large-font-size\"><strong>Wie viel Geld kann ich verdienen?<\/strong><\/h2>\n\n\n\n<p>F\u00fcr jeden erfolgreichen Verkauf bieten wir eine Provision von 20%. Der Betrag, den Sie jeden Monat verdienen k\u00f6nnen, ist unbegrenzt. Je h\u00e4rter Sie daran arbeiten, f\u00fcr uns zu werben, desto gr\u00f6\u00dfer sind Ihre Chancen, mehr Geld zu verdienen.<\/p>\n\n\n\n<h2 class=\"wp-block-heading has-large-font-size\"><strong>Wie funktioniert das Programm?<\/strong><\/h2>\n\n\n\n<p>Angenommen, Person A sieht Dokan-Bannerwerbung auf Ihrer Website. Sie klicken sich durch und erwerben eines unserer Plugins f\u00fcr $199. Sie erhalten $39,8 als Provision (20%). Um die Provision abzuheben, muss die Provision oder die Bestellung 30 Tage alt sein.<\/p>\n\n\n\n<h2 class=\"wp-block-heading has-large-font-size\"><strong>Wie erfahre ich, ob ich eine Provision erhalten habe?<\/strong><\/h2>\n\n\n\n<p>Sie werden sofort per E-Mail benachrichtigt, wenn ein Verkauf stattgefunden hat. Sie m\u00fcssen lediglich die folgenden Schritte ausf\u00fchren und dann Banner- oder Textanzeigen auf Ihrer Website platzieren, die mit Ihrer Affiliate-ID eingebettet sind. So einfach ist das und die Teilnahme kostet nichts! Wir bieten sogar kostenlose Analysen an, damit Sie sehen k\u00f6nnen, wie viele Klicks Sie generieren.<\/p>\n\n\n\n<h2 class=\"wp-block-heading has-large-font-size\"><strong>Wie werde ich bezahlt?<\/strong><\/h2>\n\n\n\n<p>Alle Affiliate-Zahlungen erfolgen \u00fcber PayPal. Wenn Sie noch kein PayPal-Konto haben, registrieren Sie sich bitte zun\u00e4chst f\u00fcr eines. Normalerweise dauert es ein paar Tage, bis Ihre Angaben \u00fcberpr\u00fcft sind. Sie m\u00fcssen au\u00dferdem sicherstellen, dass Ihre Zahlungsmethode und PayPal-E-Mail-Adresse in Ihrem weDevs-Partnerkonto korrekt eingegeben sind. Ein falsch eingerichtetes Konto wird f\u00fcr diesen Zyklus nicht bezahlt.<\/p>\n\n\n\n<h2 class=\"wp-block-heading has-large-font-size\"><strong>Wann erfolgen Auszahlungen?<\/strong><\/h2>\n\n\n\n<p>Am Ende jedes Monats erstellen wir einen Bericht, um zu sehen, wie viele Affiliate-Verk\u00e4ufe get\u00e4tigt wurden. Aufgrund der Zunahme von Affiliate-Betrug wird jede Transaktion manuell gepr\u00fcft. Vorausgesetzt, dass Ihre Affiliate-Provisionen g\u00fcltig sind (siehe \u201eIch habe einen Verkauf get\u00e4tigt, aber keine Auszahlung erhalten\u201c weiter unten), werden die Zahlungen f\u00fcr den Vormonat bis zum Ende des n\u00e4chsten Monats an Ihr PayPal-Konto \u00fcberwiesen. Wenn Sie beispielsweise im September drei Verk\u00e4ufe get\u00e4tigt haben, werden Sie bis zum 31. Oktober ausgezahlt. Der Mindestauszahlungsbetrag betr\u00e4gt $300.<\/p>\n\n\n\n<h2 class=\"wp-block-heading has-large-font-size\"><strong>Kann ich durch meine eigenen Eink\u00e4ufe Provisionen verdienen?<\/strong><\/h2>\n\n\n\n<p>Nein. Sie erhalten keine Gutschrift, wenn Sie ein oder mehrere Produkte \u00fcber Ihren eigenen Affiliate-Link kaufen. Sie erhalten m\u00f6glicherweise eine automatische Benachrichtigung von uns, um Sie dar\u00fcber zu informieren, dass ein Verkauf stattgefunden hat, aber Ihre Affiliate-Auszahlung wird diesen Betrag nicht enthalten. Verschwenden Sie also bitte nicht unsere Zeit und versuchen Sie, mit einer anderen E-Mail-Adresse oder einer anderen cleveren Methode trickreich zu sein. Es ist einfach, uns mitzuteilen, ob jemand unsere Produkte \u00fcber seinen Affiliate-Link gekauft hat.&nbsp;<\/p>\n\n\n\n<p>Fazit: Wenn Zweifel an der Legitimit\u00e4t des Affiliate-Verkaufs bestehen, werden Sie nicht bezahlt.<\/p>\n\n\n\n<h2 class=\"wp-block-heading has-large-font-size\"><strong>Kann ich Provisionen durch Produkt-Upgrades verdienen?<\/strong><\/h2>\n\n\n\n<p>Leider bieten wir keine Provision f\u00fcr Upgrades und Lizenzverl\u00e4ngerungen an.<\/p>\n\n\n\n<h2 class=\"wp-block-heading has-large-font-size\"><strong>Wie lange dauert die Affiliate-Empfehlung?<\/strong><\/h2>\n\n\n\n<p>Immer wenn ein Besucher auf Ihren Affiliate-Link klickt, wird ein 30-Tage-Cookie gesetzt. Wenn sie innerhalb dieser 30 Tage einen Kauf t\u00e4tigen (und ihre Cookies nicht l\u00f6schen), erhalten Sie eine Gutschrift f\u00fcr den Verkauf.<\/p>\n\n\n\n<h2 class=\"wp-block-heading has-large-font-size\"><strong>Wie funktioniert das Affiliate-Cookie?<\/strong><\/h2>\n\n\n\n<p>Wenn jemand auf Ihren Affiliate-Link klickt, wird er auf unsere Website weitergeleitet und ein Cookie (affwp_ref) mit Ihrer Affiliate-ID gesetzt. Solange sie vor dem Bezahlen nicht ihre Cookies l\u00f6schen oder auf einen anderen Affiliate-Link klicken, wird Ihnen der Verkauf gutgeschrieben. Gelegentlich passiert es, dass jemand auf Ihren Affiliate-Link klickt, auf unsere Website weitergeleitet wird und vor dem Bezahlen bei Google nach einem Gutscheincode sucht.<\/p>\n\n\n\n<p>Wenn der Benutzer bereits ein Cookie f\u00fcr unsere Website gesetzt hat, bedeutet das, dass jemand vor zwei Tagen \u00fcber einen Affiliate-Link auf unsere Website gelangt ist, auf verschiedenen Websites mehr \u00fcber unsere Produkte recherchiert und dann auf eine andere Website gelangt, f\u00fcr die es einen Affiliate-Link gibt wir auch. Es wird ein Cookie geben, das vor 2 Tagen gesetzt wurde. Das neue Affiliate-Cookie wird nicht gesetzt. Das bedeutet, dass nur der erste Empfehlungsgeber die Provision erh\u00e4lt.<\/p>\n\n\n\n<h2 class=\"wp-block-heading has-large-font-size\"><strong>Kann ich die bezahlte Suche nutzen, um f\u00fcr Dokan zu werben?<\/strong><\/h2>\n\n\n\n<p>Ja, aber es gibt einige Einschr\u00e4nkungen. Wir empfehlen Werbung auf Websites wie Google, Yahoo, Bing und Facebook, solange Sie sich an die folgenden Richtlinien halten. Sie d\u00fcrfen keine Werbung mit markenbezogenen Schl\u00fcsselw\u00f6rtern von Dokan wie \u201eDokan\u201c, \u201eDokan Multivendor\u201c, \u201eDokan Plugin\u201c, \u201eDokan Marketplace\u201c oder einer anderen Variante der Marke Dokan machen. Sie k\u00f6nnen jedoch empfohlene Begriffe wie \u201eWordPress Multivendor Plugin\u201c, \u201eWordPress Marketplace Plugin\u201c, \u201eMultivendor Plugin\u201c usw. verwenden. Alle Affiliate-Verk\u00e4ufe, die im Laufe des Monats durch Werbung auf Dokan-Marken-Keywords generiert werden, werden annulliert und Provisionen werden nicht ausgezahlt .<\/p>\n\n\n\n<h2 class=\"wp-block-heading has-large-font-size\"><strong>Kann ich eine spezielle Website einrichten, um Dokan zu bewerben?<\/strong><\/h2>\n\n\n\n<p>Technisch gesehen ja, aber Sie d\u00fcrfen Domain-Namen mit markenbezogenen Schl\u00fcsselw\u00f6rtern von Dokan (z. B. dokan-plugin.com, dokan-coupons.net usw.) nicht ausschlie\u00dflich zum Zweck des Affiliate-Click-Thrus verwenden. Sie d\u00fcrfen Besucher auch nicht mit maskierten URLs und\/oder ungenauen Gutscheincode-Links (klicken Sie auf mich, um 20% aus) in die Irre zu f\u00fchren. Diese Art von Websites verst\u00f6\u00dft nicht nur gegen unsere Affiliate-Bedingungen, sondern wird von Google wahrscheinlich auch als Link-Schema angesehen. Alle Affiliate-Verk\u00e4ufe, die \u00fcber diese speziellen Dokan-Marken-bezogenen Keyword-Sites und\/oder irref\u00fchrenden Gutscheincodes get\u00e4tigt werden, werden f\u00fcr ung\u00fcltig erkl\u00e4rt und nicht ausgezahlt.<\/p>\n\n\n\n<h2 class=\"wp-block-heading has-large-font-size\"><strong>Ich habe einen Verkauf get\u00e4tigt, aber keine Bezahlung erhalten<\/strong><\/h2>\n\n\n\n<p>Wenn Sie einen Verkauf get\u00e4tigt, aber nie eine Zahlung daf\u00fcr erhalten haben, besteht die M\u00f6glichkeit, dass dieser aufgrund unserer Pr\u00fcfung f\u00fcr ung\u00fcltig erkl\u00e4rt wurde oder Ihr Affiliate-Konto unvollst\u00e4ndig ist. Wir m\u00fcssen mindestens Ihren vollst\u00e4ndigen Namen, Ihre E-Mail-Adresse, Ihr Land, das ausgef\u00fcllte Steuerformular sowie Ihre auf der Seite \u201eAuszahlungsdetails\u201c festgelegte \u201eAuszahlungsmethode\u201c vorliegen haben. Wenn wir einen betr\u00fcgerischen Affiliate-Verkauf vermuten, wird die Provision nicht ausgezahlt und der Affiliate l\u00e4uft Gefahr, sein Affiliate-Konto zu verlieren. Wenn Sie vergessen haben, Ihre \u201eAuszahlungsmethode\u201c festzulegen und f\u00fcr diesen Monat bereits Provisionen gezahlt wurden, werden Sie stattdessen im folgenden Monat ausgezahlt. Gelegentlich machen wir Fehler. Wenn Sie also einen g\u00fcltigen Fall haben, senden Sie unserem Support-Team bitte eine Nachricht mit den Details Ihrer Transaktion. Unbezahlte Transaktionen, die \u00e4lter als 60 Tage sind, k\u00f6nnen nicht angefochten werden.<\/p>\n\n\n\n<h2 class=\"wp-block-heading has-large-font-size\"><strong>Mindestauszahlungsbetrag<\/strong><\/h2>\n\n\n\n<p>Wir bezahlen unsere Affiliate-Partner einmal im Monat. F\u00fcr die Auszahlung ist ein Guthaben von mindestens $300USD erforderlich<\/p>\n\n\n\n<h2 class=\"wp-block-heading has-large-font-size\"><strong>Warum muss ich ein Steuerformular einreichen?<\/strong><\/h2>\n\n\n\n<p>Als US-amerikanisches Unternehmen sind wir gesetzlich verpflichtet, entweder ein W-9 (US-Tochterunternehmen) oder ein W-8BEN (Nicht-US-Tochterunternehmen) einzuziehen, bevor Affiliate-Provisionen ausgezahlt werden. Sie m\u00fcssen kein Steuerformular vorliegen haben, um unsere Produkte zu aktivieren und zu bewerben. Dies ist jedoch erforderlich, bevor Ihnen Affiliate-Provisionen ausgezahlt werden. Die gute Nachricht ist, dass Sie es nur einmal tun m\u00fcssen und es weniger als 5 Minuten dauert. Es ist papierlos und kann auch digital signiert werden. Kein l\u00e4stiges Ausf\u00fcllen, Drucken, Unterschreiben, Scannen und Zur\u00fccksenden. Oh, und haben wir schon erw\u00e4hnt, dass es B\u00e4ume rettet?<\/p>\n\n\n\n<p>So funktioniert das. Wenn Sie im laufenden Jahr $500 oder mehr verdient haben, werden wir eine 1099-MISC einreichen, die Ihre Affiliate-Einnahmen enth\u00e4lt. Ohne dieses Formular k\u00f6nnen wir Ihre Affiliate-Provisionen nicht verarbeiten. In der Zwischenzeit sammeln Sie jedoch weiterhin etwaige Ums\u00e4tze an. Bitte beachten Sie, dass Ihnen alle in diesem Jahr verdienten Affiliate-Provisionen verfallen, wenn Sie das ausgef\u00fcllte Steuerformular nicht vor dem 31. Dezember (des laufenden Jahres) einreichen. Wenn Sie Ihr Steuerformular noch nicht an uns \u00fcbermittelt haben, melden Sie sich bitte bei Ihrem Partnerkonto an und klicken Sie dann auf \u201eAuszahlungsdetails\u201c, um Anweisungen zum weiteren Vorgehen zu erhalten.<\/p>\n\n\n\n<h2 class=\"wp-block-heading has-large-font-size\"><strong>Ich habe einen Verkauf get\u00e4tigt, aber jetzt wird er als Gutschrift angezeigt<\/strong><\/h2>\n\n\n\n<p>Dies bedeutet in der Regel, dass der Kauf eines unserer Produkte aufgrund einer betr\u00fcgerischen Transaktion r\u00fcckg\u00e4ngig gemacht wurde. Unser Zahlungsgateway erstattet das Geld automatisch zur\u00fcck, was bedeutet, dass auch die von Ihnen verdiente Provision zur\u00fcckerstattet wird. Wir wissen, es ist schei\u00dfe und wir verlieren beide. Es k\u00f6nnte auch bedeuten, dass der Affiliate-Verkauf r\u00fcckg\u00e4ngig gemacht wurde, weil er nicht gem\u00e4\u00df unseren Affiliate-Richtlinien durchgef\u00fchrt wurde.<\/p>\n\n\n\n<h2 class=\"wp-block-heading has-large-font-size\"><strong>Kann ich Dokan in den Foren bewerben?<\/strong><\/h2>\n\n\n\n<p>Das ist ein gro\u00dfes Nein, tut mir leid. Wir m\u00f6chten nicht, dass jeder die Foren spammt oder Profilsignaturen mit eingebetteten Affiliate-Links erstellt. Der Zugang zum Forum ist ein Privileg, also lassen Sie sich von uns nicht zweimal warnen, sonst m\u00fcssen wir Ihr Partnerkonto k\u00fcndigen. Dies kann auch die Einbehaltung ausstehender Zahlungen umfassen. Benimm dich einfach, okay?<\/p>\n\n\n\n<h2 class=\"wp-block-heading has-large-font-size\"><strong>Werbeideen<\/strong><\/h2>\n\n\n\n<p>Das Tolle an Partnerprogrammen ist, dass Sie so kreativ sein k\u00f6nnen, wie Sie m\u00f6chten. Die meisten Leute gehen den einfachen Weg, indem sie einfach Affiliate-Banner auf ihrer Website platzieren und hoffen, dass irgendwann jemand darauf klickt. Das ist zwar in Ordnung, aber nicht immer die effektivste Methode. Lassen Sie sich von uns einige Insider-Marketing-Tipps geben, die wir aus unserer jahrelangen Erfahrung mit Online-Affiliate-Partnern gelernt haben.<\/p>\n\n\n\n<p>Gehen Sie bei der Werbung f\u00fcr Dokan zweigleisig vor. Verwenden Sie Banner auf Ihrer Website, nutzen Sie aber auch die Wirkung eines Blogbeitrags. Wenn Sie eine Bewertung \u00fcber Dokan verfassen, erhalten Sie nicht nur mehr Besucher auf Ihrer Website, sondern es ist auch zehnmal wahrscheinlicher, dass ein Affiliate-Verkauf generiert wird. Warum? Weil Menschen im Internet nach Produktbewertungen suchen, bevor sie Produkte kaufen. Sie befinden sich bereits im Kaufmodus und wenn Ihre Bewertung sie ausreichend \u00fcberzeugt, klicken sie auf IHREN Affiliate-Link, um Dokan zu kaufen. Machen Sie Ihre Bewertungen nat\u00fcrlich ehrlich und sagen Sie ihnen, warum Sie Dokan so lieben.<\/p>\n\n\n\n<h2 class=\"wp-block-heading has-large-font-size\"><strong>Legal<\/strong><\/h2>\n\n\n\n<p>Dokan beh\u00e4lt sich das Recht vor, ohne Vorank\u00fcndigung Zahlungen abzulehnen, Konten zu sperren und\/oder Affiliate-Benutzerkonten zu k\u00fcndigen. Dies kann einen oder mehrere der folgenden Gr\u00fcnde haben: 1) Bereitstellung falscher und\/oder irref\u00fchrender Informationen \u00fcber Dokan-Rabattcodes, 2) Durchf\u00fchrung bezahlter Suchmaschinenmarketingkampagnen (z. B. Google Ads) mit den oben genannten markenbezogenen Schl\u00fcsselw\u00f6rtern von Dokan, 3) Verwendung Verlinken Sie Farmen, spammen Sie Foren\/Websites und\/oder nehmen Sie an illegalen Handlungen teil, um den Traffic auf Ihre Affiliate-Links zu lenken. Gek\u00fcndigte Partner mit ausstehenden Zahlungen f\u00fcr den aktuellen Monat werden nicht ausgesch\u00fcttet. Alle Entscheidungen sind endg\u00fcltig und gek\u00fcndigte oder gesperrte Konten werden nicht r\u00fcckg\u00e4ngig gemacht.<\/p>\n\n\n\n<p>Sind Sie bereit, sich als Partner zu registrieren? <a href=\"https:\/\/affiliates.dokan.co\/login\/\">Hier anmelden<\/a><\/p>\n\n\n\n<p>Bei Fragen k\u00f6nnen Sie gerne unsere nutzen <a href=\"https:\/\/dokan.co\/de\/contact\/\">Kontakt Formular<\/a>.<\/p>\n\n\n\n<div style=\"height:100px\" aria-hidden=\"true\" class=\"wp-block-spacer\"><\/div>\n<\/div>","protected":false},"excerpt":{"rendered":"<p>Affiliate Terms And Conditions How Does it Work? As an affiliate member, you&#8217;re an integral part of our sales team. Earn commissions for each person you refer who makes a purchase. The more referrals you generate, the greater your earning potential.&nbsp; Does Dokan accept coupon site affiliation? No! Dokan does not accept coupon site affiliation [&hellip;]<\/p>\n","protected":false},"author":17,"featured_media":0,"parent":0,"menu_order":0,"comment_status":"closed","ping_status":"closed","template":"","meta":{"footnotes":""},"class_list":["post-474773","page","type-page","status-publish","hentry"],"_links":{"self":[{"href":"https:\/\/dokan.co\/de\/wp-json\/wp\/v2\/pages\/474773","targetHints":{"allow":["GET"]}}],"collection":[{"href":"https:\/\/dokan.co\/de\/wp-json\/wp\/v2\/pages"}],"about":[{"href":"https:\/\/dokan.co\/de\/wp-json\/wp\/v2\/types\/page"}],"author":[{"embeddable":true,"href":"https:\/\/dokan.co\/de\/wp-json\/wp\/v2\/users\/17"}],"replies":[{"embeddable":true,"href":"https:\/\/dokan.co\/de\/wp-json\/wp\/v2\/comments?post=474773"}],"version-history":[{"count":3,"href":"https:\/\/dokan.co\/de\/wp-json\/wp\/v2\/pages\/474773\/revisions"}],"predecessor-version":[{"id":475011,"href":"https:\/\/dokan.co\/de\/wp-json\/wp\/v2\/pages\/474773\/revisions\/475011"}],"wp:attachment":[{"href":"https:\/\/dokan.co\/de\/wp-json\/wp\/v2\/media?parent=474773"}],"curies":[{"name":"wp","href":"https:\/\/api.w.org\/{rel}","templated":true}]}}