{"id":489426,"date":"2024-09-06T16:05:00","date_gmt":"2024-09-06T10:05:00","guid":{"rendered":"https:\/\/dokan.co\/?page_id=489426"},"modified":"2025-05-19T17:44:48","modified_gmt":"2025-05-19T11:44:48","slug":"support-excellence","status":"publish","type":"page","link":"https:\/\/dokan.co\/de\/cloud\/features\/support-excellence\/","title":{"rendered":"Exzellenz unterst\u00fctzen"},"content":{"rendered":"<div class=\"wp-block-group alignfull has-global-padding is-layout-constrained wp-container-core-group-is-layout-d03da613 wp-block-group-is-layout-constrained\" style=\"padding-top:var(--wp--preset--spacing--50);padding-right:var(--wp--preset--spacing--30);padding-bottom:var(--wp--preset--spacing--80);padding-left:var(--wp--preset--spacing--30)\">\n<div style=\"margin-top:0;margin-bottom:0;height:14px\" aria-hidden=\"true\" class=\"wp-block-spacer\"><\/div>\n\n\n\n<div class=\"wp-block-group is-layout-flow wp-block-group-is-layout-flow\" style=\"margin-top:0;margin-bottom:0\">\n<p class=\"has-text-align-center has-text-color has-link-color wp-elements-93593d1f261992cb2c1675f8b62c74dc\" style=\"color:#cb6d00\" data-aos=\"slide-up\" data-aos-duration=\"1000\" data-aos-once=\"true\">Exzellenz unterst\u00fctzen<\/p>\n\n\n\n<h1 class=\"wp-block-heading has-text-align-center ticss-f5fbb494 dco-m-br-hidden has-text-color has-link-color has-poppins-font-family wp-elements-577d5d1322b5749a2f6601b9dfa75c2f\" style=\"color:#25252d;font-size:clamp(34.313px, 2.145rem + ((1vw - 3.2px) * 3.146), 62px);font-style:normal;font-weight:700\" data-aos=\"fade-up\" data-aos-duration=\"1000\" data-aos-once=\"true\"><mark style=\"background-color:rgba(0, 0, 0, 0);color:#25252d\" class=\"has-inline-color\">Benutzer-Ce<\/mark>ntric-Funktionen <br>Un\u00fcbertroffene Unterst\u00fctzung<\/h1>\n\n\n\n<p class=\"has-text-align-center dco-m-br-hidden has-text-color has-link-color wp-elements-5390af4905e4c29998de9cb97b3293a5\" style=\"color:#393939;font-size:clamp(0.875rem, 0.875rem + ((1vw - 0.2rem) * 0.682), 1.25rem);line-height:1.5\" data-aos=\"slide-up\" data-aos-duration=\"1000\" data-aos-once=\"true\">Dokan Cloud bietet eine umfassende Suite von Benutzer- und Supportfunktionen, die das Erlebnis Ihres Shops verbessern. Unser Supportteam ist rund um die Uhr f\u00fcr Sie da, um Ihnen bei der Anmeldung oder anderen Problemen zu helfen.<\/p>\n\n\n\n<div class=\"wp-block-buttons is-content-justification-center is-layout-flex wp-container-core-buttons-is-layout-d8c0be80 wp-block-buttons-is-layout-flex\" style=\"margin-top:var(--wp--preset--spacing--40)\" data-aos=\"slide-up\" data-aos-duration=\"1000\" data-aos-once=\"true\">\n<div class=\"wp-block-button btn-border-color-hover-dokan-cloud btn-color-hover-dokan-cloud btn-bg-hover-transparent\"><a class=\"wp-block-button__link has-base-color has-text-color has-background has-link-color wp-element-button\" href=\"https:\/\/dokan.co\/de\/cloud\/pricing\/\" style=\"border-radius:5px;background-color:#7047eb\">Holen Sie sich Dokan Cloud<\/a><\/div>\n<\/div>\n<\/div>\n\n\n\n<div style=\"margin-top:var(--wp--preset--spacing--60);margin-bottom:0;height:9px\" aria-hidden=\"true\" class=\"wp-block-spacer\"><\/div>\n<\/div>\n\n\n\n<div class=\"wp-block-group alignfull has-global-padding is-layout-constrained wp-container-core-group-is-layout-92eb21e0 wp-block-group-is-layout-constrained\" style=\"padding-top:0;padding-right:var(--wp--preset--spacing--30);padding-bottom:var(--wp--preset--spacing--70);padding-left:var(--wp--preset--spacing--30)\">\n<figure class=\"wp-block-image size-full ticss-a4436cb1 hero-featured-img\"><img loading=\"lazy\" decoding=\"async\" width=\"1920\" height=\"1200\" src=\"https:\/\/dokan.co\/app\/uploads\/2024\/09\/user-and-support.webp\" alt=\"\" class=\"wp-image-489433\" srcset=\"https:\/\/dokan.co\/app\/uploads\/2024\/09\/user-and-support.webp 1920w, https:\/\/dokan.co\/app\/uploads\/2024\/09\/user-and-support-300x188.webp 300w, https:\/\/dokan.co\/app\/uploads\/2024\/09\/user-and-support-1024x640.webp 1024w, https:\/\/dokan.co\/app\/uploads\/2024\/09\/user-and-support-768x480.webp 768w, https:\/\/dokan.co\/app\/uploads\/2024\/09\/user-and-support-1536x960.webp 1536w, https:\/\/dokan.co\/app\/uploads\/2024\/09\/user-and-support-18x12.webp 18w\" sizes=\"auto, (max-width: 1920px) 100vw, 1920px\" data-no-translation=\"\" data-no-auto-translation=\"\" \/><\/figure>\n\n\n\n<div style=\"margin-top:0;margin-bottom:0;height:24px\" aria-hidden=\"true\" class=\"wp-block-spacer\"><\/div>\n\n\n\n<div class=\"wp-block-group has-global-padding is-layout-constrained wp-container-core-group-is-layout-27394559 wp-block-group-is-layout-constrained\" style=\"margin-top:var(--wp--preset--spacing--80)\">\n<div class=\"wp-block-columns is-layout-flex wp-container-core-columns-is-layout-28f84493 wp-block-columns-is-layout-flex\">\n<div class=\"wp-block-column is-layout-flow wp-block-column-is-layout-flow\">\n<div class=\"wp-block-group dco-ptm-20 dco-prm-20 dco-pbm-20 dco-plm-20 has-background is-layout-flow wp-block-group-is-layout-flow\" style=\"border-radius:10px;background-color:#f2f3f5;min-height:100%;padding-top:3.25rem;padding-right:3.25rem;padding-bottom:3.25rem;padding-left:3.25rem\" data-aos=\"fade-up\" data-aos-duration=\"1000\" data-aos-once=\"true\">\n<figure class=\"wp-block-image size-full\"><img loading=\"lazy\" decoding=\"async\" width=\"920\" height=\"506\" src=\"https:\/\/dokan.co\/app\/uploads\/2024\/09\/easy-sign-up-process.png\" alt=\"\" class=\"wp-image-489446\" srcset=\"https:\/\/dokan.co\/app\/uploads\/2024\/09\/easy-sign-up-process.png 920w, https:\/\/dokan.co\/app\/uploads\/2024\/09\/easy-sign-up-process-300x165.png 300w, https:\/\/dokan.co\/app\/uploads\/2024\/09\/easy-sign-up-process-768x422.png 768w, https:\/\/dokan.co\/app\/uploads\/2024\/09\/easy-sign-up-process-18x10.png 18w\" sizes=\"auto, (max-width: 920px) 100vw, 920px\" data-no-translation=\"\" data-no-auto-translation=\"\" \/><\/figure>\n\n\n\n<h4 class=\"wp-block-heading dco-m-text-3xl dco-m-br-hidden has-text-color has-link-color has-poppins-font-family has-x-large-font-size wp-elements-31599d22febeb81095ef785b1a7a6b0f\" style=\"color:#25252d;font-style:normal;font-weight:700\">Einfacher Anmeldevorgang<\/h4>\n\n\n\n<p class=\"has-text-color has-link-color wp-elements-cfc54effac12f525a2b8e2d4ed58a222\" style=\"color:#393939\">Beginnen Sie Ihre Reise ohne Stress! Sie k\u00f6nnen sich ganz einfach mit Ihrem bestehenden Google-Konto f\u00fcr das System anmelden. Das spart Ihnen Zeit und beschleunigt den Onboarding-Prozess.<\/p>\n<\/div>\n<\/div>\n\n\n\n<div class=\"wp-block-column is-layout-flow wp-block-column-is-layout-flow\">\n<div class=\"wp-block-group dco-ptm-20 dco-prm-20 dco-pbm-20 dco-plm-20 has-background is-layout-flow wp-block-group-is-layout-flow\" style=\"border-radius:10px;background-color:#f2f3f5;padding-top:3.25rem;padding-right:3.25rem;padding-bottom:3.25rem;padding-left:3.25rem\" data-aos=\"fade-up\" data-aos-duration=\"1000\" data-aos-once=\"true\">\n<figure class=\"wp-block-image size-full\"><img loading=\"lazy\" decoding=\"async\" width=\"920\" height=\"506\" src=\"https:\/\/dokan.co\/app\/uploads\/2024\/09\/guided-setup-journey.png\" alt=\"\" class=\"wp-image-489447\" srcset=\"https:\/\/dokan.co\/app\/uploads\/2024\/09\/guided-setup-journey.png 920w, https:\/\/dokan.co\/app\/uploads\/2024\/09\/guided-setup-journey-300x165.png 300w, https:\/\/dokan.co\/app\/uploads\/2024\/09\/guided-setup-journey-768x422.png 768w, https:\/\/dokan.co\/app\/uploads\/2024\/09\/guided-setup-journey-18x10.png 18w\" sizes=\"auto, (max-width: 920px) 100vw, 920px\" data-no-translation=\"\" data-no-auto-translation=\"\" \/><\/figure>\n\n\n\n<h4 class=\"wp-block-heading dco-m-text-3xl dco-m-br-hidden has-text-color has-link-color has-poppins-font-family has-x-large-font-size wp-elements-e59bdae9d376c19b6863d173274551c0\" style=\"color:#25252d;font-style:normal;font-weight:700\">Gef\u00fchrte Einrichtungsreise<\/h4>\n\n\n\n<p class=\"has-text-color has-link-color wp-elements-2ee075a2116d3945458b1b03ed32e91f\" style=\"color:#393939\">Nach der Anmeldung werden Sie durch den Admin-Einrichtungsassistenten gef\u00fchrt. Dieser umfasst vier Schritte, in denen Sie alle erforderlichen Informationen zu Ihrem Gesch\u00e4ft eingeben m\u00fcssen. Die Einrichtung dauert nur wenige Minuten, sodass Sie schnell mit dem Verkaufen in Ihrem Gesch\u00e4ft beginnen k\u00f6nnen.<\/p>\n<\/div>\n<\/div>\n<\/div>\n\n\n\n<div class=\"wp-block-group dco-ptm-20 dco-prm-20 dco-pbm-20 dco-plm-20 dco-m-flex-col has-background is-nowrap is-layout-flex wp-container-core-group-is-layout-c56e0925 wp-block-group-is-layout-flex\" style=\"border-radius:10px;background-color:#f2f3f5;padding-top:3.75rem;padding-right:3.25rem;padding-bottom:3.75rem;padding-left:3.25rem\" data-aos=\"fade-up\" data-aos-duration=\"1000\" data-aos-once=\"true\">\n<div class=\"wp-block-columns are-vertically-aligned-center is-layout-flex wp-container-core-columns-is-layout-7fc3d43a wp-block-columns-is-layout-flex\">\n<div class=\"wp-block-column is-vertically-aligned-center is-layout-flow wp-block-column-is-layout-flow\">\n<div class=\"wp-block-group is-layout-flow wp-block-group-is-layout-flow\">\n<h4 class=\"wp-block-heading dco-m-text-3xl dco-m-br-hidden has-text-color has-link-color has-poppins-font-family has-x-large-font-size wp-elements-9eda12d7f117948becf80de48ff99865\" style=\"color:#25252d;font-style:normal;font-weight:700\">Einheitliches Admin-Dashboard<\/h4>\n\n\n\n<p class=\"has-text-color has-link-color wp-elements-9e15d87133abb944571b3b038417d932\" style=\"color:#393939\">Das Admin-Dashboard bietet Ihnen einen umfassenden \u00dcberblick \u00fcber Ihr Online-Gesch\u00e4ft. Von einer zentralen, benutzerfreundlichen Plattform aus k\u00f6nnen Sie Ihre Einnahmen verwalten, Verkaufsberichte einsehen und alle Fortschritte \u00fcberwachen.<\/p>\n<\/div>\n<\/div>\n\n\n\n<div class=\"wp-block-column is-vertically-aligned-center is-layout-flow wp-block-column-is-layout-flow\">\n<figure class=\"wp-block-image size-full\"><img loading=\"lazy\" decoding=\"async\" width=\"934\" height=\"626\" src=\"https:\/\/dokan.co\/app\/uploads\/2024\/09\/unified-admin-dashboard.png\" alt=\"\" class=\"wp-image-489448\" style=\"object-fit:cover\" srcset=\"https:\/\/dokan.co\/app\/uploads\/2024\/09\/unified-admin-dashboard.png 934w, https:\/\/dokan.co\/app\/uploads\/2024\/09\/unified-admin-dashboard-300x201.png 300w, https:\/\/dokan.co\/app\/uploads\/2024\/09\/unified-admin-dashboard-768x515.png 768w, https:\/\/dokan.co\/app\/uploads\/2024\/09\/unified-admin-dashboard-18x12.png 18w\" sizes=\"auto, (max-width: 934px) 100vw, 934px\" data-no-translation=\"\" data-no-auto-translation=\"\" \/><\/figure>\n<\/div>\n<\/div>\n<\/div>\n\n\n\n<div style=\"margin-top:0;margin-bottom:0;height:12px\" aria-hidden=\"true\" class=\"wp-block-spacer\"><\/div>\n\n\n\n<div class=\"wp-block-columns are-vertically-aligned-center has-background is-layout-flex wp-container-core-columns-is-layout-6ee317b0 wp-block-columns-is-layout-flex\" style=\"border-radius:20px;background-color:#f1edfd;margin-top:var(--wp--preset--spacing--40);padding-top:0;padding-right:0;padding-bottom:0;padding-left:0\" data-aos=\"fade-up\" data-aos-duration=\"1000\" data-aos-once=\"true\">\n<div class=\"wp-block-column is-vertically-aligned-center is-layout-flow wp-block-column-is-layout-flow\" style=\"padding-top:var(--wp--preset--spacing--30);padding-right:var(--wp--preset--spacing--50);padding-bottom:var(--wp--preset--spacing--30);padding-left:var(--wp--preset--spacing--50)\">\n<div class=\"wp-block-group is-layout-flow wp-block-group-is-layout-flow\">\n<h3 class=\"wp-block-heading dco-m-text-3xl has-text-color has-link-color has-poppins-font-family has-x-large-font-size wp-elements-31bed41e353cad2f1e0a4ff3c730b249\" style=\"color:#393939;font-style:normal;font-weight:700\">Dedizierter Support<\/h3>\n\n\n\n<p class=\"has-text-color has-link-color wp-elements-18f190a253bd1267ba1a68ba6479d0ba\" style=\"color:#575757;font-size:clamp(0.875rem, 0.875rem + ((1vw - 0.2rem) * 0.682), 1.25rem);\">Unser Supportteam ist rund um die Uhr f\u00fcr Sie da. Sie erreichen uns per Live-Chat, Support-Tickets und speziellen Support-Pins.<\/p>\n<\/div>\n<\/div>\n\n\n\n<div class=\"wp-block-column is-vertically-aligned-center is-layout-flow wp-block-column-is-layout-flow\" style=\"flex-basis:628px\">\n<figure class=\"wp-block-image size-full\"><img loading=\"lazy\" decoding=\"async\" width=\"1106\" height=\"832\" src=\"https:\/\/dokan.co\/app\/uploads\/2024\/09\/dedicated-support.webp\" alt=\"\" class=\"wp-image-489449\" srcset=\"https:\/\/dokan.co\/app\/uploads\/2024\/09\/dedicated-support.webp 1106w, https:\/\/dokan.co\/app\/uploads\/2024\/09\/dedicated-support-300x226.webp 300w, https:\/\/dokan.co\/app\/uploads\/2024\/09\/dedicated-support-1024x770.webp 1024w, https:\/\/dokan.co\/app\/uploads\/2024\/09\/dedicated-support-768x578.webp 768w, https:\/\/dokan.co\/app\/uploads\/2024\/09\/dedicated-support-16x12.webp 16w\" sizes=\"auto, (max-width: 1106px) 100vw, 1106px\" data-no-translation=\"\" data-no-auto-translation=\"\" \/><\/figure>\n<\/div>\n<\/div>\n\n\n\n<div class=\"wp-block-columns are-vertically-aligned-center has-background is-layout-flex wp-container-core-columns-is-layout-a5331a9e wp-block-columns-is-layout-flex\" style=\"border-radius:20px;background-color:#feefed;padding-top:0;padding-right:0;padding-bottom:0;padding-left:0\" data-aos=\"fade-up\" data-aos-duration=\"1000\" data-aos-once=\"true\">\n<div class=\"wp-block-column is-vertically-aligned-center ticss-617ad2b7 is-layout-flow wp-block-column-is-layout-flow\" style=\"flex-basis:532px\">\n<div style=\"height:20px\" aria-hidden=\"true\" class=\"wp-block-spacer ticss-dfb04370\"><\/div>\n\n\n\n<figure class=\"wp-block-image size-full\"><img loading=\"lazy\" decoding=\"async\" width=\"1064\" height=\"758\" src=\"https:\/\/dokan.co\/app\/uploads\/2024\/09\/no-additional-charges-for-migration.webp\" alt=\"\" class=\"wp-image-489450\" srcset=\"https:\/\/dokan.co\/app\/uploads\/2024\/09\/no-additional-charges-for-migration.webp 1064w, https:\/\/dokan.co\/app\/uploads\/2024\/09\/no-additional-charges-for-migration-300x214.webp 300w, https:\/\/dokan.co\/app\/uploads\/2024\/09\/no-additional-charges-for-migration-1024x730.webp 1024w, https:\/\/dokan.co\/app\/uploads\/2024\/09\/no-additional-charges-for-migration-768x547.webp 768w, https:\/\/dokan.co\/app\/uploads\/2024\/09\/no-additional-charges-for-migration-18x12.webp 18w\" sizes=\"auto, (max-width: 1064px) 100vw, 1064px\" data-no-translation=\"\" data-no-auto-translation=\"\" \/><\/figure>\n<\/div>\n\n\n\n<div class=\"wp-block-column is-vertically-aligned-center is-layout-flow wp-block-column-is-layout-flow\" style=\"padding-top:var(--wp--preset--spacing--30);padding-right:var(--wp--preset--spacing--50);padding-bottom:var(--wp--preset--spacing--30);padding-left:var(--wp--preset--spacing--50)\">\n<div class=\"wp-block-group is-layout-flow wp-block-group-is-layout-flow\">\n<h3 class=\"wp-block-heading dco-m-text-3xl has-text-color has-link-color has-poppins-font-family has-x-large-font-size wp-elements-e65796a7a894d3f90cf35687c63fb4c0\" style=\"color:#393939;font-style:normal;font-weight:700\">Keine zus\u00e4tzlichen Kosten f\u00fcr die Migration<\/h3>\n\n\n\n<p class=\"has-text-color has-link-color wp-elements-d40858b4ee4335db7da3a69b77dd2c50\" style=\"color:#575757;font-size:clamp(0.875rem, 0.875rem + ((1vw - 0.2rem) * 0.682), 1.25rem);\">Wenn Sie das Dokan-Plugin verwenden und auf unsere Cloud-Version umsteigen m\u00f6chten, haben wir gute Neuigkeiten f\u00fcr Sie. Unser nahtloser Migrationsprozess gew\u00e4hrleistet einen reibungslosen \u00dcbergang ohne zus\u00e4tzliche Kosten. Wechseln Sie problemlos zur Dokan-Cloud.<\/p>\n<\/div>\n<\/div>\n<\/div>\n\n\n\n<div class=\"wp-block-columns are-vertically-aligned-center has-background is-layout-flex wp-container-core-columns-is-layout-a5331a9e wp-block-columns-is-layout-flex\" style=\"border-radius:20px;background-color:#82b5361a;padding-top:0;padding-right:0;padding-bottom:0;padding-left:0\" data-aos=\"fade-up\" data-aos-duration=\"1000\" data-aos-once=\"true\">\n<div class=\"wp-block-column is-vertically-aligned-center is-layout-flow wp-block-column-is-layout-flow\" style=\"padding-top:var(--wp--preset--spacing--30);padding-right:var(--wp--preset--spacing--50);padding-bottom:var(--wp--preset--spacing--30);padding-left:var(--wp--preset--spacing--50)\">\n<div class=\"wp-block-group is-layout-flow wp-block-group-is-layout-flow\">\n<h3 class=\"wp-block-heading has-text-color has-link-color has-poppins-font-family has-x-large-font-size wp-elements-fe0cfa5998bf7fb6a71c2b02d860213c\" style=\"color:#393939;font-style:normal;font-weight:700\">Globale Reichweite, lokale N\u00e4he<\/h3>\n\n\n\n<p class=\"has-text-color has-link-color wp-elements-887682a9658bc26cc6b89bf5815298ee\" style=\"color:#575757;font-size:clamp(0.875rem, 0.875rem + ((1vw - 0.2rem) * 0.682), 1.25rem);\">Kunden mit mehreren Standorten. Gesch\u00e4fte mit mehreren Standorten werden von Dokan Cloud unterst\u00fctzt. Je nach Standort k\u00f6nnen Sie lokalisierte Steuerberechnungen und Versand anbieten. Dar\u00fcber hinaus unterst\u00fctzt Dokan Cloud eine Vielzahl lokaler und globaler Zahlungsgateways.<\/p>\n<\/div>\n<\/div>\n\n\n\n<div class=\"wp-block-column is-vertically-aligned-center is-layout-flow wp-block-column-is-layout-flow\" style=\"flex-basis:628px\">\n<div style=\"height:20px\" aria-hidden=\"true\" class=\"wp-block-spacer\"><\/div>\n\n\n\n<figure class=\"wp-block-image size-full\"><img loading=\"lazy\" decoding=\"async\" width=\"1082\" height=\"856\" src=\"https:\/\/dokan.co\/app\/uploads\/2024\/09\/global-reach-local-touch.webp\" alt=\"\" class=\"wp-image-489452\" srcset=\"https:\/\/dokan.co\/app\/uploads\/2024\/09\/global-reach-local-touch.webp 1082w, https:\/\/dokan.co\/app\/uploads\/2024\/09\/global-reach-local-touch-300x237.webp 300w, https:\/\/dokan.co\/app\/uploads\/2024\/09\/global-reach-local-touch-1024x810.webp 1024w, https:\/\/dokan.co\/app\/uploads\/2024\/09\/global-reach-local-touch-768x608.webp 768w, https:\/\/dokan.co\/app\/uploads\/2024\/09\/global-reach-local-touch-15x12.webp 15w\" sizes=\"auto, (max-width: 1082px) 100vw, 1082px\" data-no-translation=\"\" data-no-auto-translation=\"\" \/><\/figure>\n<\/div>\n<\/div>\n<\/div>\n\n\n\n<div style=\"margin-top:0;margin-bottom:0;height:22px\" aria-hidden=\"true\" class=\"wp-block-spacer\"><\/div>\n<\/div>\n\n\n\n<div class=\"wp-block-group alignfull has-contrast-background-color has-background has-global-padding is-layout-constrained wp-container-core-group-is-layout-5c2ec109 wp-block-group-is-layout-constrained\" style=\"margin-top:0;padding-top:var(--wp--preset--spacing--70);padding-right:var(--wp--preset--spacing--30);padding-bottom:var(--wp--preset--spacing--70);padding-left:var(--wp--preset--spacing--30);background-image:url(&apos;https:\/\/dokan.co\/app\/uploads\/2024\/08\/cta-bg.svg&apos;);background-position:50% 50%;background-size:cover;\">\n<div style=\"margin-top:0;margin-bottom:0;height:30px\" aria-hidden=\"true\" class=\"wp-block-spacer\"><\/div>\n\n\n\n<div class=\"wp-block-columns are-vertically-aligned-center is-layout-flex wp-container-core-columns-is-layout-c8f28843 wp-block-columns-is-layout-flex\" style=\"margin-top:0;margin-bottom:0\">\n<div class=\"wp-block-column is-vertically-aligned-center is-layout-flow wp-block-column-is-layout-flow\" style=\"flex-basis:625px\">\n<h2 class=\"wp-block-heading dco-m-br-hidden dco-m-text-3xl has-base-color has-text-color has-link-color has-poppins-font-family wp-elements-fd84164b2b7c9a09fa6e58b4e4e90f9a\" style=\"font-size:clamp(2.55rem, 2.55rem + ((1vw - 0.2rem) * 4.109), 4.81rem);font-style:normal;font-weight:700\" data-aos=\"fade-up\" data-aos-duration=\"1000\" data-aos-once=\"true\">Dokan Cloud unterst\u00fctzt Ihre E-Commerce-Reise<\/h2>\n<\/div>\n\n\n\n<div class=\"wp-block-column is-vertically-aligned-center is-layout-flow wp-block-column-is-layout-flow\">\n<div class=\"wp-block-group is-vertical is-layout-flex wp-container-core-group-is-layout-fe9cc265 wp-block-group-is-layout-flex\">\n<p class=\"has-text-color has-link-color wp-elements-b8d0bf3fbf41a3121ecfe78318f182e3\" style=\"color:#d3d3d3;margin-top:12px;font-size:clamp(0.875rem, 0.875rem + ((1vw - 0.2rem) * 0.682), 1.25rem);\" data-aos=\"slide-up\" data-aos-duration=\"1000\" data-aos-once=\"true\">Ein florierender Marktplatz beginnt mit nahtlosem Onboarding und globaler Skalierbarkeit von Dokan Cloud. Legen Sie jetzt los und erleben Sie den Unterschied.<\/p>\n\n\n\n<div class=\"wp-block-buttons is-layout-flex wp-block-buttons-is-layout-flex\" data-aos=\"slide-up\" data-aos-duration=\"1000\" data-aos-once=\"true\">\n<div class=\"wp-block-button btn-border-color-hover-dokan-cloud btn-color-hover-dokan-cloud btn-bg-hover-transparent\"><a class=\"wp-block-button__link has-background wp-element-button\" style=\"border-radius:5px;background-color:#7047eb\">Starten Sie Ihren Marktplatz<\/a><\/div>\n<\/div>\n<\/div>\n<\/div>\n<\/div>\n\n\n\n<div style=\"margin-top:0;margin-bottom:0;height:29px\" aria-hidden=\"true\" class=\"wp-block-spacer\"><\/div>\n<\/div>","protected":false},"excerpt":{"rendered":"<p>Support Excellence User-Centric Features Unparalleled Support Dokan Cloud offers a comprehensive suite of user and support features that will enhance the experience of your store. Our 24\/7 support team is here to help you whether it\u2019s sign-up or any other issue. Easy Sign-up Process Start your journey hassle-free! You can easily sign up for the [&hellip;]<\/p>\n","protected":false},"author":2,"featured_media":0,"parent":483890,"menu_order":0,"comment_status":"closed","ping_status":"closed","template":"wp-custom-template-page-dokan-cloud","meta":{"footnotes":""},"class_list":["post-489426","page","type-page","status-publish","hentry"],"_links":{"self":[{"href":"https:\/\/dokan.co\/de\/wp-json\/wp\/v2\/pages\/489426","targetHints":{"allow":["GET"]}}],"collection":[{"href":"https:\/\/dokan.co\/de\/wp-json\/wp\/v2\/pages"}],"about":[{"href":"https:\/\/dokan.co\/de\/wp-json\/wp\/v2\/types\/page"}],"author":[{"embeddable":true,"href":"https:\/\/dokan.co\/de\/wp-json\/wp\/v2\/users\/2"}],"replies":[{"embeddable":true,"href":"https:\/\/dokan.co\/de\/wp-json\/wp\/v2\/comments?post=489426"}],"version-history":[{"count":19,"href":"https:\/\/dokan.co\/de\/wp-json\/wp\/v2\/pages\/489426\/revisions"}],"predecessor-version":[{"id":499577,"href":"https:\/\/dokan.co\/de\/wp-json\/wp\/v2\/pages\/489426\/revisions\/499577"}],"up":[{"embeddable":true,"href":"https:\/\/dokan.co\/de\/wp-json\/wp\/v2\/pages\/483890"}],"wp:attachment":[{"href":"https:\/\/dokan.co\/de\/wp-json\/wp\/v2\/media?parent=489426"}],"curies":[{"name":"wp","href":"https:\/\/api.w.org\/{rel}","templated":true}]}}