{"id":8544,"date":"2023-04-11T15:11:43","date_gmt":"2023-04-11T09:11:43","guid":{"rendered":"https:\/\/dokan.co\/?page_id=8544"},"modified":"2025-06-03T11:13:52","modified_gmt":"2025-06-03T05:13:52","slug":"terms-of-service","status":"publish","type":"page","link":"https:\/\/dokan.co\/de\/wordpress\/terms-of-service\/","title":{"rendered":"Nutzungsbedingungen"},"content":{"rendered":"<div class=\"wp-block-group alignfull has-global-padding is-layout-constrained wp-container-core-group-is-layout-bed9fd30 wp-block-group-is-layout-constrained\">\n<div style=\"height:20px\" aria-hidden=\"true\" class=\"wp-block-spacer\"><\/div>\n\n\n\n<h1 class=\"wp-block-heading has-text-align-center\" style=\"font-size:clamp(2.2rem, 2.2rem + ((1vw - 0.2rem) * 3.273), 4rem);\"><strong>Nutzungsbedingungen \u2013 Dokan Plugin <\/strong><\/h1>\n\n\n\n<div style=\"height:20px\" aria-hidden=\"true\" class=\"wp-block-spacer\"><\/div>\n\n\n\n<p>Diese Nutzungsbedingungen (\u201eBedingungen\u201c) gelten f\u00fcr die Nutzung von Dokan, einem Softwareprodukt, das Eigentum von weDevs Ltd. ist und von weDevs Ltd. (\u201eweDevs\u201c, \u201euns\u201c, \u201eunser\u201c oder \u201ewir\u201c) betrieben wird. Durch die Nutzung von oder den Zugriff auf Dokan erkl\u00e4ren Sie sich mit den folgenden Bedingungen einverstanden. Wenn Sie diesen Bedingungen nicht zustimmen, raten wir Ihnen von der Nutzung von Dokan ab.<\/p>\n\n\n\n<h3 class=\"wp-block-heading\"><strong><strong>Lizenz<\/strong><\/strong><\/h3>\n\n\n\n<p style=\"margin-top:var(--wp--preset--spacing--20)\">Dokan wird unter der GNU Public License Version 2.0 ver\u00f6ffentlicht. Wir raten Ihnen dringend davon ab, sie modifiziert oder unver\u00e4ndert zur Weiterverteilung oder zum Weiterverkauf jeglicher Art anzubieten.<\/p>\n\n\n\n<p>Der Lizenzschl\u00fcssel gew\u00e4hrleistet den Zugriff auf Updates von unseren Servern. Ohne Aktivierung k\u00f6nnen Sie die Premium-Module nicht nutzen. Wenn Ihr Abonnement gek\u00fcndigt wird oder abl\u00e4uft, funktionieren die Premium-Module nicht mehr.<\/p>\n\n\n\n<p>Jedes Produkt von unserer Website beinhaltet 365 Tage Support und Update-G\u00fcltigkeit. Dieses Datum wird ab der Minute berechnet, in der die Bestellung als abgeschlossen markiert wurde. Wenn Sie keine g\u00fcltige Lizenz haben, k\u00f6nnen Sie keines Ihrer gekauften Produkte herunterladen.<\/p>\n\n\n\n<p>F\u00fcr den Zugriff auf den Downloadbereich ist ein aktives Abonnement erforderlich. Jedes Produkt verf\u00fcgt \u00fcber eine automatische Verl\u00e4ngerungsfunktion \u00fcber PayPal- und Stripe-Abonnements, um einen reibungslosen Fluss von Updates und Support zu gew\u00e4hrleisten.<\/p>\n\n\n\n<h3 class=\"wp-block-heading\"><strong><strong>Einschr\u00e4nkungen<\/strong><\/strong><\/h3>\n\n\n\n<p style=\"margin-top:var(--wp--preset--spacing--20)\">Sie d\u00fcrfen ohne unsere vorherige schriftliche Zustimmung keinen Teil von Dokan kopieren, modifizieren, verteilen, verkaufen, vermieten, unterlizenzieren oder \u00fcbertragen. Sie d\u00fcrfen auch kein Reverse Engineering durchf\u00fchren oder versuchen, den Quellcode von Dokan zu extrahieren oder Mittel einzusetzen, um unbefugten Zugriff auf Dokan oder die zugeh\u00f6rigen Systeme zu erlangen.<\/p>\n\n\n\n<h3 class=\"wp-block-heading\"><strong><strong>Geistigen Eigentums<\/strong><\/strong><\/h3>\n\n\n\n<p style=\"margin-top:var(--wp--preset--spacing--20);margin-right:var(--wp--preset--spacing--20);margin-bottom:var(--wp--preset--spacing--20);margin-left:var(--wp--preset--spacing--20)\">Dokan ist durch Urheber-, Marken- und andere Gesetze zum Schutz geistigen Eigentums gesch\u00fctzt. Alle Rechte, Titel und Anteile an und f\u00fcr Dokan, einschlie\u00dflich aller geistigen Eigentumsrechte, sind und bleiben ausschlie\u00dfliches Eigentum von Dokan.<\/p>\n\n\n\n<h3 class=\"wp-block-heading\"><strong><strong>Haftungsausschluss und Haftungsbeschr\u00e4nkung<\/strong><\/strong><\/h3>\n\n\n\n<p style=\"margin-top:var(--wp--preset--spacing--20)\">Dokan wird \u201ewie besehen\u201c ohne Gew\u00e4hrleistung jeglicher Art, weder ausdr\u00fccklich noch stillschweigend, bereitgestellt, einschlie\u00dflich, aber nicht beschr\u00e4nkt auf Gew\u00e4hrleistungen der Marktg\u00e4ngigkeit, Eignung f\u00fcr einen bestimmten Zweck und Nichtverletzung von Rechten Dritter. In keinem Fall haftet Dokan f\u00fcr indirekte, zuf\u00e4llige, besondere, Straf- oder Folgesch\u00e4den, die sich aus oder im Zusammenhang mit der Nutzung oder Unm\u00f6glichkeit der Nutzung von Dokan ergeben.<\/p>\n\n\n\n<h3 class=\"wp-block-heading\"><strong><strong><strong>Beendigung<\/strong><\/strong><\/strong><\/h3>\n\n\n\n<p>Dokan beh\u00e4lt sich das Recht vor, Benutzerkonten ohne Vorank\u00fcndigung zu sperren und\/oder zu k\u00fcndigen. Dies kann auf einen oder mehrere der folgenden Gr\u00fcnde zur\u00fcckzuf\u00fchren sein.<\/p>\n\n\n\n<p>Missbr\u00e4uchliches Verhalten und\/oder \u00fcberm\u00e4\u00dfige Negativit\u00e4t gegen\u00fcber Dokan-Mitarbeitern und\/oder anderen Dokan-Kunden.<\/p>\n\n\n\n<p>Wiederholte verleumderische, b\u00f6swillige und\/oder falsche Aussagen, einschlie\u00dflich Verleumdung von Dokan, und\/oder Versuche, potenzielle Kunden vom Kauf von Dokan abzubringen.<\/p>\n\n\n\n<p>Werbung f\u00fcr Konkurrenzprodukte, Beitrag zu Softwarepiraterie, Hacking, Spamming oder anderen illegalen Handlungen.<\/p>\n\n\n\n<p>Wir glauben vern\u00fcnftigerweise, dass Ihr Konto kompromittiert, mit anderen geteilt wurde oder aus anderen Sicherheitsgr\u00fcnden. Alle Entscheidungen sind endg\u00fcltig und gek\u00fcndigte oder gesperrte Konten werden nicht r\u00fcckg\u00e4ngig gemacht.<\/p>\n\n\n\n<h3 class=\"wp-block-heading\"><strong><strong><strong><strong>DSGVO und Dokan<\/strong><\/strong><\/strong><\/strong><\/h3>\n\n\n\n<p>Dokan implementiert die DSGVO-Prinzipien, um DSGVO-konform zu werden. Die Datenschutz-Grundverordnung (DSGVO) von Europa ist die neueste Datenschutzverordnung und -richtlinie, die im Mai 2018 weltweit umgesetzt wird.<\/p>\n\n\n\n<p>Hier bei Dokan arbeiten wir streng daran, unsere Datenverwendung transparent zu machen \u2013 wie wir die Daten unserer Kunden und Benutzer sammeln, speichern und verwenden werden.<\/p>\n\n\n\n<p>Dokan k\u00fcmmert sich stets gut um Benutzerdaten und wahrt die Privatsph\u00e4re, da dies f\u00fcr uns von entscheidender Bedeutung ist. Seit Beginn unseres Unternehmens halten wir uns an strenge Grunds\u00e4tze des Datenschutzes und der Privatsph\u00e4re.<\/p>\n\n\n\n<h3 class=\"wp-block-heading\"><strong><strong><strong><strong><strong>\u00c4nderungen an diesen Bedingungen<\/strong><\/strong><\/strong><\/strong><\/strong><\/h3>\n\n\n\n<p style=\"margin-top:var(--wp--preset--spacing--20);margin-right:var(--wp--preset--spacing--20);margin-bottom:var(--wp--preset--spacing--20);margin-left:var(--wp--preset--spacing--20)\">Wir behalten uns das Recht vor, diese Bedingungen jederzeit zu \u00e4ndern, und alle \u00c4nderungen werden sofort nach Ver\u00f6ffentlichung der ge\u00e4nderten Bedingungen auf unserer Website wirksam. Ihre fortgesetzte Nutzung von Dokan nach der Ver\u00f6ffentlichung von \u00c4nderungen an diesen Bedingungen stellt Ihre Zustimmung zu diesen \u00c4nderungen dar.<\/p>\n\n\n\n<h3 class=\"wp-block-heading\"><strong><strong>Ganze Vereinbarung<\/strong><\/strong><\/h3>\n\n\n\n<p>Diese Bedingungen stellen die gesamte Vereinbarung zwischen Ihnen und Dokan hinsichtlich der Nutzung der Software dar und ersetzen alle vorherigen oder gleichzeitigen Mitteilungen und Vorschl\u00e4ge, ob m\u00fcndlich oder schriftlich, zwischen Ihnen und Dokan.<\/p>\n\n\n\n<p>Wenn Sie Fragen oder Bedenken zu diesen Bedingungen oder Dokan haben, wenden Sie sich bitte an uns <a href=\"https:\/\/dokan.co\/de\/contact\/\">kontaktiere uns<\/a>.<\/p>\n<\/div>\n\n\n\n<div style=\"height:100px\" aria-hidden=\"true\" class=\"wp-block-spacer\"><\/div>","protected":false},"excerpt":{"rendered":"<p>Terms of Service &#8211; Dokan Plugin These Terms of Service (&#8220;Terms&#8221;) apply to the use of Dokan, a software product owned and operated by weDevs Ltd. (&#8220;weDevs&#8221;, &#8220;us&#8221;, &#8220;our&#8221; or &#8220;we&#8221;). By using or accessing Dokan, you agree to be bound by the following terms. If you do not agree to these Terms, we discourage [&hellip;]<\/p>\n","protected":false},"author":2,"featured_media":0,"parent":472416,"menu_order":0,"comment_status":"closed","ping_status":"closed","template":"","meta":{"footnotes":""},"class_list":["post-8544","page","type-page","status-publish","hentry"],"_links":{"self":[{"href":"https:\/\/dokan.co\/de\/wp-json\/wp\/v2\/pages\/8544","targetHints":{"allow":["GET"]}}],"collection":[{"href":"https:\/\/dokan.co\/de\/wp-json\/wp\/v2\/pages"}],"about":[{"href":"https:\/\/dokan.co\/de\/wp-json\/wp\/v2\/types\/page"}],"author":[{"embeddable":true,"href":"https:\/\/dokan.co\/de\/wp-json\/wp\/v2\/users\/2"}],"replies":[{"embeddable":true,"href":"https:\/\/dokan.co\/de\/wp-json\/wp\/v2\/comments?post=8544"}],"version-history":[{"count":7,"href":"https:\/\/dokan.co\/de\/wp-json\/wp\/v2\/pages\/8544\/revisions"}],"predecessor-version":[{"id":500438,"href":"https:\/\/dokan.co\/de\/wp-json\/wp\/v2\/pages\/8544\/revisions\/500438"}],"up":[{"embeddable":true,"href":"https:\/\/dokan.co\/de\/wp-json\/wp\/v2\/pages\/472416"}],"wp:attachment":[{"href":"https:\/\/dokan.co\/de\/wp-json\/wp\/v2\/media?parent=8544"}],"curies":[{"name":"wp","href":"https:\/\/api.w.org\/{rel}","templated":true}]}}