{"id":9256,"date":"2023-06-08T14:56:07","date_gmt":"2023-06-08T08:56:07","guid":{"rendered":"https:\/\/dokan.co\/?page_id=9256"},"modified":"2026-04-02T10:10:28","modified_gmt":"2026-04-02T04:10:28","slug":"about","status":"publish","type":"page","link":"https:\/\/dokan.co\/de\/about\/","title":{"rendered":"\u00dcber uns"},"content":{"rendered":"<div class=\"wp-block-group alignfull has-global-padding is-layout-constrained wp-block-group-is-layout-constrained\">\n<div style=\"height:38px\" aria-hidden=\"true\" class=\"wp-block-spacer\"><\/div>\n\n\n\n<p class=\"has-text-align-center ticss-c5be21c2 has-text-color has-medium-font-size\" style=\"color:#2409cb;font-style:normal;font-weight:700\">\u00dcber uns<\/p>\n\n\n\n<h1 class=\"wp-block-heading alignfull has-text-align-center dco-m-text-3xl dco-m-br-hidden has-foreground-color has-text-color\" style=\"margin-top:0;margin-right:0;margin-bottom:0;margin-left:0;font-size:clamp(1.93rem, 1.93rem + ((1vw - 0.2rem) * 2.673), 3.4rem);font-style:normal;font-weight:900\">Unternehmer mit Premier st\u00e4rken<br> Multivendor-Marktplatzl\u00f6sungen<\/h1>\n\n\n\n<p class=\"has-text-align-center has-text-color has-medium-font-size\" style=\"color:#575d64\">Der Ort, an dem Ihre Marktplatztr\u00e4ume beginnen.<\/p>\n\n\n\n<div style=\"height:42px\" aria-hidden=\"true\" class=\"wp-block-spacer\"><\/div>\n<\/div>\n\n\n\n<div class=\"wp-block-group alignfull has-global-padding is-layout-constrained wp-container-core-group-is-layout-c6de8d87 wp-block-group-is-layout-constrained\" style=\"padding-bottom:var(--wp--preset--spacing--50)\">\n<div class=\"wp-block-columns is-layout-flex wp-container-core-columns-is-layout-66fad18a wp-block-columns-is-layout-flex\">\n<div class=\"wp-block-column is-layout-flow wp-block-column-is-layout-flow\">\n<figure class=\"wp-block-image size-large\"><img decoding=\"async\" src=\"https:\/\/staging.dokan.co\/app\/uploads\/2023\/06\/Group-1000005562-1024x975.png\" alt=\"\" class=\"wp-image-7744\" data-no-translation=\"\" data-no-auto-translation=\"\"\/><\/figure>\n<\/div>\n\n\n\n<div class=\"wp-block-column is-layout-flow wp-block-column-is-layout-flow\">\n<div class=\"wp-block-group has-global-padding is-layout-constrained wp-block-group-is-layout-constrained\">\n<h3 class=\"wp-block-heading\" style=\"font-size:clamp(1.378rem, 1.378rem + ((1vw - 0.2rem) * 1.585), 2.25rem);font-style:normal;font-weight:500;line-height:1.5\">Unsere Geschichte<\/h3>\n\n\n\n<p class=\"has-text-color has-medium-font-size\" style=\"color:#575d64\">Da wir selbst Unternehmer sind, haben wir uns als Unternehmer mit zahlreichen Schwierigkeiten herumgeschlagen und diese bew\u00e4ltigt. Wir haben erkannt, warum viele Unternehmen mit Potenzial die Hoffnung verlieren und aufgeben. Deshalb haben wir uns mit Leib und Seele an die Arbeit gemacht und 2015 den Dokan Multivendor Marketplace gegr\u00fcndet. Von Unternehmer zu Unternehmer wollten wir unsere Hilfe auf diejenigen ausdehnen, die in den Phasen, in denen wir Schwierigkeiten hatten, zu k\u00e4mpfen haben.<\/p>\n\n\n\n<p class=\"has-text-color has-medium-font-size\" style=\"color:#575d64\">Heute sind wir stolz darauf, ein vertrauensw\u00fcrdiger Name in der Branche zu sein und eine umfassende Palette an Funktionen und Dienstleistungen anzubieten, um den Bed\u00fcrfnissen aufstrebender Unternehmer gerecht zu werden. Unser Team ist bestrebt, Ihre Reise so reibungslos wie m\u00f6glich zu gestalten, und wir sind bestrebt, bei jedem Schritt einen au\u00dfergew\u00f6hnlichen Kundenservice zu bieten.<\/p>\n\n\n\n<p class=\"has-text-color has-medium-font-size\" style=\"color:#575d64\">Jetzt verf\u00fcgt Dokan auch \u00fcber eine dedizierte Marketplace-Cloud-L\u00f6sung. Die Dokan Marketplace Cloud Solution bietet einen optimierten und skalierbaren Ansatz zur Erstellung eines Online-Marktplatzes mit benutzerfreundlichen Schnittstellen, robuster Sicherheit und umfassendem Support.<\/p>\n<\/div>\n<\/div>\n<\/div>\n\n\n\n<div style=\"height:25px\" aria-hidden=\"true\" class=\"wp-block-spacer\"><\/div>\n\n\n\n<div class=\"wp-block-columns is-layout-flex wp-container-core-columns-is-layout-66fad18a wp-block-columns-is-layout-flex\">\n<div class=\"wp-block-column is-layout-flow wp-block-column-is-layout-flow\">\n<div class=\"wp-block-group has-global-padding is-layout-constrained wp-block-group-is-layout-constrained\">\n<p class=\"has-text-color has-medium-font-size\" style=\"color:#2409cb;font-style:normal;font-weight:700\">Unsere Aufgabe<\/p>\n\n\n\n<h3 class=\"wp-block-heading dco-m-br-hidden\" style=\"margin-top:var(--wp--preset--spacing--30);margin-right:0;margin-bottom:0;margin-left:0;font-size:clamp(1.378rem, 1.378rem + ((1vw - 0.2rem) * 1.585), 2.25rem);font-style:normal;font-weight:500;line-height:1.5\">Streben nach <br>Kontinuierliche Innovation<\/h3>\n\n\n\n<p class=\"has-text-color has-medium-font-size\" style=\"color:#575d64\">Unsere Mission bei Dokan ist es, unseren Kunden das bestm\u00f6gliche Marktentwicklungserlebnis zu bieten. Wir sind bestrebt, ein vielf\u00e4ltiges Angebot an qualitativ hochwertigen Optionen zu angemessenen Preisen anzubieten und jederzeit einen hervorragenden Kundenservice zu bieten. Wir glauben an die Integration modernster Technologie, um das Benutzererlebnis schneller, einfacher und bequemer zu machen. Wir sind bestrebt, eine starke, engagierte Community rund um unsere Marke aufzubauen und bei unseren Kunden einen bleibenden positiven Eindruck zu hinterlassen.<\/p>\n<\/div>\n<\/div>\n\n\n\n<div class=\"wp-block-column is-layout-flow wp-block-column-is-layout-flow\">\n<figure class=\"wp-block-image size-large\"><img decoding=\"async\" src=\"https:\/\/staging.dokan.co\/app\/uploads\/2023\/06\/Group-1000005563-1024x905.png\" alt=\"\" class=\"wp-image-7773\" data-no-translation=\"\" data-no-auto-translation=\"\"\/><\/figure>\n<\/div>\n<\/div>\n\n\n\n<div style=\"height:25px\" aria-hidden=\"true\" class=\"wp-block-spacer\"><\/div>\n\n\n\n<div class=\"wp-block-columns is-layout-flex wp-container-core-columns-is-layout-66fad18a wp-block-columns-is-layout-flex\">\n<div class=\"wp-block-column is-layout-flow wp-block-column-is-layout-flow\">\n<figure class=\"wp-block-image size-full\"><img decoding=\"async\" src=\"https:\/\/staging.dokan.co\/app\/uploads\/2023\/06\/Group-1000005571.png\" alt=\"\" class=\"wp-image-7775\" data-no-translation=\"\" data-no-auto-translation=\"\"\/><\/figure>\n<\/div>\n\n\n\n<div class=\"wp-block-column is-layout-flow wp-block-column-is-layout-flow\">\n<div class=\"wp-block-group has-global-padding is-layout-constrained wp-block-group-is-layout-constrained\">\n<p class=\"has-text-color has-medium-font-size\" style=\"color:#2409cb;font-style:normal;font-weight:700\">Unsere Vision<\/p>\n\n\n\n<h3 class=\"wp-block-heading dco-m-br-hidden\" style=\"margin-top:var(--wp--preset--spacing--30);margin-right:0;margin-bottom:0;margin-left:0;font-size:clamp(1.378rem, 1.378rem + ((1vw - 0.2rem) * 1.585), 2.25rem);font-style:normal;font-weight:500;line-height:1.5\">Erfahrung <br>das Beste vom Besten<\/h3>\n\n\n\n<p class=\"has-text-color has-medium-font-size\" style=\"color:#575d64\">Wir bei Dokan hoffen, Unternehmern, die ihre Ideen auf die n\u00e4chste Ebene bringen m\u00f6chten, eine Komplettl\u00f6sung anzubieten. Wir sind bestrebt, ein optimiertes, benutzerfreundliches Erlebnis zu bieten, das es jedem Benutzer, ob Anf\u00e4nger oder Experte, erm\u00f6glicht, einen Marktplatz aufzubauen, der seinen Anforderungen entspricht. Wir sind bestrebt, branchenf\u00fchrende Technologie bereitzustellen und innovative Funktionen bereitzustellen, um den Verwaltungsaufwand zu reduzieren und unsere Plattform kontinuierlich zu verbessern. Wir bei Dokan glauben, dass jeder Zugang zu den besten Produkten und Dienstleistungen verdient, und wir setzen uns daf\u00fcr ein, dass dies Wirklichkeit wird.<\/p>\n<\/div>\n<\/div>\n<\/div>\n<\/div>\n\n\n\n<div style=\"height:1px\" aria-hidden=\"true\" class=\"wp-block-spacer\"><\/div>\n\n\n\n<div class=\"wp-block-group alignfull has-background has-global-padding is-layout-constrained wp-container-core-group-is-layout-336b874b wp-block-group-is-layout-constrained\" style=\"background-color:#130924;padding-top:var(--wp--preset--spacing--50);padding-right:0;padding-bottom:var(--wp--preset--spacing--50);padding-left:0\">\n<p class=\"dco-m-br-hidden has-text-color\" style=\"color:#888294\">Wenn ein Bild eine Geschichte erz\u00e4hlen kann, k\u00f6nnen Zahlen noch viel mehr erz\u00e4hlen. Der <br>Die Authentizit\u00e4t der Zahlen steht au\u00dfer Frage und deshalb gehen wir <br>Es liegt an Ihnen, unsere Erz\u00e4hlung zu interpretieren.<\/p>\n\n\n\n<div class=\"wp-block-group dco-m-flex-col is-nowrap is-layout-flex wp-container-core-group-is-layout-0ec88a00 wp-block-group-is-layout-flex\">\n<div class=\"wp-block-group has-global-padding is-layout-constrained wp-block-group-is-layout-constrained\">\n<h2 class=\"wp-block-heading dco-m-text-3xl has-background-color has-text-color\" style=\"margin-top:0;margin-right:0;margin-bottom:0;margin-left:0;font-size:clamp(2.629rem, 2.629rem + ((1vw - 0.2rem) * 4.311), 5rem);font-style:normal;font-weight:800\">\u00dcber 50.000<\/h2>\n\n\n\n<p class=\"has-text-color has-medium-font-size\" style=\"color:#a19da7;margin-top:0;margin-right:0;margin-bottom:0;margin-left:0;font-style:normal;font-weight:500\">Aktive Installationen<\/p>\n<\/div>\n\n\n\n<div class=\"wp-block-group has-global-padding is-layout-constrained wp-block-group-is-layout-constrained\">\n<h2 class=\"wp-block-heading dco-m-text-3xl has-background-color has-text-color\" style=\"margin-top:0;margin-right:0;margin-bottom:0;margin-left:0;font-size:clamp(2.629rem, 2.629rem + ((1vw - 0.2rem) * 4.311), 5rem);font-style:normal;font-weight:800\">\u00dcber 3,6\u00a0Mio.<\/h2>\n\n\n\n<p class=\"has-text-color has-medium-font-size\" style=\"color:#a19da7;margin-top:0;margin-right:0;margin-bottom:0;margin-left:0;font-style:normal;font-weight:500\">Gesamtdownload<\/p>\n<\/div>\n\n\n\n<div class=\"wp-block-group has-global-padding is-layout-constrained wp-block-group-is-layout-constrained\">\n<h2 class=\"wp-block-heading dco-m-text-3xl has-background-color has-text-color\" style=\"margin-top:0;margin-right:0;margin-bottom:0;margin-left:0;font-size:clamp(2.629rem, 2.629rem + ((1vw - 0.2rem) * 4.311), 5rem);font-style:normal;font-weight:800\">4.6<\/h2>\n\n\n\n<p class=\"has-text-color has-medium-font-size\" style=\"color:#a19da7;margin-top:0;margin-right:0;margin-bottom:0;margin-left:0;font-style:normal;font-weight:500\">Sterne auf wp.org<\/p>\n<\/div>\n\n\n\n<div class=\"wp-block-group has-global-padding is-layout-constrained wp-block-group-is-layout-constrained\">\n<h2 class=\"wp-block-heading dco-m-text-3xl has-background-color has-text-color\" style=\"margin-top:0;margin-right:0;margin-bottom:0;margin-left:0;font-size:clamp(2.629rem, 2.629rem + ((1vw - 0.2rem) * 4.311), 5rem);font-style:normal;font-weight:800\">700+<\/h2>\n\n\n\n<p class=\"has-text-color has-medium-font-size\" style=\"color:#a19da7;margin-top:0;margin-right:0;margin-bottom:0;margin-left:0;font-style:normal;font-weight:500\">Kundenrezensionen<\/p>\n<\/div>\n<\/div>\n<\/div>\n\n\n\n<div class=\"wp-block-group alignfull dco-mt-0 has-background has-global-padding is-layout-constrained wp-container-core-group-is-layout-8c2efdb4 wp-block-group-is-layout-constrained\" style=\"background-color:#f7f7f7;padding-top:7.5rem;padding-bottom:var(--wp--preset--spacing--60)\">\n<div class=\"wp-block-group dco-m-flex-col is-nowrap is-layout-flex wp-container-core-group-is-layout-0ac73906 wp-block-group-is-layout-flex\">\n<h2 class=\"wp-block-heading dco-m-text-3xl dco-m-br-hidden\" style=\"font-size:clamp(1.805rem, 1.805rem + ((1vw - 0.2rem) * 2.409), 3.13rem);font-style:normal;font-weight:900;line-height:1.2\">Erreichen Sie mehr mit <br>Dokan-Add-Ons<\/h2>\n\n\n\n<p class=\"dco-m-br-hidden has-text-color has-medium-font-size\" style=\"color:#575d64\">Die Schaffung eines vollst\u00e4ndigen Dokan-\u00d6kosystems ist nur m\u00f6glich, wenn nicht nur <br>Sie und Ihre Verk\u00e4ufer, aber auch Ihre Kunden und andere Parteien <br>Die beteiligten Personen k\u00f6nnen mit Ihrem Marktplatz interagieren. Erweitern Sie daher Ihre <br>Dokan-Aktivit\u00e4ten mit ihren Addons.<\/p>\n<\/div>\n\n\n\n<div style=\"height:27px\" aria-hidden=\"true\" class=\"wp-block-spacer\"><\/div>\n\n\n\n<div class=\"wp-block-columns is-layout-flex wp-container-core-columns-is-layout-28f84493 wp-block-columns-is-layout-flex\">\n<div class=\"wp-block-column is-layout-flow wp-block-column-is-layout-flow\">\n<div class=\"wp-block-group ticss-c372f98c has-border-color has-background-background-color has-background has-global-padding is-layout-constrained wp-container-core-group-is-layout-d62634c6 wp-block-group-is-layout-constrained\" style=\"border-color:#e9e9e9;border-width:1px;border-radius:10px;padding-top:2.5rem;padding-right:2.5rem;padding-bottom:2.5rem;padding-left:2.5rem\">\n<figure class=\"wp-block-image size-full\"><a href=\"https:\/\/dokan.co\/de\/wordpress\/dokan-mobile-app\/\"><img decoding=\"async\" src=\"https:\/\/staging.dokan.co\/app\/uploads\/2023\/06\/Frame-1000005569.png\" alt=\"\" class=\"wp-image-7810\" data-no-translation=\"\" data-no-auto-translation=\"\"\/><\/a><\/figure>\n\n\n\n<h3 class=\"wp-block-heading has-foreground-color has-text-color\" style=\"font-size:clamp(1.188rem, 1.188rem + ((1vw - 0.2rem) * 1.258), 1.88rem);font-style:normal;font-weight:500;line-height:1.4\">Dokan Mobile-App<\/h3>\n\n\n\n<p class=\"has-text-color has-medium-font-size\" style=\"color:#575d64\">Gestalten Sie das Einkaufserlebnis Ihrer Kunden so reibungslos wie m\u00f6glich. \u00dcber die benutzerfreundliche Oberfl\u00e4che k\u00f6nnen Ihre Kunden alles, was sie brauchen, direkt in der App entdecken. Kompatibel mit Android und iOS, erfassen und binden Sie ganz einfach alle Ihre Kunden.<\/p>\n\n\n\n<p class=\"has-text-color has-small-font-size\" style=\"color:#393939;margin-top:var(--wp--preset--spacing--40);margin-right:0;margin-bottom:0;margin-left:0\"><a href=\"https:\/\/dokan.co\/de\/wordpress\/dokan-mobile-app\/\" data-type=\"page\" data-id=\"472419\">Schauen Sie sich die App an \u2192<\/a><\/p>\n<\/div>\n<\/div>\n\n\n\n<div class=\"wp-block-column is-layout-flow wp-block-column-is-layout-flow\">\n<div class=\"wp-block-group ticss-c372f98c has-border-color has-background-background-color has-background has-global-padding is-layout-constrained wp-container-core-group-is-layout-d62634c6 wp-block-group-is-layout-constrained\" style=\"border-color:#e9e9e9;border-width:1px;border-radius:10px;padding-top:2.5rem;padding-right:2.5rem;padding-bottom:2.5rem;padding-left:2.5rem\">\n<figure class=\"wp-block-image size-full\"><a href=\"https:\/\/dokan.co\/de\/wordpress\/delivery-driver-app\/\"><img decoding=\"async\" src=\"https:\/\/staging.dokan.co\/app\/uploads\/2023\/06\/Frame-1000005570.png\" alt=\"\" class=\"wp-image-7834\" data-no-translation=\"\" data-no-auto-translation=\"\"\/><\/a><\/figure>\n\n\n\n<h3 class=\"wp-block-heading has-foreground-color has-text-color\" style=\"font-size:clamp(1.188rem, 1.188rem + ((1vw - 0.2rem) * 1.258), 1.88rem);font-style:normal;font-weight:500;line-height:1.4\">Dokan-Lieferfahrer-App<\/h3>\n\n\n\n<p class=\"has-text-color has-medium-font-size\" style=\"color:#575d64\">Die Effizienz der Auftragslieferung ist nur eine App entfernt. Laden Sie Ihre Fahrer ein, sich Ihrer Marken-App anzuschlie\u00dfen, die speziell f\u00fcr die synchronisierte Kommunikation zwischen Ihren Marktplatzverk\u00e4ufern und -kunden entwickelt wurde. Die Abwicklung von Lieferungen war noch nie so einfach.<\/p>\n\n\n\n<p class=\"has-text-color has-small-font-size\" style=\"color:#393939;margin-top:var(--wp--preset--spacing--40);margin-right:0;margin-bottom:0;margin-left:0\"><a href=\"https:\/\/dokan.co\/de\/wordpress\/delivery-driver-app\/\" data-type=\"page\" data-id=\"472467\">Schauen Sie sich die App an \u2192<\/a><\/p>\n<\/div>\n<\/div>\n<\/div>\n\n\n\n<div class=\"wp-block-columns is-layout-flex wp-container-core-columns-is-layout-28f84493 wp-block-columns-is-layout-flex\">\n<div class=\"wp-block-column is-layout-flow wp-block-column-is-layout-flow\">\n<div class=\"wp-block-group ticss-c372f98c has-border-color has-background-background-color has-background has-global-padding is-layout-constrained wp-container-core-group-is-layout-d62634c6 wp-block-group-is-layout-constrained\" style=\"border-color:#e9e9e9;border-width:1px;border-radius:10px;padding-top:2.5rem;padding-right:2.5rem;padding-bottom:2.5rem;padding-left:2.5rem\">\n<figure class=\"wp-block-image size-full\"><a href=\"https:\/\/dokan.co\/de\/wordpress\/otel-theme\/\"><img decoding=\"async\" src=\"https:\/\/staging.dokan.co\/app\/uploads\/2023\/06\/A-Detailed-Overview-of-the-Hotel-Marketplace-Theme.png\" alt=\"\" class=\"wp-image-7835\" data-no-translation=\"\" data-no-auto-translation=\"\"\/><\/a><\/figure>\n\n\n\n<h3 class=\"wp-block-heading has-foreground-color has-text-color\" style=\"font-size:clamp(1.188rem, 1.188rem + ((1vw - 0.2rem) * 1.258), 1.88rem);font-style:normal;font-weight:500;line-height:1.4\">Otel-Thema<\/h3>\n\n\n\n<p class=\"has-text-color has-medium-font-size\" style=\"color:#575d64\">Ein eleganter Look ist zum Greifen nah. Das Otel-Thema von Dokan garantiert einen Look, der die Besucher Ihres Hotelbuchungsmarktplatzes anlocken und fesseln soll. Es bietet alles, was Sie f\u00fcr Ihre Website ben\u00f6tigen, nicht nur den Stil, sondern auch die grundlegenden, benutzerfreundlichen Funktionen.<\/p>\n\n\n\n<p class=\"has-text-color has-small-font-size\" style=\"color:#393939;margin-top:var(--wp--preset--spacing--40);margin-right:0;margin-bottom:0;margin-left:0\"><a href=\"https:\/\/dokan.co\/de\/wordpress\/otel-theme\/\" data-type=\"page\" data-id=\"472472\">Schauen Sie sich die App an \u2192<\/a><\/p>\n<\/div>\n<\/div>\n\n\n\n<div class=\"wp-block-column is-layout-flow wp-block-column-is-layout-flow\">\n<div class=\"wp-block-group ticss-c372f98c has-border-color has-background-background-color has-background has-global-padding is-layout-constrained wp-container-core-group-is-layout-d62634c6 wp-block-group-is-layout-constrained\" style=\"border-color:#e9e9e9;border-width:1px;border-radius:10px;padding-top:2.5rem;padding-right:2.5rem;padding-bottom:2.5rem;padding-left:2.5rem\">\n<figure class=\"wp-block-image size-full is-resized\"><a href=\"https:\/\/dokan.co\/de\/wordpress\/dokani-theme\/\"><img decoding=\"async\" src=\"https:\/\/staging.dokan.co\/app\/uploads\/2023\/06\/Mask-group.png\" alt=\"\" class=\"wp-image-7832\" style=\"width:361px;height:259px\" data-no-translation=\"\" data-no-auto-translation=\"\"\/><\/a><\/figure>\n\n\n\n<h3 class=\"wp-block-heading has-foreground-color has-text-color\" style=\"font-size:clamp(1.188rem, 1.188rem + ((1vw - 0.2rem) * 1.258), 1.88rem);font-style:normal;font-weight:500;line-height:1.4\">Dokani-Thema<\/h3>\n\n\n\n<p class=\"has-text-color has-medium-font-size\" style=\"color:#575d64\">Dieses Theme wurde exklusiv f\u00fcr Dokan-Marktpl\u00e4tze entwickelt und behandelt alle anspruchsvollen und technischen Aspekte Ihres Website-Designs. Sie m\u00fcssen sich nur zur\u00fccklehnen und Ihrer Fantasie freien Lauf lassen, um die Benutzeroberfl\u00e4che Ihrer Website zu verbessern.<\/p>\n\n\n\n<p class=\"has-text-color has-small-font-size\" style=\"color:#393939;margin-top:var(--wp--preset--spacing--40);margin-right:0;margin-bottom:0;margin-left:0\"><a href=\"https:\/\/dokan.co\/de\/wordpress\/dokani-theme\/\" data-type=\"page\" data-id=\"9289\">Schauen Sie sich die App an \u2192<\/a><\/p>\n\n\n\n<div style=\"height:15px\" aria-hidden=\"true\" class=\"wp-block-spacer\"><\/div>\n<\/div>\n<\/div>\n<\/div>\n<\/div>\n\n\n\n<div class=\"wp-block-group alignfull has-background has-global-padding is-layout-constrained wp-container-core-group-is-layout-01742c58 wp-block-group-is-layout-constrained\" style=\"background-color:#f6f7fb;margin-top:0;padding-top:3.4rem;padding-bottom:var(--wp--preset--spacing--60)\">\n<div class=\"wp-block-group ticss-e6880699 has-background is-layout-flow wp-block-group-is-layout-flow\" style=\"border-radius:30px;background-color:#171717;padding-top:4.69rem;padding-right:var(--wp--preset--spacing--30);padding-bottom:4.69rem;padding-left:var(--wp--preset--spacing--30)\">\n<h2 class=\"wp-block-heading has-text-align-center dco-m-text-3xl dco-m-br-hidden has-base-color has-text-color\" style=\"font-size:clamp(1.805rem, 1.805rem + ((1vw - 0.2rem) * 2.409), 3.13rem);font-style:normal;font-weight:900;line-height:1.2\">Beginnen Sie mit <br>Dokan<\/h2>\n\n\n\n<p class=\"has-text-align-center dco-m-br-hidden has-base-color has-text-color\">Wir sind hier, um Ihnen die richtigen Werkzeuge zur Verf\u00fcgung zu stellen, aber Sie sind derjenige, der es tut <br>Sie m\u00fcssen an Ihre F\u00e4higkeiten glauben und anfangen.<\/p>\n\n\n\n<div class=\"wp-block-buttons is-content-justification-center is-layout-flex wp-container-core-buttons-is-layout-a89b3969 wp-block-buttons-is-layout-flex\">\n<div class=\"wp-block-button btn-bg-hover-transparent\"><a class=\"wp-block-button__link has-base-color has-dokan-background-color has-text-color has-background wp-element-button\" href=\"https:\/\/dokan.co\/de\/wordpress\/pricing\/\" style=\"border-radius:35px;padding-right:2.5rem;padding-left:2.5rem\">Loslegen<\/a><\/div>\n<\/div>\n<\/div>\n<\/div>","protected":false},"excerpt":{"rendered":"<p>About Us Empowering Entrepreneurs with Premier Multivendor Marketplace Solutions The place where your marketplace dreams begin. Our Story Being an entrepreneur ourselves, we struggled and tackled numerous difficulties of being a business person. We realized why many businesses with potential lose hope and give up. As such, we put our heart and soul into work [&hellip;]<\/p>\n","protected":false},"author":2,"featured_media":9264,"parent":0,"menu_order":0,"comment_status":"closed","ping_status":"closed","template":"page-dokan-wordpress","meta":{"footnotes":""},"class_list":["post-9256","page","type-page","status-publish","has-post-thumbnail","hentry"],"_links":{"self":[{"href":"https:\/\/dokan.co\/de\/wp-json\/wp\/v2\/pages\/9256","targetHints":{"allow":["GET"]}}],"collection":[{"href":"https:\/\/dokan.co\/de\/wp-json\/wp\/v2\/pages"}],"about":[{"href":"https:\/\/dokan.co\/de\/wp-json\/wp\/v2\/types\/page"}],"author":[{"embeddable":true,"href":"https:\/\/dokan.co\/de\/wp-json\/wp\/v2\/users\/2"}],"replies":[{"embeddable":true,"href":"https:\/\/dokan.co\/de\/wp-json\/wp\/v2\/comments?post=9256"}],"version-history":[{"count":14,"href":"https:\/\/dokan.co\/de\/wp-json\/wp\/v2\/pages\/9256\/revisions"}],"predecessor-version":[{"id":510069,"href":"https:\/\/dokan.co\/de\/wp-json\/wp\/v2\/pages\/9256\/revisions\/510069"}],"wp:featuredmedia":[{"embeddable":true,"href":"https:\/\/dokan.co\/de\/wp-json\/wp\/v2\/media\/9264"}],"wp:attachment":[{"href":"https:\/\/dokan.co\/de\/wp-json\/wp\/v2\/media?parent=9256"}],"curies":[{"name":"wp","href":"https:\/\/api.w.org\/{rel}","templated":true}]}}