{"id":9279,"date":"2023-06-20T11:39:55","date_gmt":"2023-06-20T05:39:55","guid":{"rendered":"https:\/\/dokan.co\/?page_id=9279"},"modified":"2025-05-05T18:23:22","modified_gmt":"2025-05-05T12:23:22","slug":"changelog","status":"publish","type":"page","link":"https:\/\/dokan.co\/de\/wordpress\/changelog\/","title":{"rendered":"\u00c4nderungsprotokoll"},"content":{"rendered":"<div class=\"wp-block-group alignfull has-global-padding is-layout-constrained wp-block-group-is-layout-constrained\">\n<div style=\"height:37px\" aria-hidden=\"true\" class=\"wp-block-spacer\"><\/div>\n\n\n\n<p class=\"has-text-align-center has-text-color has-medium-font-size\" style=\"color:#2409cb\">\u00c4nderungsprotokoll<\/p>\n\n\n\n<h1 class=\"wp-block-heading has-text-align-center dco-m-text-3xl\" style=\"margin-top:var(--wp--preset--spacing--30);margin-right:0;margin-bottom:0;margin-left:0;font-size:clamp(2.089rem, 2.089rem + ((1vw - 0.2rem) * 3.02), 3.75rem);font-style:normal;font-weight:800\">Was ist <mark style=\"background-color:rgba(0, 0, 0, 0);color:#ef5253\" class=\"has-inline-color\">Neu<\/mark><\/h1>\n\n\n\n<p class=\"has-text-align-center has-text-color has-medium-font-size\" style=\"color:#758598;margin-top:var(--wp--preset--spacing--30);margin-right:0;margin-bottom:0;margin-left:0\">Neue Versionen, Verbesserungen und Updates f\u00fcr Dokan<\/p>\n\n\n\n<div style=\"height:63px\" aria-hidden=\"true\" class=\"wp-block-spacer\"><\/div>\n<\/div>\n\n\n\n<div class=\"wp-block-group alignfull has-global-padding is-content-justification-center is-layout-constrained wp-container-core-group-is-layout-57b77c9f wp-block-group-is-layout-constrained\">\n<div class=\"wp-block-query alignwide dco-changelog-posts is-layout-flow wp-block-query-is-layout-flow\"><ul class=\"alignwide wp-block-post-template is-layout-flow wp-block-post-template-is-layout-flow\"><li class=\"wp-block-post post-511337 dco_changelog type-dco_changelog status-publish hentry dco_changelog_cats-wordpress\">\n\n<div class=\"wp-block-group has-global-padding is-layout-constrained wp-container-core-group-is-layout-fb69ee0b wp-block-group-is-layout-constrained\"><div class=\"wp-block-post-date\"><time datetime=\"2026-04-28T16:28:47+06:00\">28. April 2026<\/time><\/div>\n\n<div class=\"entry-content wp-block-post-content is-layout-flow wp-block-post-content-is-layout-flow\">\n<figure class=\"wp-block-image size-full\"><a href=\"https:\/\/dokan.co\/de\/wordpress\/changelog\/v5-0-0-april-28-2026\/\"><img loading=\"lazy\" decoding=\"async\" width=\"1622\" height=\"886\" src=\"https:\/\/dokan.co\/app\/uploads\/2026\/04\/Dokan-release-email-banner-pro-23-1.jpg\" alt=\"\" class=\"wp-image-511339\" srcset=\"https:\/\/dokan.co\/app\/uploads\/2026\/04\/Dokan-release-email-banner-pro-23-1.jpg 1622w, https:\/\/dokan.co\/app\/uploads\/2026\/04\/Dokan-release-email-banner-pro-23-1-300x164.jpg 300w, https:\/\/dokan.co\/app\/uploads\/2026\/04\/Dokan-release-email-banner-pro-23-1-1024x559.jpg 1024w, https:\/\/dokan.co\/app\/uploads\/2026\/04\/Dokan-release-email-banner-pro-23-1-768x420.jpg 768w, https:\/\/dokan.co\/app\/uploads\/2026\/04\/Dokan-release-email-banner-pro-23-1-1536x839.jpg 1536w, https:\/\/dokan.co\/app\/uploads\/2026\/04\/Dokan-release-email-banner-pro-23-1-18x10.jpg 18w\" sizes=\"auto, (max-width: 1622px) 100vw, 1622px\" data-no-translation=\"\" data-no-auto-translation=\"\" \/><\/a><\/figure>\n\n\n\n<ul class=\"wp-block-list\">\n<li>Neu: Mit dem Modul \u201eProduktformular-Anpassung\u201c k\u00f6nnen Administratoren die Felder, das Layout und die Struktur der Produktformulare der Anbieter direkt \u00fcber das Admin-Panel steuern.<\/li>\n\n\n\n<li>Neu: Das ShipStation-Lieferanten-Dashboard wurde mit einer React-basierten Benutzeroberfl\u00e4che neu gestaltet, um eine schnellere und zuverl\u00e4ssigere Verbindung zu Lieferanten zu erm\u00f6glichen.<\/li>\n\n\n\n<li>Neu: Die Admin-RFQ-Seiten (Angebotsanfragen) wurden mit einem neuen React-basierten Admin-Frontend implementiert, sodass die Verwaltung von Angebotsanfragen von der Admin-Seite aus schneller und intuitiver ist.<\/li>\n\n\n\n<li>Neu: Die Seite \u201eAdmin-Berichte\u201c wurde mit einem neuen React-Frontend implementiert, um ein schnelleres und \u00fcbersichtlicheres Berichtserlebnis zu erm\u00f6glichen.<\/li>\n\n\n\n<li>Neu: Unter \u201eAdmin-Berichte\u201c wurde ein brandneues Admin-Einnahmen-Panel eingef\u00fchrt, mit dem Administratoren die Marktplatzeinnahmen nach Art, Anbieter, Datumsbereich und Bestellnummer filtern und verfolgen k\u00f6nnen.<\/li>\n\n\n\n<li>Neu: Ein Support-Ticket-Modal auf iFrame-Basis wurde hinzugef\u00fcgt und mit der Pro-Support-Schaltfl\u00e4che integriert, sodass Benutzer Hilfe erhalten k\u00f6nnen, ohne das Dashboard zu verlassen.<\/li>\n\n\n\n<li>Neu: Die Tabellen der Buchungsseite im Anbieter-Dashboard (3 Tabellen) wurden auf React mit Plugin UI migriert, um eine schnellere und konsistentere Benutzererfahrung zu gew\u00e4hrleisten.<\/li>\n\n\n\n<li>Neu: Die Listentabellen der Auktionsseite (3 Tabellen im Admin- und Verk\u00e4ufer-Dashboard) wurden auf React mit Plugin UI migriert.<\/li>\n\n\n\n<li>Neu: Die Listentabelle der Seite \u201eBenutzerabonnements\u201c wurde auf React mit Plugin UI migriert.<\/li>\n\n\n\n<li>Neu: Die Listentabelle der Seite \u201eAngebotsanfrage (RFQ)\u201c wurde auf React mit Plugin UI migriert.<\/li>\n\n\n\n<li>Neu: Die Listentabellen der Gutscheinseite (2 Tabellen) wurden auf React mit Plugin UI migriert.<\/li>\n\n\n\n<li>Neu: Die Listentabelle der Berichtsseite \u2013 Kontoauszug \u2013 wurde auf React mit Plugin UI migriert.<\/li>\n\n\n\n<li>Neu: Die Listentabelle der Bewertungsseite wurde auf React mit Plugin UI migriert.<\/li>\n\n\n\n<li>Neu: Die Listentabelle der Verk\u00e4ufer-Badge-Seite wurde auf React mit Plugin UI migriert.<\/li>\n\n\n\n<li>Neu: Die Listentabelle der Produkt-FAQ-Seite wurde auf React mit Plugin UI migriert.<\/li>\n\n\n\n<li>Neu: Die Listentabelle der Seite f\u00fcr R\u00fccksendeanfragen (RMA) wurde auf React mit Plugin UI migriert.<\/li>\n\n\n\n<li>Neu: Die Listentabelle der Verk\u00e4ufermitarbeiterseite wurde auf React mit Plugin UI migriert.<\/li>\n\n\n\n<li>Neu: Die Listentabelle der Shop-Follower wurde auf React mit Plugin UI migriert.<\/li>\n\n\n\n<li>Neu: Die Listentabelle der Seite \u201eAnbieterabonnements\u201c wurde auf React mit Plugin UI migriert.<\/li>\n\n\n\n<li>Neu: Die Listentabelle der Shop-Statistikseite wurde auf React mit Plugin UI migriert.<\/li>\n\n\n\n<li>Neu: Die Listentabelle der Admin-Supportseite wurde auf React mit Plugin UI migriert.<\/li>\n\n\n\n<li>Neu: Die Listentabelle der Support-Ticket-Seite wurde auf React mit Plugin UI migriert.<\/li>\n\n\n\n<li>Neu: Die Listentabelle der Seite \u201eEinstellungen \u2013 Produkt-Add-ons\u201c wurde auf React with Plugin UI migriert.<\/li>\n\n\n\n<li>Neu: Die Listentabellen der Seite \u201eEinstellungen \u2013 Versand\u201c (2 Tabellen) wurden auf React mit Plugin UI migriert.<\/li>\n\n\n\n<li>Update: Die Dokan-Benutzeroberfl\u00e4che wurde auf Tailwind CSS v4 migriert, wobei ein konsolidiertes, gemeinsam genutztes Komponentenb\u00fcndel verwendet wird, um die Konsistenz und Leistung des Plugins zu verbessern.<\/li>\n\n\n\n<li>Aktualisierung: Die Benutzeroberfl\u00e4che des Anbieterank\u00fcndigungs-Panels wurde \u00fcberarbeitet und die URL des Modals \u201cAnzeigen\u201d korrigiert, damit Anbieter zum richtigen Ziel weitergeleitet werden.<\/li>\n\n\n\n<li>Update: Der Namespace und die Assets des Produkteditors wurden \u00fcberarbeitet, um eine bessere langfristige Wartbarkeit zu gew\u00e4hrleisten.<\/li>\n\n\n\n<li>Aktualisierung: Die URL des Backlinks zur Angebotsanfrage wurde aktualisiert und die Spaltenbreite der Add-ons-Tabelle f\u00fcr eine bessere Benutzerfreundlichkeit korrigiert.<\/li>\n\n\n\n<li>Aktualisierung: Die Abonnement-URL auf der Hinweisseite wurde aktualisiert und die Logik f\u00fcr doppelte Abonnementvorg\u00e4nge korrigiert, um unbeabsichtigtes Verhalten zu verhindern.<\/li>\n\n\n\n<li>Update: Im Bereich \u201eBerechtigungen verwalten\u201c wurden dedizierte Berechtigungsfunktionen hinzugef\u00fcgt, sodass Anbieter steuern k\u00f6nnen, ob Mitarbeiter unabh\u00e4ngig voneinander auf den Lieferzeitkalender und die Lieferzeiteinstellungen zugreifen k\u00f6nnen.<\/li>\n\n\n\n<li>Behoben: Der Konflikt zwischen dem Filterkontext der Administratoreinnahmen wurde behoben, sodass die Einnahmendaten nun korrekt gefiltert und angezeigt werden.<\/li>\n\n\n\n<li>Behoben: Das Problem mit der ShipStation-Lieferantenanbindung wurde durch das Hinzuf\u00fcgen von lieferantenbezogenen REST-Endpunkten f\u00fcr Diagnose, Inventar und Bestellungen behoben.<\/li>\n\n\n\n<li>Behoben: Probleme mit der L\u00f6schfunktion f\u00fcr Produktfragen und -antworten sowie der Anzeige von Modal-Modals wurden behoben, sodass H\u00e4ndler Fragen und Antworten fehlerfrei verwalten k\u00f6nnen.<\/li>\n\n\n\n<li>Behoben: Die Interaktionen zwischen Markenfilter, aktivem Men\u00fc \u201eShop-Statistiken\u201c und der Tabelle \u201eProdukt-FAQ\u201c wurden korrigiert, sodass alle drei wie erwartet funktionieren.<\/li>\n\n\n\n<li>Behoben: Inkonsistenzen in der Benutzeroberfl\u00e4che der Shop-Statistiken auf dem H\u00e4ndler-Dashboard wurden behoben, sodass die Oberfl\u00e4che in allen Bundesstaaten korrekt angezeigt wird.<\/li>\n\n\n\n<li>Behoben: Der Fehler, dass der Array-Schl\u00fcssel &#039;include-hidden-product&#039; in der Produktliste des Administrators nicht definiert war, wurde behoben, um PHP-Warnungen zu beseitigen.<\/li>\n\n\n\n<li>Behoben: Das fehlende Titelfeld wurde im Formular \u201eAngebotsanfrage\u201c hinzugef\u00fcgt, sodass Angebote mit einem aussagekr\u00e4ftigen Titel erstellt werden k\u00f6nnen.<\/li>\n\n\n\n<li>Behoben: Problem mit der Aktualisierung der Versandmethode bei Stripe Express f\u00fcr Apple Pay behoben, sodass der Bezahlvorgang korrekt abgeschlossen wird.<\/li>\n<\/ul>\n<\/div>\n\n\n<div style=\"height:100px\" aria-hidden=\"true\" class=\"wp-block-spacer\"><\/div>\n<\/div>\n\n<\/li><li class=\"wp-block-post post-510275 dco_changelog type-dco_changelog status-publish hentry dco_changelog_cats-wordpress\">\n\n<div class=\"wp-block-group has-global-padding is-layout-constrained wp-container-core-group-is-layout-fb69ee0b wp-block-group-is-layout-constrained\"><div class=\"wp-block-post-date\"><time datetime=\"2026-04-03T11:24:29+06:00\">3. April 2026<\/time><\/div>\n\n<div class=\"entry-content wp-block-post-content is-layout-flow wp-block-post-content-is-layout-flow\">\n<figure class=\"wp-block-image size-large\"><a href=\"https:\/\/dokan.co\/de\/wordpress\/changelog\/v4-3-3-april-03-2026\/\"><img loading=\"lazy\" decoding=\"async\" width=\"1024\" height=\"559\" src=\"https:\/\/dokan.co\/app\/uploads\/2026\/04\/Dokan-release-email-banner-pro-22-1024x559.jpg\" alt=\"\" class=\"wp-image-510276\" srcset=\"https:\/\/dokan.co\/app\/uploads\/2026\/04\/Dokan-release-email-banner-pro-22-1024x559.jpg 1024w, https:\/\/dokan.co\/app\/uploads\/2026\/04\/Dokan-release-email-banner-pro-22-300x164.jpg 300w, https:\/\/dokan.co\/app\/uploads\/2026\/04\/Dokan-release-email-banner-pro-22-768x420.jpg 768w, https:\/\/dokan.co\/app\/uploads\/2026\/04\/Dokan-release-email-banner-pro-22-1536x839.jpg 1536w, https:\/\/dokan.co\/app\/uploads\/2026\/04\/Dokan-release-email-banner-pro-22-18x10.jpg 18w, https:\/\/dokan.co\/app\/uploads\/2026\/04\/Dokan-release-email-banner-pro-22.jpg 1622w\" sizes=\"auto, (max-width: 1024px) 100vw, 1024px\" data-no-translation=\"\" data-no-auto-translation=\"\" \/><\/a><\/figure>\n\n\n\n<ul class=\"wp-block-list\">\n<li>Behoben: Ein Problem wurde behoben, bei dem Zahlungen von Stripe Express an Lieferanten in Bestellungen mit mehreren Lieferanten nicht f\u00fcr jede abgeschlossene Teilbestellung separat verarbeitet wurden. Zahlungen werden nun f\u00fcr jeden Lieferanten unabh\u00e4ngig abgewickelt.<\/li>\n<\/ul>\n\n\n\n<p><\/p>\n<\/div>\n\n\n<div style=\"height:100px\" aria-hidden=\"true\" class=\"wp-block-spacer\"><\/div>\n<\/div>\n\n<\/li><li class=\"wp-block-post post-510272 dco_changelog type-dco_changelog status-publish hentry dco_changelog_cats-wordpress\">\n\n<div class=\"wp-block-group has-global-padding is-layout-constrained wp-container-core-group-is-layout-fb69ee0b wp-block-group-is-layout-constrained\"><div class=\"wp-block-post-date\"><time datetime=\"2026-03-31T11:21:41+06:00\">31. M\u00e4rz 2026<\/time><\/div>\n\n<div class=\"entry-content wp-block-post-content is-layout-flow wp-block-post-content-is-layout-flow\">\n<figure class=\"wp-block-image size-large\"><a href=\"https:\/\/dokan.co\/de\/wordpress\/changelog\/v4-3-2-march-31-2026\/\"><img loading=\"lazy\" decoding=\"async\" width=\"1024\" height=\"559\" src=\"https:\/\/dokan.co\/app\/uploads\/2026\/04\/Dokan-release-email-banner-pro-21-1024x559.jpg\" alt=\"\" class=\"wp-image-510273\" srcset=\"https:\/\/dokan.co\/app\/uploads\/2026\/04\/Dokan-release-email-banner-pro-21-1024x559.jpg 1024w, https:\/\/dokan.co\/app\/uploads\/2026\/04\/Dokan-release-email-banner-pro-21-300x164.jpg 300w, https:\/\/dokan.co\/app\/uploads\/2026\/04\/Dokan-release-email-banner-pro-21-768x420.jpg 768w, https:\/\/dokan.co\/app\/uploads\/2026\/04\/Dokan-release-email-banner-pro-21-1536x839.jpg 1536w, https:\/\/dokan.co\/app\/uploads\/2026\/04\/Dokan-release-email-banner-pro-21-18x10.jpg 18w, https:\/\/dokan.co\/app\/uploads\/2026\/04\/Dokan-release-email-banner-pro-21.jpg 1622w\" sizes=\"auto, (max-width: 1024px) 100vw, 1024px\" data-no-translation=\"\" data-no-auto-translation=\"\" \/><\/a><\/figure>\n\n\n\n<ul class=\"wp-block-list\">\n<li>Update: Die Einstellungen f\u00fcr die Lieferzeiten der Anbieter und die verf\u00fcgbaren Lieferfenster wurden zur Store-API hinzugef\u00fcgt, sodass diese Informationen im Warenkorb und an der Kasse verwendet werden k\u00f6nnen.<\/li>\n\n\n\n<li>Update: Die REST-API f\u00fcr Shop-Bestellungen gibt nun bestellungsspezifische Lieferinformationen anstelle allgemeiner H\u00e4ndlereinstellungen zur\u00fcck.<\/li>\n\n\n\n<li>Update: Die mobile Ansicht der Seite zur manuellen Auftragserstellung im H\u00e4ndler-Dashboard wurde verbessert, sodass sie auf kleineren Bildschirmen einfacher zu bedienen ist.<\/li>\n\n\n\n<li>Update: Unterst\u00fctzung f\u00fcr die REST-API hinzugef\u00fcgt, damit H\u00e4ndler die Lieferzeitinformationen f\u00fcr Bestellungen aktualisieren k\u00f6nnen.<\/li>\n\n\n\n<li>Update: Die Navigation wurde verbessert, indem ein Weiterleitungslink von der Fehlermeldung zur Angebotseinschr\u00e4nkung zur Angebotsseite hinzugef\u00fcgt wurde.<\/li>\n\n\n\n<li>Update: Es wurden Hooks und Slots hinzugef\u00fcgt, um Entwicklern die Anpassung der Vorlage f\u00fcr die Abonnement-Paketliste des Anbieters zu erleichtern.<\/li>\n\n\n\n<li>Behoben: Es wurde ein Problem behoben, bei dem die Admin-Abonnementseite den falschen API-Endpunkt aufrief, wenn Anbieterabonnements in den Einstellungen deaktiviert waren.<\/li>\n\n\n\n<li>Behoben: Ein Problem wurde behoben, bei dem das Stripe Express-Onboarding-Land nicht aktualisiert wurde, wenn der H\u00e4ndler seinen Shop-Standort \u00e4nderte.<\/li>\n\n\n\n<li>Behoben: Der nicht \u00fcbersetzte Text auf der Seite \u201eBerichte\/Lagerbestand\u201c im Lieferanten-Dashboard wurde korrigiert, sodass nun alle Bezeichnungen korrekt angezeigt werden.<\/li>\n\n\n\n<li>Behoben: Standardisierung der Funktionsweise von unbegrenzten Werten in den Produkteinstellungen von Dokan Subscription, insbesondere f\u00fcr die G\u00fcltigkeitsdauer von Paketen.<\/li>\n\n\n\n<li>Behoben: Ein Problem wurde behoben, bei dem die \u00dcbersetzungen f\u00fcr das Men\u00fc \u201eShop-Support\u201c im H\u00e4ndler-Dashboard nicht korrekt geladen wurden.<\/li>\n<\/ul>\n<\/div>\n\n\n<div style=\"height:100px\" aria-hidden=\"true\" class=\"wp-block-spacer\"><\/div>\n<\/div>\n\n<\/li><li class=\"wp-block-post post-509040 dco_changelog type-dco_changelog status-publish hentry dco_changelog_cats-wordpress\">\n\n<div class=\"wp-block-group has-global-padding is-layout-constrained wp-container-core-group-is-layout-fb69ee0b wp-block-group-is-layout-constrained\"><div class=\"wp-block-post-date\"><time datetime=\"2026-03-06T10:54:32+06:00\">6. M\u00e4rz 2026<\/time><\/div>\n\n<div class=\"entry-content wp-block-post-content is-layout-flow wp-block-post-content-is-layout-flow\">\n<figure class=\"wp-block-image size-large\"><a href=\"https:\/\/dokan.co\/de\/wordpress\/changelog\/v4-3-1-march-6-2026\/\"><img loading=\"lazy\" decoding=\"async\" width=\"1024\" height=\"559\" src=\"https:\/\/dokan.co\/app\/uploads\/2026\/03\/Dokan-release-email-banner-pro-21-1-1024x559.jpg\" alt=\"\" class=\"wp-image-509041\" srcset=\"https:\/\/dokan.co\/app\/uploads\/2026\/03\/Dokan-release-email-banner-pro-21-1-1024x559.jpg 1024w, https:\/\/dokan.co\/app\/uploads\/2026\/03\/Dokan-release-email-banner-pro-21-1-300x164.jpg 300w, https:\/\/dokan.co\/app\/uploads\/2026\/03\/Dokan-release-email-banner-pro-21-1-768x420.jpg 768w, https:\/\/dokan.co\/app\/uploads\/2026\/03\/Dokan-release-email-banner-pro-21-1-1536x839.jpg 1536w, https:\/\/dokan.co\/app\/uploads\/2026\/03\/Dokan-release-email-banner-pro-21-1-18x10.jpg 18w, https:\/\/dokan.co\/app\/uploads\/2026\/03\/Dokan-release-email-banner-pro-21-1.jpg 1622w\" sizes=\"auto, (max-width: 1024px) 100vw, 1024px\" data-no-translation=\"\" data-no-auto-translation=\"\" \/><\/a><\/figure>\n\n\n\n<ul class=\"wp-block-list\">\n<li>Update: Fehlerhafte Produktanzahlen und Probleme mit Abonnementlimits beim CSV-Import wurden behoben, sodass Produkte korrekt importiert werden, ohne die Abonnementlimits der Anbieter zu beeintr\u00e4chtigen.<\/li>\n\n\n\n<li>Update: Die Auszahlungsabwicklung von Stripe Express wurde verbessert, sodass Zahlungen f\u00fcr Teilbestellungen verz\u00f6gert und separat verarbeitet werden, sobald jede einzelne Teilbestellung abgeschlossen ist. Dadurch erhalten H\u00e4ndler ihre Zahlungen unabh\u00e4ngig voneinander.<\/li>\n\n\n\n<li>Update: Das Razorpay SDK wurde aktualisiert, um Abh\u00e4ngigkeitskonflikte zu beheben und die Kompatibilit\u00e4t zu verbessern.<\/li>\n\n\n\n<li>Behoben: Verbesserte Eingabebereinigung und Ausgabefilterung zur Erh\u00f6hung der Sicherheit und Vermeidung potenzieller Sicherheitsl\u00fccken.<\/li>\n\n\n\n<li>Behoben: Das Produkt-Dropdown-Men\u00fc im Werbe-Modal wurde korrigiert, sodass nun die Produkte des jeweiligen Anbieters korrekt geladen werden.<\/li>\n\n\n\n<li>Behoben: Die Anzeige der prozentualen Rabatte f\u00fcr vom Anbieter erstellte Gutscheine wurde korrigiert. Sie werden nun als Prozentwerte und nicht als feste Betr\u00e4ge angezeigt.<\/li>\n\n\n\n<li>Behoben: Ein Problem wurde behoben, bei dem das Dokan PayPal Marketplace-Zahlungsgateway w\u00e4hrend des Bezahlvorgangs f\u00fcr Produktanzeigen nicht angezeigt wurde.<\/li>\n<\/ul>\n<\/div>\n\n\n<div style=\"height:100px\" aria-hidden=\"true\" class=\"wp-block-spacer\"><\/div>\n<\/div>\n\n<\/li><li class=\"wp-block-post post-508678 dco_changelog type-dco_changelog status-publish hentry dco_changelog_cats-wordpress\">\n\n<div class=\"wp-block-group has-global-padding is-layout-constrained wp-container-core-group-is-layout-fb69ee0b wp-block-group-is-layout-constrained\"><div class=\"wp-block-post-date\"><time datetime=\"2026-02-25T15:33:48+06:00\">25. Februar 2026<\/time><\/div>\n\n<div class=\"entry-content wp-block-post-content is-layout-flow wp-block-post-content-is-layout-flow\">\n<figure class=\"wp-block-image size-large\"><a href=\"https:\/\/dokan.co\/de\/wordpress\/changelog\/v4-3-0-february-25-2026\/\"><img loading=\"lazy\" decoding=\"async\" width=\"1024\" height=\"559\" src=\"https:\/\/dokan.co\/app\/uploads\/2026\/02\/Dokan-release-email-banner-pro-20-1-1024x559.jpg\" alt=\"\" class=\"wp-image-508679\" srcset=\"https:\/\/dokan.co\/app\/uploads\/2026\/02\/Dokan-release-email-banner-pro-20-1-1024x559.jpg 1024w, https:\/\/dokan.co\/app\/uploads\/2026\/02\/Dokan-release-email-banner-pro-20-1-300x164.jpg 300w, https:\/\/dokan.co\/app\/uploads\/2026\/02\/Dokan-release-email-banner-pro-20-1-768x420.jpg 768w, https:\/\/dokan.co\/app\/uploads\/2026\/02\/Dokan-release-email-banner-pro-20-1-1536x839.jpg 1536w, https:\/\/dokan.co\/app\/uploads\/2026\/02\/Dokan-release-email-banner-pro-20-1-18x10.jpg 18w, https:\/\/dokan.co\/app\/uploads\/2026\/02\/Dokan-release-email-banner-pro-20-1.jpg 1622w\" sizes=\"auto, (max-width: 1024px) 100vw, 1024px\" data-no-translation=\"\" data-no-auto-translation=\"\" \/><\/a><\/figure>\n\n\n\n<ul class=\"wp-block-list\">\n<li>Neu: Unterst\u00fctzung f\u00fcr WooCommerce Block Checkout mit Stripe Express-Zahlungen hinzugef\u00fcgt, sodass Kunden auf der blockbasierten Checkout-Seite mit Stripe Express bezahlen k\u00f6nnen.<\/li>\n\n\n\n<li>Neu: Einf\u00fchrung eines einheitlichen Zahlungstokensystems f\u00fcr verschiedene Checkout-Modi und Aktivierung der Unterst\u00fctzung f\u00fcr mehrere gespeicherte Karten, die \u00fcber das Stripe Express-Dashboard verwaltet werden k\u00f6nnen.<\/li>\n\n\n\n<li>Update: Der Dokan CAPTCHA-Dienst wurde \u00fcberarbeitet und die CAPTCHA-Unterst\u00fctzung wurde f\u00fcr eine bessere Sicherheit in das Anmelde-Popup des Shop-Supports integriert.<\/li>\n\n\n\n<li>Update: Die Einstellungen des Stripe Express-Gateways wurden verbessert, indem die Modi Live, Test und Sandbox klar voneinander getrennt wurden, um Verwirrung zu vermeiden.<\/li>\n\n\n\n<li>Update: Die Abwicklung von Abonnements und wiederkehrenden Zahlungen w\u00e4hrend des Bezahlvorgangs wurde verbessert, um den Prozess reibungsloser und zuverl\u00e4ssiger zu gestalten.<\/li>\n\n\n\n<li>Behoben: Ein Problem wurde behoben, bei dem eine Fehlermeldung bez\u00fcglich eines falschen Coupons angezeigt wurde, wenn ein H\u00e4ndler-Coupon zusammen mit Administratorprodukten verwendet wurde.<\/li>\n\n\n\n<li>Behoben: Sichergestellt, dass Benutzerabonnements ordnungsgem\u00e4\u00df erneuert werden, wenn Dokan aktiv ist.<\/li>\n\n\n\n<li>Behoben: Ein Problem mit nicht \u00fcbereinstimmenden Webhook-Zeitstempeltypen in Stripe Express, das zu Verarbeitungsfehlern f\u00fchren konnte, wurde behoben.<\/li>\n\n\n\n<li>Behoben: Es wurde sichergestellt, dass die jQuery BlockUI- und TipTip-Skripte korrekt geladen werden, sodass die zugeh\u00f6rigen Funktionen wie erwartet funktionieren.<\/li>\n\n\n\n<li>Behoben: Die Stripe Express-Verbindungspr\u00fcfung wurde aktualisiert und erfordert nun, dass sowohl Geb\u00fchren als auch Auszahlungen aktiviert sind, bevor eine erfolgreiche Verbindung best\u00e4tigt werden kann.<\/li>\n<\/ul>\n<\/div>\n\n\n<div style=\"height:100px\" aria-hidden=\"true\" class=\"wp-block-spacer\"><\/div>\n<\/div>\n\n<\/li><\/ul>\n\n<nav class=\"alignwide wp-block-query-pagination is-content-justification-left is-layout-flex wp-container-core-query-pagination-is-layout-fc4fd283 wp-block-query-pagination-is-layout-flex\" aria-label=\"Seitennummerierung\">\n\n\n<div class=\"wp-block-query-pagination-numbers\"><span aria-current=\"page\" class=\"page-numbers current\">1<\/span>\n<a class=\"page-numbers\" href=\"?query-25-page=2\">2<\/a>\n<a class=\"page-numbers\" href=\"?query-25-page=3\">3<\/a>\n<span class=\"page-numbers dots\">\u2026<\/span>\n<a class=\"page-numbers\" href=\"?query-25-page=14\">14<\/a><\/div>\n\n<a href=\"\/de\/wp-json\/wp\/v2\/pages\/9279?query-25-page=2\" class=\"wp-block-query-pagination-next has-small-font-size\">N\u00e4chste Seite<span class='wp-block-query-pagination-next-arrow is-arrow-arrow' aria-hidden='true'>\u2192<\/span><\/a>\n<\/nav><\/div>\n<\/div>\n\n\n\n<div style=\"height:91px\" aria-hidden=\"true\" class=\"wp-block-spacer\"><\/div>","protected":false},"excerpt":{"rendered":"<p>Changelog Was ist neu Neue Versionen, Verbesserungen und Updates f\u00fcr Dokan<\/p>","protected":false},"author":2,"featured_media":0,"parent":472416,"menu_order":0,"comment_status":"closed","ping_status":"closed","template":"page-dokan-wordpress","meta":{"footnotes":""},"class_list":["post-9279","page","type-page","status-publish","hentry"],"_links":{"self":[{"href":"https:\/\/dokan.co\/de\/wp-json\/wp\/v2\/pages\/9279","targetHints":{"allow":["GET"]}}],"collection":[{"href":"https:\/\/dokan.co\/de\/wp-json\/wp\/v2\/pages"}],"about":[{"href":"https:\/\/dokan.co\/de\/wp-json\/wp\/v2\/types\/page"}],"author":[{"embeddable":true,"href":"https:\/\/dokan.co\/de\/wp-json\/wp\/v2\/users\/2"}],"replies":[{"embeddable":true,"href":"https:\/\/dokan.co\/de\/wp-json\/wp\/v2\/comments?post=9279"}],"version-history":[{"count":4,"href":"https:\/\/dokan.co\/de\/wp-json\/wp\/v2\/pages\/9279\/revisions"}],"predecessor-version":[{"id":498803,"href":"https:\/\/dokan.co\/de\/wp-json\/wp\/v2\/pages\/9279\/revisions\/498803"}],"up":[{"embeddable":true,"href":"https:\/\/dokan.co\/de\/wp-json\/wp\/v2\/pages\/472416"}],"wp:attachment":[{"href":"https:\/\/dokan.co\/de\/wp-json\/wp\/v2\/media?parent=9279"}],"curies":[{"name":"wp","href":"https:\/\/api.w.org\/{rel}","templated":true}]}}