{"id":9292,"date":"2023-06-12T13:36:08","date_gmt":"2023-06-12T07:36:08","guid":{"rendered":"https:\/\/dokan.co\/?page_id=9292"},"modified":"2024-11-15T14:22:45","modified_gmt":"2024-11-15T08:22:45","slug":"download","status":"publish","type":"page","link":"https:\/\/dokan.co\/de\/wordpress\/download\/","title":{"rendered":"Herunterladen"},"content":{"rendered":"<div class=\"wp-block-group alignfull ticss-dd37c8d4 has-global-padding is-layout-constrained wp-container-core-group-is-layout-784e502a wp-block-group-is-layout-constrained\">\n<div class=\"wp-block-cover aligncenter is-light dco-wp-block-cover\" style=\"min-height:499px;aspect-ratio:unset;\"><span aria-hidden=\"true\" class=\"wp-block-cover__background has-background-dim-0 has-background-dim\"><\/span><img loading=\"lazy\" decoding=\"async\" width=\"1025\" height=\"300\" class=\"wp-block-cover__image-background wp-image-473338\" alt=\"\" src=\"https:\/\/dokan.co\/app\/uploads\/2023\/07\/download-bg.png\" data-object-fit=\"cover\" srcset=\"https:\/\/dokan.co\/app\/uploads\/2023\/07\/download-bg.png 1025w, https:\/\/dokan.co\/app\/uploads\/2023\/07\/download-bg-300x88.png 300w, https:\/\/dokan.co\/app\/uploads\/2023\/07\/download-bg-768x225.png 768w, https:\/\/dokan.co\/app\/uploads\/2023\/07\/download-bg-18x5.png 18w\" sizes=\"auto, (max-width: 1025px) 100vw, 1025px\" \/><div class=\"wp-block-cover__inner-container is-layout-flow wp-block-cover-is-layout-flow\">\n<div class=\"wp-block-group dco-ptm-0 dco-prm-0 dco-pbm-0 dco-plm-0 is-layout-flow wp-block-group-is-layout-flow\" style=\"padding-top:100px;padding-right:100px;padding-bottom:100px;padding-left:100px\">\n<div class=\"wp-block-group dco-m-flex-col dco-shadow-sm dco-ptm-20 dco-prm-20 dco-pbm-20 dco-plm-20 ticss-7a73a44c has-background-background-color has-background is-nowrap is-layout-flex wp-container-core-group-is-layout-ef2d84cc wp-block-group-is-layout-flex\" style=\"border-radius:5px;padding-top:30px;padding-right:30px;padding-bottom:30px;padding-left:30px\">\n<div class=\"wp-block-group is-layout-flow wp-block-group-is-layout-flow\">\n<figure class=\"wp-block-image size-full\"><img loading=\"lazy\" decoding=\"async\" width=\"223\" height=\"187\" src=\"https:\/\/dokan.co\/app\/uploads\/2024\/08\/Downloading-Banner.jpg\" alt=\"\" class=\"wp-image-488623\" srcset=\"https:\/\/dokan.co\/app\/uploads\/2024\/08\/Downloading-Banner.jpg 223w, https:\/\/dokan.co\/app\/uploads\/2024\/08\/Downloading-Banner-14x12.jpg 14w\" sizes=\"auto, (max-width: 223px) 100vw, 223px\" data-no-translation=\"\" data-no-auto-translation=\"\" \/><\/figure>\n<\/div>\n\n\n\n<div class=\"wp-block-group is-layout-flow wp-block-group-is-layout-flow\">\n<h1 class=\"wp-block-heading dco-m-text-3xl has-text-color\" style=\"color:#2e2e2e;font-size:clamp(1.378rem, 1.378rem + ((1vw - 0.2rem) * 1.585), 2.25rem);font-style:normal;font-weight:900\">Wird heruntergeladen\u2026<\/h1>\n\n\n\n<h3 class=\"wp-block-heading dco-mt-8 has-text-color\" style=\"color:#73787c;font-size:clamp(0.984rem, 0.984rem + ((1vw - 0.2rem) * 0.938), 1.5rem);font-style:normal;font-weight:900\"><mark style=\"background-color:rgba(0, 0, 0, 0);color:#f2624d\" class=\"has-inline-color\">Dokan<\/mark> Multivendor-Marktplatz<\/h3>\n\n\n\n<p class=\"has-small-font-size\">Danke f\u00fcr das Herunterladen. M\u00f6chten Sie uns danken? Verbreiten Sie die Welt.<\/p>\n\n\n\n<ul class=\"wp-block-social-links has-small-icon-size is-layout-flex wp-container-core-social-links-is-layout-9ec3b7da wp-block-social-links-is-layout-flex\"><li class=\"wp-social-link wp-social-link-facebook  wp-block-social-link\"><a href=\"https:\/\/www.facebook.com\/DokanMultivendor\/\" class=\"wp-block-social-link-anchor\" target=\"_blank\" rel=\"noopener\"><svg width=\"24\" height=\"24\" viewbox=\"0 0 24 24\" version=\"1.1\" xmlns=\"http:\/\/www.w3.org\/2000\/svg\" aria-hidden=\"true\" focusable=\"false\"><path d=\"M12 2C6.5 2 2 6.5 2 12c0 5 3.7 9.1 8.4 9.9v-7H7.9V12h2.5V9.8c0-2.5 1.5-3.9 3.8-3.9 1.1 0 2.2.2 2.2.2v2.5h-1.3c-1.2 0-1.6.8-1.6 1.6V12h2.8l-.4 2.9h-2.3v7C18.3 21.1 22 17 22 12c0-5.5-4.5-10-10-10z\"><\/path><\/svg><span class=\"wp-block-social-link-label screen-reader-text\">Facebook<\/span><\/a><\/li>\n\n<li class=\"wp-social-link wp-social-link-twitter  wp-block-social-link\"><a href=\"https:\/\/twitter.com\/DokanTweets\" class=\"wp-block-social-link-anchor\" target=\"_blank\" rel=\"noopener\"><svg width=\"24\" height=\"24\" viewbox=\"0 0 24 24\" version=\"1.1\" xmlns=\"http:\/\/www.w3.org\/2000\/svg\" aria-hidden=\"true\" focusable=\"false\"><path d=\"M22.23,5.924c-0.736,0.326-1.527,0.547-2.357,0.646c0.847-0.508,1.498-1.312,1.804-2.27 c-0.793,0.47-1.671,0.812-2.606,0.996C18.324,4.498,17.257,4,16.077,4c-2.266,0-4.103,1.837-4.103,4.103 c0,0.322,0.036,0.635,0.106,0.935C8.67,8.867,5.647,7.234,3.623,4.751C3.27,5.357,3.067,6.062,3.067,6.814 c0,1.424,0.724,2.679,1.825,3.415c-0.673-0.021-1.305-0.206-1.859-0.513c0,0.017,0,0.034,0,0.052c0,1.988,1.414,3.647,3.292,4.023 c-0.344,0.094-0.707,0.144-1.081,0.144c-0.264,0-0.521-0.026-0.772-0.074c0.522,1.63,2.038,2.816,3.833,2.85 c-1.404,1.1-3.174,1.756-5.096,1.756c-0.331,0-0.658-0.019-0.979-0.057c1.816,1.164,3.973,1.843,6.29,1.843 c7.547,0,11.675-6.252,11.675-11.675c0-0.178-0.004-0.355-0.012-0.531C20.985,7.47,21.68,6.747,22.23,5.924z\"><\/path><\/svg><span class=\"wp-block-social-link-label screen-reader-text\">Twitter<\/span><\/a><\/li>\n\n<li class=\"wp-social-link wp-social-link-youtube  wp-block-social-link\"><a href=\"https:\/\/www.youtube.com\/watch?v=icgJdUBrc8k&#038;list=PLJorZsV2RVv_xOhw2_zLE6xQkdfN-KLyG\" class=\"wp-block-social-link-anchor\" target=\"_blank\" rel=\"noopener\"><svg width=\"24\" height=\"24\" viewbox=\"0 0 24 24\" version=\"1.1\" xmlns=\"http:\/\/www.w3.org\/2000\/svg\" aria-hidden=\"true\" focusable=\"false\"><path d=\"M21.8,8.001c0,0-0.195-1.378-0.795-1.985c-0.76-0.797-1.613-0.801-2.004-0.847c-2.799-0.202-6.997-0.202-6.997-0.202 h-0.009c0,0-4.198,0-6.997,0.202C4.608,5.216,3.756,5.22,2.995,6.016C2.395,6.623,2.2,8.001,2.2,8.001S2,9.62,2,11.238v1.517 c0,1.618,0.2,3.237,0.2,3.237s0.195,1.378,0.795,1.985c0.761,0.797,1.76,0.771,2.205,0.855c1.6,0.153,6.8,0.201,6.8,0.201 s4.203-0.006,7.001-0.209c0.391-0.047,1.243-0.051,2.004-0.847c0.6-0.607,0.795-1.985,0.795-1.985s0.2-1.618,0.2-3.237v-1.517 C22,9.62,21.8,8.001,21.8,8.001z M9.935,14.594l-0.001-5.62l5.404,2.82L9.935,14.594z\"><\/path><\/svg><span class=\"wp-block-social-link-label screen-reader-text\">Youtube<\/span><\/a><\/li><\/ul>\n<\/div>\n<\/div>\n<\/div>\n<\/div><\/div>\n<\/div>\n\n\n\n<div class=\"wp-block-group alignfull ticss-2c93115d has-global-padding is-layout-constrained wp-container-core-group-is-layout-784e502a wp-block-group-is-layout-constrained\">\n<p class=\"has-text-align-center auto-download-btn has-text-color\" style=\"color:#555555;font-size:clamp(0.984rem, 0.984rem + ((1vw - 0.2rem) * 0.938), 1.5rem);\">Wenn nicht, sollte Ihr Download automatisch starten <a href=\"https:\/\/downloads.wordpress.org\/plugin\/dokan-lite.latest-stable.zip\" target=\"_blank\" rel=\"noreferrer noopener nofollow\"><mark style=\"background-color:rgba(0, 0, 0, 0);color:#f2624d\" class=\"has-inline-color\"><strong>Klicken Sie hier.<\/strong><\/mark><\/a><\/p>\n\n\n\n<div style=\"height:10px\" aria-hidden=\"true\" class=\"wp-block-spacer\"><\/div>\n\n\n\n<div class=\"wp-block-buttons is-content-justification-center is-layout-flex wp-container-core-buttons-is-layout-a89b3969 wp-block-buttons-is-layout-flex\">\n<div class=\"wp-block-button has-custom-font-size is-style-outline has-small-font-size is-style-outline--1\"><a class=\"wp-block-button__link has-foreground-color has-background-background-color has-text-color has-background wp-element-button\" href=\"https:\/\/dokan.co\/docs\/wordpress\/\" style=\"border-radius:5px;padding-top:17px;padding-right:30px;padding-bottom:17px;padding-left:30px\">Schauen Sie sich unsere detaillierte Dokumentation an<\/a><\/div>\n\n\n\n<div class=\"wp-block-button has-custom-font-size btn-border-color-hover-dokan-cloud btn-color-hover-dokan-cloud has-small-font-size\"><a class=\"wp-block-button__link has-base-color has-text-color wp-element-button\" href=\"https:\/\/dokan.co\/de\/wordpress\/compare\/\" style=\"padding-top:17px;padding-right:30px;padding-bottom:17px;padding-left:30px\">Vergleichen Sie Dokan mit anderen L\u00f6sungen<\/a><\/div>\n<\/div>\n\n\n\n<div style=\"height:29px\" aria-hidden=\"true\" class=\"wp-block-spacer\"><\/div>\n\n\n\n<p class=\"has-text-align-center\" style=\"font-size:clamp(0.875rem, 0.875rem + ((1vw - 0.2rem) * 0.682), 1.25rem);\">So installieren Sie Dokan auf Ihrer WordPress-Site<\/p>\n\n\n\n<p class=\"has-text-align-center has-text-color\" style=\"color:#2e2e2e;font-size:clamp(1.378rem, 1.378rem + ((1vw - 0.2rem) * 1.585), 2.25rem);font-style:normal;font-weight:900;line-height:1.2\">Befolgen Sie diese 3 einfachen Schritte<\/p>\n\n\n\n<div style=\"height:40px\" aria-hidden=\"true\" class=\"wp-block-spacer\"><\/div>\n\n\n\n<div class=\"wp-block-columns is-layout-flex wp-container-core-columns-is-layout-ba408b24 wp-block-columns-is-layout-flex\">\n<div class=\"wp-block-column is-layout-flow wp-block-column-is-layout-flow\">\n<div class=\"wp-block-group is-layout-flow wp-block-group-is-layout-flow\">\n<div class=\"wp-block-group is-nowrap is-layout-flex wp-container-core-group-is-layout-6c531013 wp-block-group-is-layout-flex\">\n<div class=\"wp-block-buttons is-layout-flex wp-block-buttons-is-layout-flex\">\n<div class=\"wp-block-button has-custom-font-size has-small-font-size\"><a class=\"wp-block-button__link has-background wp-element-button\" style=\"border-radius:50%;background:linear-gradient(135deg,rgb(126,213,0) 0%,rgb(0,191,141) 100%);padding-top:8px;padding-right:16px;padding-bottom:8px;padding-left:16px\">1<\/a><\/div>\n<\/div>\n\n\n\n<p>Laden Sie das Dokan-Plugin herunter<\/p>\n<\/div>\n\n\n\n<div style=\"height:2px\" aria-hidden=\"true\" class=\"wp-block-spacer\"><\/div>\n\n\n\n<figure class=\"wp-block-image size-full ticss-f3eef0f1\"><img loading=\"lazy\" decoding=\"async\" width=\"769\" height=\"461\" src=\"https:\/\/dokan.co\/app\/uploads\/2024\/11\/Group-1000007369.png\" alt=\"\" class=\"wp-image-493456\" srcset=\"https:\/\/dokan.co\/app\/uploads\/2024\/11\/Group-1000007369.png 769w, https:\/\/dokan.co\/app\/uploads\/2024\/11\/Group-1000007369-300x180.png 300w, https:\/\/dokan.co\/app\/uploads\/2024\/11\/Group-1000007369-18x12.png 18w\" sizes=\"auto, (max-width: 769px) 100vw, 769px\" data-no-translation=\"\" data-no-auto-translation=\"\" \/><\/figure>\n\n\n\n<div style=\"height:1px\" aria-hidden=\"true\" class=\"wp-block-spacer\"><\/div>\n\n\n\n<p class=\"has-small-font-size\">Wenn Sie bereits auf den Download-Button geklickt haben, startet dieser automatisch, ansonsten <a href=\"https:\/\/downloads.wordpress.org\/plugin\/dokan-lite.zip\" target=\"_blank\" rel=\"noopener\"><mark style=\"background-color:rgba(0, 0, 0, 0);color:#279ff1\" class=\"has-inline-color\">klicken Sie hier<\/mark><\/a><\/p>\n<\/div>\n<\/div>\n\n\n\n<div class=\"wp-block-column is-layout-flow wp-block-column-is-layout-flow\">\n<div class=\"wp-block-group is-layout-flow wp-block-group-is-layout-flow\">\n<div class=\"wp-block-group is-nowrap is-layout-flex wp-container-core-group-is-layout-6c531013 wp-block-group-is-layout-flex\">\n<div class=\"wp-block-buttons is-layout-flex wp-block-buttons-is-layout-flex\">\n<div class=\"wp-block-button has-custom-font-size has-small-font-size\"><a class=\"wp-block-button__link has-background wp-element-button\" style=\"border-radius:50%;background:linear-gradient(135deg,rgb(255,173,111) 0%,rgb(255,125,144) 100%);padding-top:8px;padding-right:16px;padding-bottom:8px;padding-left:16px\">2<\/a><\/div>\n<\/div>\n\n\n\n<p>Melden Sie sich auf Ihrer Website an (wp-admin) und installieren Sie Dokan<\/p>\n<\/div>\n\n\n\n<div style=\"height:2px\" aria-hidden=\"true\" class=\"wp-block-spacer\"><\/div>\n\n\n\n<figure class=\"wp-block-image size-large ticss-f3eef0f1\"><img loading=\"lazy\" decoding=\"async\" width=\"1024\" height=\"576\" src=\"https:\/\/dokan.co\/app\/uploads\/2023\/06\/dokan-by-uploading-gif-1024x576.gif\" alt=\"\" class=\"wp-image-9615\" srcset=\"https:\/\/dokan.co\/app\/uploads\/2023\/06\/dokan-by-uploading-gif-1024x576.gif 1024w, https:\/\/dokan.co\/app\/uploads\/2023\/06\/dokan-by-uploading-gif-300x169.gif 300w, https:\/\/dokan.co\/app\/uploads\/2023\/06\/dokan-by-uploading-gif-768x432.gif 768w, https:\/\/dokan.co\/app\/uploads\/2023\/06\/dokan-by-uploading-gif-18x10.gif 18w\" sizes=\"auto, (max-width: 1024px) 100vw, 1024px\" data-no-translation=\"\" data-no-auto-translation=\"\" \/><\/figure>\n\n\n\n<div style=\"height:1px\" aria-hidden=\"true\" class=\"wp-block-spacer\"><\/div>\n\n\n\n<p class=\"has-small-font-size\">Navigieren Sie zu \u2013 WordPress Admin Dashboard \u2192 Plugins \u2192 Neu hinzuf\u00fcgen. Klicken Sie einfach auf den Upload-Button und w\u00e4hlen Sie die heruntergeladene ZIP-Datei aus. Klicken Sie auf Hochladen, installieren und aktivieren<\/p>\n<\/div>\n<\/div>\n\n\n\n<div class=\"wp-block-column is-layout-flow wp-block-column-is-layout-flow\">\n<div class=\"wp-block-group is-layout-flow wp-block-group-is-layout-flow\">\n<div class=\"wp-block-group is-nowrap is-layout-flex wp-container-core-group-is-layout-6c531013 wp-block-group-is-layout-flex\">\n<div class=\"wp-block-buttons is-layout-flex wp-block-buttons-is-layout-flex\">\n<div class=\"wp-block-button has-custom-font-size has-small-font-size\"><a class=\"wp-block-button__link has-background wp-element-button\" style=\"border-radius:50%;background:linear-gradient(135deg,rgb(249,118,157) 0%,rgb(187,109,247) 100%);padding-top:8px;padding-right:16px;padding-bottom:8px;padding-left:16px\">3<\/a><\/div>\n<\/div>\n\n\n\n<p>Befolgen Sie die Anleitung \u201eErste Schritte\u201c.<\/p>\n<\/div>\n\n\n\n<div style=\"height:2px\" aria-hidden=\"true\" class=\"wp-block-spacer\"><\/div>\n\n\n\n<figure class=\"wp-block-image size-full ticss-f3eef0f1\"><img loading=\"lazy\" decoding=\"async\" width=\"1140\" height=\"699\" src=\"https:\/\/dokan.co\/app\/uploads\/2024\/11\/Group-1000007370.png\" alt=\"\" class=\"wp-image-493457\" srcset=\"https:\/\/dokan.co\/app\/uploads\/2024\/11\/Group-1000007370.png 1140w, https:\/\/dokan.co\/app\/uploads\/2024\/11\/Group-1000007370-300x184.png 300w, https:\/\/dokan.co\/app\/uploads\/2024\/11\/Group-1000007370-1024x628.png 1024w, https:\/\/dokan.co\/app\/uploads\/2024\/11\/Group-1000007370-768x471.png 768w, https:\/\/dokan.co\/app\/uploads\/2024\/11\/Group-1000007370-18x12.png 18w\" sizes=\"auto, (max-width: 1140px) 100vw, 1140px\" data-no-translation=\"\" data-no-auto-translation=\"\" \/><\/figure>\n\n\n\n<div style=\"height:1px\" aria-hidden=\"true\" class=\"wp-block-spacer\"><\/div>\n\n\n\n<p class=\"has-small-font-size\">Dokan verf\u00fcgt \u00fcber einen eigenen Einrichtungsassistenten. Befolgen Sie die Schritte, um alle wichtigen Einstellungen einfach zu konfigurieren. Ihr Traum-Multivendor-Marktplatz ist innerhalb weniger Minuten fertig.<\/p>\n<\/div>\n<\/div>\n<\/div>\n\n\n\n<div style=\"height:10px\" aria-hidden=\"true\" class=\"wp-block-spacer\"><\/div>\n\n\n\n<p class=\"has-text-align-center\"><a href=\"https:\/\/dokan.co\/docs\/wordpress\/getting-started\/installation\/\"><mark style=\"background-color:rgba(0, 0, 0, 0);color:#279ff1\" class=\"has-inline-color\">M\u00f6chten Sie installieren, ohne es hochzuladen?<\/mark><\/a><\/p>\n<\/div>\n\n\n\n<div class=\"wp-block-group alignwide has-global-padding is-layout-constrained wp-container-core-group-is-layout-784e502a wp-block-group-is-layout-constrained\">\n<div style=\"height:19px\" aria-hidden=\"true\" class=\"wp-block-spacer\"><\/div>\n\n\n\n<p class=\"has-text-align-center dco-m-text-3xl has-text-color\" style=\"color:#2e2e2e;font-size:clamp(1.378rem, 1.378rem + ((1vw - 0.2rem) * 1.585), 2.25rem);font-style:normal;font-weight:900\">Komplettes Schritt-f\u00fcr-Schritt-Video-Tutorial<\/p>\n\n\n\n<div style=\"height:24px\" aria-hidden=\"true\" class=\"wp-block-spacer\"><\/div>\n\n\n\n<div class=\"wp-block-group has-global-padding is-layout-constrained wp-container-core-group-is-layout-118822e0 wp-block-group-is-layout-constrained\">\n<div class=\"wp-block-group ticss-31a48c5a has-border-color has-background-border-color has-background-background-color has-background has-global-padding is-layout-constrained wp-container-core-group-is-layout-990b6473 wp-block-group-is-layout-constrained\" style=\"border-style:solid;border-width:13px;border-radius:5px;margin-top:0px;margin-bottom:0px;padding-top:0px;padding-right:0px;padding-bottom:0px;padding-left:0px\">\n<figure class=\"wp-block-embed alignfull is-type-video is-provider-youtube wp-block-embed-youtube wp-embed-aspect-16-9 wp-has-aspect-ratio\"><div class=\"wp-block-embed__wrapper\">\n<iframe loading=\"lazy\" title=\"So installieren Sie Dokan Lite (Herunterladen von WordPress.org)\" width=\"500\" height=\"281\" src=\"https:\/\/www.youtube.com\/embed\/NGphaxDD7Kw?feature=oembed\" frameborder=\"0\" allow=\"accelerometer; autoplay; clipboard-write; encrypted-media; gyroscope; picture-in-picture; web-share\" referrerpolicy=\"strict-origin-when-cross-origin\" allowfullscreen><\/iframe>\n<\/div><\/figure>\n<\/div>\n<\/div>\n\n\n\n<div style=\"height:19px\" aria-hidden=\"true\" class=\"wp-block-spacer\"><\/div>\n<\/div>\n\n\n\n<div class=\"wp-block-group alignfull has-background is-layout-flow wp-block-group-is-layout-flow\" style=\"background-color:#0066ff;padding-top:0rem;padding-right:0rem;padding-bottom:0rem;padding-left:0rem\">\n<div class=\"wp-block-cover alignfull is-light\" style=\"padding-top:0rem;padding-right:0rem;padding-bottom:0rem;padding-left:0rem;min-height:50px;aspect-ratio:unset;\"><span aria-hidden=\"true\" class=\"wp-block-cover__background has-background-dim-0 has-background-dim\"><\/span><img loading=\"lazy\" decoding=\"async\" width=\"1917\" height=\"594\" class=\"wp-block-cover__image-background wp-image-473339\" alt=\"\" src=\"https:\/\/dokan.co\/app\/uploads\/2023\/07\/Blue_BG.png\" data-object-fit=\"cover\" srcset=\"https:\/\/dokan.co\/app\/uploads\/2023\/07\/Blue_BG.png 1917w, https:\/\/dokan.co\/app\/uploads\/2023\/07\/Blue_BG-300x93.png 300w, https:\/\/dokan.co\/app\/uploads\/2023\/07\/Blue_BG-1024x317.png 1024w, https:\/\/dokan.co\/app\/uploads\/2023\/07\/Blue_BG-768x238.png 768w, https:\/\/dokan.co\/app\/uploads\/2023\/07\/Blue_BG-1536x476.png 1536w, https:\/\/dokan.co\/app\/uploads\/2023\/07\/Blue_BG-18x6.png 18w\" sizes=\"auto, (max-width: 1917px) 100vw, 1917px\" \/><div class=\"wp-block-cover__inner-container is-layout-flow wp-block-cover-is-layout-flow\">\n<div class=\"wp-block-group dco-ptm-20 dco-prm-20 dco-pbm-20 dco-plm-20 has-global-padding is-layout-constrained wp-container-core-group-is-layout-4b15436e wp-block-group-is-layout-constrained\">\n<div style=\"height:100px\" aria-hidden=\"true\" class=\"wp-block-spacer\"><\/div>\n\n\n\n<div class=\"wp-block-columns dco-ptm-20 dco-prm-20 dco-pbm-20 dco-plm-20 is-layout-flex wp-container-core-columns-is-layout-b3cb834b wp-block-columns-is-layout-flex\">\n<div class=\"wp-block-column is-layout-flow wp-block-column-is-layout-flow\">\n<div class=\"wp-block-group has-background-background-color has-background has-global-padding is-layout-constrained wp-container-core-group-is-layout-3e31fe0f wp-block-group-is-layout-constrained\" style=\"border-radius:5px;padding-top:55px;padding-right:55px;padding-bottom:55px;padding-left:55px\">\n<figure class=\"wp-block-image aligncenter size-full\"><img loading=\"lazy\" decoding=\"async\" width=\"93\" height=\"93\" src=\"https:\/\/dokan.co\/app\/uploads\/2023\/06\/Need-For-Help.png\" alt=\"\" class=\"wp-image-9613\" data-no-translation=\"\" data-no-auto-translation=\"\"\/><\/figure>\n\n\n\n<h3 class=\"wp-block-heading has-text-align-center has-text-color\" style=\"color:#616161;font-size:clamp(1.188rem, 1.188rem + ((1vw - 0.2rem) * 1.258), 1.88rem);font-style:normal;font-weight:400;line-height:1.5\">Ben\u00f6tigen Sie Hilfe?<\/h3>\n\n\n\n<p class=\"has-text-align-center has-text-color has-small-font-size\" style=\"color:#8a8a8a\">Senden Sie alle Ihre Fragen an unser kompetentes Support-Team unter support@wedevs.com. Wir sind immer bereit, Ihnen zuzuh\u00f6ren.<\/p>\n<\/div>\n<\/div>\n\n\n\n<div class=\"wp-block-column dco-ptm-0 is-layout-flow wp-block-column-is-layout-flow\" style=\"padding-top:7.06rem\">\n<div class=\"wp-block-group has-background-background-color has-background has-global-padding is-layout-constrained wp-container-core-group-is-layout-3e31fe0f wp-block-group-is-layout-constrained\" style=\"border-radius:5px;padding-top:55px;padding-right:55px;padding-bottom:55px;padding-left:55px\">\n<figure class=\"wp-block-image aligncenter size-full\"><img loading=\"lazy\" decoding=\"async\" width=\"154\" height=\"116\" src=\"https:\/\/dokan.co\/app\/uploads\/2023\/06\/Premium-Features.png\" alt=\"\" class=\"wp-image-9612\" data-no-translation=\"\" data-no-auto-translation=\"\"\/><\/figure>\n\n\n\n<h3 class=\"wp-block-heading has-text-align-center has-text-color\" style=\"color:#616161;font-size:clamp(1.188rem, 1.188rem + ((1vw - 0.2rem) * 1.258), 1.88rem);font-style:normal;font-weight:400;line-height:1.5\">Auf der Suche nach mehr?<br>M\u00f6chten Sie Premium-Funktionen?<\/h3>\n<\/div>\n<\/div>\n<\/div>\n\n\n\n<div style=\"height:100px\" aria-hidden=\"true\" class=\"wp-block-spacer\"><\/div>\n<\/div>\n<\/div><\/div>\n<\/div>\n\n\n\n<div class=\"wp-block-group alignfull has-global-padding is-layout-constrained wp-container-core-group-is-layout-784e502a wp-block-group-is-layout-constrained\">\n<div style=\"height:51px\" aria-hidden=\"true\" class=\"wp-block-spacer\"><\/div>\n\n\n\n<p class=\"has-text-align-center dco-m-text-3xl has-text-color\" style=\"color:#6f819c;font-size:clamp(1.502rem, 1.502rem + ((1vw - 0.2rem) * 1.815), 2.5rem);font-style:normal;font-weight:900\">Holen Sie sich Dokan Multivendor Pro<\/p>\n\n\n\n<div class=\"wp-block-buttons is-content-justification-center is-layout-flex wp-container-core-buttons-is-layout-a89b3969 wp-block-buttons-is-layout-flex\">\n<div class=\"wp-block-button has-custom-font-size btn-border-color-hover-dokan-cloud btn-color-hover-dokan-cloud has-small-font-size\"><a class=\"wp-block-button__link has-base-color has-text-color wp-element-button\" href=\"https:\/\/dokan.co\/de\/wordpress\/pricing\/\" style=\"border-radius:3px;padding-top:13px;padding-right:23px;padding-bottom:13px;padding-left:23px\">Dokan-Preise anzeigen<\/a><\/div>\n\n\n\n<div class=\"wp-block-button has-custom-font-size ticss-b97a13d1 has-small-font-size\"><a class=\"wp-block-button__link has-background-background-color has-text-color has-background wp-element-button\" href=\"https:\/\/dokan.co\/de\/wordpress\/upgrade-to-pro\/\" style=\"border-radius:3px;color:#a3bac1;padding-top:13px;padding-right:23px;padding-bottom:13px;padding-left:23px\">Upgrade auf Pro<\/a><\/div>\n<\/div>\n\n\n\n<div style=\"height:10px\" aria-hidden=\"true\" class=\"wp-block-spacer\"><\/div>\n<\/div>\n\n\n\n<div class=\"wp-block-group alignfull has-global-padding is-layout-constrained wp-container-core-group-is-layout-01742c58 wp-block-group-is-layout-constrained\" style=\"margin-top:0;padding-top:3.4rem;padding-bottom:var(--wp--preset--spacing--60)\">\n<div class=\"wp-block-group ticss-e6880699 has-background is-layout-flow wp-block-group-is-layout-flow\" style=\"border-radius:30px;background-color:#171717;padding-top:4.69rem;padding-right:var(--wp--preset--spacing--30);padding-bottom:4.69rem;padding-left:var(--wp--preset--spacing--30)\">\n<h2 class=\"wp-block-heading has-text-align-center dco-m-text-3xl dco-m-br-hidden has-base-color has-text-color\" style=\"font-size:clamp(1.805rem, 1.805rem + ((1vw - 0.2rem) * 2.409), 3.13rem);font-style:normal;font-weight:900;line-height:1.2\">Beginnen Sie mit <br>Dokan<\/h2>\n\n\n\n<p class=\"has-text-align-center dco-m-br-hidden has-base-color has-text-color\">Wir sind hier, um Ihnen die richtigen Werkzeuge zur Verf\u00fcgung zu stellen, aber Sie sind derjenige, der es tut <br>Sie m\u00fcssen an Ihre F\u00e4higkeiten glauben und anfangen.<\/p>\n\n\n\n<div class=\"wp-block-buttons is-content-justification-center is-layout-flex wp-container-core-buttons-is-layout-a89b3969 wp-block-buttons-is-layout-flex\">\n<div class=\"wp-block-button btn-border-color-hover-dokan-cloud btn-color-hover-white\"><a class=\"wp-block-button__link has-base-color has-text-color wp-element-button\" href=\"https:\/\/dokan.co\/de\/wordpress\/pricing\/\" style=\"padding-right:var(--wp--preset--spacing--30);padding-left:var(--wp--preset--spacing--30)\">Loslegen<\/a><\/div>\n<\/div>\n<\/div>\n<\/div>","protected":false},"excerpt":{"rendered":"<p>Your download should start automatically, if not Click here. How to Install Dokan on Your WordPress Site Follow these 3 simple steps Download Dokan Plugin If you have already clicked on the download button, it will start automatically, otherwise, click here Login to your site (wp-admin), install Dokan Navigate to \u2013 WordPress Admin Dashboard \u2192 [&hellip;]<\/p>\n","protected":false},"author":2,"featured_media":0,"parent":472416,"menu_order":0,"comment_status":"closed","ping_status":"closed","template":"page-dokan-wordpress","meta":{"footnotes":""},"class_list":["post-9292","page","type-page","status-publish","hentry"],"_links":{"self":[{"href":"https:\/\/dokan.co\/de\/wp-json\/wp\/v2\/pages\/9292","targetHints":{"allow":["GET"]}}],"collection":[{"href":"https:\/\/dokan.co\/de\/wp-json\/wp\/v2\/pages"}],"about":[{"href":"https:\/\/dokan.co\/de\/wp-json\/wp\/v2\/types\/page"}],"author":[{"embeddable":true,"href":"https:\/\/dokan.co\/de\/wp-json\/wp\/v2\/users\/2"}],"replies":[{"embeddable":true,"href":"https:\/\/dokan.co\/de\/wp-json\/wp\/v2\/comments?post=9292"}],"version-history":[{"count":33,"href":"https:\/\/dokan.co\/de\/wp-json\/wp\/v2\/pages\/9292\/revisions"}],"predecessor-version":[{"id":493459,"href":"https:\/\/dokan.co\/de\/wp-json\/wp\/v2\/pages\/9292\/revisions\/493459"}],"up":[{"embeddable":true,"href":"https:\/\/dokan.co\/de\/wp-json\/wp\/v2\/pages\/472416"}],"wp:attachment":[{"href":"https:\/\/dokan.co\/de\/wp-json\/wp\/v2\/media?parent=9292"}],"curies":[{"name":"wp","href":"https:\/\/api.w.org\/{rel}","templated":true}]}}