{"id":9306,"date":"2023-06-13T12:00:48","date_gmt":"2023-06-13T06:00:48","guid":{"rendered":"https:\/\/dokan.co\/?page_id=9306"},"modified":"2024-09-06T12:20:23","modified_gmt":"2024-09-06T06:20:23","slug":"success-stories","status":"publish","type":"page","link":"https:\/\/dokan.co\/de\/wordpress\/success-stories\/","title":{"rendered":"Erfolgsgeschichten"},"content":{"rendered":"<div class=\"wp-block-group alignfull ticss-4a4fe886 has-global-padding is-layout-constrained wp-container-core-group-is-layout-784e502a wp-block-group-is-layout-constrained\">\n<div style=\"height:61px\" aria-hidden=\"true\" class=\"wp-block-spacer\"><\/div>\n\n\n\n<div class=\"wp-block-columns is-layout-flex wp-container-core-columns-is-layout-28f84493 wp-block-columns-is-layout-flex\">\n<div class=\"wp-block-column is-vertically-aligned-center is-layout-flow wp-block-column-is-layout-flow\">\n<div class=\"wp-block-group is-layout-flow wp-block-group-is-layout-flow\">\n<figure class=\"wp-block-image size-full is-resized\"><img loading=\"lazy\" decoding=\"async\" width=\"130\" height=\"130\" src=\"https:\/\/dokan.co\/app\/uploads\/2023\/07\/cup.png\" alt=\"\" class=\"wp-image-473416\" style=\"width:65px;height:65px\" srcset=\"https:\/\/dokan.co\/app\/uploads\/2023\/07\/cup.png 130w, https:\/\/dokan.co\/app\/uploads\/2023\/07\/cup-12x12.png 12w\" sizes=\"auto, (max-width: 130px) 100vw, 130px\" data-no-translation=\"\" data-no-auto-translation=\"\" \/><\/figure>\n\n\n\n<h1 class=\"wp-block-heading dco-m-text-3xl has-foreground-color has-text-color\" style=\"font-size:clamp(1.624rem, 1.624rem + ((1vw - 0.2rem) * 2.047), 2.75rem);font-style:normal;font-weight:900;line-height:1.2\">Deine Geschichten<br><mark style=\"background-color:rgba(0, 0, 0, 0);color:#7047eb\" class=\"has-inline-color\">Unsere Erfolge<\/mark><\/h1>\n\n\n\n<p class=\"has-text-color has-medium-font-size\" style=\"color:#8a8a8a;line-height:1.5\">Wir glauben, dass Menschen aus Beispielen lernen. Dies ist also eine kleine Anstrengung unsererseits, Ihnen einige Geschichten \u00fcber gro\u00dfartige Erfolge von Ihnen zu pr\u00e4sentieren, auf die wir sehr stolz sind, ein Teil davon zu sein.<\/p>\n<\/div>\n<\/div>\n\n\n\n<div class=\"wp-block-column is-layout-flow wp-block-column-is-layout-flow\">\n<div class=\"wp-block-group is-layout-flow wp-block-group-is-layout-flow\">\n<figure class=\"wp-block-image alignright size-large\"><img loading=\"lazy\" decoding=\"async\" width=\"1024\" height=\"973\" src=\"https:\/\/dokan.co\/app\/uploads\/2023\/07\/header-feature-image-1024x973.png\" alt=\"\" class=\"wp-image-473415\" srcset=\"https:\/\/dokan.co\/app\/uploads\/2023\/07\/header-feature-image-1024x973.png 1024w, https:\/\/dokan.co\/app\/uploads\/2023\/07\/header-feature-image-300x285.png 300w, https:\/\/dokan.co\/app\/uploads\/2023\/07\/header-feature-image-768x729.png 768w, https:\/\/dokan.co\/app\/uploads\/2023\/07\/header-feature-image-13x12.png 13w, https:\/\/dokan.co\/app\/uploads\/2023\/07\/header-feature-image.png 1117w\" sizes=\"auto, (max-width: 1024px) 100vw, 1024px\" data-no-translation=\"\" data-no-auto-translation=\"\" \/><\/figure>\n<\/div>\n<\/div>\n<\/div>\n\n\n\n<div style=\"height:100px\" aria-hidden=\"true\" class=\"wp-block-spacer\"><\/div>\n<\/div>\n\n\n\n<div class=\"wp-block-group alignfull has-global-padding is-layout-constrained wp-container-core-group-is-layout-784e502a wp-block-group-is-layout-constrained\">\n<div class=\"wp-block-group has-global-padding is-layout-constrained wp-container-core-group-is-layout-a7e59e30 wp-block-group-is-layout-constrained\">\n<h2 class=\"wp-block-heading has-text-align-center dco-m-text-3xl\">Erfolgsgeschichte des Monats<\/h2>\n\n\n\n<figure class=\"wp-block-image aligncenter size-large has-custom-border\"><img loading=\"lazy\" decoding=\"async\" width=\"1024\" height=\"559\" src=\"https:\/\/dokan.co\/app\/uploads\/2024\/09\/Joshi-success-stories-with-Dokan-multivendor-1024x559.jpg\" alt=\"\" class=\"wp-image-489321\" style=\"border-radius:10px\" srcset=\"https:\/\/dokan.co\/app\/uploads\/2024\/09\/Joshi-success-stories-with-Dokan-multivendor-1024x559.jpg 1024w, https:\/\/dokan.co\/app\/uploads\/2024\/09\/Joshi-success-stories-with-Dokan-multivendor-300x164.jpg 300w, https:\/\/dokan.co\/app\/uploads\/2024\/09\/Joshi-success-stories-with-Dokan-multivendor-768x420.jpg 768w, https:\/\/dokan.co\/app\/uploads\/2024\/09\/Joshi-success-stories-with-Dokan-multivendor-1536x839.jpg 1536w, https:\/\/dokan.co\/app\/uploads\/2024\/09\/Joshi-success-stories-with-Dokan-multivendor-18x10.jpg 18w, https:\/\/dokan.co\/app\/uploads\/2024\/09\/Joshi-success-stories-with-Dokan-multivendor.jpg 1622w\" sizes=\"auto, (max-width: 1024px) 100vw, 1024px\" data-no-translation=\"\" data-no-auto-translation=\"\" \/><\/figure>\n\n\n\n<h3 class=\"wp-block-heading has-text-align-center\" style=\"font-size:clamp(1.25rem, 1.25rem + ((1vw - 0.2rem) * 1.364), 2rem);font-style:normal;font-weight:400\">Eine unerz\u00e4hlte Erfolgsgeschichte eines Gesundheitsmarktplatzes \u201eJOSHi\u201c<\/h3>\n\n\n\n<p class=\"has-text-align-center has-text-color\" style=\"color:#8a8a8a\">Der Marktplatz f\u00fcr Gesundheit, Ern\u00e4hrung und Sport ist JOSHi.at, das sich im Bereich der Werbung f\u00fcr hochwertige Gesundheits- und N\u00e4hrstoffprodukte bei seinen Kunden einen Namen gemacht hat. Aber kennen wir einige interessante Einblicke und die Erfolgsgeschichte eines so edlen Marktplatzes, der sein Gesch\u00e4ft in Aktion f\u00fchrt? Wenn nicht, dann lasst es uns herausfinden.<\/p>\n\n\n\n<div class=\"wp-block-buttons is-content-justification-center is-layout-flex wp-container-core-buttons-is-layout-a89b3969 wp-block-buttons-is-layout-flex\">\n<div class=\"wp-block-button btn-border-color-hover-dokan-cloud btn-color-hover-dokan-cloud\"><a class=\"wp-block-button__link has-background-color has-text-color wp-element-button\" href=\"https:\/\/dokan.co\/blog\/477947\/a-success-story-of-a-healthcare-marketplace\/\" style=\"padding-top:10px;padding-right:30px;padding-bottom:10px;padding-left:30px\" target=\"_blank\" rel=\"noreferrer noopener\">Erfahren Sie mehr \u2192<\/a><\/div>\n<\/div>\n<\/div>\n\n\n\n<div style=\"height:30px\" aria-hidden=\"true\" class=\"wp-block-spacer\"><\/div>\n<\/div>\n\n\n\n<div class=\"wp-block-group alignfull has-global-padding is-layout-constrained wp-container-core-group-is-layout-784e502a wp-block-group-is-layout-constrained\">\n<div class=\"wp-block-group is-layout-flow wp-block-group-is-layout-flow\">\n<h2 class=\"wp-block-heading has-text-align-center dco-m-text-3xl\" style=\"font-style:normal;font-weight:500\">Top-Erfolgsgeschichten von Dokan-Marktplatzbesitzern<\/h2>\n\n\n\n<div style=\"height:10px\" aria-hidden=\"true\" class=\"wp-block-spacer\"><\/div>\n\n\n\n<div class=\"wp-block-columns is-layout-flex wp-container-core-columns-is-layout-28f84493 wp-block-columns-is-layout-flex\">\n<div class=\"wp-block-column is-layout-flow wp-block-column-is-layout-flow\">\n<div class=\"wp-block-group dco-rounded dco-overflow-none dco-shadow-sm ticss-a946614c has-background-background-color has-background has-global-padding is-layout-constrained wp-container-core-group-is-layout-905199b4 wp-block-group-is-layout-constrained\" style=\"border-radius:10px;padding-top:0px;padding-right:0px;padding-bottom:0px;padding-left:0px\">\n<figure class=\"wp-block-image size-large\"><img loading=\"lazy\" decoding=\"async\" width=\"1024\" height=\"559\" src=\"https:\/\/dokan.co\/app\/uploads\/2024\/09\/Melissa-McGovern-1024x559.jpg\" alt=\"\" class=\"wp-image-489329\" srcset=\"https:\/\/dokan.co\/app\/uploads\/2024\/09\/Melissa-McGovern-1024x559.jpg 1024w, https:\/\/dokan.co\/app\/uploads\/2024\/09\/Melissa-McGovern-300x164.jpg 300w, https:\/\/dokan.co\/app\/uploads\/2024\/09\/Melissa-McGovern-768x420.jpg 768w, https:\/\/dokan.co\/app\/uploads\/2024\/09\/Melissa-McGovern-1536x839.jpg 1536w, https:\/\/dokan.co\/app\/uploads\/2024\/09\/Melissa-McGovern-18x10.jpg 18w, https:\/\/dokan.co\/app\/uploads\/2024\/09\/Melissa-McGovern.jpg 1622w\" sizes=\"auto, (max-width: 1024px) 100vw, 1024px\" data-no-translation=\"\" data-no-auto-translation=\"\" \/><\/figure>\n\n\n\n<div class=\"wp-block-group is-layout-flow wp-block-group-is-layout-flow\" style=\"margin-top:0px;margin-bottom:0px;padding-top:15px;padding-right:15px;padding-bottom:15px;padding-left:15px\">\n<p class=\"ticss-667eacf3 has-link-color has-small-font-size wp-elements-e736531784ed402ef10d37259f779121\" style=\"font-style:normal;font-weight:700\"><a href=\"https:\/\/dokan.co\/blog\/477935\/dokan-customer-dream-multivendor-marketplace\/\" target=\"_blank\" rel=\"noreferrer noopener nofollow\">Wie Dokan Melissa dabei half, ihren Traum-Multivendor-Marktplatz zu schaffen<\/a><\/p>\n<\/div>\n<\/div>\n<\/div>\n\n\n\n<div class=\"wp-block-column is-layout-flow wp-block-column-is-layout-flow\">\n<div class=\"wp-block-group dco-rounded dco-overflow-none dco-shadow-sm ticss-a946614c has-background-background-color has-background has-global-padding is-layout-constrained wp-container-core-group-is-layout-905199b4 wp-block-group-is-layout-constrained\" style=\"border-radius:10px;padding-top:0px;padding-right:0px;padding-bottom:0px;padding-left:0px\">\n<figure class=\"wp-block-image size-large\"><img loading=\"lazy\" decoding=\"async\" width=\"1024\" height=\"559\" src=\"https:\/\/dokan.co\/app\/uploads\/2024\/09\/Bootstrap-Using-Dokan-multivendor-1024x559.jpg\" alt=\"\" class=\"wp-image-489333\" srcset=\"https:\/\/dokan.co\/app\/uploads\/2024\/09\/Bootstrap-Using-Dokan-multivendor-1024x559.jpg 1024w, https:\/\/dokan.co\/app\/uploads\/2024\/09\/Bootstrap-Using-Dokan-multivendor-300x164.jpg 300w, https:\/\/dokan.co\/app\/uploads\/2024\/09\/Bootstrap-Using-Dokan-multivendor-768x420.jpg 768w, https:\/\/dokan.co\/app\/uploads\/2024\/09\/Bootstrap-Using-Dokan-multivendor-1536x839.jpg 1536w, https:\/\/dokan.co\/app\/uploads\/2024\/09\/Bootstrap-Using-Dokan-multivendor-18x10.jpg 18w, https:\/\/dokan.co\/app\/uploads\/2024\/09\/Bootstrap-Using-Dokan-multivendor.jpg 1622w\" sizes=\"auto, (max-width: 1024px) 100vw, 1024px\" data-no-translation=\"\" data-no-auto-translation=\"\" \/><\/figure>\n\n\n\n<div class=\"wp-block-group is-layout-flow wp-block-group-is-layout-flow\" style=\"margin-top:0px;margin-bottom:0px;padding-top:15px;padding-right:15px;padding-bottom:15px;padding-left:15px\">\n<p class=\"ticss-667eacf3 has-link-color has-small-font-size wp-elements-8b372020b87c26993fd9179cd2b2214d\" style=\"font-style:normal;font-weight:700\"><a href=\"https:\/\/dokan.co\/blog\/477939\/bootstrap-using-dokan-for-their-multivendor-theme-marketplace\/\" target=\"_blank\" rel=\"noreferrer noopener nofollow\">Bootstrap nutzt Dokan f\u00fcr seinen Multivendor-Theme-Marktplatz<\/a><\/p>\n<\/div>\n<\/div>\n<\/div>\n\n\n\n<div class=\"wp-block-column is-layout-flow wp-block-column-is-layout-flow\">\n<div class=\"wp-block-group dco-rounded dco-overflow-none dco-shadow-sm ticss-a946614c has-background-background-color has-background has-global-padding is-layout-constrained wp-container-core-group-is-layout-905199b4 wp-block-group-is-layout-constrained\" style=\"border-radius:10px;padding-top:0px;padding-right:0px;padding-bottom:0px;padding-left:0px\">\n<figure class=\"wp-block-image size-large\"><img loading=\"lazy\" decoding=\"async\" width=\"1024\" height=\"559\" src=\"https:\/\/dokan.co\/app\/uploads\/2024\/09\/eCommerce-success-story-for-Dokan-multiivendor-1024x559.jpg\" alt=\"\" class=\"wp-image-489338\" srcset=\"https:\/\/dokan.co\/app\/uploads\/2024\/09\/eCommerce-success-story-for-Dokan-multiivendor-1024x559.jpg 1024w, https:\/\/dokan.co\/app\/uploads\/2024\/09\/eCommerce-success-story-for-Dokan-multiivendor-300x164.jpg 300w, https:\/\/dokan.co\/app\/uploads\/2024\/09\/eCommerce-success-story-for-Dokan-multiivendor-768x420.jpg 768w, https:\/\/dokan.co\/app\/uploads\/2024\/09\/eCommerce-success-story-for-Dokan-multiivendor-1536x839.jpg 1536w, https:\/\/dokan.co\/app\/uploads\/2024\/09\/eCommerce-success-story-for-Dokan-multiivendor-18x10.jpg 18w, https:\/\/dokan.co\/app\/uploads\/2024\/09\/eCommerce-success-story-for-Dokan-multiivendor.jpg 1622w\" sizes=\"auto, (max-width: 1024px) 100vw, 1024px\" data-no-translation=\"\" data-no-auto-translation=\"\" \/><\/figure>\n\n\n\n<div class=\"wp-block-group is-layout-flow wp-block-group-is-layout-flow\" style=\"margin-top:0px;margin-bottom:0px;padding-top:15px;padding-right:15px;padding-bottom:15px;padding-left:15px\">\n<p class=\"ticss-667eacf3 has-link-color has-small-font-size wp-elements-c66f473c5f1057f1a2f4d2897bd18dc1\" style=\"font-style:normal;font-weight:700\"><a href=\"https:\/\/dokan.co\/blog\/477944\/dokan-ecommerce-success-story-forstep-style\/\" target=\"_blank\" rel=\"noreferrer noopener nofollow\">Eine E-Commerce-Erfolgsgeschichte: Wie Sara Mehandzieva und Igor Dimitrov mit Dokan den \u201eForstep-Stil\u201c entwickelten<\/a><\/p>\n<\/div>\n<\/div>\n<\/div>\n<\/div>\n\n\n\n<div style=\"height:69px\" aria-hidden=\"true\" class=\"wp-block-spacer\"><\/div>\n\n\n\n<div class=\"wp-block-group dco-shadow-sm dco-ptm-20 dco-prm-20 dco-pbm-20 dco-plm-20 has-background-background-color has-background is-layout-flow wp-block-group-is-layout-flow\" style=\"border-radius:10px;padding-top:64px;padding-right:112px;padding-bottom:64px;padding-left:112px\">\n<div class=\"wp-block-group dco-m-flex-col dco-m-text-center is-horizontal is-content-justification-space-between is-nowrap is-layout-flex wp-container-core-group-is-layout-720518e1 wp-block-group-is-layout-flex\">\n<p class=\"has-foreground-color has-text-color\" style=\"font-size:clamp(0.984rem, 0.984rem + ((1vw - 0.2rem) * 0.938), 1.5rem);font-style:normal;font-weight:700\">M\u00f6chten Sie Ihre eigene Geschichte teilen?<\/p>\n\n\n\n<div class=\"wp-block-buttons is-content-justification-right is-layout-flex wp-container-core-buttons-is-layout-d445cf74 wp-block-buttons-is-layout-flex\">\n<div class=\"wp-block-button btn-border-color-hover-dokan-cloud btn-color-hover-dokan-cloud\"><a class=\"wp-block-button__link has-background-color has-text-color wp-element-button\" href=\"https:\/\/dokan.co\/de\/wordpress\/submit-success-story\/\" style=\"padding-top:10px;padding-right:30px;padding-bottom:10px;padding-left:30px\">Senden Sie Ihre Informationen<\/a><\/div>\n<\/div>\n<\/div>\n<\/div>\n\n\n\n<div style=\"height:69px\" aria-hidden=\"true\" class=\"wp-block-spacer\"><\/div>\n<\/div>\n<\/div>\n\n\n\n<div class=\"wp-block-group alignfull has-global-padding is-layout-constrained wp-container-core-group-is-layout-784e502a wp-block-group-is-layout-constrained\">\n<h2 class=\"wp-block-heading has-text-align-center\" style=\"font-size:clamp(1.566rem, 1.566rem + ((1vw - 0.2rem) * 1.935), 2.63rem);\">Dokan-Bewertungen<\/h2>\n\n\n\n<p class=\"has-text-align-center dco-m-br-hidden has-text-color\" style=\"color:#8a8a8a\">Das sagen die Leute \u00fcber Dokan<br>Auf verschiedenen beliebten Plattformen<\/p>\n\n\n\n<div style=\"height:20px\" aria-hidden=\"true\" class=\"wp-block-spacer\"><\/div>\n\n\n\n<div class=\"wp-block-columns is-layout-flex wp-container-core-columns-is-layout-28f84493 wp-block-columns-is-layout-flex\">\n<div class=\"wp-block-column is-layout-flow wp-block-column-is-layout-flow\">\n<div class=\"wp-block-group has-border-color has-background-background-color has-background is-layout-flow wp-block-group-is-layout-flow\" style=\"border-color:#f0f0f0;border-style:solid;border-width:1px;border-radius:10px;padding-top:50px;padding-right:25px;padding-bottom:50px;padding-left:25px\">\n<figure class=\"wp-block-image size-full dco-mb-44\"><img loading=\"lazy\" decoding=\"async\" width=\"600\" height=\"152\" src=\"https:\/\/dokan.co\/app\/uploads\/2023\/07\/Group-148-1.png\" alt=\"\" class=\"wp-image-473413\" srcset=\"https:\/\/dokan.co\/app\/uploads\/2023\/07\/Group-148-1.png 600w, https:\/\/dokan.co\/app\/uploads\/2023\/07\/Group-148-1-300x76.png 300w, https:\/\/dokan.co\/app\/uploads\/2023\/07\/Group-148-1-18x5.png 18w\" sizes=\"auto, (max-width: 600px) 100vw, 600px\" data-no-translation=\"\" data-no-auto-translation=\"\" \/><\/figure>\n\n\n\n<p class=\"has-text-align-center\">Dokans gr\u00f6\u00dfte St\u00e4rke: Es steht auf den Schultern von Riesen<\/p>\n<\/div>\n<\/div>\n\n\n\n<div class=\"wp-block-column is-layout-flow wp-block-column-is-layout-flow\">\n<div class=\"wp-block-group has-border-color has-background-background-color has-background is-layout-flow wp-block-group-is-layout-flow\" style=\"border-color:#f0f0f0;border-style:solid;border-width:1px;border-radius:10px;padding-top:50px;padding-right:25px;padding-bottom:50px;padding-left:25px\">\n<figure class=\"wp-block-image size-full dco-mb-44\"><img loading=\"lazy\" decoding=\"async\" width=\"600\" height=\"152\" src=\"https:\/\/dokan.co\/app\/uploads\/2023\/07\/Group-149.png\" alt=\"\" class=\"wp-image-473412\" srcset=\"https:\/\/dokan.co\/app\/uploads\/2023\/07\/Group-149.png 600w, https:\/\/dokan.co\/app\/uploads\/2023\/07\/Group-149-300x76.png 300w, https:\/\/dokan.co\/app\/uploads\/2023\/07\/Group-149-18x5.png 18w\" sizes=\"auto, (max-width: 600px) 100vw, 600px\" data-no-translation=\"\" data-no-auto-translation=\"\" \/><\/figure>\n\n\n\n<p class=\"has-text-align-center\">Dokan richtet sich sowohl an Einsteiger als auch an Experten im E-Commerce-Bereich.<\/p>\n<\/div>\n<\/div>\n\n\n\n<div class=\"wp-block-column is-layout-flow wp-block-column-is-layout-flow\">\n<div class=\"wp-block-group has-border-color has-background-background-color has-background is-layout-flow wp-block-group-is-layout-flow\" style=\"border-color:#f0f0f0;border-style:solid;border-width:1px;border-radius:10px;padding-top:50px;padding-right:25px;padding-bottom:50px;padding-left:25px\">\n<figure class=\"wp-block-image size-full dco-mb-44\"><img loading=\"lazy\" decoding=\"async\" width=\"600\" height=\"152\" src=\"https:\/\/dokan.co\/app\/uploads\/2023\/07\/Group-154.png\" alt=\"\" class=\"wp-image-473411\" srcset=\"https:\/\/dokan.co\/app\/uploads\/2023\/07\/Group-154.png 600w, https:\/\/dokan.co\/app\/uploads\/2023\/07\/Group-154-300x76.png 300w, https:\/\/dokan.co\/app\/uploads\/2023\/07\/Group-154-18x5.png 18w\" sizes=\"auto, (max-width: 600px) 100vw, 600px\" data-no-translation=\"\" data-no-auto-translation=\"\" \/><\/figure>\n\n\n\n<p class=\"has-text-align-center\">Dokan \u2013 Bauen Sie wie ein Profi einen Multivendor-E-Commerce-Marktplatz auf<\/p>\n<\/div>\n<\/div>\n<\/div>\n\n\n\n<div class=\"wp-block-columns is-layout-flex wp-container-core-columns-is-layout-28f84493 wp-block-columns-is-layout-flex\">\n<div class=\"wp-block-column is-layout-flow wp-block-column-is-layout-flow\">\n<div class=\"wp-block-group has-border-color has-background-background-color has-background is-layout-flow wp-block-group-is-layout-flow\" style=\"border-color:#f0f0f0;border-style:solid;border-width:1px;border-radius:10px;padding-top:50px;padding-right:25px;padding-bottom:50px;padding-left:25px\">\n<figure class=\"wp-block-image size-full dco-mb-44\"><img loading=\"lazy\" decoding=\"async\" width=\"600\" height=\"152\" src=\"https:\/\/dokan.co\/app\/uploads\/2023\/07\/Group-153.png\" alt=\"\" class=\"wp-image-473410\" srcset=\"https:\/\/dokan.co\/app\/uploads\/2023\/07\/Group-153.png 600w, https:\/\/dokan.co\/app\/uploads\/2023\/07\/Group-153-300x76.png 300w, https:\/\/dokan.co\/app\/uploads\/2023\/07\/Group-153-18x5.png 18w\" sizes=\"auto, (max-width: 600px) 100vw, 600px\" data-no-translation=\"\" data-no-auto-translation=\"\" \/><\/figure>\n\n\n\n<p class=\"has-text-align-center\">Dokans gr\u00f6\u00dfte St\u00e4rke: Es steht auf den Schultern von Riesen<\/p>\n<\/div>\n<\/div>\n\n\n\n<div class=\"wp-block-column is-layout-flow wp-block-column-is-layout-flow\">\n<div class=\"wp-block-group has-border-color has-background-background-color has-background is-layout-flow wp-block-group-is-layout-flow\" style=\"border-color:#f0f0f0;border-style:solid;border-width:1px;border-radius:10px;padding-top:50px;padding-right:25px;padding-bottom:50px;padding-left:25px\">\n<figure class=\"wp-block-image size-full dco-mb-44\"><img loading=\"lazy\" decoding=\"async\" width=\"600\" height=\"152\" src=\"https:\/\/dokan.co\/app\/uploads\/2023\/07\/Group-152.png\" alt=\"\" class=\"wp-image-473409\" srcset=\"https:\/\/dokan.co\/app\/uploads\/2023\/07\/Group-152.png 600w, https:\/\/dokan.co\/app\/uploads\/2023\/07\/Group-152-300x76.png 300w, https:\/\/dokan.co\/app\/uploads\/2023\/07\/Group-152-18x5.png 18w\" sizes=\"auto, (max-width: 600px) 100vw, 600px\" data-no-translation=\"\" data-no-auto-translation=\"\" \/><\/figure>\n\n\n\n<p class=\"has-text-align-center\">Die komplette Multivendor-E-Commerce-L\u00f6sung f\u00fcr WordPress und WooCommerce<\/p>\n<\/div>\n<\/div>\n\n\n\n<div class=\"wp-block-column is-layout-flow wp-block-column-is-layout-flow\">\n<div class=\"wp-block-group has-border-color has-background-background-color has-background is-layout-flow wp-block-group-is-layout-flow\" style=\"border-color:#f0f0f0;border-style:solid;border-width:1px;border-radius:10px;padding-top:50px;padding-right:25px;padding-bottom:50px;padding-left:25px\">\n<figure class=\"wp-block-image size-full dco-mb-44\"><img loading=\"lazy\" decoding=\"async\" width=\"600\" height=\"152\" src=\"https:\/\/dokan.co\/app\/uploads\/2023\/07\/Group-151.png\" alt=\"\" class=\"wp-image-473408\" srcset=\"https:\/\/dokan.co\/app\/uploads\/2023\/07\/Group-151.png 600w, https:\/\/dokan.co\/app\/uploads\/2023\/07\/Group-151-300x76.png 300w, https:\/\/dokan.co\/app\/uploads\/2023\/07\/Group-151-18x5.png 18w\" sizes=\"auto, (max-width: 600px) 100vw, 600px\" data-no-translation=\"\" data-no-auto-translation=\"\" \/><\/figure>\n\n\n\n<p class=\"has-text-align-center\">Wir haben WeDevs Dokan als die intuitivste und einfachste Verk\u00e4uferschnittstelle ausgew\u00e4hlt \u2026<\/p>\n<\/div>\n<\/div>\n<\/div>\n<\/div>\n\n\n\n<div class=\"wp-block-group alignfull has-background has-global-padding is-layout-constrained wp-container-core-group-is-layout-01742c58 wp-block-group-is-layout-constrained\" style=\"background-color:#f6f7fb;margin-top:0;padding-top:3.4rem;padding-bottom:var(--wp--preset--spacing--60)\">\n<div class=\"wp-block-group ticss-e6880699 has-background is-layout-flow wp-block-group-is-layout-flow\" style=\"border-radius:30px;background-color:#171717;padding-top:8.7rem;padding-right:var(--wp--preset--spacing--30);padding-bottom:8.7rem;padding-left:var(--wp--preset--spacing--30)\">\n<h2 class=\"wp-block-heading has-text-align-center dco-m-text-3xl dco-m-br-hidden has-base-color has-text-color\" style=\"font-size:clamp(0.918rem, 0.918rem + ((1vw - 0.2rem) * 0.84), 1.38rem);font-style:normal;font-weight:400;line-height:1.5\">Erstellen Sie noch heute Ihren eigenen Marktplatz! Bleiben Sie im Spiel vorne<br>mit der besten WooCommerce Multi-Vendor-L\u00f6sung.<\/h2>\n\n\n\n<div class=\"wp-block-buttons is-content-justification-center is-layout-flex wp-container-core-buttons-is-layout-a89b3969 wp-block-buttons-is-layout-flex\">\n<div class=\"wp-block-button btn-border-color-hover-dokan-cloud btn-color-hover-white\"><a class=\"wp-block-button__link has-base-color has-text-color wp-element-button\" href=\"https:\/\/dokan.co\/de\/wordpress\/pricing\/\" style=\"padding-right:2.5rem;padding-left:2.5rem\">Businessplan kaufen<\/a><\/div>\n<\/div>\n<\/div>\n<\/div>","protected":false},"excerpt":{"rendered":"<p>Your StoriesOur Achievements We believe that people learn from examples. So this is a little effort from our side to present to you some stories of great achievements by you guys that we are extremely proud to be a part of. Success Story of The Month An Untold Success Story of a Healthcare Marketplace \u2018JOSHi\u2019 [&hellip;]<\/p>\n","protected":false},"author":2,"featured_media":487108,"parent":472416,"menu_order":0,"comment_status":"closed","ping_status":"closed","template":"page-dokan-wordpress","meta":{"footnotes":""},"class_list":["post-9306","page","type-page","status-publish","has-post-thumbnail","hentry"],"_links":{"self":[{"href":"https:\/\/dokan.co\/de\/wp-json\/wp\/v2\/pages\/9306","targetHints":{"allow":["GET"]}}],"collection":[{"href":"https:\/\/dokan.co\/de\/wp-json\/wp\/v2\/pages"}],"about":[{"href":"https:\/\/dokan.co\/de\/wp-json\/wp\/v2\/types\/page"}],"author":[{"embeddable":true,"href":"https:\/\/dokan.co\/de\/wp-json\/wp\/v2\/users\/2"}],"replies":[{"embeddable":true,"href":"https:\/\/dokan.co\/de\/wp-json\/wp\/v2\/comments?post=9306"}],"version-history":[{"count":29,"href":"https:\/\/dokan.co\/de\/wp-json\/wp\/v2\/pages\/9306\/revisions"}],"predecessor-version":[{"id":489339,"href":"https:\/\/dokan.co\/de\/wp-json\/wp\/v2\/pages\/9306\/revisions\/489339"}],"up":[{"embeddable":true,"href":"https:\/\/dokan.co\/de\/wp-json\/wp\/v2\/pages\/472416"}],"wp:featuredmedia":[{"embeddable":true,"href":"https:\/\/dokan.co\/de\/wp-json\/wp\/v2\/media\/487108"}],"wp:attachment":[{"href":"https:\/\/dokan.co\/de\/wp-json\/wp\/v2\/media?parent=9306"}],"curies":[{"name":"wp","href":"https:\/\/api.w.org\/{rel}","templated":true}]}}