{"id":9308,"date":"2023-06-13T12:01:41","date_gmt":"2023-06-13T06:01:41","guid":{"rendered":"https:\/\/dokan.co\/?page_id=9308"},"modified":"2024-06-12T15:52:24","modified_gmt":"2024-06-12T09:52:24","slug":"testimonials","status":"publish","type":"page","link":"https:\/\/dokan.co\/de\/testimonials\/","title":{"rendered":"Referenzen"},"content":{"rendered":"<div class=\"wp-block-group alignfull ticss-a9b21d18 dco-ptm-64 dco-pbm-40 is-vertical is-content-justification-center is-layout-flex wp-container-core-group-is-layout-1b69a8be wp-block-group-is-layout-flex\" style=\"padding-top:var(--wp--preset--spacing--80);padding-bottom:12rem\">\n<h1 class=\"wp-block-heading has-text-align-center dco-m-text-3xl ticss-8e81dc8b has-foreground-color has-text-color\" style=\"padding-top:0;padding-right:0;padding-bottom:0;padding-left:0;font-size:clamp(1.802rem, 1.802rem + ((1vw - 0.2rem) * 2.405), 3.125rem);font-style:normal;font-weight:900\"><mark style=\"background-color:rgba(0, 0, 0, 0);color:#f1634c\" class=\"has-inline-color\">Dokan<\/mark> Referenzen<\/h1>\n<\/div>\n\n\n\n<div class=\"wp-block-group alignfull has-global-padding is-layout-constrained wp-container-core-group-is-layout-784e502a wp-block-group-is-layout-constrained\">\n<div class=\"wp-block-columns dco-mt-minus-112 is-layout-flex wp-container-core-columns-is-layout-28f84493 wp-block-columns-is-layout-flex\">\n<div class=\"wp-block-column is-layout-flow wp-block-column-is-layout-flow\">\n<div class=\"wp-block-group dco-shadow-sm has-background-background-color has-background is-layout-flow wp-block-group-is-layout-flow\" style=\"border-radius:5px;padding-top:45px;padding-right:45px;padding-bottom:45px;padding-left:45px\">\n<figure class=\"wp-block-image size-large is-resized\"><img decoding=\"async\" src=\"https:\/\/wedevs.com\/img\/dokan\/quote-icon.png\" alt=\"\" style=\"width:51px;height:37px\" data-no-translation=\"\" data-no-auto-translation=\"\"\/><\/figure>\n\n\n\n<p class=\"has-text-color has-small-font-size\" style=\"color:#758598\">So gut. Alles, was ich mir von diesem bestimmten Plugin gew\u00fcnscht habe, und noch viel mehr mit dem verf\u00fcgbaren Modul. Ich wollte, dass Geolocation hinzugef\u00fcgt wird, und sie waren so freundlich, dies zu \u00fcbernehmen und es zu meiner \u00dcberraschung innerhalb einer Woche fertigzustellen.<br>Das nenne ich kein kundenorientiertes Unternehmen.<br>VIELEN DANK EUCH!<\/p>\n\n\n\n<div class=\"wp-block-group is-nowrap is-layout-flex wp-container-core-group-is-layout-6c531013 wp-block-group-is-layout-flex\">\n<figure class=\"wp-block-image size-large is-resized is-style-rounded\"><img decoding=\"async\" src=\"https:\/\/cdn.wedevs.com\/uploads\/2018\/10\/73x73-1.png\" alt=\"\" style=\"width:67px;height:67px\" data-no-translation=\"\" data-no-auto-translation=\"\"\/><\/figure>\n\n\n\n<p><strong>Labdhee Mehta<\/strong><\/p>\n<\/div>\n<\/div>\n<\/div>\n\n\n\n<div class=\"wp-block-column is-layout-flow wp-block-column-is-layout-flow\">\n<div class=\"wp-block-group dco-shadow-sm has-background-background-color has-background is-layout-flow wp-block-group-is-layout-flow\" style=\"border-radius:5px;padding-top:45px;padding-right:45px;padding-bottom:45px;padding-left:45px\">\n<figure class=\"wp-block-image size-large is-resized\"><img decoding=\"async\" src=\"https:\/\/wedevs.com\/img\/dokan\/quote-icon.png\" alt=\"\" style=\"width:51px;height:37px\" data-no-translation=\"\" data-no-auto-translation=\"\"\/><\/figure>\n\n\n\n<p class=\"has-text-color has-small-font-size\" style=\"color:#758598\">Sie sind die beste Teamunterst\u00fctzung, ich hatte Probleme mit der arabischen \u00dcbersetzung und habe sie um Hilfe gebeten, und hier sind meine Punkte:<br>1. Reaktionsgeschwindigkeit<br>2. Sie sind sehr geduldig<br>3. klar<br>4. Sie werden Sie nicht verlassen, bevor sie Ihr Problem gel\u00f6st haben<br>Vielen Dank f\u00fcr euch<\/p>\n\n\n\n<div class=\"wp-block-group is-nowrap is-layout-flex wp-container-core-group-is-layout-6c531013 wp-block-group-is-layout-flex\">\n<figure class=\"wp-block-image size-large is-resized is-style-rounded\"><img decoding=\"async\" src=\"https:\/\/cdn.wedevs.com\/uploads\/2018\/10\/73x73.png\" alt=\"\" style=\"width:67px;height:67px\" data-no-translation=\"\" data-no-auto-translation=\"\"\/><\/figure>\n\n\n\n<p><strong>Maher Daoud<\/strong><\/p>\n<\/div>\n<\/div>\n<\/div>\n\n\n\n<div class=\"wp-block-column is-layout-flow wp-block-column-is-layout-flow\">\n<div class=\"wp-block-group dco-shadow-sm has-background-background-color has-background is-layout-flow wp-block-group-is-layout-flow\" style=\"border-radius:5px;padding-top:45px;padding-right:45px;padding-bottom:45px;padding-left:45px\">\n<figure class=\"wp-block-image size-large is-resized\"><img decoding=\"async\" src=\"https:\/\/wedevs.com\/img\/dokan\/quote-icon.png\" alt=\"\" style=\"width:51px;height:37px\" data-no-translation=\"\" data-no-auto-translation=\"\"\/><\/figure>\n\n\n\n<p class=\"has-text-color has-small-font-size\" style=\"color:#758598\">Das Plugin ist sowohl f\u00fcr K\u00e4ufer als auch f\u00fcr Verk\u00e4ufer wirklich gro\u00dfartig! Obwohl ich die kostenlose Version verwende und kleinere Funktionen nutzen kann, bin ich wirklich verliebt in die kostenlose Version des WeDevs-Teams. Ich kann die kostenpflichtige Version w\u00e4rmstens empfehlen \ud83d\ude42<\/p>\n\n\n\n<div class=\"wp-block-group is-nowrap is-layout-flex wp-container-core-group-is-layout-6c531013 wp-block-group-is-layout-flex\">\n<figure class=\"wp-block-image size-large is-resized is-style-rounded\"><img decoding=\"async\" src=\"https:\/\/wedevs.com\/img\/blog\/anonymous-user.png\" alt=\"\" style=\"width:67px;height:67px\" data-no-translation=\"\" data-no-auto-translation=\"\"\/><\/figure>\n\n\n\n<p><strong>shaonbd2020<\/strong><\/p>\n<\/div>\n<\/div>\n<\/div>\n<\/div>\n\n\n\n<div class=\"wp-block-columns is-layout-flex wp-container-core-columns-is-layout-28f84493 wp-block-columns-is-layout-flex\">\n<div class=\"wp-block-column is-layout-flow wp-block-column-is-layout-flow\">\n<div class=\"wp-block-group dco-shadow-sm has-background-background-color has-background is-layout-flow wp-block-group-is-layout-flow\" style=\"border-radius:5px;padding-top:45px;padding-right:45px;padding-bottom:45px;padding-left:45px\">\n<figure class=\"wp-block-image size-large is-resized\"><img decoding=\"async\" src=\"https:\/\/wedevs.com\/img\/dokan\/quote-icon.png\" alt=\"\" style=\"width:51px;height:37px\" data-no-translation=\"\" data-no-auto-translation=\"\"\/><\/figure>\n\n\n\n<p class=\"has-text-color has-small-font-size\" style=\"color:#758598\">Ich freue mich sehr, dieses Dokan-Plugin zu erhalten. Es vergr\u00f6\u00dfert meinen Kundenstamm und ich habe 40 Websites damit erstellt. Ich liebe dieses Plugin<\/p>\n\n\n\n<div class=\"wp-block-group is-nowrap is-layout-flex wp-container-core-group-is-layout-6c531013 wp-block-group-is-layout-flex\">\n<figure class=\"wp-block-image size-large is-resized is-style-rounded\"><img decoding=\"async\" src=\"https:\/\/wedevs.com\/img\/blog\/anonymous-user.png\" alt=\"\" style=\"width:67px;height:67px\" data-no-translation=\"\" data-no-auto-translation=\"\"\/><\/figure>\n\n\n\n<p><strong>arifur06<\/strong><\/p>\n<\/div>\n<\/div>\n<\/div>\n\n\n\n<div class=\"wp-block-column is-layout-flow wp-block-column-is-layout-flow\">\n<div class=\"wp-block-group dco-shadow-sm has-background-background-color has-background is-layout-flow wp-block-group-is-layout-flow\" style=\"border-radius:5px;padding-top:45px;padding-right:45px;padding-bottom:45px;padding-left:45px\">\n<figure class=\"wp-block-image size-large is-resized\"><img decoding=\"async\" src=\"https:\/\/wedevs.com\/img\/dokan\/quote-icon.png\" alt=\"\" style=\"width:51px;height:37px\" data-no-translation=\"\" data-no-auto-translation=\"\"\/><\/figure>\n\n\n\n<p class=\"has-text-color has-small-font-size\" style=\"color:#758598\">&#039;Nichts gesagt! \ud83d\ude42 Der Support ist auch gut und schnell, mein Problem wurde in weniger als 24 Stunden gel\u00f6st!<\/p>\n\n\n\n<div class=\"wp-block-group is-nowrap is-layout-flex wp-container-core-group-is-layout-6c531013 wp-block-group-is-layout-flex\">\n<figure class=\"wp-block-image size-large is-resized is-style-rounded\"><img decoding=\"async\" src=\"https:\/\/wedevs.com\/img\/blog\/anonymous-user.png\" alt=\"\" style=\"width:67px;height:67px\" data-no-translation=\"\" data-no-auto-translation=\"\"\/><\/figure>\n\n\n\n<p><strong>viriato_sueco<\/strong><\/p>\n<\/div>\n<\/div>\n<\/div>\n\n\n\n<div class=\"wp-block-column is-layout-flow wp-block-column-is-layout-flow\">\n<div class=\"wp-block-group dco-shadow-sm has-background-background-color has-background is-layout-flow wp-block-group-is-layout-flow\" style=\"border-radius:5px;padding-top:45px;padding-right:45px;padding-bottom:45px;padding-left:45px\">\n<figure class=\"wp-block-image size-large is-resized\"><img decoding=\"async\" src=\"https:\/\/wedevs.com\/img\/dokan\/quote-icon.png\" alt=\"\" style=\"width:51px;height:37px\" data-no-translation=\"\" data-no-auto-translation=\"\"\/><\/figure>\n\n\n\n<p class=\"has-text-color has-small-font-size\" style=\"color:#758598\">Hilfreiche Arbeit<br>Mostafijur<\/p>\n\n\n\n<div class=\"wp-block-group is-nowrap is-layout-flex wp-container-core-group-is-layout-6c531013 wp-block-group-is-layout-flex\">\n<figure class=\"wp-block-image size-large is-resized is-style-rounded\"><img decoding=\"async\" src=\"https:\/\/wedevs.com\/img\/blog\/anonymous-user.png\" alt=\"\" style=\"width:67px;height:67px\" data-no-translation=\"\" data-no-auto-translation=\"\"\/><\/figure>\n\n\n\n<p><strong>engrostafijur<\/strong><\/p>\n<\/div>\n<\/div>\n<\/div>\n<\/div>\n\n\n\n<div class=\"wp-block-columns is-layout-flex wp-container-core-columns-is-layout-28f84493 wp-block-columns-is-layout-flex\">\n<div class=\"wp-block-column is-layout-flow wp-block-column-is-layout-flow\">\n<div class=\"wp-block-group dco-shadow-sm has-background-background-color has-background is-layout-flow wp-block-group-is-layout-flow\" style=\"border-radius:5px;padding-top:45px;padding-right:45px;padding-bottom:45px;padding-left:45px\">\n<figure class=\"wp-block-image size-large is-resized\"><img decoding=\"async\" src=\"https:\/\/wedevs.com\/img\/dokan\/quote-icon.png\" alt=\"\" style=\"width:51px;height:37px\" data-no-translation=\"\" data-no-auto-translation=\"\"\/><\/figure>\n\n\n\n<p class=\"has-text-color has-small-font-size\" style=\"color:#758598\">Wir haben das Wc-Vendor-Plugin verwendet, aber jetzt verwenden wir das Dokan Multivendor-Plugin, aber Verk\u00e4ufer haben keinen Zugriff auf ihre Back-End-Funktionen wie das Hinzuf\u00fcgen von Produkten usw. Bitte beachten Sie dies<\/p>\n\n\n\n<div class=\"wp-block-group is-nowrap is-layout-flex wp-container-core-group-is-layout-6c531013 wp-block-group-is-layout-flex\">\n<figure class=\"wp-block-image size-large is-resized is-style-rounded\"><img decoding=\"async\" src=\"https:\/\/wedevs.com\/img\/blog\/anonymous-user.png\" alt=\"\" style=\"width:67px;height:67px\" data-no-translation=\"\" data-no-auto-translation=\"\"\/><\/figure>\n\n\n\n<p><strong>indianswan<\/strong><\/p>\n<\/div>\n<\/div>\n<\/div>\n\n\n\n<div class=\"wp-block-column is-layout-flow wp-block-column-is-layout-flow\">\n<div class=\"wp-block-group dco-shadow-sm has-background-background-color has-background is-layout-flow wp-block-group-is-layout-flow\" style=\"border-radius:5px;padding-top:45px;padding-right:45px;padding-bottom:45px;padding-left:45px\">\n<figure class=\"wp-block-image size-large is-resized\"><img decoding=\"async\" src=\"https:\/\/wedevs.com\/img\/dokan\/quote-icon.png\" alt=\"\" style=\"width:51px;height:37px\" data-no-translation=\"\" data-no-auto-translation=\"\"\/><\/figure>\n\n\n\n<p class=\"has-text-color has-small-font-size\" style=\"color:#758598\">Hervorragendes Plugin oder vollst\u00e4ndiger. Es gibt einige Schwierigkeiten beim \u00dcbersetzen, die daraus resultieren. Weil Sie also in der Kundenregion steckengeblieben sind, gibt es noch weitere Plugins, die Ihnen gefallen haben.<\/p>\n\n\n\n<div class=\"wp-block-group is-nowrap is-layout-flex wp-container-core-group-is-layout-6c531013 wp-block-group-is-layout-flex\">\n<figure class=\"wp-block-image size-large is-resized is-style-rounded\"><img decoding=\"async\" src=\"https:\/\/wedevs.com\/img\/blog\/anonymous-user.png\" alt=\"\" style=\"width:67px;height:67px\" data-no-translation=\"\" data-no-auto-translation=\"\"\/><\/figure>\n\n\n\n<p><strong>albertupload<\/strong><\/p>\n<\/div>\n<\/div>\n<\/div>\n\n\n\n<div class=\"wp-block-column is-layout-flow wp-block-column-is-layout-flow\">\n<div class=\"wp-block-group dco-shadow-sm has-background-background-color has-background is-layout-flow wp-block-group-is-layout-flow\" style=\"border-radius:5px;padding-top:45px;padding-right:45px;padding-bottom:45px;padding-left:45px\">\n<figure class=\"wp-block-image size-large is-resized\"><img decoding=\"async\" src=\"https:\/\/wedevs.com\/img\/dokan\/quote-icon.png\" alt=\"\" style=\"width:51px;height:37px\" data-no-translation=\"\" data-no-auto-translation=\"\"\/><\/figure>\n\n\n\n<p class=\"has-text-color has-small-font-size\" style=\"color:#758598\">Ich habe mehrere andere Multivendor-Plugins ausprobiert und die beste L\u00f6sung des weDevs-Teams hat mir gefallen. Mir gef\u00e4llt die professionelle und zeitnahe Unterst\u00fctzung. Ich habe den Kauf des Dokan PRO nicht bereut. Sehr empfehlenswert. Ein gro\u00dfes Lob an das Team!<\/p>\n\n\n\n<div class=\"wp-block-group is-nowrap is-layout-flex wp-container-core-group-is-layout-6c531013 wp-block-group-is-layout-flex\">\n<figure class=\"wp-block-image size-large is-resized is-style-rounded\"><img decoding=\"async\" src=\"https:\/\/wedevs.com\/img\/blog\/anonymous-user.png\" alt=\"\" style=\"width:67px;height:67px\" data-no-translation=\"\" data-no-auto-translation=\"\"\/><\/figure>\n\n\n\n<p><strong>Tjosh<\/strong><\/p>\n<\/div>\n<\/div>\n<\/div>\n<\/div>\n\n\n\n<div class=\"wp-block-columns is-layout-flex wp-container-core-columns-is-layout-28f84493 wp-block-columns-is-layout-flex\">\n<div class=\"wp-block-column is-layout-flow wp-block-column-is-layout-flow\">\n<div class=\"wp-block-group dco-shadow-sm has-background-background-color has-background is-layout-flow wp-block-group-is-layout-flow\" style=\"border-radius:5px;padding-top:45px;padding-right:45px;padding-bottom:45px;padding-left:45px\">\n<figure class=\"wp-block-image size-large is-resized\"><img decoding=\"async\" src=\"https:\/\/wedevs.com\/img\/dokan\/quote-icon.png\" alt=\"\" style=\"width:51px;height:37px\" data-no-translation=\"\" data-no-auto-translation=\"\"\/><\/figure>\n\n\n\n<p class=\"has-text-color has-small-font-size\" style=\"color:#758598\">Ich habe Dokan getestet und es scheint, dass es auch in puncto Features und Frontend-F\u00e4higkeiten kein Gegenst\u00fcck gibt.<\/p>\n\n\n\n<div class=\"wp-block-group is-nowrap is-layout-flex wp-container-core-group-is-layout-6c531013 wp-block-group-is-layout-flex\">\n<figure class=\"wp-block-image size-large is-resized is-style-rounded\"><img decoding=\"async\" src=\"https:\/\/wedevs.com\/img\/blog\/anonymous-user.png\" alt=\"\" style=\"width:67px;height:67px\" data-no-translation=\"\" data-no-auto-translation=\"\"\/><\/figure>\n\n\n\n<p><strong>shariq11<\/strong><\/p>\n<\/div>\n<\/div>\n<\/div>\n\n\n\n<div class=\"wp-block-column is-layout-flow wp-block-column-is-layout-flow\">\n<div class=\"wp-block-group dco-shadow-sm has-background-background-color has-background is-layout-flow wp-block-group-is-layout-flow\" style=\"border-radius:5px;padding-top:45px;padding-right:45px;padding-bottom:45px;padding-left:45px\">\n<figure class=\"wp-block-image size-large is-resized\"><img decoding=\"async\" src=\"https:\/\/wedevs.com\/img\/dokan\/quote-icon.png\" alt=\"\" style=\"width:51px;height:37px\" data-no-translation=\"\" data-no-auto-translation=\"\"\/><\/figure>\n\n\n\n<p class=\"has-text-color has-small-font-size\" style=\"color:#758598\">Es ist wunderbar, wie einfach die Einrichtung war. Und der Support ist sehr freundlich und hilfsbereit. Ich bekam alle Antworten auf alle meine Fragen, und wenn ich mit meinen F\u00e4higkeiten nicht weiterkomme, sagt mir der Support, was ich \u00e4ndern muss, und erkl\u00e4rt mir die Details. Ich m\u00f6chte mich besonders bei Mahbubur Rahman bei den Support-Teams bedanken, er ist sehr gut und freundlich. Er wei\u00df genau, was ich \u00e4ndern muss oder wo ich etwas finden kann. Sehr gut !! Danke Rahman!<\/p>\n\n\n\n<div class=\"wp-block-group is-nowrap is-layout-flex wp-container-core-group-is-layout-6c531013 wp-block-group-is-layout-flex\">\n<figure class=\"wp-block-image size-large is-resized is-style-rounded\"><img decoding=\"async\" src=\"https:\/\/wedevs.com\/img\/blog\/anonymous-user.png\" alt=\"\" style=\"width:67px;height:67px\" data-no-translation=\"\" data-no-auto-translation=\"\"\/><\/figure>\n\n\n\n<p><strong>Raavo<\/strong><\/p>\n<\/div>\n<\/div>\n<\/div>\n\n\n\n<div class=\"wp-block-column is-layout-flow wp-block-column-is-layout-flow\">\n<div class=\"wp-block-group dco-shadow-sm has-background-background-color has-background is-layout-flow wp-block-group-is-layout-flow\" style=\"border-radius:5px;padding-top:45px;padding-right:45px;padding-bottom:45px;padding-left:45px\">\n<figure class=\"wp-block-image size-large is-resized\"><img decoding=\"async\" src=\"https:\/\/wedevs.com\/img\/dokan\/quote-icon.png\" alt=\"\" style=\"width:51px;height:37px\" data-no-translation=\"\" data-no-auto-translation=\"\"\/><\/figure>\n\n\n\n<p class=\"has-text-color has-small-font-size\" style=\"color:#758598\">Das Dokan-Plugin ist gro\u00dfartig! Wenn Sie einen E-Commerce-Marktplatz aufbauen m\u00f6chten, sind Sie hier genau richtig. Ich habe mir viele Plugins angesehen, bis ich dieses gefunden habe, und dieses ist zweifellos das beste. Auch die Bereiche des Verk\u00e4ufer-Dashboards sind gut gestaltet und dieses Plugin bietet (fast) alles, was Sie brauchen, sofort einsatzbereit.<br>Auch ihre Unterst\u00fctzung ist wirklich gut. Wenn es ein Problem oder einen Fehler gibt, antworten sie sofort und haben bei Bedarf eine L\u00f6sung parat. Oft handelt es sich lediglich um eine benutzerdefinierte Einstellung, f\u00fcr deren Aktualisierung keine neue Version erforderlich ist. Daumen hoch f\u00fcr dieses Plugin.<\/p>\n\n\n\n<div class=\"wp-block-group is-nowrap is-layout-flex wp-container-core-group-is-layout-6c531013 wp-block-group-is-layout-flex\">\n<figure class=\"wp-block-image size-large is-resized is-style-rounded\"><img decoding=\"async\" src=\"https:\/\/wedevs.com\/img\/blog\/anonymous-user.png\" alt=\"\" style=\"width:67px;height:67px\" data-no-translation=\"\" data-no-auto-translation=\"\"\/><\/figure>\n\n\n\n<p><strong>upandit<\/strong><\/p>\n<\/div>\n<\/div>\n<\/div>\n<\/div>\n<\/div>\n\n\n\n<div class=\"wp-block-group alignfull has-global-padding is-layout-constrained wp-container-core-group-is-layout-b260d317 wp-block-group-is-layout-constrained\" style=\"margin-top:0;padding-top:6.2rem;padding-bottom:var(--wp--preset--spacing--60)\">\n<div class=\"wp-block-group ticss-e6880699 has-background is-layout-flow wp-block-group-is-layout-flow\" style=\"border-radius:30px;background-color:#171717;padding-top:4.69rem;padding-right:var(--wp--preset--spacing--30);padding-bottom:4.69rem;padding-left:var(--wp--preset--spacing--30)\">\n<h2 class=\"wp-block-heading has-text-align-center dco-m-text-3xl dco-m-br-hidden has-base-color has-text-color\" style=\"font-size:clamp(1.805rem, 1.805rem + ((1vw - 0.2rem) * 2.409), 3.13rem);font-style:normal;font-weight:900;line-height:1.2\">Beginnen Sie mit <br>Dokan<\/h2>\n\n\n\n<p class=\"has-text-align-center dco-m-br-hidden has-base-color has-text-color\">Wir sind hier, um Ihnen die richtigen Werkzeuge zur Verf\u00fcgung zu stellen, aber Sie sind derjenige, der es tut <br>Sie m\u00fcssen an Ihre F\u00e4higkeiten glauben und anfangen.<\/p>\n\n\n\n<div class=\"wp-block-buttons is-content-justification-center is-layout-flex wp-container-core-buttons-is-layout-a89b3969 wp-block-buttons-is-layout-flex\">\n<div class=\"wp-block-button btn-border-color-hover-dokan-cloud btn-color-hover-white\"><a class=\"wp-block-button__link has-base-color has-text-color wp-element-button\" href=\"https:\/\/dokan.co\/de\/wordpress\/pricing\/\" style=\"padding-right:2.5rem;padding-left:2.5rem\">Loslegen<\/a><\/div>\n<\/div>\n<\/div>\n<\/div>","protected":false},"excerpt":{"rendered":"<p>Dokan Testimonials So good. Everything I wanted for this certain plugin to do and a lot more with the module available. I wanted Geolocation to be added and they were kind enough to take it up and get it done in 1 week to my surprise.That&#8217;t what I call a customer centric company.THANK YOU SO [&hellip;]<\/p>\n","protected":false},"author":2,"featured_media":487113,"parent":0,"menu_order":0,"comment_status":"closed","ping_status":"closed","template":"page-dokan-wordpress","meta":{"footnotes":""},"class_list":["post-9308","page","type-page","status-publish","has-post-thumbnail","hentry"],"_links":{"self":[{"href":"https:\/\/dokan.co\/de\/wp-json\/wp\/v2\/pages\/9308","targetHints":{"allow":["GET"]}}],"collection":[{"href":"https:\/\/dokan.co\/de\/wp-json\/wp\/v2\/pages"}],"about":[{"href":"https:\/\/dokan.co\/de\/wp-json\/wp\/v2\/types\/page"}],"author":[{"embeddable":true,"href":"https:\/\/dokan.co\/de\/wp-json\/wp\/v2\/users\/2"}],"replies":[{"embeddable":true,"href":"https:\/\/dokan.co\/de\/wp-json\/wp\/v2\/comments?post=9308"}],"version-history":[{"count":18,"href":"https:\/\/dokan.co\/de\/wp-json\/wp\/v2\/pages\/9308\/revisions"}],"predecessor-version":[{"id":484648,"href":"https:\/\/dokan.co\/de\/wp-json\/wp\/v2\/pages\/9308\/revisions\/484648"}],"wp:featuredmedia":[{"embeddable":true,"href":"https:\/\/dokan.co\/de\/wp-json\/wp\/v2\/media\/487113"}],"wp:attachment":[{"href":"https:\/\/dokan.co\/de\/wp-json\/wp\/v2\/media?parent=9308"}],"curies":[{"name":"wp","href":"https:\/\/api.w.org\/{rel}","templated":true}]}}