{"id":474773,"date":"2023-08-18T19:03:18","date_gmt":"2023-08-18T13:03:18","guid":{"rendered":"https:\/\/dokan.co\/?page_id=474773"},"modified":"2023-08-23T08:58:49","modified_gmt":"2023-08-23T02:58:49","slug":"affiliate-terms-and-conditions","status":"publish","type":"page","link":"https:\/\/dokan.co\/es\/affiliate-terms-and-conditions\/","title":{"rendered":"T\u00e9rminos y condiciones de afiliados"},"content":{"rendered":"<div class=\"wp-block-group alignfull has-global-padding is-layout-constrained wp-container-core-group-is-layout-bed9fd30 wp-block-group-is-layout-constrained\">\n<div style=\"height:20px\" aria-hidden=\"true\" class=\"wp-block-spacer\"><\/div>\n\n\n\n<h1 class=\"wp-block-heading has-text-align-center\" style=\"font-size:clamp(2.2rem, 2.2rem + ((1vw - 0.2rem) * 3.273), 4rem);\"><strong>T\u00e9rminos y condiciones de afiliados<\/strong><\/h1>\n\n\n\n<div style=\"height:20px\" aria-hidden=\"true\" class=\"wp-block-spacer\"><\/div>\n\n\n\n<h2 class=\"wp-block-heading has-large-font-size\"><strong>\u00bfComo funciona?<\/strong><\/h2>\n\n\n\n<p>Como miembro afiliado, usted es una parte integral de nuestro equipo de ventas. Gana comisiones por cada persona que recomiendes y que realice una compra. Cuantas m\u00e1s referencias generes, mayor ser\u00e1 tu potencial de ingresos.&nbsp;<\/p>\n\n\n\n<h2 class=\"wp-block-heading has-large-font-size\"><strong>\u00bfDokan acepta afiliaci\u00f3n a sitios de cupones?<\/strong><\/h2>\n\n\n\n<p>\u00a1No! Dokan no acepta afiliaci\u00f3n a sitios de cupones porque no generan tr\u00e1fico nuevo para Dokan. Supongamos que alguien viene a Dokan. Luego buscan &quot;c\u00f3digo de cup\u00f3n de Dokan&quot;. Van al sitio de cupones y regresan a Dokan a trav\u00e9s de su referencia. Por lo tanto, en realidad no est\u00e1 recomendando nuestro producto a los visitantes. Nunca aceptamos referencias de sitios de cupones.<\/p>\n\n\n\n<h2 class=\"wp-block-heading has-large-font-size\"><strong>\u00bfC\u00f3mo promociono Dokan?<\/strong><\/h2>\n\n\n\n<p>El m\u00e1s popular es vincular a nuestro sitio con un anuncio publicitario o un enlace de texto. Le proporcionamos varios ejemplos y anuncios publicitarios para que le resulte f\u00e1cil comenzar de inmediato.<\/p>\n\n\n\n<h2 class=\"wp-block-heading has-large-font-size\"><strong>\u00bfQu\u00e9 tan r\u00e1pido puedo comenzar?<\/strong><\/h2>\n\n\n\n<p>Depende de qu\u00e9 tan r\u00e1pido puedas escribir. Nuestra breve solicitud solo toma un minuto en completarse y usted ser\u00e1 aprobado instant\u00e1neamente en nuestro programa. Desde su cuenta de afiliado, tendr\u00e1 acceso a nuestra biblioteca de banners que est\u00e1n integrados con su c\u00f3digo de seguimiento \u00fanico. As\u00ed es como podremos saber si una referencia proviene de usted o de otra persona.<\/p>\n\n\n\n<h2 class=\"wp-block-heading has-large-font-size\"><strong>\u00bfCu\u00e1nto dinero puedo ganar?<\/strong><\/h2>\n\n\n\n<p>Ofrecemos una comisi\u00f3n de 20% por cada venta exitosa. No hay l\u00edmite en la cantidad que puedes ganar cada mes. Cuanto m\u00e1s trabajes para promocionarnos, m\u00e1s posibilidades tendr\u00e1s de ganar m\u00e1s dinero.<\/p>\n\n\n\n<h2 class=\"wp-block-heading has-large-font-size\"><strong>\u00bfC\u00f3mo funciona el programa?<\/strong><\/h2>\n\n\n\n<p>Por ejemplo, digamos que la persona A ve un anuncio publicitario de Dokan en su sitio. Hacen clic en \u00e9l y compran uno de nuestros complementos para $199. Ganar\u00e1s $39.8 como comisi\u00f3n (20%). La comisi\u00f3n o el pedido deben tener 30 d\u00edas de antig\u00fcedad para retirar la comisi\u00f3n.<\/p>\n\n\n\n<h2 class=\"wp-block-heading has-large-font-size\"><strong>\u00bfC\u00f3mo sabr\u00e9 si gan\u00e9 una comisi\u00f3n?<\/strong><\/h2>\n\n\n\n<p>Se le notificar\u00e1 instant\u00e1neamente por correo electr\u00f3nico cuando se haya realizado una venta. Todo lo que necesita hacer es seguir los pasos a continuaci\u00f3n y luego colocar anuncios de texto o pancartas en su sitio web con su identificaci\u00f3n de afiliado. \u00a1Es as\u00ed de f\u00e1cil y no cuesta nada unirse! Incluso tenemos an\u00e1lisis gratuitos para que pueda ver cu\u00e1ntos clics est\u00e1 generando.<\/p>\n\n\n\n<h2 class=\"wp-block-heading has-large-font-size\"><strong>\u00bfC\u00f3mo me pagan?<\/strong><\/h2>\n\n\n\n<p>Todos los pagos de afiliados se realizan a trav\u00e9s de PayPal. Si no tiene una cuenta PayPal, reg\u00edstrese para obtener una primero. Por lo general, les toma unos d\u00edas verificar su informaci\u00f3n. Tambi\u00e9n debe asegurarse de que su m\u00e9todo de pago y direcci\u00f3n de correo electr\u00f3nico de PayPal est\u00e9n ingresados correctamente en su cuenta de afiliado de weDevs. Cualquier cuenta configurada incorrectamente no recibir\u00e1 pago por ese ciclo.<\/p>\n\n\n\n<h2 class=\"wp-block-heading has-large-font-size\"><strong>\u00bfCu\u00e1ndo se realizan los pagos?<\/strong><\/h2>\n\n\n\n<p>Al final de cada mes, elaboramos un informe para ver cu\u00e1ntas ventas de afiliados se realizaron. Cada transacci\u00f3n se audita manualmente debido a un aumento en el fraude de afiliados. Suponiendo que sus comisiones de afiliado sean v\u00e1lidas (consulte \u201cHice una venta pero no me pagaron\u201d a continuaci\u00f3n), los pagos del mes anterior se enviar\u00e1n a su cuenta PayPal a finales del mes siguiente. Por ejemplo, si tuvo tres ventas en septiembre, se le pagar\u00e1 antes del 31 de octubre. El monto m\u00ednimo de pago es $300.<\/p>\n\n\n\n<h2 class=\"wp-block-heading has-large-font-size\"><strong>\u00bfPuedo ganar comisiones por mis propias compras?<\/strong><\/h2>\n\n\n\n<p>No. No recibir\u00e1s cr\u00e9dito al comprar uno o m\u00e1s productos a trav\u00e9s de tu propio enlace de afiliado. Es posible que reciba una notificaci\u00f3n autom\u00e1tica de nuestra parte para informarle que se ha producido una venta, pero su pago de afiliado no incluir\u00e1 esta cantidad. As\u00ed que no hagas perder el tiempo e intentes ser enga\u00f1oso usando otra direcci\u00f3n de correo electr\u00f3nico u otro m\u00e9todo inteligente. Es f\u00e1cil decirnos si alguien compr\u00f3 nuestros productos a trav\u00e9s de su enlace de afiliado.&nbsp;<\/p>\n\n\n\n<p>En pocas palabras: si hay alguna duda sobre la legitimidad de la venta de afiliado, no se le pagar\u00e1.<\/p>\n\n\n\n<h2 class=\"wp-block-heading has-large-font-size\"><strong>\u00bfPuedo ganar comisiones por las actualizaciones de productos?<\/strong><\/h2>\n\n\n\n<p>Lamentablemente, no ofrecemos ninguna comisi\u00f3n por actualizaciones y renovaciones de licencias.<\/p>\n\n\n\n<h2 class=\"wp-block-heading has-large-font-size\"><strong>\u00bfCu\u00e1nto dura la recomendaci\u00f3n de afiliado?<\/strong><\/h2>\n\n\n\n<p>Cada vez que un visitante hace clic en su enlace de afiliado, se establece una cookie de 30 d\u00edas. Si realizan una compra dentro de esos 30 d\u00edas (y no borran sus cookies), obtendr\u00e1s cr\u00e9dito por la venta.<\/p>\n\n\n\n<h2 class=\"wp-block-heading has-large-font-size\"><strong>\u00bfC\u00f3mo funciona la cookie de afiliado?<\/strong><\/h2>\n\n\n\n<p>Cuando alguien hace clic en su enlace de afiliado, es redirigido a nuestro sitio web y se establece una cookie (affwp_ref) con su identificaci\u00f3n de afiliado. Siempre que no borren sus cookies o hagan clic en otro enlace de afiliado antes de pagar, se le acreditar\u00e1 la venta. Lo que sucede ocasionalmente es que una persona hace clic en su enlace de afiliado, es redirigida a nuestro sitio web y, antes de pagar, busca en Google un c\u00f3digo de cup\u00f3n.<\/p>\n\n\n\n<p>Si el usuario ya tiene una cookie configurada para nuestro sitio, eso significa que alguien lleg\u00f3 a nuestro sitio desde un enlace de afiliado hace 2 d\u00edas y est\u00e1 investigando m\u00e1s sobre nuestros productos en diferentes sitios, luego va a otro sitio que tiene un enlace de afiliado para nosotros tambi\u00e9n. Habr\u00e1 una cookie que se configur\u00f3 hace 2 d\u00edas. No se colocar\u00e1 la nueva cookie de afiliado. Eso significa que s\u00f3lo el primer referente recibir\u00e1 la comisi\u00f3n.<\/p>\n\n\n\n<h2 class=\"wp-block-heading has-large-font-size\"><strong>\u00bfPuedo utilizar la b\u00fasqueda paga para promocionar Dokan?<\/strong><\/h2>\n\n\n\n<p>S\u00ed, pero existen algunas limitaciones. Recomendamos anunciarse en sitios como Google, Yahoo, Bing y Facebook siempre que se respete las siguientes pautas. No puede anunciarse con palabras clave relacionadas con la marca Dokan, como \u201cDokan\u201d, \u201cDokan Multivendor\u201d, \u201cDokan Plugin\u201d, \u201cDokan Marketplace\u201d o cualquier otra variaci\u00f3n de la marca Dokan. Sin embargo, puede utilizar t\u00e9rminos recomendados como \u201cComplemento de m\u00faltiples proveedores de WordPress\u201d, \u201cComplemento de WordPress Marketplace\u201d, \u201cComplemento de m\u00faltiples proveedores\u201d, etc. Todas las ventas de afiliados generadas durante el mes mientras se publique publicidad en palabras clave de la marca Dokan se anular\u00e1n y no se pagar\u00e1n comisiones. .<\/p>\n\n\n\n<h2 class=\"wp-block-heading has-large-font-size\"><strong>\u00bfPuedo crear un sitio web dedicado a promocionar Dokan?<\/strong><\/h2>\n\n\n\n<p>T\u00e9cnicamente s\u00ed, pero no puede utilizar nombres de dominio con palabras clave relacionadas con la marca Dokan (es decir, dokan-plugin.com, dokan-coupons.net, etc.) con el \u00fanico fin de realizar clics de afiliados. Tampoco puede enga\u00f1ar a los visitantes con URL enmascaradas y\/o enlaces con c\u00f3digos de cup\u00f3n inexactos (haga clic en m\u00ed para desactivar 20%). Este tipo de sitios web no solo van en contra de nuestros t\u00e9rminos de afiliados, sino que tambi\u00e9n es probable que Google los considere esquemas de enlaces. Cualquier venta de afiliados realizada a trav\u00e9s de estos sitios dedicados a palabras clave relacionadas con la marca Dokan y\/o c\u00f3digos de cup\u00f3n enga\u00f1osos se anular\u00e1 y no se pagar\u00e1.<\/p>\n\n\n\n<h2 class=\"wp-block-heading has-large-font-size\"><strong>Hice una venta pero no me pagaron<\/strong><\/h2>\n\n\n\n<p>Si realiz\u00f3 una venta pero nunca recibi\u00f3 el pago, es probable que se haya anulado seg\u00fan nuestra auditor\u00eda o que su cuenta de afiliado est\u00e9 incompleta. Debemos tener un m\u00ednimo de su nombre completo, direcci\u00f3n de correo electr\u00f3nico, pa\u00eds, formulario de impuestos completo en el archivo y su &quot;M\u00e9todo de pago&quot; configurado en la p\u00e1gina &quot;Detalles de pago&quot;. Si sospechamos de una venta de afiliado fraudulenta, no se pagar\u00e1 la comisi\u00f3n y el afiliado corre el riesgo de perder su cuenta de afiliado. Si olvid\u00f3 configurar su \u201cM\u00e9todo de pago\u201d y ya pag\u00f3 las comisiones de ese mes, se le pagar\u00e1 el mes siguiente. Ocasionalmente cometemos errores, por lo que si tiene un caso v\u00e1lido, env\u00ede un mensaje a nuestro equipo de soporte incluyendo los detalles de su transacci\u00f3n. Las transacciones impagas de m\u00e1s de 60 d\u00edas no se pueden disputar.<\/p>\n\n\n\n<h2 class=\"wp-block-heading has-large-font-size\"><strong>Monto m\u00ednimo de pago<\/strong><\/h2>\n\n\n\n<p>Pagamos a nuestros socios afiliados una vez al mes. Se requiere un cr\u00e9dito m\u00ednimo de $300USD para recibir el pago<\/p>\n\n\n\n<h2 class=\"wp-block-heading has-large-font-size\"><strong>\u00bfPor qu\u00e9 necesito enviar un formulario de impuestos?<\/strong><\/h2>\n\n\n\n<p>Al ser una empresa estadounidense, estamos obligados legalmente a cobrar un W-9 (afiliado estadounidense) o un W-8BEN (afiliado no estadounidense) antes de que se paguen las comisiones de afiliado. No es necesario tener un formulario de impuestos archivado para activar y promocionar nuestros productos; sin embargo, lo tendr\u00e1 antes de que se le paguen las comisiones de afiliado. La buena noticia es que s\u00f3lo tienes que hacerlo una vez y tardar\u00e1 menos de 5 minutos en completarse. No utiliza papel y tambi\u00e9n se puede firmar digitalmente. Sin la molestia de tener que completarlo, imprimirlo, firmarlo, escanearlo y enviarlo de vuelta. Ah, \u00bfy mencionamos que salva \u00e1rboles?<\/p>\n\n\n\n<p>As\u00ed es como funciona. Si gan\u00f3 $500 o m\u00e1s durante el a\u00f1o actual, presentaremos un 1099-MISC que incluye sus ganancias de afiliado. Sin este formulario archivado, no podemos procesar sus comisiones de afiliado; sin embargo, continuar\u00e1 acumulando ventas mientras tanto. Tenga en cuenta que si no env\u00eda un formulario de impuestos completo antes del 31 de diciembre (del a\u00f1o en curso), perder\u00e1 todas las comisiones de afiliado obtenidas durante ese a\u00f1o. Si a\u00fan no nos ha enviado su formulario de impuestos, inicie sesi\u00f3n en su cuenta de afiliado y luego haga clic en &quot;Detalles de pago&quot; para obtener instrucciones sobre c\u00f3mo proceder.<\/p>\n\n\n\n<h2 class=\"wp-block-heading has-large-font-size\"><strong>Hice una venta pero ahora aparece como cr\u00e9dito<\/strong><\/h2>\n\n\n\n<p>Por lo general, esto significa que la compra de uno de nuestros productos se revirti\u00f3 debido a una transacci\u00f3n fraudulenta. Nuestra pasarela de pago reembolsa autom\u00e1ticamente el dinero, lo que significa que tambi\u00e9n se devuelve la comisi\u00f3n que gan\u00f3. Lo sabemos, apesta y ambos salimos perdiendo. Tambi\u00e9n podr\u00eda significar que la venta de afiliado se revirti\u00f3 porque no se realiz\u00f3 siguiendo nuestras pautas de afiliados.<\/p>\n\n\n\n<h2 class=\"wp-block-heading has-large-font-size\"><strong>\u00bfPuedo promocionar Dokan en los foros?<\/strong><\/h2>\n\n\n\n<p>Eso es un gran no, lo siento. No queremos que todos env\u00eden spam a los foros o creen firmas de perfil integradas con enlaces de afiliados. El acceso al foro es un privilegio, as\u00ed que no nos haga advertirle dos veces, de lo contrario tendremos que cancelar su cuenta de afiliado. Esto tambi\u00e9n puede incluir la retenci\u00f3n de cualquier pago pendiente. S\u00f3lo comp\u00f3rtate, \u00bfvale?<\/p>\n\n\n\n<h2 class=\"wp-block-heading has-large-font-size\"><strong>Ideas de promoci\u00f3n<\/strong><\/h2>\n\n\n\n<p>Lo bueno de los programas de afiliados es que puedes ser tan creativo como quieras. La mayor\u00eda de las personas toman el camino f\u00e1cil, que consiste simplemente en colocar banners de afiliados en su sitio y esperar que alguien finalmente haga clic en ellos. Si bien esto est\u00e1 bien, no siempre es el m\u00e9todo m\u00e1s eficaz. Perm\u00edtanos brindarle algunos consejos de marketing interno que hemos aprendido de nuestros a\u00f1os de experiencia como afiliado en l\u00ednea.<\/p>\n\n\n\n<p>Adopte un enfoque doble al promocionar Dokan. Utilice pancartas en su sitio pero tambi\u00e9n aproveche el poder de una publicaci\u00f3n de blog. Escribir una rese\u00f1a sobre Dokan no s\u00f3lo generar\u00e1 m\u00e1s tr\u00e1fico a su sitio, sino que tambi\u00e9n tendr\u00e1 10 veces m\u00e1s probabilidades de generar una venta de afiliado. \u00bfPor qu\u00e9? Porque la gente busca en la web rese\u00f1as de productos antes de comprarlos. Ya est\u00e1n en modo de compra y si su rese\u00f1a los convence lo suficiente, har\u00e1n clic en SU enlace de afiliado para comprar Dokan. Por supuesto, haz tus rese\u00f1as honestas y cu\u00e9ntales por qu\u00e9 amas tanto a Dokan.<\/p>\n\n\n\n<h2 class=\"wp-block-heading has-large-font-size\"><strong>Legal<\/strong><\/h2>\n\n\n\n<p>Dokan se reserva el derecho de rechazar pagos, suspender cuentas y\/o cancelar cualquier cuenta de usuario afiliado sin previo aviso. Esto puede deberse a uno o varios de los siguientes motivos: 1) Proporcionar informaci\u00f3n falsa y\/o enga\u00f1osa sobre los c\u00f3digos de descuento de Dokan 2) Ejecutar campa\u00f1as de marketing de motores de b\u00fasqueda pagados (es decir, Google Ads) sobre las palabras clave relacionadas con la marca Dokan mencionadas anteriormente 3) Usar granjas de enlaces, enviar spam a foros\/sitios web y\/o participar en cualquier acto il\u00edcito para dirigir el tr\u00e1fico hacia sus enlaces de afiliados. Cualquier afiliado dado de baja con pagos pendientes del mes en curso no ser\u00e1 distribuido. Todas las decisiones son definitivas y las cuentas canceladas o suspendidas no se revocar\u00e1n.<\/p>\n\n\n\n<p>\u00bfListo para registrarse como afiliado? <a href=\"https:\/\/affiliates.dokan.co\/login\/\">Registrate aqu\u00ed<\/a><\/p>\n\n\n\n<p>Si tiene alguna pregunta, no dude en utilizar nuestro <a href=\"https:\/\/dokan.co\/es\/contact\/\">Formulario de contacto<\/a>.<\/p>\n\n\n\n<div style=\"height:100px\" aria-hidden=\"true\" class=\"wp-block-spacer\"><\/div>\n<\/div>","protected":false},"excerpt":{"rendered":"<p>Affiliate Terms And Conditions How Does it Work? As an affiliate member, you&#8217;re an integral part of our sales team. Earn commissions for each person you refer who makes a purchase. The more referrals you generate, the greater your earning potential.&nbsp; Does Dokan accept coupon site affiliation? No! Dokan does not accept coupon site affiliation [&hellip;]<\/p>\n","protected":false},"author":17,"featured_media":0,"parent":0,"menu_order":0,"comment_status":"closed","ping_status":"closed","template":"","meta":{"footnotes":""},"class_list":["post-474773","page","type-page","status-publish","hentry"],"_links":{"self":[{"href":"https:\/\/dokan.co\/es\/wp-json\/wp\/v2\/pages\/474773","targetHints":{"allow":["GET"]}}],"collection":[{"href":"https:\/\/dokan.co\/es\/wp-json\/wp\/v2\/pages"}],"about":[{"href":"https:\/\/dokan.co\/es\/wp-json\/wp\/v2\/types\/page"}],"author":[{"embeddable":true,"href":"https:\/\/dokan.co\/es\/wp-json\/wp\/v2\/users\/17"}],"replies":[{"embeddable":true,"href":"https:\/\/dokan.co\/es\/wp-json\/wp\/v2\/comments?post=474773"}],"version-history":[{"count":3,"href":"https:\/\/dokan.co\/es\/wp-json\/wp\/v2\/pages\/474773\/revisions"}],"predecessor-version":[{"id":475011,"href":"https:\/\/dokan.co\/es\/wp-json\/wp\/v2\/pages\/474773\/revisions\/475011"}],"wp:attachment":[{"href":"https:\/\/dokan.co\/es\/wp-json\/wp\/v2\/media?parent=474773"}],"curies":[{"name":"gracias","href":"https:\/\/api.w.org\/{rel}","templated":true}]}}