{"id":508171,"date":"2026-02-18T12:58:39","date_gmt":"2026-02-18T06:58:39","guid":{"rendered":"https:\/\/dokan.co\/?page_id=508171"},"modified":"2026-04-08T10:17:01","modified_gmt":"2026-04-08T04:17:01","slug":"just-for-test","status":"publish","type":"page","link":"https:\/\/dokan.co\/es\/just-for-test\/","title":{"rendered":"\u2026"},"content":{"rendered":"<div class=\"wp-block-group alignwide has-background is-layout-flow wp-block-group-is-layout-flow\" style=\"border-radius:24px;background:linear-gradient(78deg,rgba(244,125,250,0.2) 0%,rgb(162,107,252) 38%,rgb(123,41,254) 63%,rgba(255,255,255,0.7) 100%);margin-top:72px;padding-top:4px;padding-right:4px;padding-bottom:4px;padding-left:4px\">\n<div class=\"wp-block-group has-contrast-color has-base-background-color has-text-color has-background has-link-color brcss-9116bb62-mhx8rvpb wp-elements-f81dbea6e5fc94142e6a90d2bdd157d0 is-layout-flow wp-block-group-is-layout-flow\" style=\"border-radius:21px;padding-top:36px;padding-right:36px;padding-bottom:36px;padding-left:36px\">\n<div class=\"wp-block-columns is-layout-flex wp-container-core-columns-is-layout-1ee28176 wp-block-columns-is-layout-flex\">\n<div class=\"wp-block-column is-layout-flow wp-block-column-is-layout-flow\" style=\"flex-basis:33.33%\">\n<div class=\"wp-block-group is-layout-flow wp-block-group-is-layout-flow\">\n<div class=\"wp-block-group is-nowrap is-layout-flex wp-container-core-group-is-layout-bd657856 wp-block-group-is-layout-flex\">\n<p style=\"line-height:1.4\">Precio normal: <s>$2495<\/s><\/p>\n\n\n\n<p class=\"has-contrast-color has-text-color has-background has-link-color wp-elements-5d43301728603a7e6885778fdd2fb3fe\" style=\"border-radius:35px;background-color:#e8a9ff;padding-top:8px;padding-right:12px;padding-bottom:8px;padding-left:12px;font-size:14px;line-height:1.3\">45% APAGADO<\/p>\n<\/div>\n\n\n\n<p class=\"has-poppins-font-family\" style=\"margin-top:9px;font-size:clamp(34.313px, 2.145rem + ((1vw - 3.2px) * 3.146), 62px);font-style:normal;font-weight:700;line-height:1.25\">$1372<\/p>\n\n\n\n<p class=\"has-contrast-color has-text-color has-link-color wp-elements-a5f3f8299f41f50d7abcf1746d117579\" style=\"font-size:clamp(14px, 0.875rem + ((1vw - 3.2px) * 0.227), 16px);line-height:1.3\">Pago \u00fanico. Sin cargos futuros. Nunca.<\/p>\n\n\n\n<h4 class=\"wp-block-heading has-poppins-font-family\" style=\"font-size:clamp(15.747px, 0.984rem + ((1vw - 3.2px) * 0.938), 24px);font-style:normal;font-weight:600;line-height:1.3\">Lo que obtienes:<\/h4>\n\n\n\n<div class=\"wp-block-group is-vertical is-layout-flex wp-container-core-group-is-layout-3ec2841e wp-block-group-is-layout-flex\">\n<div class=\"wp-block-columns are-vertically-aligned-center is-not-stacked-on-mobile is-layout-flex wp-container-core-columns-is-layout-6db7e666 wp-block-columns-is-layout-flex\">\n<div class=\"wp-block-column is-vertically-aligned-center is-layout-flow wp-block-column-is-layout-flow\" style=\"flex-basis:28px\">\n<figure class=\"wp-block-image size-large\"><img loading=\"lazy\" decoding=\"async\" width=\"28\" height=\"28\" src=\"https:\/\/dokan.co\/app\/uploads\/2025\/11\/circle-check-bf.svg\" alt=\"\" class=\"wp-image-506090\" data-no-translation=\"\" data-no-auto-translation=\"\"\/><\/figure>\n<\/div>\n\n\n\n<div class=\"wp-block-column is-vertically-aligned-center is-layout-flow wp-block-column-is-layout-flow\">\n<p><a href=\"#features\">Todos los m\u00f3dulos y funciones<\/a><\/p>\n<\/div>\n<\/div>\n\n\n\n<div class=\"wp-block-columns are-vertically-aligned-center is-not-stacked-on-mobile is-layout-flex wp-container-core-columns-is-layout-6db7e666 wp-block-columns-is-layout-flex\">\n<div class=\"wp-block-column is-vertically-aligned-center is-layout-flow wp-block-column-is-layout-flow\" style=\"flex-basis:28px\">\n<figure class=\"wp-block-image size-large\"><img loading=\"lazy\" decoding=\"async\" width=\"28\" height=\"28\" src=\"https:\/\/dokan.co\/app\/uploads\/2025\/11\/circle-check-bf.svg\" alt=\"\" class=\"wp-image-506090\" data-no-translation=\"\" data-no-auto-translation=\"\"\/><\/figure>\n<\/div>\n\n\n\n<div class=\"wp-block-column is-vertically-aligned-center is-layout-flow wp-block-column-is-layout-flow\">\n<p>Licencia para 10 sitios<\/p>\n<\/div>\n<\/div>\n\n\n\n<div class=\"wp-block-columns are-vertically-aligned-center is-not-stacked-on-mobile is-layout-flex wp-container-core-columns-is-layout-6db7e666 wp-block-columns-is-layout-flex\">\n<div class=\"wp-block-column is-vertically-aligned-center is-layout-flow wp-block-column-is-layout-flow\" style=\"flex-basis:28px\">\n<figure class=\"wp-block-image size-large\"><img loading=\"lazy\" decoding=\"async\" width=\"28\" height=\"28\" src=\"https:\/\/dokan.co\/app\/uploads\/2025\/11\/circle-check-bf.svg\" alt=\"\" class=\"wp-image-506090\" data-no-translation=\"\" data-no-auto-translation=\"\"\/><\/figure>\n<\/div>\n\n\n\n<div class=\"wp-block-column is-vertically-aligned-center is-layout-flow wp-block-column-is-layout-flow\">\n<p>Soporte de por vida<\/p>\n<\/div>\n<\/div>\n<\/div>\n\n\n\n<div class=\"wp-block-group is-layout-flow wp-block-group-is-layout-flow\" style=\"margin-top:42px\">\n<div class=\"wp-block-group is-content-justification-space-between is-nowrap is-layout-flex wp-container-core-group-is-layout-cb46ffcb wp-block-group-is-layout-flex\">\n<p style=\"font-size:14px\">Ofertas limitadas disponibles<\/p>\n\n\n\n<p style=\"font-size:14px\">43% reclamado<\/p>\n<\/div>\n\n\n\n<div class=\"wp-block-group has-background is-layout-flow wp-block-group-is-layout-flow\" style=\"border-radius:35px;background-color:#5d4b96;min-height:8px;margin-top:10px\">\n<div class=\"wp-block-group ticss-9eeb1eb4 brcss-9d1d73d8-mnpjcmoe is-layout-flow wp-block-group-is-layout-flow\" style=\"border-radius:35px;min-height:8px\"><\/div>\n<\/div>\n<\/div>\n<\/div>\n<\/div>\n\n\n\n<div class=\"wp-block-column is-layout-flow wp-block-column-is-layout-flow\" style=\"flex-basis:66.66%\">\n<div class=\"wp-block-group brcss-7270e244-mhx7q7oj is-layout-flow wp-block-group-is-layout-flow\">\n<h4 class=\"wp-block-heading has-poppins-font-family\" style=\"font-size:clamp(15.747px, 0.984rem + ((1vw - 3.2px) * 0.938), 24px);font-style:normal;font-weight:600;line-height:1.3\">Complementos exclusivos de aniversario<\/h4>\n\n\n\n<div class=\"wp-block-group is-nowrap is-layout-flex wp-container-core-group-is-layout-8c8b4515 wp-block-group-is-layout-flex\" style=\"margin-top:24px\">\n<p class=\"has-contrast-color has-text-color has-background has-link-color wp-elements-1d0765e02ce419fab91a52782a2bb4a1\" style=\"border-radius:35px;background-color:#fff5a9;padding-top:8px;padding-right:12px;padding-bottom:8px;padding-left:12px;font-size:14px;line-height:1.3\">Valor total superior a 5.000<\/p>\n<\/div>\n\n\n\n<div class=\"wp-block-group brcss-4492e451-mhx8oiv2 is-vertical is-layout-flex wp-container-core-group-is-layout-e2375b82 wp-block-group-is-layout-flex\" style=\"margin-top:36px\">\n<div class=\"wp-block-columns are-vertically-aligned-center is-not-stacked-on-mobile is-layout-flex wp-container-core-columns-is-layout-6db7e666 wp-block-columns-is-layout-flex\">\n<div class=\"wp-block-column is-vertically-aligned-center is-layout-flow wp-block-column-is-layout-flow\" style=\"flex-basis:28px\">\n<figure class=\"wp-block-image size-large is-resized\"><img loading=\"lazy\" decoding=\"async\" width=\"28\" height=\"28\" src=\"https:\/\/dokan.co\/app\/uploads\/2025\/11\/circle-check-1.svg\" alt=\"\" class=\"wp-image-506081\" style=\"width:28px;height:auto\" data-no-translation=\"\" data-no-auto-translation=\"\"\/><\/figure>\n<\/div>\n\n\n\n<div class=\"wp-block-column is-vertically-aligned-center is-layout-flow wp-block-column-is-layout-flow\">\n<div class=\"wp-block-group brcss-90344f7c-mhx8nygn is-layout-flex wp-container-core-group-is-layout-66a6e098 wp-block-group-is-layout-flex\">\n<p>Oferta de por vida para empresas de Dokan<\/p>\n\n\n\n<p class=\"has-contrast-color has-text-color has-background has-link-color wp-elements-3f0df0969eb0f536e3bc777aa7d8efc5\" style=\"border-radius:35px;background-color:#fff5a9;padding-top:8px;padding-right:12px;padding-bottom:8px;padding-left:12px;font-size:14px;line-height:1.3\">Valorado en $2445<\/p>\n<\/div>\n<\/div>\n<\/div>\n\n\n\n<div class=\"wp-block-columns are-vertically-aligned-center is-not-stacked-on-mobile is-layout-flex wp-container-core-columns-is-layout-6db7e666 wp-block-columns-is-layout-flex\">\n<div class=\"wp-block-column is-vertically-aligned-center is-layout-flow wp-block-column-is-layout-flow\" style=\"flex-basis:28px\">\n<figure class=\"wp-block-image size-large is-resized\"><img loading=\"lazy\" decoding=\"async\" width=\"28\" height=\"28\" src=\"https:\/\/dokan.co\/app\/uploads\/2025\/11\/circle-check-1.svg\" alt=\"\" class=\"wp-image-506081\" style=\"width:28px;height:auto\" data-no-translation=\"\" data-no-auto-translation=\"\"\/><\/figure>\n<\/div>\n\n\n\n<div class=\"wp-block-column is-vertically-aligned-center is-layout-flow wp-block-column-is-layout-flow\">\n<div class=\"wp-block-group brcss-90344f7c-mhx8nygn is-layout-flex wp-container-core-group-is-layout-66a6e098 wp-block-group-is-layout-flex\">\n<p>Plan de inicio de StoreGrowth por 1 a\u00f1o<\/p>\n\n\n\n<p class=\"has-contrast-color has-text-color has-background has-link-color wp-elements-35ef8926f82c6cb02e62e5acb8326941\" style=\"border-radius:35px;background-color:#fff5a9;padding-top:8px;padding-right:12px;padding-bottom:8px;padding-left:12px;font-size:14px;line-height:1.3\">Valorado en $49<\/p>\n<\/div>\n<\/div>\n<\/div>\n\n\n\n<div class=\"wp-block-columns are-vertically-aligned-center is-not-stacked-on-mobile is-layout-flex wp-container-core-columns-is-layout-6db7e666 wp-block-columns-is-layout-flex\">\n<div class=\"wp-block-column is-vertically-aligned-center is-layout-flow wp-block-column-is-layout-flow\" style=\"flex-basis:28px\">\n<figure class=\"wp-block-image size-large is-resized\"><img loading=\"lazy\" decoding=\"async\" width=\"28\" height=\"28\" src=\"https:\/\/dokan.co\/app\/uploads\/2025\/11\/circle-check-1.svg\" alt=\"\" class=\"wp-image-506081\" style=\"width:28px;height:auto\" data-no-translation=\"\" data-no-auto-translation=\"\"\/><\/figure>\n<\/div>\n\n\n\n<div class=\"wp-block-column is-vertically-aligned-center is-layout-flow wp-block-column-is-layout-flow\">\n<div class=\"wp-block-group brcss-e23972b7-mhx8patv is-layout-flex wp-container-core-group-is-layout-66a6e098 wp-block-group-is-layout-flex\">\n<p>weMail Starter por 1 a\u00f1o<\/p>\n\n\n\n<p class=\"has-contrast-color has-text-color has-background has-link-color wp-elements-710edc875769bebd4ba83d1a0e9e0964\" style=\"border-radius:35px;background-color:#fff5a9;padding-top:8px;padding-right:12px;padding-bottom:8px;padding-left:12px;font-size:14px;line-height:1.3\">Valorado en $99<\/p>\n<\/div>\n<\/div>\n<\/div>\n\n\n\n<div class=\"wp-block-columns are-vertically-aligned-center is-not-stacked-on-mobile is-layout-flex wp-container-core-columns-is-layout-6db7e666 wp-block-columns-is-layout-flex\">\n<div class=\"wp-block-column is-vertically-aligned-center is-layout-flow wp-block-column-is-layout-flow\" style=\"flex-basis:28px\">\n<figure class=\"wp-block-image size-large is-resized\"><img loading=\"lazy\" decoding=\"async\" width=\"28\" height=\"28\" src=\"https:\/\/dokan.co\/app\/uploads\/2025\/11\/circle-check-1.svg\" alt=\"\" class=\"wp-image-506081\" style=\"width:28px;height:auto\" data-no-translation=\"\" data-no-auto-translation=\"\"\/><\/figure>\n<\/div>\n\n\n\n<div class=\"wp-block-column is-vertically-aligned-center is-layout-flow wp-block-column-is-layout-flow\">\n<div class=\"wp-block-group brcss-dd678700-mhx8ph6p is-layout-flex wp-container-core-group-is-layout-66a6e098 wp-block-group-is-layout-flex\">\n<p>weDocs Starter por 1 a\u00f1o<\/p>\n\n\n\n<p class=\"has-contrast-color has-text-color has-background has-link-color wp-elements-d919972abe4c6f158bf024432692e08f\" style=\"border-radius:35px;background-color:#fff5a9;padding-top:8px;padding-right:12px;padding-bottom:8px;padding-left:12px;font-size:14px;line-height:1.3\">Valorado en $59<\/p>\n<\/div>\n<\/div>\n<\/div>\n\n\n\n<div class=\"wp-block-columns are-vertically-aligned-center is-not-stacked-on-mobile is-layout-flex wp-container-core-columns-is-layout-6db7e666 wp-block-columns-is-layout-flex\">\n<div class=\"wp-block-column is-vertically-aligned-center is-layout-flow wp-block-column-is-layout-flow\" style=\"flex-basis:28px\">\n<figure class=\"wp-block-image size-large is-resized\"><img loading=\"lazy\" decoding=\"async\" width=\"28\" height=\"28\" src=\"https:\/\/dokan.co\/app\/uploads\/2025\/11\/circle-check-1.svg\" alt=\"\" class=\"wp-image-506081\" style=\"width:28px;height:auto\" data-no-translation=\"\" data-no-auto-translation=\"\"\/><\/figure>\n<\/div>\n\n\n\n<div class=\"wp-block-column is-vertically-aligned-center is-layout-flow wp-block-column-is-layout-flow\">\n<div class=\"wp-block-group brcss-59fbdf1a-mhx8popl is-layout-flex wp-container-core-group-is-layout-66a6e098 wp-block-group-is-layout-flex\">\n<p>Plan b\u00e1sico de seguimiento de conversiones de WooCommerce por 1 a\u00f1o<\/p>\n\n\n\n<p class=\"has-contrast-color has-text-color has-background has-link-color wp-elements-710edc875769bebd4ba83d1a0e9e0964\" style=\"border-radius:35px;background-color:#fff5a9;padding-top:8px;padding-right:12px;padding-bottom:8px;padding-left:12px;font-size:14px;line-height:1.3\">Valorado en $99<\/p>\n<\/div>\n<\/div>\n<\/div>\n\n\n\n<div class=\"wp-block-columns are-vertically-aligned-center is-not-stacked-on-mobile is-layout-flex wp-container-core-columns-is-layout-6db7e666 wp-block-columns-is-layout-flex\">\n<div class=\"wp-block-column is-vertically-aligned-center is-layout-flow wp-block-column-is-layout-flow\" style=\"flex-basis:28px\">\n<figure class=\"wp-block-image size-large is-resized\"><img loading=\"lazy\" decoding=\"async\" width=\"28\" height=\"28\" src=\"https:\/\/dokan.co\/app\/uploads\/2025\/11\/circle-check-1.svg\" alt=\"\" class=\"wp-image-506081\" style=\"width:28px;height:auto\" data-no-translation=\"\" data-no-auto-translation=\"\"\/><\/figure>\n<\/div>\n\n\n\n<div class=\"wp-block-column is-vertically-aligned-center is-layout-flow wp-block-column-is-layout-flow\">\n<div class=\"wp-block-group brcss-f3f98dcb-mhx8puja is-layout-flex wp-container-core-group-is-layout-66a6e098 wp-block-group-is-layout-flex\">\n<p>Aplicaci\u00f3n para repartidores de Dokan durante 1 a\u00f1o<\/p>\n\n\n\n<p class=\"has-contrast-color has-text-color has-background has-link-color wp-elements-0959e6c873efbb61016f1015ef7fb87e\" style=\"border-radius:35px;background-color:#fff5a9;padding-top:8px;padding-right:12px;padding-bottom:8px;padding-left:12px;font-size:14px;line-height:1.3\">Valorado en $1295<\/p>\n<\/div>\n<\/div>\n<\/div>\n\n\n\n<div class=\"wp-block-columns are-vertically-aligned-center is-not-stacked-on-mobile is-layout-flex wp-container-core-columns-is-layout-6db7e666 wp-block-columns-is-layout-flex\">\n<div class=\"wp-block-column is-vertically-aligned-center is-layout-flow wp-block-column-is-layout-flow\" style=\"flex-basis:28px\">\n<figure class=\"wp-block-image size-large is-resized\"><img loading=\"lazy\" decoding=\"async\" width=\"28\" height=\"28\" src=\"https:\/\/dokan.co\/app\/uploads\/2025\/11\/circle-check-1.svg\" alt=\"\" class=\"wp-image-506081\" style=\"width:28px;height:auto\" data-no-translation=\"\" data-no-auto-translation=\"\"\/><\/figure>\n<\/div>\n\n\n\n<div class=\"wp-block-column is-vertically-aligned-center is-layout-flow wp-block-column-is-layout-flow\">\n<div class=\"wp-block-group brcss-5c6edb8c-mhx8q0qe is-layout-flex wp-container-core-group-is-layout-66a6e098 wp-block-group-is-layout-flex\">\n<p>Aplicaci\u00f3n m\u00f3vil Dokan durante 1 a\u00f1o<\/p>\n\n\n\n<p class=\"has-contrast-color has-text-color has-background has-link-color wp-elements-eefd88b8269469d5796e7e768e34917c\" style=\"border-radius:35px;background-color:#fff5a9;padding-top:8px;padding-right:12px;padding-bottom:8px;padding-left:12px;font-size:14px;line-height:1.3\">Valorado en $1055<\/p>\n<\/div>\n<\/div>\n<\/div>\n\n\n\n<div class=\"wp-block-columns are-vertically-aligned-center is-not-stacked-on-mobile is-layout-flex wp-container-core-columns-is-layout-6db7e666 wp-block-columns-is-layout-flex\">\n<div class=\"wp-block-column is-vertically-aligned-center is-layout-flow wp-block-column-is-layout-flow\" style=\"flex-basis:28px\">\n<figure class=\"wp-block-image size-large is-resized\"><img loading=\"lazy\" decoding=\"async\" width=\"28\" height=\"28\" src=\"https:\/\/dokan.co\/app\/uploads\/2025\/11\/circle-check-1.svg\" alt=\"\" class=\"wp-image-506081\" style=\"width:28px;height:auto\" data-no-translation=\"\" data-no-auto-translation=\"\"\/><\/figure>\n<\/div>\n\n\n\n<div class=\"wp-block-column is-vertically-aligned-center is-layout-flow wp-block-column-is-layout-flow\">\n<div class=\"wp-block-group brcss-ed00ef88-mhx8qbxo is-layout-flex wp-container-core-group-is-layout-66a6e098 wp-block-group-is-layout-flex\">\n<p>\u2026 y m\u00e1s de 8 servicios adaptativos adicionales<\/p>\n\n\n\n<p class=\"has-contrast-color has-text-color has-background has-link-color wp-elements-f05be3ef1c37443ed97ee10d7b6aa833\" style=\"border-radius:35px;background-color:#fff5a9;padding-top:8px;padding-right:12px;padding-bottom:8px;padding-left:12px;font-size:14px;line-height:1.3\">Valorado en $2470<\/p>\n<\/div>\n<\/div>\n<\/div>\n<\/div>\n<\/div>\n<\/div>\n<\/div>\n<\/div>\n<\/div>","protected":false},"excerpt":{"rendered":"<p>Regular Price: $2495 45% OFF $1372 One-Time Payment. No Future Billing. Ever. What You Get: All Modules &amp; Features 10 Sites License Lifetime Support Limited Deals Available 43% Claimed Anniversary Exclusive Add-ons Total Worth 5,000+ Dokan Business Lifetime Deal Valued at $2445 StoreGrowth Starter for 1 Year Valued at $49 weMail Starter for 1 Year [&hellip;]<\/p>\n","protected":false},"author":2,"featured_media":0,"parent":0,"menu_order":0,"comment_status":"closed","ping_status":"closed","template":"blank","meta":{"footnotes":""},"class_list":["post-508171","page","type-page","status-publish","hentry"],"_links":{"self":[{"href":"https:\/\/dokan.co\/es\/wp-json\/wp\/v2\/pages\/508171","targetHints":{"allow":["GET"]}}],"collection":[{"href":"https:\/\/dokan.co\/es\/wp-json\/wp\/v2\/pages"}],"about":[{"href":"https:\/\/dokan.co\/es\/wp-json\/wp\/v2\/types\/page"}],"author":[{"embeddable":true,"href":"https:\/\/dokan.co\/es\/wp-json\/wp\/v2\/users\/2"}],"replies":[{"embeddable":true,"href":"https:\/\/dokan.co\/es\/wp-json\/wp\/v2\/comments?post=508171"}],"version-history":[{"count":146,"href":"https:\/\/dokan.co\/es\/wp-json\/wp\/v2\/pages\/508171\/revisions"}],"predecessor-version":[{"id":510404,"href":"https:\/\/dokan.co\/es\/wp-json\/wp\/v2\/pages\/508171\/revisions\/510404"}],"wp:attachment":[{"href":"https:\/\/dokan.co\/es\/wp-json\/wp\/v2\/media?parent=508171"}],"curies":[{"name":"gracias","href":"https:\/\/api.w.org\/{rel}","templated":true}]}}