{"id":8544,"date":"2023-04-11T15:11:43","date_gmt":"2023-04-11T09:11:43","guid":{"rendered":"https:\/\/dokan.co\/?page_id=8544"},"modified":"2025-06-03T11:13:52","modified_gmt":"2025-06-03T05:13:52","slug":"terms-of-service","status":"publish","type":"page","link":"https:\/\/dokan.co\/es\/wordpress\/terms-of-service\/","title":{"rendered":"T\u00e9rminos de servicio"},"content":{"rendered":"<div class=\"wp-block-group alignfull has-global-padding is-layout-constrained wp-container-core-group-is-layout-bed9fd30 wp-block-group-is-layout-constrained\">\n<div style=\"height:20px\" aria-hidden=\"true\" class=\"wp-block-spacer\"><\/div>\n\n\n\n<h1 class=\"wp-block-heading has-text-align-center\" style=\"font-size:clamp(2.2rem, 2.2rem + ((1vw - 0.2rem) * 3.273), 4rem);\"><strong>Condiciones de servicio del complemento Dokan <\/strong><\/h1>\n\n\n\n<div style=\"height:20px\" aria-hidden=\"true\" class=\"wp-block-spacer\"><\/div>\n\n\n\n<p>Estos T\u00e9rminos de servicio (&quot;T\u00e9rminos&quot;) se aplican al uso de Dokan, un producto de software propiedad de y operado por weDevs Ltd. (&quot;weDevs&quot;, &quot;nosotros&quot;, &quot;nuestro&quot; o &quot;nosotros&quot;). Al usar o acceder a Dokan, usted acepta estar sujeto a los siguientes t\u00e9rminos. Si no est\u00e1 de acuerdo con estos T\u00e9rminos, le recomendamos que no use Dokan.<\/p>\n\n\n\n<h3 class=\"wp-block-heading\"><strong><strong>Licencia<\/strong><\/strong><\/h3>\n\n\n\n<p style=\"margin-top:var(--wp--preset--spacing--20)\">Dokan se publica bajo la licencia p\u00fablica GNU versi\u00f3n 2.0. Le recomendamos encarecidamente que los ofrezca, modificados o sin modificar, para su redistribuci\u00f3n o reventa de cualquier tipo.<\/p>\n\n\n\n<p>La clave de licencia garantiza el acceso a las actualizaciones de nuestros servidores. Sin la activaci\u00f3n, no podr\u00e1 utilizar los m\u00f3dulos premium. Si su suscripci\u00f3n se cancela o vence, los m\u00f3dulos premium dejar\u00e1n de funcionar.<\/p>\n\n\n\n<p>Cada producto de nuestro sitio incluye 365 d\u00edas de soporte y validez de actualizaci\u00f3n. Esta fecha se calcula a partir del minuto en que el pedido se ha marcado como completo. Si no tiene una licencia v\u00e1lida, no podr\u00e1 descargar ninguno de los productos adquiridos.<\/p>\n\n\n\n<p>Se requiere una suscripci\u00f3n activa para acceder a la secci\u00f3n de descargas. Cada producto viene con una funci\u00f3n de renovaci\u00f3n autom\u00e1tica a trav\u00e9s de suscripciones de PayPal y Stripe para garantizar un flujo fluido de actualizaciones y soporte.<\/p>\n\n\n\n<h3 class=\"wp-block-heading\"><strong><strong>Restricciones<\/strong><\/strong><\/h3>\n\n\n\n<p style=\"margin-top:var(--wp--preset--spacing--20)\">No debe copiar, modificar, distribuir, vender, arrendar, otorgar sublicencias ni transferir ninguna parte de Dokan sin nuestro consentimiento previo por escrito. Tampoco debe realizar ingenier\u00eda inversa ni intentar extraer el c\u00f3digo fuente de Dokan ni utilizar ning\u00fan medio para obtener acceso no autorizado a Dokan o sus sistemas relacionados.<\/p>\n\n\n\n<h3 class=\"wp-block-heading\"><strong><strong>Propiedad intelectual<\/strong><\/strong><\/h3>\n\n\n\n<p style=\"margin-top:var(--wp--preset--spacing--20);margin-right:var(--wp--preset--spacing--20);margin-bottom:var(--wp--preset--spacing--20);margin-left:var(--wp--preset--spacing--20)\">Dokan est\u00e1 protegido por derechos de autor, marcas registradas y otras leyes de propiedad intelectual. Todos los derechos, t\u00edtulos e intereses en y para Dokan, incluidos todos los derechos de propiedad intelectual, son y seguir\u00e1n siendo propiedad exclusiva de Dokan.<\/p>\n\n\n\n<h3 class=\"wp-block-heading\"><strong><strong>Exenciones de responsabilidad y limitaciones de responsabilidad<\/strong><\/strong><\/h3>\n\n\n\n<p style=\"margin-top:var(--wp--preset--spacing--20)\">Dokan se proporciona &quot;tal cual&quot; sin garant\u00eda de ning\u00fan tipo, ya sea expresa o impl\u00edcita, incluidas, entre otras, las garant\u00edas de comerciabilidad, idoneidad para un prop\u00f3sito particular y no infracci\u00f3n. En ning\u00fan caso, Dokan ser\u00e1 responsable de ning\u00fan da\u00f1o indirecto, incidental, especial, punitivo o consecuente que surja o est\u00e9 relacionado con el uso o la incapacidad de usar Dokan.<\/p>\n\n\n\n<h3 class=\"wp-block-heading\"><strong><strong><strong>Terminaci\u00f3n<\/strong><\/strong><\/strong><\/h3>\n\n\n\n<p>Dokan se reserva el derecho de suspender y\/o cancelar cualquier cuenta de usuario sin previo aviso. Esto puede deberse a una o varias de las siguientes razones.<\/p>\n\n\n\n<p>Comportamiento abusivo y\/o negatividad excesiva hacia el personal de Dokan y\/u otros clientes de Dokan.<\/p>\n\n\n\n<p>Declaraciones difamatorias, maliciosas y\/o falsas repetidas, incluidas las calumnias contra Dokan, y\/o los intentos de persuadir a los clientes potenciales para que no compren Dokan.<\/p>\n\n\n\n<p>Promocionar productos de la competencia, contribuir a la pirater\u00eda de software, la pirater\u00eda inform\u00e1tica, el env\u00edo de spam u otros actos ilegales.<\/p>\n\n\n\n<p>Creemos razonablemente que su cuenta ha sido comprometida, compartida con otros o por otras razones de seguridad. Todas las decisiones son definitivas y las cuentas rescindidas o suspendidas no se revertir\u00e1n.<\/p>\n\n\n\n<h3 class=\"wp-block-heading\"><strong><strong><strong><strong>RGPD y Dokan<\/strong><\/strong><\/strong><\/strong><\/h3>\n\n\n\n<p>Dokan est\u00e1 implementando los principios de GDPR para cumplir con GDPR. El Reglamento General de Protecci\u00f3n de Datos (GDPR) de Europa es la \u00faltima regulaci\u00f3n y pol\u00edtica de privacidad que se implementar\u00e1 en mayo de 2018 en todo el mundo.<\/p>\n\n\n\n<p>Aqu\u00ed en Dokan, estamos trabajando estrictamente para brindar transparencia a nuestros usos de datos: c\u00f3mo vamos a recopilar, almacenar y usar los datos de nuestros clientes y usuarios.<\/p>\n\n\n\n<p>Dokan siempre cuida bien los datos de los usuarios y mantiene la privacidad porque es de vital importancia para nosotros. Desde el inicio de nuestra empresa, hemos mantenido estrictos principios de protecci\u00f3n de datos y privacidad.<\/p>\n\n\n\n<h3 class=\"wp-block-heading\"><strong><strong><strong><strong><strong>Cambios a estos T\u00e9rminos<\/strong><\/strong><\/strong><\/strong><\/strong><\/h3>\n\n\n\n<p style=\"margin-top:var(--wp--preset--spacing--20);margin-right:var(--wp--preset--spacing--20);margin-bottom:var(--wp--preset--spacing--20);margin-left:var(--wp--preset--spacing--20)\">Nos reservamos el derecho de modificar estos T\u00e9rminos en cualquier momento, y cualquier cambio entrar\u00e1 en vigencia inmediatamente despu\u00e9s de publicar los T\u00e9rminos modificados en nuestro sitio web. Su uso continuado de Dokan despu\u00e9s de la publicaci\u00f3n de cualquier cambio a estos T\u00e9rminos constituir\u00e1 su aceptaci\u00f3n de dichos cambios.<\/p>\n\n\n\n<h3 class=\"wp-block-heading\"><strong><strong>Acuerdo completo<\/strong><\/strong><\/h3>\n\n\n\n<p>Estos T\u00e9rminos constituyen el acuerdo completo entre usted y Dokan con respecto al uso del software y reemplazan todas las comunicaciones y propuestas anteriores o contempor\u00e1neas, ya sean orales o escritas, entre usted y Dokan.<\/p>\n\n\n\n<p>Si tiene alguna pregunta o inquietud sobre estos T\u00e9rminos o Dokan, por favor <a href=\"https:\/\/dokan.co\/es\/contact\/\">Cont\u00e1ctenos<\/a>.<\/p>\n<\/div>\n\n\n\n<div style=\"height:100px\" aria-hidden=\"true\" class=\"wp-block-spacer\"><\/div>","protected":false},"excerpt":{"rendered":"<p>Terms of Service &#8211; Dokan Plugin These Terms of Service (&#8220;Terms&#8221;) apply to the use of Dokan, a software product owned and operated by weDevs Ltd. (&#8220;weDevs&#8221;, &#8220;us&#8221;, &#8220;our&#8221; or &#8220;we&#8221;). By using or accessing Dokan, you agree to be bound by the following terms. If you do not agree to these Terms, we discourage [&hellip;]<\/p>\n","protected":false},"author":2,"featured_media":0,"parent":472416,"menu_order":0,"comment_status":"closed","ping_status":"closed","template":"","meta":{"footnotes":""},"class_list":["post-8544","page","type-page","status-publish","hentry"],"_links":{"self":[{"href":"https:\/\/dokan.co\/es\/wp-json\/wp\/v2\/pages\/8544","targetHints":{"allow":["GET"]}}],"collection":[{"href":"https:\/\/dokan.co\/es\/wp-json\/wp\/v2\/pages"}],"about":[{"href":"https:\/\/dokan.co\/es\/wp-json\/wp\/v2\/types\/page"}],"author":[{"embeddable":true,"href":"https:\/\/dokan.co\/es\/wp-json\/wp\/v2\/users\/2"}],"replies":[{"embeddable":true,"href":"https:\/\/dokan.co\/es\/wp-json\/wp\/v2\/comments?post=8544"}],"version-history":[{"count":7,"href":"https:\/\/dokan.co\/es\/wp-json\/wp\/v2\/pages\/8544\/revisions"}],"predecessor-version":[{"id":500438,"href":"https:\/\/dokan.co\/es\/wp-json\/wp\/v2\/pages\/8544\/revisions\/500438"}],"up":[{"embeddable":true,"href":"https:\/\/dokan.co\/es\/wp-json\/wp\/v2\/pages\/472416"}],"wp:attachment":[{"href":"https:\/\/dokan.co\/es\/wp-json\/wp\/v2\/media?parent=8544"}],"curies":[{"name":"gracias","href":"https:\/\/api.w.org\/{rel}","templated":true}]}}