{"id":9256,"date":"2023-06-08T14:56:07","date_gmt":"2023-06-08T08:56:07","guid":{"rendered":"https:\/\/dokan.co\/?page_id=9256"},"modified":"2026-04-02T10:10:28","modified_gmt":"2026-04-02T04:10:28","slug":"about","status":"publish","type":"page","link":"https:\/\/dokan.co\/es\/about\/","title":{"rendered":"Sobre nosotros"},"content":{"rendered":"<div class=\"wp-block-group alignfull has-global-padding is-layout-constrained wp-block-group-is-layout-constrained\">\n<div style=\"height:38px\" aria-hidden=\"true\" class=\"wp-block-spacer\"><\/div>\n\n\n\n<p class=\"has-text-align-center ticss-c5be21c2 has-text-color has-medium-font-size\" style=\"color:#2409cb;font-style:normal;font-weight:700\">Sobre nosotros<\/p>\n\n\n\n<h1 class=\"wp-block-heading alignfull has-text-align-center dco-m-text-3xl dco-m-br-hidden has-foreground-color has-text-color\" style=\"margin-top:0;margin-right:0;margin-bottom:0;margin-left:0;font-size:clamp(1.93rem, 1.93rem + ((1vw - 0.2rem) * 2.673), 3.4rem);font-style:normal;font-weight:900\">Empoderando a los emprendedores con Premier<br> Soluciones de mercado de m\u00faltiples proveedores<\/h1>\n\n\n\n<p class=\"has-text-align-center has-text-color has-medium-font-size\" style=\"color:#575d64\">El lugar donde comienzan tus sue\u00f1os de mercado.<\/p>\n\n\n\n<div style=\"height:42px\" aria-hidden=\"true\" class=\"wp-block-spacer\"><\/div>\n<\/div>\n\n\n\n<div class=\"wp-block-group alignfull has-global-padding is-layout-constrained wp-container-core-group-is-layout-c6de8d87 wp-block-group-is-layout-constrained\" style=\"padding-bottom:var(--wp--preset--spacing--50)\">\n<div class=\"wp-block-columns is-layout-flex wp-container-core-columns-is-layout-66fad18a wp-block-columns-is-layout-flex\">\n<div class=\"wp-block-column is-layout-flow wp-block-column-is-layout-flow\">\n<figure class=\"wp-block-image size-large\"><img decoding=\"async\" src=\"https:\/\/staging.dokan.co\/app\/uploads\/2023\/06\/Group-1000005562-1024x975.png\" alt=\"\" class=\"wp-image-7744\" data-no-translation=\"\" data-no-auto-translation=\"\"\/><\/figure>\n<\/div>\n\n\n\n<div class=\"wp-block-column is-layout-flow wp-block-column-is-layout-flow\">\n<div class=\"wp-block-group has-global-padding is-layout-constrained wp-block-group-is-layout-constrained\">\n<h3 class=\"wp-block-heading\" style=\"font-size:clamp(1.378rem, 1.378rem + ((1vw - 0.2rem) * 1.585), 2.25rem);font-style:normal;font-weight:500;line-height:1.5\">Nuestra historia<\/h3>\n\n\n\n<p class=\"has-text-color has-medium-font-size\" style=\"color:#575d64\">Siendo nosotros mismos empresarios, luchamos y enfrentamos numerosas dificultades de ser una persona de negocios. Nos dimos cuenta por qu\u00e9 muchas empresas con potencial pierden la esperanza y se dan por vencidas. Como tal, pusimos nuestro coraz\u00f3n y alma en el trabajo y creamos Dokan Multivendor Marketplace en 2015. De emprendedores a emprendedores, quer\u00edamos extender nuestra asistencia a aquellos que luchan en las etapas en las que hemos luchado.<\/p>\n\n\n\n<p class=\"has-text-color has-medium-font-size\" style=\"color:#575d64\">Hoy, estamos orgullosos de ser un nombre de confianza en la industria, que ofrece una gama completa de funciones y servicios para satisfacer las necesidades de los aspirantes a emprendedores. Nuestro equipo est\u00e1 dedicado a hacer que su viaje sea lo m\u00e1s sencillo posible y estamos comprometidos a brindar un servicio al cliente excepcional en cada paso del camino.<\/p>\n\n\n\n<p class=\"has-text-color has-medium-font-size\" style=\"color:#575d64\">Ahora Dokan tambi\u00e9n tiene una soluci\u00f3n en la nube de Marketplace dedicada. Dokan Marketplace Cloud Solution ofrece un enfoque simplificado y escalable para crear un mercado en l\u00ednea, con interfaces f\u00e1ciles de usar, seguridad robusta y amplio soporte.<\/p>\n<\/div>\n<\/div>\n<\/div>\n\n\n\n<div style=\"height:25px\" aria-hidden=\"true\" class=\"wp-block-spacer\"><\/div>\n\n\n\n<div class=\"wp-block-columns is-layout-flex wp-container-core-columns-is-layout-66fad18a wp-block-columns-is-layout-flex\">\n<div class=\"wp-block-column is-layout-flow wp-block-column-is-layout-flow\">\n<div class=\"wp-block-group has-global-padding is-layout-constrained wp-block-group-is-layout-constrained\">\n<p class=\"has-text-color has-medium-font-size\" style=\"color:#2409cb;font-style:normal;font-weight:700\">Nuestra misi\u00f3n<\/p>\n\n\n\n<h3 class=\"wp-block-heading dco-m-br-hidden\" style=\"margin-top:var(--wp--preset--spacing--30);margin-right:0;margin-bottom:0;margin-left:0;font-size:clamp(1.378rem, 1.378rem + ((1vw - 0.2rem) * 1.585), 2.25rem);font-style:normal;font-weight:500;line-height:1.5\">Luchando por <br>Innovaci\u00f3n continua<\/h3>\n\n\n\n<p class=\"has-text-color has-medium-font-size\" style=\"color:#575d64\">Nuestra misi\u00f3n en Dokan es crear la mejor experiencia de desarrollo de mercado posible para nuestros clientes. Estamos dedicados a proporcionar una amplia gama de opciones de alta calidad a precios razonables, as\u00ed como a brindar un excelente servicio al cliente en todo momento. Creemos en la integraci\u00f3n de tecnolog\u00eda de punta para hacer que la experiencia del usuario sea m\u00e1s r\u00e1pida, f\u00e1cil y conveniente. Estamos dedicados a desarrollar una comunidad s\u00f3lida y dedicada en torno a nuestra marca y dejar una huella positiva duradera en nuestros clientes.<\/p>\n<\/div>\n<\/div>\n\n\n\n<div class=\"wp-block-column is-layout-flow wp-block-column-is-layout-flow\">\n<figure class=\"wp-block-image size-large\"><img decoding=\"async\" src=\"https:\/\/staging.dokan.co\/app\/uploads\/2023\/06\/Group-1000005563-1024x905.png\" alt=\"\" class=\"wp-image-7773\" data-no-translation=\"\" data-no-auto-translation=\"\"\/><\/figure>\n<\/div>\n<\/div>\n\n\n\n<div style=\"height:25px\" aria-hidden=\"true\" class=\"wp-block-spacer\"><\/div>\n\n\n\n<div class=\"wp-block-columns is-layout-flex wp-container-core-columns-is-layout-66fad18a wp-block-columns-is-layout-flex\">\n<div class=\"wp-block-column is-layout-flow wp-block-column-is-layout-flow\">\n<figure class=\"wp-block-image size-full\"><img decoding=\"async\" src=\"https:\/\/staging.dokan.co\/app\/uploads\/2023\/06\/Group-1000005571.png\" alt=\"\" class=\"wp-image-7775\" data-no-translation=\"\" data-no-auto-translation=\"\"\/><\/figure>\n<\/div>\n\n\n\n<div class=\"wp-block-column is-layout-flow wp-block-column-is-layout-flow\">\n<div class=\"wp-block-group has-global-padding is-layout-constrained wp-block-group-is-layout-constrained\">\n<p class=\"has-text-color has-medium-font-size\" style=\"color:#2409cb;font-style:normal;font-weight:700\">Nuestra visi\u00f3n<\/p>\n\n\n\n<h3 class=\"wp-block-heading dco-m-br-hidden\" style=\"margin-top:var(--wp--preset--spacing--30);margin-right:0;margin-bottom:0;margin-left:0;font-size:clamp(1.378rem, 1.378rem + ((1vw - 0.2rem) * 1.585), 2.25rem);font-style:normal;font-weight:500;line-height:1.5\">Experiencia <br>lo mejor de lo mejor<\/h3>\n\n\n\n<p class=\"has-text-color has-medium-font-size\" style=\"color:#575d64\">En Dokan, esperamos brindar una soluci\u00f3n integral a los empresarios que deseen llevar sus ideas al siguiente nivel. Estamos comprometidos a brindar una experiencia simplificada y f\u00e1cil de usar que permita a cualquier usuario, novato o experto, crear un mercado que cumpla con sus requisitos. Nos esforzamos por proporcionar tecnolog\u00eda l\u00edder en la industria y brindar funciones innovadoras para reducir las cargas de administraci\u00f3n y mejorar continuamente nuestra plataforma. En Dokan, creemos que todos merecen acceso a los mejores productos y servicios, y estamos comprometidos a hacerlo realidad.<\/p>\n<\/div>\n<\/div>\n<\/div>\n<\/div>\n\n\n\n<div style=\"height:1px\" aria-hidden=\"true\" class=\"wp-block-spacer\"><\/div>\n\n\n\n<div class=\"wp-block-group alignfull has-background has-global-padding is-layout-constrained wp-container-core-group-is-layout-336b874b wp-block-group-is-layout-constrained\" style=\"background-color:#130924;padding-top:var(--wp--preset--spacing--50);padding-right:0;padding-bottom:var(--wp--preset--spacing--50);padding-left:0\">\n<p class=\"dco-m-br-hidden has-text-color\" style=\"color:#888294\">Si una imagen puede contar una historia, los n\u00fameros pueden contar muchas m\u00e1s. El <br>la autenticidad de los n\u00fameros es incuestionable y por eso nos vamos <br>depende de ti interpretar nuestra narrativa.<\/p>\n\n\n\n<div class=\"wp-block-group dco-m-flex-col is-nowrap is-layout-flex wp-container-core-group-is-layout-0ec88a00 wp-block-group-is-layout-flex\">\n<div class=\"wp-block-group has-global-padding is-layout-constrained wp-block-group-is-layout-constrained\">\n<h2 class=\"wp-block-heading dco-m-text-3xl has-background-color has-text-color\" style=\"margin-top:0;margin-right:0;margin-bottom:0;margin-left:0;font-size:clamp(2.629rem, 2.629rem + ((1vw - 0.2rem) * 4.311), 5rem);font-style:normal;font-weight:800\">50k+<\/h2>\n\n\n\n<p class=\"has-text-color has-medium-font-size\" style=\"color:#a19da7;margin-top:0;margin-right:0;margin-bottom:0;margin-left:0;font-style:normal;font-weight:500\">Instalaciones Activas<\/p>\n<\/div>\n\n\n\n<div class=\"wp-block-group has-global-padding is-layout-constrained wp-block-group-is-layout-constrained\">\n<h2 class=\"wp-block-heading dco-m-text-3xl has-background-color has-text-color\" style=\"margin-top:0;margin-right:0;margin-bottom:0;margin-left:0;font-size:clamp(2.629rem, 2.629rem + ((1vw - 0.2rem) * 4.311), 5rem);font-style:normal;font-weight:800\">3,6 millones+<\/h2>\n\n\n\n<p class=\"has-text-color has-medium-font-size\" style=\"color:#a19da7;margin-top:0;margin-right:0;margin-bottom:0;margin-left:0;font-style:normal;font-weight:500\">Descarga total<\/p>\n<\/div>\n\n\n\n<div class=\"wp-block-group has-global-padding is-layout-constrained wp-block-group-is-layout-constrained\">\n<h2 class=\"wp-block-heading dco-m-text-3xl has-background-color has-text-color\" style=\"margin-top:0;margin-right:0;margin-bottom:0;margin-left:0;font-size:clamp(2.629rem, 2.629rem + ((1vw - 0.2rem) * 4.311), 5rem);font-style:normal;font-weight:800\">4.6<\/h2>\n\n\n\n<p class=\"has-text-color has-medium-font-size\" style=\"color:#a19da7;margin-top:0;margin-right:0;margin-bottom:0;margin-left:0;font-style:normal;font-weight:500\">Estrellas en wp.org<\/p>\n<\/div>\n\n\n\n<div class=\"wp-block-group has-global-padding is-layout-constrained wp-block-group-is-layout-constrained\">\n<h2 class=\"wp-block-heading dco-m-text-3xl has-background-color has-text-color\" style=\"margin-top:0;margin-right:0;margin-bottom:0;margin-left:0;font-size:clamp(2.629rem, 2.629rem + ((1vw - 0.2rem) * 4.311), 5rem);font-style:normal;font-weight:800\">700+<\/h2>\n\n\n\n<p class=\"has-text-color has-medium-font-size\" style=\"color:#a19da7;margin-top:0;margin-right:0;margin-bottom:0;margin-left:0;font-style:normal;font-weight:500\">Rese\u00f1as de clientes<\/p>\n<\/div>\n<\/div>\n<\/div>\n\n\n\n<div class=\"wp-block-group alignfull dco-mt-0 has-background has-global-padding is-layout-constrained wp-container-core-group-is-layout-8c2efdb4 wp-block-group-is-layout-constrained\" style=\"background-color:#f7f7f7;padding-top:7.5rem;padding-bottom:var(--wp--preset--spacing--60)\">\n<div class=\"wp-block-group dco-m-flex-col is-nowrap is-layout-flex wp-container-core-group-is-layout-0ac73906 wp-block-group-is-layout-flex\">\n<h2 class=\"wp-block-heading dco-m-text-3xl dco-m-br-hidden\" style=\"font-size:clamp(1.805rem, 1.805rem + ((1vw - 0.2rem) * 2.409), 3.13rem);font-style:normal;font-weight:900;line-height:1.2\">Logre m\u00e1s con <br>Complementos de Dokan<\/h2>\n\n\n\n<p class=\"dco-m-br-hidden has-text-color has-medium-font-size\" style=\"color:#575d64\">Crear un ecosistema Dokan completo solo es posible cuando no solo <br>usted y sus vendedores, pero tambi\u00e9n sus clientes y otras partes <br>involucrados pueden interactuar con su mercado. Como tal, ampl\u00ede su <br>Actividades Dokan con sus complementos.<\/p>\n<\/div>\n\n\n\n<div style=\"height:27px\" aria-hidden=\"true\" class=\"wp-block-spacer\"><\/div>\n\n\n\n<div class=\"wp-block-columns is-layout-flex wp-container-core-columns-is-layout-28f84493 wp-block-columns-is-layout-flex\">\n<div class=\"wp-block-column is-layout-flow wp-block-column-is-layout-flow\">\n<div class=\"wp-block-group ticss-c372f98c has-border-color has-background-background-color has-background has-global-padding is-layout-constrained wp-container-core-group-is-layout-d62634c6 wp-block-group-is-layout-constrained\" style=\"border-color:#e9e9e9;border-width:1px;border-radius:10px;padding-top:2.5rem;padding-right:2.5rem;padding-bottom:2.5rem;padding-left:2.5rem\">\n<figure class=\"wp-block-image size-full\"><a href=\"https:\/\/dokan.co\/es\/wordpress\/dokan-mobile-app\/\"><img decoding=\"async\" src=\"https:\/\/staging.dokan.co\/app\/uploads\/2023\/06\/Frame-1000005569.png\" alt=\"\" class=\"wp-image-7810\" data-no-translation=\"\" data-no-auto-translation=\"\"\/><\/a><\/figure>\n\n\n\n<h3 class=\"wp-block-heading has-foreground-color has-text-color\" style=\"font-size:clamp(1.188rem, 1.188rem + ((1vw - 0.2rem) * 1.258), 1.88rem);font-style:normal;font-weight:500;line-height:1.4\">Aplicaci\u00f3n m\u00f3vil Dokan<\/h3>\n\n\n\n<p class=\"has-text-color has-medium-font-size\" style=\"color:#575d64\">Haga que la experiencia de compra de sus clientes sea lo m\u00e1s fluida posible. Sus consumidores pueden descubrir todo lo que necesitan directamente en la aplicaci\u00f3n con la interfaz f\u00e1cil de usar. Compatible tanto con Android como con iOS, capta y fideliza a todos tus clientes de forma sencilla.<\/p>\n\n\n\n<p class=\"has-text-color has-small-font-size\" style=\"color:#393939;margin-top:var(--wp--preset--spacing--40);margin-right:0;margin-bottom:0;margin-left:0\"><a href=\"https:\/\/dokan.co\/es\/wordpress\/dokan-mobile-app\/\" data-type=\"page\" data-id=\"472419\">Echa un vistazo a la aplicaci\u00f3n \u2192<\/a><\/p>\n<\/div>\n<\/div>\n\n\n\n<div class=\"wp-block-column is-layout-flow wp-block-column-is-layout-flow\">\n<div class=\"wp-block-group ticss-c372f98c has-border-color has-background-background-color has-background has-global-padding is-layout-constrained wp-container-core-group-is-layout-d62634c6 wp-block-group-is-layout-constrained\" style=\"border-color:#e9e9e9;border-width:1px;border-radius:10px;padding-top:2.5rem;padding-right:2.5rem;padding-bottom:2.5rem;padding-left:2.5rem\">\n<figure class=\"wp-block-image size-full\"><a href=\"https:\/\/dokan.co\/es\/wordpress\/delivery-driver-app\/\"><img decoding=\"async\" src=\"https:\/\/staging.dokan.co\/app\/uploads\/2023\/06\/Frame-1000005570.png\" alt=\"\" class=\"wp-image-7834\" data-no-translation=\"\" data-no-auto-translation=\"\"\/><\/a><\/figure>\n\n\n\n<h3 class=\"wp-block-heading has-foreground-color has-text-color\" style=\"font-size:clamp(1.188rem, 1.188rem + ((1vw - 0.2rem) * 1.258), 1.88rem);font-style:normal;font-weight:500;line-height:1.4\">Aplicaci\u00f3n de conductor de entrega Dokan<\/h3>\n\n\n\n<p class=\"has-text-color has-medium-font-size\" style=\"color:#575d64\">La eficiencia en la entrega de pedidos est\u00e1 a solo una aplicaci\u00f3n de distancia. Invite a sus conductores a unirse a su aplicaci\u00f3n de marca dise\u00f1ada espec\u00edficamente para proporcionar una comunicaci\u00f3n sincronizada entre los vendedores y clientes de su mercado. Cumplir con las entregas nunca ha sido tan f\u00e1cil.<\/p>\n\n\n\n<p class=\"has-text-color has-small-font-size\" style=\"color:#393939;margin-top:var(--wp--preset--spacing--40);margin-right:0;margin-bottom:0;margin-left:0\"><a href=\"https:\/\/dokan.co\/es\/wordpress\/delivery-driver-app\/\" data-type=\"page\" data-id=\"472467\">Echa un vistazo a la aplicaci\u00f3n \u2192<\/a><\/p>\n<\/div>\n<\/div>\n<\/div>\n\n\n\n<div class=\"wp-block-columns is-layout-flex wp-container-core-columns-is-layout-28f84493 wp-block-columns-is-layout-flex\">\n<div class=\"wp-block-column is-layout-flow wp-block-column-is-layout-flow\">\n<div class=\"wp-block-group ticss-c372f98c has-border-color has-background-background-color has-background has-global-padding is-layout-constrained wp-container-core-group-is-layout-d62634c6 wp-block-group-is-layout-constrained\" style=\"border-color:#e9e9e9;border-width:1px;border-radius:10px;padding-top:2.5rem;padding-right:2.5rem;padding-bottom:2.5rem;padding-left:2.5rem\">\n<figure class=\"wp-block-image size-full\"><a href=\"https:\/\/dokan.co\/es\/wordpress\/otel-theme\/\"><img decoding=\"async\" src=\"https:\/\/staging.dokan.co\/app\/uploads\/2023\/06\/A-Detailed-Overview-of-the-Hotel-Marketplace-Theme.png\" alt=\"\" class=\"wp-image-7835\" data-no-translation=\"\" data-no-auto-translation=\"\"\/><\/a><\/figure>\n\n\n\n<h3 class=\"wp-block-heading has-foreground-color has-text-color\" style=\"font-size:clamp(1.188rem, 1.188rem + ((1vw - 0.2rem) * 1.258), 1.88rem);font-style:normal;font-weight:500;line-height:1.4\">Tema del hotel<\/h3>\n\n\n\n<p class=\"has-text-color has-medium-font-size\" style=\"color:#575d64\">Un look elegante est\u00e1 a tu alcance. El tema Otel de Dokan garantiza una apariencia destinada a atraer y cautivar a los visitantes de su mercado de reservas de hotel. Tiene todo lo que necesita para su sitio web, no solo el estilo, sino tambi\u00e9n la funcionalidad b\u00e1sica y f\u00e1cil de usar.<\/p>\n\n\n\n<p class=\"has-text-color has-small-font-size\" style=\"color:#393939;margin-top:var(--wp--preset--spacing--40);margin-right:0;margin-bottom:0;margin-left:0\"><a href=\"https:\/\/dokan.co\/es\/wordpress\/otel-theme\/\" data-type=\"page\" data-id=\"472472\">Echa un vistazo a la aplicaci\u00f3n \u2192<\/a><\/p>\n<\/div>\n<\/div>\n\n\n\n<div class=\"wp-block-column is-layout-flow wp-block-column-is-layout-flow\">\n<div class=\"wp-block-group ticss-c372f98c has-border-color has-background-background-color has-background has-global-padding is-layout-constrained wp-container-core-group-is-layout-d62634c6 wp-block-group-is-layout-constrained\" style=\"border-color:#e9e9e9;border-width:1px;border-radius:10px;padding-top:2.5rem;padding-right:2.5rem;padding-bottom:2.5rem;padding-left:2.5rem\">\n<figure class=\"wp-block-image size-full is-resized\"><a href=\"https:\/\/dokan.co\/es\/wordpress\/dokani-theme\/\"><img decoding=\"async\" src=\"https:\/\/staging.dokan.co\/app\/uploads\/2023\/06\/Mask-group.png\" alt=\"\" class=\"wp-image-7832\" style=\"width:361px;height:259px\" data-no-translation=\"\" data-no-auto-translation=\"\"\/><\/a><\/figure>\n\n\n\n<h3 class=\"wp-block-heading has-foreground-color has-text-color\" style=\"font-size:clamp(1.188rem, 1.188rem + ((1vw - 0.2rem) * 1.258), 1.88rem);font-style:normal;font-weight:500;line-height:1.4\">Tema Dokani<\/h3>\n\n\n\n<p class=\"has-text-color has-medium-font-size\" style=\"color:#575d64\">Dise\u00f1ado exclusivamente para los mercados de Dokan, este tema maneja todos los aspectos t\u00e9cnicos y desafiantes del dise\u00f1o de su sitio. Solo necesita sentarse y agregar su imaginaci\u00f3n para mejorar la interfaz de su sitio.<\/p>\n\n\n\n<p class=\"has-text-color has-small-font-size\" style=\"color:#393939;margin-top:var(--wp--preset--spacing--40);margin-right:0;margin-bottom:0;margin-left:0\"><a href=\"https:\/\/dokan.co\/es\/wordpress\/dokani-theme\/\" data-type=\"page\" data-id=\"9289\">Echa un vistazo a la aplicaci\u00f3n \u2192<\/a><\/p>\n\n\n\n<div style=\"height:15px\" aria-hidden=\"true\" class=\"wp-block-spacer\"><\/div>\n<\/div>\n<\/div>\n<\/div>\n<\/div>\n\n\n\n<div class=\"wp-block-group alignfull has-background has-global-padding is-layout-constrained wp-container-core-group-is-layout-01742c58 wp-block-group-is-layout-constrained\" style=\"background-color:#f6f7fb;margin-top:0;padding-top:3.4rem;padding-bottom:var(--wp--preset--spacing--60)\">\n<div class=\"wp-block-group ticss-e6880699 has-background is-layout-flow wp-block-group-is-layout-flow\" style=\"border-radius:30px;background-color:#171717;padding-top:4.69rem;padding-right:var(--wp--preset--spacing--30);padding-bottom:4.69rem;padding-left:var(--wp--preset--spacing--30)\">\n<h2 class=\"wp-block-heading has-text-align-center dco-m-text-3xl dco-m-br-hidden has-base-color has-text-color\" style=\"font-size:clamp(1.805rem, 1.805rem + ((1vw - 0.2rem) * 2.409), 3.13rem);font-style:normal;font-weight:900;line-height:1.2\">Empezar con <br>Dokan<\/h2>\n\n\n\n<p class=\"has-text-align-center dco-m-br-hidden has-base-color has-text-color\">Estamos aqu\u00ed para brindarle las herramientas adecuadas, pero es usted quien <br>debe creer en su capacidad y empezar.<\/p>\n\n\n\n<div class=\"wp-block-buttons is-content-justification-center is-layout-flex wp-container-core-buttons-is-layout-a89b3969 wp-block-buttons-is-layout-flex\">\n<div class=\"wp-block-button btn-bg-hover-transparent\"><a class=\"wp-block-button__link has-base-color has-dokan-background-color has-text-color has-background wp-element-button\" href=\"https:\/\/dokan.co\/es\/wordpress\/pricing\/\" style=\"border-radius:35px;padding-right:2.5rem;padding-left:2.5rem\">Empezar<\/a><\/div>\n<\/div>\n<\/div>\n<\/div>","protected":false},"excerpt":{"rendered":"<p>About Us Empowering Entrepreneurs with Premier Multivendor Marketplace Solutions The place where your marketplace dreams begin. Our Story Being an entrepreneur ourselves, we struggled and tackled numerous difficulties of being a business person. We realized why many businesses with potential lose hope and give up. As such, we put our heart and soul into work [&hellip;]<\/p>\n","protected":false},"author":2,"featured_media":9264,"parent":0,"menu_order":0,"comment_status":"closed","ping_status":"closed","template":"page-dokan-wordpress","meta":{"footnotes":""},"class_list":["post-9256","page","type-page","status-publish","has-post-thumbnail","hentry"],"_links":{"self":[{"href":"https:\/\/dokan.co\/es\/wp-json\/wp\/v2\/pages\/9256","targetHints":{"allow":["GET"]}}],"collection":[{"href":"https:\/\/dokan.co\/es\/wp-json\/wp\/v2\/pages"}],"about":[{"href":"https:\/\/dokan.co\/es\/wp-json\/wp\/v2\/types\/page"}],"author":[{"embeddable":true,"href":"https:\/\/dokan.co\/es\/wp-json\/wp\/v2\/users\/2"}],"replies":[{"embeddable":true,"href":"https:\/\/dokan.co\/es\/wp-json\/wp\/v2\/comments?post=9256"}],"version-history":[{"count":14,"href":"https:\/\/dokan.co\/es\/wp-json\/wp\/v2\/pages\/9256\/revisions"}],"predecessor-version":[{"id":510069,"href":"https:\/\/dokan.co\/es\/wp-json\/wp\/v2\/pages\/9256\/revisions\/510069"}],"wp:featuredmedia":[{"embeddable":true,"href":"https:\/\/dokan.co\/es\/wp-json\/wp\/v2\/media\/9264"}],"wp:attachment":[{"href":"https:\/\/dokan.co\/es\/wp-json\/wp\/v2\/media?parent=9256"}],"curies":[{"name":"gracias","href":"https:\/\/api.w.org\/{rel}","templated":true}]}}