{"id":9279,"date":"2023-06-20T11:39:55","date_gmt":"2023-06-20T05:39:55","guid":{"rendered":"https:\/\/dokan.co\/?page_id=9279"},"modified":"2025-05-05T18:23:22","modified_gmt":"2025-05-05T12:23:22","slug":"changelog","status":"publish","type":"page","link":"https:\/\/dokan.co\/es\/wordpress\/changelog\/","title":{"rendered":"registro de cambios"},"content":{"rendered":"<div class=\"wp-block-group alignfull has-global-padding is-layout-constrained wp-block-group-is-layout-constrained\">\n<div style=\"height:37px\" aria-hidden=\"true\" class=\"wp-block-spacer\"><\/div>\n\n\n\n<p class=\"has-text-align-center has-text-color has-medium-font-size\" style=\"color:#2409cb\">registro de cambios<\/p>\n\n\n\n<h1 class=\"wp-block-heading has-text-align-center dco-m-text-3xl\" style=\"margin-top:var(--wp--preset--spacing--30);margin-right:0;margin-bottom:0;margin-left:0;font-size:clamp(2.089rem, 2.089rem + ((1vw - 0.2rem) * 3.02), 3.75rem);font-style:normal;font-weight:800\">Qu\u00e9 <mark style=\"background-color:rgba(0, 0, 0, 0);color:#ef5253\" class=\"has-inline-color\">Nuevo<\/mark><\/h1>\n\n\n\n<p class=\"has-text-align-center has-text-color has-medium-font-size\" style=\"color:#758598;margin-top:var(--wp--preset--spacing--30);margin-right:0;margin-bottom:0;margin-left:0\">Nuevos lanzamientos, mejoras y actualizaciones de Dokan<\/p>\n\n\n\n<div style=\"height:63px\" aria-hidden=\"true\" class=\"wp-block-spacer\"><\/div>\n<\/div>\n\n\n\n<div class=\"wp-block-group alignfull has-global-padding is-content-justification-center is-layout-constrained wp-container-core-group-is-layout-57b77c9f wp-block-group-is-layout-constrained\">\n<div class=\"wp-block-query alignwide dco-changelog-posts is-layout-flow wp-block-query-is-layout-flow\"><ul class=\"alignwide wp-block-post-template is-layout-flow wp-block-post-template-is-layout-flow\"><li class=\"wp-block-post post-511337 dco_changelog type-dco_changelog status-publish hentry dco_changelog_cats-wordpress\">\n\n<div class=\"wp-block-group has-global-padding is-layout-constrained wp-container-core-group-is-layout-fb69ee0b wp-block-group-is-layout-constrained\"><div class=\"wp-block-post-date\"><time datetime=\"2026-04-28T16:28:47+06:00\">28 de abril de 2026<\/time><\/div>\n\n<div class=\"entry-content wp-block-post-content is-layout-flow wp-block-post-content-is-layout-flow\">\n<figure class=\"wp-block-image size-full\"><a href=\"https:\/\/dokan.co\/es\/wordpress\/changelog\/v5-0-0-april-28-2026\/\"><img loading=\"lazy\" decoding=\"async\" width=\"1622\" height=\"886\" src=\"https:\/\/dokan.co\/app\/uploads\/2026\/04\/Dokan-release-email-banner-pro-23-1.jpg\" alt=\"\" class=\"wp-image-511339\" srcset=\"https:\/\/dokan.co\/app\/uploads\/2026\/04\/Dokan-release-email-banner-pro-23-1.jpg 1622w, https:\/\/dokan.co\/app\/uploads\/2026\/04\/Dokan-release-email-banner-pro-23-1-300x164.jpg 300w, https:\/\/dokan.co\/app\/uploads\/2026\/04\/Dokan-release-email-banner-pro-23-1-1024x559.jpg 1024w, https:\/\/dokan.co\/app\/uploads\/2026\/04\/Dokan-release-email-banner-pro-23-1-768x420.jpg 768w, https:\/\/dokan.co\/app\/uploads\/2026\/04\/Dokan-release-email-banner-pro-23-1-1536x839.jpg 1536w, https:\/\/dokan.co\/app\/uploads\/2026\/04\/Dokan-release-email-banner-pro-23-1-18x10.jpg 18w\" sizes=\"auto, (max-width: 1622px) 100vw, 1622px\" data-no-translation=\"\" data-no-auto-translation=\"\" \/><\/a><\/figure>\n\n\n\n<ul class=\"wp-block-list\">\n<li>Novedad: Se ha introducido el m\u00f3dulo de personalizaci\u00f3n de formularios de producto para que los administradores puedan controlar los campos, el dise\u00f1o y la estructura del formulario de producto del proveedor directamente desde el panel de administraci\u00f3n.<\/li>\n\n\n\n<li>Novedad: Se ha redise\u00f1ado el panel de control de proveedores de ShipStation con una interfaz basada en React para ofrecer una experiencia de conexi\u00f3n con proveedores m\u00e1s r\u00e1pida y fiable.<\/li>\n\n\n\n<li>Novedad: Se han implementado las p\u00e1ginas de solicitud de presupuesto (RFQ) del administrador con una nueva interfaz de administraci\u00f3n basada en React, lo que hace que la gesti\u00f3n de las solicitudes de presupuesto desde el panel de administraci\u00f3n sea m\u00e1s r\u00e1pida e intuitiva.<\/li>\n\n\n\n<li>Novedad: Se ha implementado la p\u00e1gina de Informes de administraci\u00f3n con una nueva interfaz de usuario en React para una experiencia de generaci\u00f3n de informes m\u00e1s r\u00e1pida y limpia.<\/li>\n\n\n\n<li>Novedad: Se ha introducido un nuevo panel de Ganancias de administrador en Informes de administrador para que los administradores puedan filtrar y realizar un seguimiento de las ganancias del mercado por tipo, proveedor, rango de fechas y n\u00famero de pedido.<\/li>\n\n\n\n<li>Novedad: Se ha a\u00f1adido una ventana modal para la creaci\u00f3n de tickets de soporte mediante un iframe y se ha integrado con el bot\u00f3n de soporte Pro para que los usuarios puedan obtener ayuda sin salir del panel de control.<\/li>\n\n\n\n<li>Novedad: Se han migrado las tablas de la lista de la p\u00e1gina de reservas del panel de control del proveedor (3 tablas) a React con Plugin UI para una experiencia m\u00e1s r\u00e1pida y consistente.<\/li>\n\n\n\n<li>Novedad: Se han migrado las tablas de la lista de la p\u00e1gina de subastas (3 tablas entre el panel de administraci\u00f3n y el panel de vendedores) a React con Plugin UI.<\/li>\n\n\n\n<li>Novedad: Se ha migrado la tabla de la lista de p\u00e1ginas de suscripciones de usuario a React con Plugin UI.<\/li>\n\n\n\n<li>Novedad: Se ha migrado la tabla de la lista de p\u00e1ginas de Solicitud de Cotizaciones (RFQ) a React con interfaz de usuario de complementos.<\/li>\n\n\n\n<li>Novedad: Se han migrado las tablas de la lista de la p\u00e1gina de cupones (2 tablas) a React con Plugin UI.<\/li>\n\n\n\n<li>Novedad: Se migr\u00f3 la tabla de la lista de la p\u00e1gina Informes \u2013 Estado de cuenta a React con interfaz de usuario de complemento.<\/li>\n\n\n\n<li>Novedad: Se ha migrado la tabla de la p\u00e1gina de rese\u00f1as a React con Plugin UI.<\/li>\n\n\n\n<li>Novedad: Se ha migrado la tabla de la lista de la p\u00e1gina de insignias del vendedor a React con la interfaz de usuario del plugin.<\/li>\n\n\n\n<li>Novedad: Se ha migrado la tabla de la p\u00e1gina de preguntas y respuestas del producto a React con interfaz de usuario de plugin.<\/li>\n\n\n\n<li>Novedad: Se migr\u00f3 la tabla de la lista de p\u00e1ginas de solicitudes de devoluci\u00f3n (RMA) a React con interfaz de usuario de complemento.<\/li>\n\n\n\n<li>Novedad: Se migr\u00f3 la tabla de la lista de la p\u00e1gina de personal del vendedor a React con Plugin UI.<\/li>\n\n\n\n<li>Novedad: Se ha migrado la tabla de la lista de seguidores de la tienda a React con Plugin UI.<\/li>\n\n\n\n<li>Novedad: Se ha migrado la tabla de la lista de la p\u00e1gina de suscripci\u00f3n de proveedores a React con la interfaz de usuario del plugin.<\/li>\n\n\n\n<li>Novedad: Se ha migrado la tabla de la p\u00e1gina de estad\u00edsticas de la tienda a React con la interfaz de usuario del plugin.<\/li>\n\n\n\n<li>Novedad: Se ha migrado la tabla de la p\u00e1gina de Soporte de administraci\u00f3n a React con interfaz de usuario de plugin.<\/li>\n\n\n\n<li>Novedad: Se ha migrado la tabla de la lista de tickets de soporte a React con Plugin UI.<\/li>\n\n\n\n<li>Novedad: Se ha migrado la tabla de la lista de la p\u00e1gina de Ajustes \u2013 Complementos de producto a React con interfaz de usuario de plugin.<\/li>\n\n\n\n<li>Nuevo: Se migraron las tablas de la lista de la p\u00e1gina de Configuraci\u00f3n - Env\u00edo (2 tablas) a React con Plugin UI.<\/li>\n\n\n\n<li>Actualizaci\u00f3n: Se migr\u00f3 la interfaz de usuario de Dokan a Tailwind CSS v4 con un paquete de componentes compartidos consolidado para mejorar la coherencia y el rendimiento del plugin.<\/li>\n\n\n\n<li>Actualizaci\u00f3n: Se ha renovado la interfaz de usuario del panel de anuncios de proveedores y se ha corregido la URL de la ventana modal &quot;Ver&quot; para que los proveedores sean dirigidos al destino correcto.<\/li>\n\n\n\n<li>Actualizaci\u00f3n: Se ha refactorizado el espacio de nombres y los recursos del editor de productos para mejorar su mantenimiento a largo plazo.<\/li>\n\n\n\n<li>Actualizaci\u00f3n: Se actualiz\u00f3 la URL del enlace de solicitud de presupuesto y se corrigi\u00f3 el ancho de la columna de la tabla de complementos para una mejor usabilidad.<\/li>\n\n\n\n<li>Actualizaci\u00f3n: Se actualiz\u00f3 la URL de suscripci\u00f3n en el aviso de la p\u00e1gina y se corrigi\u00f3 la l\u00f3gica de acci\u00f3n de duplicaci\u00f3n de suscripci\u00f3n para evitar comportamientos no deseados.<\/li>\n\n\n\n<li>Actualizaci\u00f3n: Se han a\u00f1adido funciones de permisos espec\u00edficas en el panel Gestionar permisos para que los proveedores puedan controlar si los miembros del personal pueden acceder al calendario de plazos de entrega y a la configuraci\u00f3n de plazos de entrega de forma independiente.<\/li>\n\n\n\n<li>Correcci\u00f3n: Se ha solucionado el problema de incompatibilidad del contexto de filtrado de ganancias del administrador, por lo que ahora los datos de ganancias se filtran y se muestran correctamente.<\/li>\n\n\n\n<li>Soluci\u00f3n: Se resolvi\u00f3 el problema de conexi\u00f3n con el proveedor ShipStation agregando puntos finales REST con \u00e1mbito de proveedor para diagn\u00f3sticos, inventario y pedidos.<\/li>\n\n\n\n<li>Correcci\u00f3n: Se han solucionado los problemas relacionados con la eliminaci\u00f3n de preguntas y respuestas sobre productos y la visualizaci\u00f3n modal, de modo que los proveedores puedan gestionar las preguntas y respuestas sin errores.<\/li>\n\n\n\n<li>Correcci\u00f3n: Se han corregido las interacciones del filtro de marca, el men\u00fa activo de Estad\u00edsticas de la tienda y la tabla de Preguntas y respuestas sobre productos para que los tres funcionen como se espera.<\/li>\n\n\n\n<li>Correcci\u00f3n: Se han solucionado las inconsistencias de la interfaz de usuario de estad\u00edsticas de la tienda en el panel de control del proveedor para que la interfaz se muestre correctamente en todos los estados.<\/li>\n\n\n\n<li>Correcci\u00f3n: Se ha solucionado el aviso de clave de matriz indefinida para &#039;include-hidden-product&#039; en la lista de productos del administrador para eliminar las advertencias de PHP.<\/li>\n\n\n\n<li>Correcci\u00f3n: Se ha a\u00f1adido el campo de t\u00edtulo que faltaba en el formulario de solicitud de presupuestos para que estos se puedan crear con un t\u00edtulo adecuado.<\/li>\n\n\n\n<li>Correcci\u00f3n: Se ha solucionado el fallo de actualizaci\u00f3n del m\u00e9todo de env\u00edo de Stripe Express para Apple Pay, de modo que el proceso de pago se completa correctamente.<\/li>\n<\/ul>\n<\/div>\n\n\n<div style=\"height:100px\" aria-hidden=\"true\" class=\"wp-block-spacer\"><\/div>\n<\/div>\n\n<\/li><li class=\"wp-block-post post-510275 dco_changelog type-dco_changelog status-publish hentry dco_changelog_cats-wordpress\">\n\n<div class=\"wp-block-group has-global-padding is-layout-constrained wp-container-core-group-is-layout-fb69ee0b wp-block-group-is-layout-constrained\"><div class=\"wp-block-post-date\"><time datetime=\"2026-04-03T11:24:29+06:00\">3 de abril de 2026<\/time><\/div>\n\n<div class=\"entry-content wp-block-post-content is-layout-flow wp-block-post-content-is-layout-flow\">\n<figure class=\"wp-block-image size-large\"><a href=\"https:\/\/dokan.co\/es\/wordpress\/changelog\/v4-3-3-april-03-2026\/\"><img loading=\"lazy\" decoding=\"async\" width=\"1024\" height=\"559\" src=\"https:\/\/dokan.co\/app\/uploads\/2026\/04\/Dokan-release-email-banner-pro-22-1024x559.jpg\" alt=\"\" class=\"wp-image-510276\" srcset=\"https:\/\/dokan.co\/app\/uploads\/2026\/04\/Dokan-release-email-banner-pro-22-1024x559.jpg 1024w, https:\/\/dokan.co\/app\/uploads\/2026\/04\/Dokan-release-email-banner-pro-22-300x164.jpg 300w, https:\/\/dokan.co\/app\/uploads\/2026\/04\/Dokan-release-email-banner-pro-22-768x420.jpg 768w, https:\/\/dokan.co\/app\/uploads\/2026\/04\/Dokan-release-email-banner-pro-22-1536x839.jpg 1536w, https:\/\/dokan.co\/app\/uploads\/2026\/04\/Dokan-release-email-banner-pro-22-18x10.jpg 18w, https:\/\/dokan.co\/app\/uploads\/2026\/04\/Dokan-release-email-banner-pro-22.jpg 1622w\" sizes=\"auto, (max-width: 1024px) 100vw, 1024px\" data-no-translation=\"\" data-no-auto-translation=\"\" \/><\/a><\/figure>\n\n\n\n<ul class=\"wp-block-list\">\n<li>Correcci\u00f3n: Se solucion\u00f3 un problema por el cual los pagos a proveedores de Stripe Express no se procesaban por separado para cada subpedido completado en pedidos con varios proveedores. Ahora, los pagos se gestionan de forma independiente para cada proveedor.<\/li>\n<\/ul>\n\n\n\n<p><\/p>\n<\/div>\n\n\n<div style=\"height:100px\" aria-hidden=\"true\" class=\"wp-block-spacer\"><\/div>\n<\/div>\n\n<\/li><li class=\"wp-block-post post-510272 dco_changelog type-dco_changelog status-publish hentry dco_changelog_cats-wordpress\">\n\n<div class=\"wp-block-group has-global-padding is-layout-constrained wp-container-core-group-is-layout-fb69ee0b wp-block-group-is-layout-constrained\"><div class=\"wp-block-post-date\"><time datetime=\"2026-03-31T11:21:41+06:00\">31 de marzo de 2026<\/time><\/div>\n\n<div class=\"entry-content wp-block-post-content is-layout-flow wp-block-post-content-is-layout-flow\">\n<figure class=\"wp-block-image size-large\"><a href=\"https:\/\/dokan.co\/es\/wordpress\/changelog\/v4-3-2-march-31-2026\/\"><img loading=\"lazy\" decoding=\"async\" width=\"1024\" height=\"559\" src=\"https:\/\/dokan.co\/app\/uploads\/2026\/04\/Dokan-release-email-banner-pro-21-1024x559.jpg\" alt=\"\" class=\"wp-image-510273\" srcset=\"https:\/\/dokan.co\/app\/uploads\/2026\/04\/Dokan-release-email-banner-pro-21-1024x559.jpg 1024w, https:\/\/dokan.co\/app\/uploads\/2026\/04\/Dokan-release-email-banner-pro-21-300x164.jpg 300w, https:\/\/dokan.co\/app\/uploads\/2026\/04\/Dokan-release-email-banner-pro-21-768x420.jpg 768w, https:\/\/dokan.co\/app\/uploads\/2026\/04\/Dokan-release-email-banner-pro-21-1536x839.jpg 1536w, https:\/\/dokan.co\/app\/uploads\/2026\/04\/Dokan-release-email-banner-pro-21-18x10.jpg 18w, https:\/\/dokan.co\/app\/uploads\/2026\/04\/Dokan-release-email-banner-pro-21.jpg 1622w\" sizes=\"auto, (max-width: 1024px) 100vw, 1024px\" data-no-translation=\"\" data-no-auto-translation=\"\" \/><\/a><\/figure>\n\n\n\n<ul class=\"wp-block-list\">\n<li>Actualizaci\u00f3n: Se han a\u00f1adido a la API de la tienda la configuraci\u00f3n de los plazos de entrega del proveedor y los espacios de entrega disponibles para que esta informaci\u00f3n pueda utilizarse en el carrito de compra y en el proceso de pago.<\/li>\n\n\n\n<li>Actualizaci\u00f3n: La API REST de pedidos de la tienda ahora devuelve informaci\u00f3n de entrega espec\u00edfica para cada pedido, en lugar de la configuraci\u00f3n general del proveedor.<\/li>\n\n\n\n<li>Actualizaci\u00f3n: Se ha mejorado la vista m\u00f3vil de la p\u00e1gina de creaci\u00f3n manual de pedidos en el panel de control del proveedor para que sea m\u00e1s f\u00e1cil de usar en pantallas m\u00e1s peque\u00f1as.<\/li>\n\n\n\n<li>Actualizaci\u00f3n: Se ha a\u00f1adido compatibilidad con la API REST para que los proveedores puedan actualizar la informaci\u00f3n sobre los plazos de entrega de los pedidos.<\/li>\n\n\n\n<li>Actualizaci\u00f3n: Se ha mejorado la navegaci\u00f3n a\u00f1adiendo un enlace de redireccionamiento desde el mensaje de error de restricci\u00f3n de presupuesto a la p\u00e1gina de presupuesto.<\/li>\n\n\n\n<li>Actualizaci\u00f3n: Se han a\u00f1adido ganchos y ranuras para que los desarrolladores puedan personalizar m\u00e1s f\u00e1cilmente la plantilla de la lista de paquetes de suscripci\u00f3n del proveedor.<\/li>\n\n\n\n<li>Correcci\u00f3n: Se solucion\u00f3 un problema por el cual la p\u00e1gina de suscripci\u00f3n del administrador llamaba al punto final de la API incorrecto cuando las suscripciones de proveedores estaban deshabilitadas en la configuraci\u00f3n.<\/li>\n\n\n\n<li>Correcci\u00f3n: Se solucion\u00f3 un problema por el cual el pa\u00eds de incorporaci\u00f3n de Stripe Express no se actualizaba cuando el proveedor cambiaba la ubicaci\u00f3n de su tienda.<\/li>\n\n\n\n<li>Correcci\u00f3n: Se ha corregido el texto sin traducir en la pantalla de Informes de inventario del panel de control del proveedor, de modo que ahora todas las etiquetas aparecen correctamente.<\/li>\n\n\n\n<li>Correcci\u00f3n: Se ha estandarizado el funcionamiento de los valores ilimitados en la configuraci\u00f3n de los productos de suscripci\u00f3n de Dokan, especialmente en lo que respecta a la validez de los paquetes.<\/li>\n\n\n\n<li>Correcci\u00f3n: Se solucion\u00f3 un problema por el cual las traducciones no se cargaban correctamente en el men\u00fa de Soporte de la tienda en el panel de control del vendedor.<\/li>\n<\/ul>\n<\/div>\n\n\n<div style=\"height:100px\" aria-hidden=\"true\" class=\"wp-block-spacer\"><\/div>\n<\/div>\n\n<\/li><li class=\"wp-block-post post-509040 dco_changelog type-dco_changelog status-publish hentry dco_changelog_cats-wordpress\">\n\n<div class=\"wp-block-group has-global-padding is-layout-constrained wp-container-core-group-is-layout-fb69ee0b wp-block-group-is-layout-constrained\"><div class=\"wp-block-post-date\"><time datetime=\"2026-03-06T10:54:32+06:00\">6 de marzo de 2026<\/time><\/div>\n\n<div class=\"entry-content wp-block-post-content is-layout-flow wp-block-post-content-is-layout-flow\">\n<figure class=\"wp-block-image size-large\"><a href=\"https:\/\/dokan.co\/es\/wordpress\/changelog\/v4-3-1-march-6-2026\/\"><img loading=\"lazy\" decoding=\"async\" width=\"1024\" height=\"559\" src=\"https:\/\/dokan.co\/app\/uploads\/2026\/03\/Dokan-release-email-banner-pro-21-1-1024x559.jpg\" alt=\"\" class=\"wp-image-509041\" srcset=\"https:\/\/dokan.co\/app\/uploads\/2026\/03\/Dokan-release-email-banner-pro-21-1-1024x559.jpg 1024w, https:\/\/dokan.co\/app\/uploads\/2026\/03\/Dokan-release-email-banner-pro-21-1-300x164.jpg 300w, https:\/\/dokan.co\/app\/uploads\/2026\/03\/Dokan-release-email-banner-pro-21-1-768x420.jpg 768w, https:\/\/dokan.co\/app\/uploads\/2026\/03\/Dokan-release-email-banner-pro-21-1-1536x839.jpg 1536w, https:\/\/dokan.co\/app\/uploads\/2026\/03\/Dokan-release-email-banner-pro-21-1-18x10.jpg 18w, https:\/\/dokan.co\/app\/uploads\/2026\/03\/Dokan-release-email-banner-pro-21-1.jpg 1622w\" sizes=\"auto, (max-width: 1024px) 100vw, 1024px\" data-no-translation=\"\" data-no-auto-translation=\"\" \/><\/a><\/figure>\n\n\n\n<ul class=\"wp-block-list\">\n<li>Actualizaci\u00f3n: se evitaron recuentos incorrectos de productos y problemas de l\u00edmites de suscripci\u00f3n durante la importaci\u00f3n de CSV, lo que garantiza que los productos se importen correctamente sin afectar los l\u00edmites de suscripci\u00f3n del proveedor.<\/li>\n\n\n\n<li>Actualizaci\u00f3n: Se mejor\u00f3 la gesti\u00f3n de pagos de Stripe Express para que los pagos de los subpedidos se retrasen y se procesen por separado al completarse cada uno. Esto permite que los proveedores reciban los pagos de forma independiente.<\/li>\n\n\n\n<li>Actualizaci\u00f3n: se actualiz\u00f3 el SDK de Razorpay para resolver conflictos de dependencia y mejorar la compatibilidad.<\/li>\n\n\n\n<li>Correcci\u00f3n: Se mejor\u00f3 la desinfecci\u00f3n de entrada y el escape de salida para fortalecer la seguridad y prevenir posibles vulnerabilidades.<\/li>\n\n\n\n<li>Correcci\u00f3n: se corrigi\u00f3 el men\u00fa desplegable de productos en el modo Publicidad para que ahora cargue correctamente los productos que pertenecen al proveedor espec\u00edfico.<\/li>\n\n\n\n<li>Correcci\u00f3n: se corrigi\u00f3 c\u00f3mo se muestran los descuentos porcentuales para los cupones creados por el proveedor, garantizando que aparezcan como valores porcentuales en lugar de montos fijos.<\/li>\n\n\n\n<li>Correcci\u00f3n: se resolvi\u00f3 un problema en el cual la pasarela de pago de Dokan PayPal Marketplace no aparec\u00eda durante el proceso de pago del anuncio del producto.<\/li>\n<\/ul>\n<\/div>\n\n\n<div style=\"height:100px\" aria-hidden=\"true\" class=\"wp-block-spacer\"><\/div>\n<\/div>\n\n<\/li><li class=\"wp-block-post post-508678 dco_changelog type-dco_changelog status-publish hentry dco_changelog_cats-wordpress\">\n\n<div class=\"wp-block-group has-global-padding is-layout-constrained wp-container-core-group-is-layout-fb69ee0b wp-block-group-is-layout-constrained\"><div class=\"wp-block-post-date\"><time datetime=\"2026-02-25T15:33:48+06:00\">25 de febrero de 2026<\/time><\/div>\n\n<div class=\"entry-content wp-block-post-content is-layout-flow wp-block-post-content-is-layout-flow\">\n<figure class=\"wp-block-image size-large\"><a href=\"https:\/\/dokan.co\/es\/wordpress\/changelog\/v4-3-0-february-25-2026\/\"><img loading=\"lazy\" decoding=\"async\" width=\"1024\" height=\"559\" src=\"https:\/\/dokan.co\/app\/uploads\/2026\/02\/Dokan-release-email-banner-pro-20-1-1024x559.jpg\" alt=\"\" class=\"wp-image-508679\" srcset=\"https:\/\/dokan.co\/app\/uploads\/2026\/02\/Dokan-release-email-banner-pro-20-1-1024x559.jpg 1024w, https:\/\/dokan.co\/app\/uploads\/2026\/02\/Dokan-release-email-banner-pro-20-1-300x164.jpg 300w, https:\/\/dokan.co\/app\/uploads\/2026\/02\/Dokan-release-email-banner-pro-20-1-768x420.jpg 768w, https:\/\/dokan.co\/app\/uploads\/2026\/02\/Dokan-release-email-banner-pro-20-1-1536x839.jpg 1536w, https:\/\/dokan.co\/app\/uploads\/2026\/02\/Dokan-release-email-banner-pro-20-1-18x10.jpg 18w, https:\/\/dokan.co\/app\/uploads\/2026\/02\/Dokan-release-email-banner-pro-20-1.jpg 1622w\" sizes=\"auto, (max-width: 1024px) 100vw, 1024px\" data-no-translation=\"\" data-no-auto-translation=\"\" \/><\/a><\/figure>\n\n\n\n<ul class=\"wp-block-list\">\n<li>Nuevo: Se agreg\u00f3 compatibilidad con WooCommerce Block Checkout con pagos Stripe Express, lo que permite a los clientes pagar usando Stripe Express en la p\u00e1gina de pago basada en bloques.<\/li>\n\n\n\n<li>Nuevo: se introdujo un sistema de token de pago unificado en diferentes modos de pago y se habilit\u00f3 el soporte para m\u00faltiples tarjetas guardadas, que se pueden administrar desde el panel de Stripe Express.<\/li>\n\n\n\n<li>Actualizaci\u00f3n: se refactoriz\u00f3 el servicio CAPTCHA de Dokan y se agreg\u00f3 soporte CAPTCHA a la ventana emergente de inicio de sesi\u00f3n de Soporte de la tienda para una mejor seguridad.<\/li>\n\n\n\n<li>Actualizaci\u00f3n: se mejor\u00f3 la configuraci\u00f3n de la puerta de enlace de Stripe Express al separar claramente los modos En vivo, Prueba y Sandbox para evitar confusiones.<\/li>\n\n\n\n<li>Actualizaci\u00f3n: se mejor\u00f3 la forma en que se manejan las suscripciones y los pagos recurrentes durante el pago para que el proceso sea m\u00e1s fluido y confiable.<\/li>\n\n\n\n<li>Soluci\u00f3n: se solucion\u00f3 un problema en el que aparec\u00eda un mensaje de error de cup\u00f3n incorrecto cuando se usaba un cup\u00f3n de proveedor junto con productos de administraci\u00f3n.<\/li>\n\n\n\n<li>Correcci\u00f3n: se asegur\u00f3 que las suscripciones de usuario se renueven correctamente cuando Dokan est\u00e1 activo.<\/li>\n\n\n\n<li>Correcci\u00f3n: se evit\u00f3 un problema de falta de coincidencia del tipo de marca de tiempo del webhook en Stripe Express que pod\u00eda causar errores de procesamiento.<\/li>\n\n\n\n<li>Correcci\u00f3n: se asegur\u00f3 que los scripts jQuery BlockUI y TipTip se carguen correctamente para que las funciones relacionadas funcionen como se espera.<\/li>\n\n\n\n<li>Correcci\u00f3n: se actualiz\u00f3 la verificaci\u00f3n de conexi\u00f3n de Stripe Express para requerir que tanto los cargos como los pagos est\u00e9n habilitados antes de confirmar una conexi\u00f3n exitosa.<\/li>\n<\/ul>\n<\/div>\n\n\n<div style=\"height:100px\" aria-hidden=\"true\" class=\"wp-block-spacer\"><\/div>\n<\/div>\n\n<\/li><\/ul>\n\n<nav class=\"alignwide wp-block-query-pagination is-content-justification-left is-layout-flex wp-container-core-query-pagination-is-layout-fc4fd283 wp-block-query-pagination-is-layout-flex\" aria-label=\"Paginaci\u00f3n\">\n\n\n<div class=\"wp-block-query-pagination-numbers\"><span aria-current=\"page\" class=\"page-numbers current\">1<\/span>\n<a class=\"page-numbers\" href=\"?query-25-page=2\">2<\/a>\n<a class=\"page-numbers\" href=\"?query-25-page=3\">3<\/a>\n<span class=\"page-numbers dots\">\u2026<\/span>\n<a class=\"page-numbers\" href=\"?query-25-page=14\">14<\/a><\/div>\n\n<a href=\"\/es\/wp-json\/wp\/v2\/pages\/9279?query-25-page=2\" class=\"wp-block-query-pagination-next has-small-font-size\">Siguiente p\u00e1gina<span class='wp-block-query-pagination-next-arrow is-arrow-arrow' aria-hidden='true'>\u2192<\/span><\/a>\n<\/nav><\/div>\n<\/div>\n\n\n\n<div style=\"height:91px\" aria-hidden=\"true\" class=\"wp-block-spacer\"><\/div>","protected":false},"excerpt":{"rendered":"<p>Registro de cambios Novedades Nuevos lanzamientos, mejoras y actualizaciones de Dokan<\/p>","protected":false},"author":2,"featured_media":0,"parent":472416,"menu_order":0,"comment_status":"closed","ping_status":"closed","template":"page-dokan-wordpress","meta":{"footnotes":""},"class_list":["post-9279","page","type-page","status-publish","hentry"],"_links":{"self":[{"href":"https:\/\/dokan.co\/es\/wp-json\/wp\/v2\/pages\/9279","targetHints":{"allow":["GET"]}}],"collection":[{"href":"https:\/\/dokan.co\/es\/wp-json\/wp\/v2\/pages"}],"about":[{"href":"https:\/\/dokan.co\/es\/wp-json\/wp\/v2\/types\/page"}],"author":[{"embeddable":true,"href":"https:\/\/dokan.co\/es\/wp-json\/wp\/v2\/users\/2"}],"replies":[{"embeddable":true,"href":"https:\/\/dokan.co\/es\/wp-json\/wp\/v2\/comments?post=9279"}],"version-history":[{"count":4,"href":"https:\/\/dokan.co\/es\/wp-json\/wp\/v2\/pages\/9279\/revisions"}],"predecessor-version":[{"id":498803,"href":"https:\/\/dokan.co\/es\/wp-json\/wp\/v2\/pages\/9279\/revisions\/498803"}],"up":[{"embeddable":true,"href":"https:\/\/dokan.co\/es\/wp-json\/wp\/v2\/pages\/472416"}],"wp:attachment":[{"href":"https:\/\/dokan.co\/es\/wp-json\/wp\/v2\/media?parent=9279"}],"curies":[{"name":"gracias","href":"https:\/\/api.w.org\/{rel}","templated":true}]}}