{"id":9308,"date":"2023-06-13T12:01:41","date_gmt":"2023-06-13T06:01:41","guid":{"rendered":"https:\/\/dokan.co\/?page_id=9308"},"modified":"2024-06-12T15:52:24","modified_gmt":"2024-06-12T09:52:24","slug":"testimonials","status":"publish","type":"page","link":"https:\/\/dokan.co\/es\/testimonials\/","title":{"rendered":"Testimonios"},"content":{"rendered":"<div class=\"wp-block-group alignfull ticss-a9b21d18 dco-ptm-64 dco-pbm-40 is-vertical is-content-justification-center is-layout-flex wp-container-core-group-is-layout-1b69a8be wp-block-group-is-layout-flex\" style=\"padding-top:var(--wp--preset--spacing--80);padding-bottom:12rem\">\n<h1 class=\"wp-block-heading has-text-align-center dco-m-text-3xl ticss-8e81dc8b has-foreground-color has-text-color\" style=\"padding-top:0;padding-right:0;padding-bottom:0;padding-left:0;font-size:clamp(1.802rem, 1.802rem + ((1vw - 0.2rem) * 2.405), 3.125rem);font-style:normal;font-weight:900\"><mark style=\"background-color:rgba(0, 0, 0, 0);color:#f1634c\" class=\"has-inline-color\">Dokan<\/mark> Testimonios<\/h1>\n<\/div>\n\n\n\n<div class=\"wp-block-group alignfull has-global-padding is-layout-constrained wp-container-core-group-is-layout-784e502a wp-block-group-is-layout-constrained\">\n<div class=\"wp-block-columns dco-mt-minus-112 is-layout-flex wp-container-core-columns-is-layout-28f84493 wp-block-columns-is-layout-flex\">\n<div class=\"wp-block-column is-layout-flow wp-block-column-is-layout-flow\">\n<div class=\"wp-block-group dco-shadow-sm has-background-background-color has-background is-layout-flow wp-block-group-is-layout-flow\" style=\"border-radius:5px;padding-top:45px;padding-right:45px;padding-bottom:45px;padding-left:45px\">\n<figure class=\"wp-block-image size-large is-resized\"><img decoding=\"async\" src=\"https:\/\/wedevs.com\/img\/dokan\/quote-icon.png\" alt=\"\" style=\"width:51px;height:37px\" data-no-translation=\"\" data-no-auto-translation=\"\"\/><\/figure>\n\n\n\n<p class=\"has-text-color has-small-font-size\" style=\"color:#758598\">Tan bueno. Todo lo que quer\u00eda que hiciera este determinado complemento y mucho m\u00e1s con el m\u00f3dulo disponible. Quer\u00eda que se agregara Geolocalizaci\u00f3n y, para mi sorpresa, tuvieron la amabilidad de aceptarlo y hacerlo en 1 semana.<br>Eso es lo que yo llamo una empresa centrada en el cliente.<br>MUCHAS GRACIAS CHICOS !<\/p>\n\n\n\n<div class=\"wp-block-group is-nowrap is-layout-flex wp-container-core-group-is-layout-6c531013 wp-block-group-is-layout-flex\">\n<figure class=\"wp-block-image size-large is-resized is-style-rounded\"><img decoding=\"async\" src=\"https:\/\/cdn.wedevs.com\/uploads\/2018\/10\/73x73-1.png\" alt=\"\" style=\"width:67px;height:67px\" data-no-translation=\"\" data-no-auto-translation=\"\"\/><\/figure>\n\n\n\n<p><strong>Labdhee Mehta<\/strong><\/p>\n<\/div>\n<\/div>\n<\/div>\n\n\n\n<div class=\"wp-block-column is-layout-flow wp-block-column-is-layout-flow\">\n<div class=\"wp-block-group dco-shadow-sm has-background-background-color has-background is-layout-flow wp-block-group-is-layout-flow\" style=\"border-radius:5px;padding-top:45px;padding-right:45px;padding-bottom:45px;padding-left:45px\">\n<figure class=\"wp-block-image size-large is-resized\"><img decoding=\"async\" src=\"https:\/\/wedevs.com\/img\/dokan\/quote-icon.png\" alt=\"\" style=\"width:51px;height:37px\" data-no-translation=\"\" data-no-auto-translation=\"\"\/><\/figure>\n\n\n\n<p class=\"has-text-color has-small-font-size\" style=\"color:#758598\">Son el mejor equipo de apoyo, tuve problemas con la traducci\u00f3n al \u00e1rabe y les ped\u00ed ayuda, y estos son mis puntos:<br>1. velocidad en respuesta<br>2. son muy pacientes<br>3. claro<br>4. No te dejar\u00e1n hasta que resuelvan tu problema.<br>Muchas gracias por ustedes chicos<\/p>\n\n\n\n<div class=\"wp-block-group is-nowrap is-layout-flex wp-container-core-group-is-layout-6c531013 wp-block-group-is-layout-flex\">\n<figure class=\"wp-block-image size-large is-resized is-style-rounded\"><img decoding=\"async\" src=\"https:\/\/cdn.wedevs.com\/uploads\/2018\/10\/73x73.png\" alt=\"\" style=\"width:67px;height:67px\" data-no-translation=\"\" data-no-auto-translation=\"\"\/><\/figure>\n\n\n\n<p><strong>Maher Daud<\/strong><\/p>\n<\/div>\n<\/div>\n<\/div>\n\n\n\n<div class=\"wp-block-column is-layout-flow wp-block-column-is-layout-flow\">\n<div class=\"wp-block-group dco-shadow-sm has-background-background-color has-background is-layout-flow wp-block-group-is-layout-flow\" style=\"border-radius:5px;padding-top:45px;padding-right:45px;padding-bottom:45px;padding-left:45px\">\n<figure class=\"wp-block-image size-large is-resized\"><img decoding=\"async\" src=\"https:\/\/wedevs.com\/img\/dokan\/quote-icon.png\" alt=\"\" style=\"width:51px;height:37px\" data-no-translation=\"\" data-no-auto-translation=\"\"\/><\/figure>\n\n\n\n<p class=\"has-text-color has-small-font-size\" style=\"color:#758598\">\u00a1El complemento es realmente fant\u00e1stico tanto para el comprador como para el vendedor! Aunque estoy usando la versi\u00f3n gratuita y puedo usar funciones menores, realmente estoy enamorado de que el equipo de WeDevs lo haya hecho de forma gratuita. Recomiendo mucho la versi\u00f3n paga \ud83d\ude42<\/p>\n\n\n\n<div class=\"wp-block-group is-nowrap is-layout-flex wp-container-core-group-is-layout-6c531013 wp-block-group-is-layout-flex\">\n<figure class=\"wp-block-image size-large is-resized is-style-rounded\"><img decoding=\"async\" src=\"https:\/\/wedevs.com\/img\/blog\/anonymous-user.png\" alt=\"\" style=\"width:67px;height:67px\" data-no-translation=\"\" data-no-auto-translation=\"\"\/><\/figure>\n\n\n\n<p><strong>shaonbd2020<\/strong><\/p>\n<\/div>\n<\/div>\n<\/div>\n<\/div>\n\n\n\n<div class=\"wp-block-columns is-layout-flex wp-container-core-columns-is-layout-28f84493 wp-block-columns-is-layout-flex\">\n<div class=\"wp-block-column is-layout-flow wp-block-column-is-layout-flow\">\n<div class=\"wp-block-group dco-shadow-sm has-background-background-color has-background is-layout-flow wp-block-group-is-layout-flow\" style=\"border-radius:5px;padding-top:45px;padding-right:45px;padding-bottom:45px;padding-left:45px\">\n<figure class=\"wp-block-image size-large is-resized\"><img decoding=\"async\" src=\"https:\/\/wedevs.com\/img\/dokan\/quote-icon.png\" alt=\"\" style=\"width:51px;height:37px\" data-no-translation=\"\" data-no-auto-translation=\"\"\/><\/figure>\n\n\n\n<p class=\"has-text-color has-small-font-size\" style=\"color:#758598\">Estoy muy contento de obtener este complemento dokan. Aument\u00f3 mi cliente y he creado 40 sitios web usando esto. Me encanta este complemento<\/p>\n\n\n\n<div class=\"wp-block-group is-nowrap is-layout-flex wp-container-core-group-is-layout-6c531013 wp-block-group-is-layout-flex\">\n<figure class=\"wp-block-image size-large is-resized is-style-rounded\"><img decoding=\"async\" src=\"https:\/\/wedevs.com\/img\/blog\/anonymous-user.png\" alt=\"\" style=\"width:67px;height:67px\" data-no-translation=\"\" data-no-auto-translation=\"\"\/><\/figure>\n\n\n\n<p><strong>arifur06<\/strong><\/p>\n<\/div>\n<\/div>\n<\/div>\n\n\n\n<div class=\"wp-block-column is-layout-flow wp-block-column-is-layout-flow\">\n<div class=\"wp-block-group dco-shadow-sm has-background-background-color has-background is-layout-flow wp-block-group-is-layout-flow\" style=\"border-radius:5px;padding-top:45px;padding-right:45px;padding-bottom:45px;padding-left:45px\">\n<figure class=\"wp-block-image size-large is-resized\"><img decoding=\"async\" src=\"https:\/\/wedevs.com\/img\/dokan\/quote-icon.png\" alt=\"\" style=\"width:51px;height:37px\" data-no-translation=\"\" data-no-auto-translation=\"\"\/><\/figure>\n\n\n\n<p class=\"has-text-color has-small-font-size\" style=\"color:#758598\">\u00a1Basta! \ud83d\ude42 El soporte tambi\u00e9n es bueno y r\u00e1pido. \u00a1Resolv\u00ed mi problema en menos de 24 horas!<\/p>\n\n\n\n<div class=\"wp-block-group is-nowrap is-layout-flex wp-container-core-group-is-layout-6c531013 wp-block-group-is-layout-flex\">\n<figure class=\"wp-block-image size-large is-resized is-style-rounded\"><img decoding=\"async\" src=\"https:\/\/wedevs.com\/img\/blog\/anonymous-user.png\" alt=\"\" style=\"width:67px;height:67px\" data-no-translation=\"\" data-no-auto-translation=\"\"\/><\/figure>\n\n\n\n<p><strong>viriato_sueco<\/strong><\/p>\n<\/div>\n<\/div>\n<\/div>\n\n\n\n<div class=\"wp-block-column is-layout-flow wp-block-column-is-layout-flow\">\n<div class=\"wp-block-group dco-shadow-sm has-background-background-color has-background is-layout-flow wp-block-group-is-layout-flow\" style=\"border-radius:5px;padding-top:45px;padding-right:45px;padding-bottom:45px;padding-left:45px\">\n<figure class=\"wp-block-image size-large is-resized\"><img decoding=\"async\" src=\"https:\/\/wedevs.com\/img\/dokan\/quote-icon.png\" alt=\"\" style=\"width:51px;height:37px\" data-no-translation=\"\" data-no-auto-translation=\"\"\/><\/figure>\n\n\n\n<p class=\"has-text-color has-small-font-size\" style=\"color:#758598\">Trabajando \u00fatil<br>Mostafijur<\/p>\n\n\n\n<div class=\"wp-block-group is-nowrap is-layout-flex wp-container-core-group-is-layout-6c531013 wp-block-group-is-layout-flex\">\n<figure class=\"wp-block-image size-large is-resized is-style-rounded\"><img decoding=\"async\" src=\"https:\/\/wedevs.com\/img\/blog\/anonymous-user.png\" alt=\"\" style=\"width:67px;height:67px\" data-no-translation=\"\" data-no-auto-translation=\"\"\/><\/figure>\n\n\n\n<p><strong>engrmostafijur<\/strong><\/p>\n<\/div>\n<\/div>\n<\/div>\n<\/div>\n\n\n\n<div class=\"wp-block-columns is-layout-flex wp-container-core-columns-is-layout-28f84493 wp-block-columns-is-layout-flex\">\n<div class=\"wp-block-column is-layout-flow wp-block-column-is-layout-flow\">\n<div class=\"wp-block-group dco-shadow-sm has-background-background-color has-background is-layout-flow wp-block-group-is-layout-flow\" style=\"border-radius:5px;padding-top:45px;padding-right:45px;padding-bottom:45px;padding-left:45px\">\n<figure class=\"wp-block-image size-large is-resized\"><img decoding=\"async\" src=\"https:\/\/wedevs.com\/img\/dokan\/quote-icon.png\" alt=\"\" style=\"width:51px;height:37px\" data-no-translation=\"\" data-no-auto-translation=\"\"\/><\/figure>\n\n\n\n<p class=\"has-text-color has-small-font-size\" style=\"color:#758598\">est\u00e1bamos usando el complemento Wc Vendor, pero ahora estamos usando el complemento Dokan Multivendor, pero el vendedor no es elegible para acceder a sus funciones de back-end, como agregar productos, etc., por favor avise.<\/p>\n\n\n\n<div class=\"wp-block-group is-nowrap is-layout-flex wp-container-core-group-is-layout-6c531013 wp-block-group-is-layout-flex\">\n<figure class=\"wp-block-image size-large is-resized is-style-rounded\"><img decoding=\"async\" src=\"https:\/\/wedevs.com\/img\/blog\/anonymous-user.png\" alt=\"\" style=\"width:67px;height:67px\" data-no-translation=\"\" data-no-auto-translation=\"\"\/><\/figure>\n\n\n\n<p><strong>cisne indio<\/strong><\/p>\n<\/div>\n<\/div>\n<\/div>\n\n\n\n<div class=\"wp-block-column is-layout-flow wp-block-column-is-layout-flow\">\n<div class=\"wp-block-group dco-shadow-sm has-background-background-color has-background is-layout-flow wp-block-group-is-layout-flow\" style=\"border-radius:5px;padding-top:45px;padding-right:45px;padding-bottom:45px;padding-left:45px\">\n<figure class=\"wp-block-image size-large is-resized\"><img decoding=\"async\" src=\"https:\/\/wedevs.com\/img\/dokan\/quote-icon.png\" alt=\"\" style=\"width:51px;height:37px\" data-no-translation=\"\" data-no-auto-translation=\"\"\/><\/figure>\n\n\n\n<p class=\"has-text-color has-small-font-size\" style=\"color:#758598\">Excelente complemento, o m\u00e1s completo. S\u00f3 tive dificuldades pra traducir mas consegui de boa. As\u00ed que falta un \u00e1rea de cliente, pero tambi\u00e9n hay otros complementos que existen.<\/p>\n\n\n\n<div class=\"wp-block-group is-nowrap is-layout-flex wp-container-core-group-is-layout-6c531013 wp-block-group-is-layout-flex\">\n<figure class=\"wp-block-image size-large is-resized is-style-rounded\"><img decoding=\"async\" src=\"https:\/\/wedevs.com\/img\/blog\/anonymous-user.png\" alt=\"\" style=\"width:67px;height:67px\" data-no-translation=\"\" data-no-auto-translation=\"\"\/><\/figure>\n\n\n\n<p><strong>albertupload<\/strong><\/p>\n<\/div>\n<\/div>\n<\/div>\n\n\n\n<div class=\"wp-block-column is-layout-flow wp-block-column-is-layout-flow\">\n<div class=\"wp-block-group dco-shadow-sm has-background-background-color has-background is-layout-flow wp-block-group-is-layout-flow\" style=\"border-radius:5px;padding-top:45px;padding-right:45px;padding-bottom:45px;padding-left:45px\">\n<figure class=\"wp-block-image size-large is-resized\"><img decoding=\"async\" src=\"https:\/\/wedevs.com\/img\/dokan\/quote-icon.png\" alt=\"\" style=\"width:51px;height:37px\" data-no-translation=\"\" data-no-auto-translation=\"\"\/><\/figure>\n\n\n\n<p class=\"has-text-color has-small-font-size\" style=\"color:#758598\">Prob\u00e9 varios otros complementos de m\u00faltiples proveedores y disfrut\u00e9 de la mejor soluci\u00f3n del equipo de weDevs. Me gusta el soporte profesional y oportuno. No me arrepiento de haber comprado el Dokan PRO. Muy recomendable. Felicitaciones al equipo!<\/p>\n\n\n\n<div class=\"wp-block-group is-nowrap is-layout-flex wp-container-core-group-is-layout-6c531013 wp-block-group-is-layout-flex\">\n<figure class=\"wp-block-image size-large is-resized is-style-rounded\"><img decoding=\"async\" src=\"https:\/\/wedevs.com\/img\/blog\/anonymous-user.png\" alt=\"\" style=\"width:67px;height:67px\" data-no-translation=\"\" data-no-auto-translation=\"\"\/><\/figure>\n\n\n\n<p><strong>josh<\/strong><\/p>\n<\/div>\n<\/div>\n<\/div>\n<\/div>\n\n\n\n<div class=\"wp-block-columns is-layout-flex wp-container-core-columns-is-layout-28f84493 wp-block-columns-is-layout-flex\">\n<div class=\"wp-block-column is-layout-flow wp-block-column-is-layout-flow\">\n<div class=\"wp-block-group dco-shadow-sm has-background-background-color has-background is-layout-flow wp-block-group-is-layout-flow\" style=\"border-radius:5px;padding-top:45px;padding-right:45px;padding-bottom:45px;padding-left:45px\">\n<figure class=\"wp-block-image size-large is-resized\"><img decoding=\"async\" src=\"https:\/\/wedevs.com\/img\/dokan\/quote-icon.png\" alt=\"\" style=\"width:51px;height:37px\" data-no-translation=\"\" data-no-auto-translation=\"\"\/><\/figure>\n\n\n\n<p class=\"has-text-color has-small-font-size\" style=\"color:#758598\">He revisado Dokan y parece que no hay rival para \u00e9l en lo que respecta a caracter\u00edsticas y capacidades de interfaz.<\/p>\n\n\n\n<div class=\"wp-block-group is-nowrap is-layout-flex wp-container-core-group-is-layout-6c531013 wp-block-group-is-layout-flex\">\n<figure class=\"wp-block-image size-large is-resized is-style-rounded\"><img decoding=\"async\" src=\"https:\/\/wedevs.com\/img\/blog\/anonymous-user.png\" alt=\"\" style=\"width:67px;height:67px\" data-no-translation=\"\" data-no-auto-translation=\"\"\/><\/figure>\n\n\n\n<p><strong>shariq11<\/strong><\/p>\n<\/div>\n<\/div>\n<\/div>\n\n\n\n<div class=\"wp-block-column is-layout-flow wp-block-column-is-layout-flow\">\n<div class=\"wp-block-group dco-shadow-sm has-background-background-color has-background is-layout-flow wp-block-group-is-layout-flow\" style=\"border-radius:5px;padding-top:45px;padding-right:45px;padding-bottom:45px;padding-left:45px\">\n<figure class=\"wp-block-image size-large is-resized\"><img decoding=\"async\" src=\"https:\/\/wedevs.com\/img\/dokan\/quote-icon.png\" alt=\"\" style=\"width:51px;height:37px\" data-no-translation=\"\" data-no-auto-translation=\"\"\/><\/figure>\n\n\n\n<p class=\"has-text-color has-small-font-size\" style=\"color:#758598\">Es maravilloso lo f\u00e1cil que se ha configurado. Y el soporte es muy amigable y \u00fatil. Obtuve todas las respuestas a todas mis preguntas y, si mis habilidades se quedan atr\u00e1s, el soporte me dice qu\u00e9 debo cambiar y me explica los detalles. Especialmente quiero agradecer a los equipos de apoyo Mahbubur Rahman, es muy bueno y amigable. \u00c9l sabe exactamente qu\u00e9 debo cambiar o d\u00f3nde puedo encontrar algo. Muy bien !! \u00a1Gracias Rahman!<\/p>\n\n\n\n<div class=\"wp-block-group is-nowrap is-layout-flex wp-container-core-group-is-layout-6c531013 wp-block-group-is-layout-flex\">\n<figure class=\"wp-block-image size-large is-resized is-style-rounded\"><img decoding=\"async\" src=\"https:\/\/wedevs.com\/img\/blog\/anonymous-user.png\" alt=\"\" style=\"width:67px;height:67px\" data-no-translation=\"\" data-no-auto-translation=\"\"\/><\/figure>\n\n\n\n<p><strong>raavo<\/strong><\/p>\n<\/div>\n<\/div>\n<\/div>\n\n\n\n<div class=\"wp-block-column is-layout-flow wp-block-column-is-layout-flow\">\n<div class=\"wp-block-group dco-shadow-sm has-background-background-color has-background is-layout-flow wp-block-group-is-layout-flow\" style=\"border-radius:5px;padding-top:45px;padding-right:45px;padding-bottom:45px;padding-left:45px\">\n<figure class=\"wp-block-image size-large is-resized\"><img decoding=\"async\" src=\"https:\/\/wedevs.com\/img\/dokan\/quote-icon.png\" alt=\"\" style=\"width:51px;height:37px\" data-no-translation=\"\" data-no-auto-translation=\"\"\/><\/figure>\n\n\n\n<p class=\"has-text-color has-small-font-size\" style=\"color:#758598\">\u00a1El complemento Dokan es incre\u00edble! Si necesita crear un mercado de comercio electr\u00f3nico, no busque m\u00e1s. Mir\u00e9 muchos complementos hasta que encontr\u00e9 este, y este es sin duda el mejor. Las \u00e1reas del panel del vendedor tambi\u00e9n est\u00e1n bien dise\u00f1adas y este complemento tiene (casi) todo lo que necesita listo para usar.<br>Su apoyo tambi\u00e9n es muy bueno. Si hay alg\u00fan problema o error, responden de inmediato y tienen una soluci\u00f3n lista para implementar si es necesario. Muchas veces, simplemente ha sido una cuesti\u00f3n de alguna configuraci\u00f3n personalizada que no necesita una nueva versi\u00f3n para actualizarse. Aprobado por este complemento.<\/p>\n\n\n\n<div class=\"wp-block-group is-nowrap is-layout-flex wp-container-core-group-is-layout-6c531013 wp-block-group-is-layout-flex\">\n<figure class=\"wp-block-image size-large is-resized is-style-rounded\"><img decoding=\"async\" src=\"https:\/\/wedevs.com\/img\/blog\/anonymous-user.png\" alt=\"\" style=\"width:67px;height:67px\" data-no-translation=\"\" data-no-auto-translation=\"\"\/><\/figure>\n\n\n\n<p><strong>upandit<\/strong><\/p>\n<\/div>\n<\/div>\n<\/div>\n<\/div>\n<\/div>\n\n\n\n<div class=\"wp-block-group alignfull has-global-padding is-layout-constrained wp-container-core-group-is-layout-b260d317 wp-block-group-is-layout-constrained\" style=\"margin-top:0;padding-top:6.2rem;padding-bottom:var(--wp--preset--spacing--60)\">\n<div class=\"wp-block-group ticss-e6880699 has-background is-layout-flow wp-block-group-is-layout-flow\" style=\"border-radius:30px;background-color:#171717;padding-top:4.69rem;padding-right:var(--wp--preset--spacing--30);padding-bottom:4.69rem;padding-left:var(--wp--preset--spacing--30)\">\n<h2 class=\"wp-block-heading has-text-align-center dco-m-text-3xl dco-m-br-hidden has-base-color has-text-color\" style=\"font-size:clamp(1.805rem, 1.805rem + ((1vw - 0.2rem) * 2.409), 3.13rem);font-style:normal;font-weight:900;line-height:1.2\">Empezar con <br>Dokan<\/h2>\n\n\n\n<p class=\"has-text-align-center dco-m-br-hidden has-base-color has-text-color\">Estamos aqu\u00ed para brindarle las herramientas adecuadas, pero es usted quien <br>debe creer en su capacidad y empezar.<\/p>\n\n\n\n<div class=\"wp-block-buttons is-content-justification-center is-layout-flex wp-container-core-buttons-is-layout-a89b3969 wp-block-buttons-is-layout-flex\">\n<div class=\"wp-block-button btn-border-color-hover-dokan-cloud btn-color-hover-white\"><a class=\"wp-block-button__link has-base-color has-text-color wp-element-button\" href=\"https:\/\/dokan.co\/es\/wordpress\/pricing\/\" style=\"padding-right:2.5rem;padding-left:2.5rem\">Empezar<\/a><\/div>\n<\/div>\n<\/div>\n<\/div>","protected":false},"excerpt":{"rendered":"<p>Dokan Testimonials So good. Everything I wanted for this certain plugin to do and a lot more with the module available. I wanted Geolocation to be added and they were kind enough to take it up and get it done in 1 week to my surprise.That&#8217;t what I call a customer centric company.THANK YOU SO [&hellip;]<\/p>\n","protected":false},"author":2,"featured_media":487113,"parent":0,"menu_order":0,"comment_status":"closed","ping_status":"closed","template":"page-dokan-wordpress","meta":{"footnotes":""},"class_list":["post-9308","page","type-page","status-publish","has-post-thumbnail","hentry"],"_links":{"self":[{"href":"https:\/\/dokan.co\/es\/wp-json\/wp\/v2\/pages\/9308","targetHints":{"allow":["GET"]}}],"collection":[{"href":"https:\/\/dokan.co\/es\/wp-json\/wp\/v2\/pages"}],"about":[{"href":"https:\/\/dokan.co\/es\/wp-json\/wp\/v2\/types\/page"}],"author":[{"embeddable":true,"href":"https:\/\/dokan.co\/es\/wp-json\/wp\/v2\/users\/2"}],"replies":[{"embeddable":true,"href":"https:\/\/dokan.co\/es\/wp-json\/wp\/v2\/comments?post=9308"}],"version-history":[{"count":18,"href":"https:\/\/dokan.co\/es\/wp-json\/wp\/v2\/pages\/9308\/revisions"}],"predecessor-version":[{"id":484648,"href":"https:\/\/dokan.co\/es\/wp-json\/wp\/v2\/pages\/9308\/revisions\/484648"}],"wp:featuredmedia":[{"embeddable":true,"href":"https:\/\/dokan.co\/es\/wp-json\/wp\/v2\/media\/487113"}],"wp:attachment":[{"href":"https:\/\/dokan.co\/es\/wp-json\/wp\/v2\/media?parent=9308"}],"curies":[{"name":"gracias","href":"https:\/\/api.w.org\/{rel}","templated":true}]}}