{"id":472493,"date":"2023-08-01T08:42:19","date_gmt":"2023-08-01T02:42:19","guid":{"rendered":"https:\/\/dokan.co\/?page_id=472493"},"modified":"2023-08-07T16:08:54","modified_gmt":"2023-08-07T10:08:54","slug":"dokan-documentation","status":"publish","type":"page","link":"https:\/\/dokan.co\/fr\/wordpress\/dokan-documentation\/","title":{"rendered":"Documentation Dokan"},"content":{"rendered":"<div class=\"wp-block-group alignfull has-global-padding is-layout-constrained wp-container-core-group-is-layout-0d25d02e wp-block-group-is-layout-constrained\" style=\"padding-top:var(--wp--preset--spacing--50);padding-bottom:var(--wp--preset--spacing--50)\">\n<div class=\"wp-block-group is-layout-flow wp-block-group-is-layout-flow\">\n<h1 class=\"wp-block-heading has-text-align-center has-foreground-color has-text-color\" style=\"font-size:clamp(1.378rem, 1.378rem + ((1vw - 0.2rem) * 1.585), 2.25rem);font-style:normal;font-weight:900\">Documentation Dokan<\/h1>\n\n\n\n<p class=\"has-text-align-center has-text-color has-small-font-size\" style=\"color:#333333;margin-top:6px\">La documentation, la base de connaissances, la FAQ, le forum, etc.<\/p>\n<\/div>\n\n\n\n<div style=\"height:14px\" aria-hidden=\"true\" class=\"wp-block-spacer\"><\/div>\n\n\n\n<div class=\"wp-block-columns is-layout-flex wp-container-core-columns-is-layout-28f84493 wp-block-columns-is-layout-flex\">\n<div class=\"wp-block-column is-layout-flow wp-block-column-is-layout-flow\">\n<div class=\"wp-block-group ticss-cfea08cc dco-ptm-32 dco-prm-32 dco-pbm-32 dco-plm-32 has-background has-global-padding is-layout-constrained wp-container-core-group-is-layout-42f8417c wp-block-group-is-layout-constrained\" style=\"border-radius:10px;background-color:#f0ecfc;padding-top:4.38rem;padding-right:2.88rem;padding-bottom:4.38rem;padding-left:2.88rem\">\n<p class=\"ticss-feb309cd\" style=\"margin-top:0;margin-right:0;margin-bottom:0;margin-left:0\"><a href=\"https:\/\/dokan.co\/docs\/wordpress\/\">\u00c9l\u00e9ment de lien personnalis\u00e9 de carte. ne modifiez pas.<\/a><\/p>\n\n\n\n<div class=\"wp-block-group dco-m-flex-col is-nowrap is-layout-flex wp-container-core-group-is-layout-940891e9 wp-block-group-is-layout-flex\" style=\"margin-top:0;margin-bottom:0\">\n<figure class=\"wp-block-image size-full is-resized ticss-eb6e3e96\"><img loading=\"lazy\" decoding=\"async\" src=\"https:\/\/dokan.co\/app\/uploads\/2023\/07\/docs-icon.png\" alt=\"\" class=\"wp-image-473303\" width=\"94\" height=\"94\" srcset=\"https:\/\/dokan.co\/app\/uploads\/2023\/07\/docs-icon.png 188w, https:\/\/dokan.co\/app\/uploads\/2023\/07\/docs-icon-150x150.png 150w, https:\/\/dokan.co\/app\/uploads\/2023\/07\/docs-icon-12x12.png 12w\" sizes=\"auto, (max-width: 94px) 100vw, 94px\" data-no-translation=\"\" data-no-auto-translation=\"\" \/><\/figure>\n\n\n\n<div class=\"wp-block-group has-global-padding is-layout-constrained wp-container-core-group-is-layout-f39e8682 wp-block-group-is-layout-constrained\">\n<p class=\"has-foreground-color has-text-color\" style=\"font-size:clamp(1.188rem, 1.188rem + ((1vw - 0.2rem) * 1.258), 1.88rem);line-height:1\">Documents utilisateur de base<\/p>\n\n\n\n<p class=\"has-text-color\" style=\"color:#575d64;margin-top:var(--wp--preset--spacing--30);margin-right:0;margin-bottom:0;margin-left:0\">Obtenez toutes les connaissances de base et le soutien dont vous avez besoin. Parcourez la documentation utilisateur \u00e9tape par \u00e9tape pour obtenir des articles sur l&#039;installation, les proc\u00e9dures, le d\u00e9pannage et la FAQ.<\/p>\n<\/div>\n<\/div>\n<\/div>\n<\/div>\n\n\n\n<div class=\"wp-block-column is-layout-flow wp-block-column-is-layout-flow\">\n<div class=\"wp-block-group ticss-ec1e7675 dco-ptm-32 dco-prm-32 dco-pbm-32 dco-plm-32 has-background is-layout-flow wp-block-group-is-layout-flow\" style=\"border-radius:10px;background-color:#ecf4fc;padding-top:4.38rem;padding-right:2.88rem;padding-bottom:4.38rem;padding-left:2.88rem\">\n<p class=\"ticss-feb309cd\"><a href=\"https:\/\/dokan.co\/docs\/wordpress\/tutorials\/\">\u00c9l\u00e9ment de lien personnalis\u00e9 de carte. ne modifiez pas.<\/a><\/p>\n\n\n\n<div class=\"wp-block-group dco-m-flex-col is-nowrap is-layout-flex wp-container-core-group-is-layout-940891e9 wp-block-group-is-layout-flex\" style=\"margin-top:0;margin-bottom:0\">\n<figure class=\"wp-block-image size-full is-resized ticss-eb6e3e96\"><img loading=\"lazy\" decoding=\"async\" src=\"https:\/\/dokan.co\/app\/uploads\/2023\/07\/docs-tutorials-icon.png\" alt=\"\" class=\"wp-image-473305\" width=\"94\" height=\"94\" srcset=\"https:\/\/dokan.co\/app\/uploads\/2023\/07\/docs-tutorials-icon.png 188w, https:\/\/dokan.co\/app\/uploads\/2023\/07\/docs-tutorials-icon-150x150.png 150w, https:\/\/dokan.co\/app\/uploads\/2023\/07\/docs-tutorials-icon-12x12.png 12w\" sizes=\"auto, (max-width: 94px) 100vw, 94px\" data-no-translation=\"\" data-no-auto-translation=\"\" \/><\/figure>\n\n\n\n<div class=\"wp-block-group has-global-padding is-layout-constrained wp-container-core-group-is-layout-f39e8682 wp-block-group-is-layout-constrained\">\n<p class=\"has-foreground-color has-text-color\" style=\"font-size:clamp(1.188rem, 1.188rem + ((1vw - 0.2rem) * 1.258), 1.88rem);line-height:1\">Guides avanc\u00e9s<\/p>\n\n\n\n<p class=\"has-text-color\" style=\"color:#575d64;margin-top:var(--wp--preset--spacing--30);margin-right:0;margin-bottom:0;margin-left:0\">B\u00e9n\u00e9ficiez de didacticiels avanc\u00e9s pour am\u00e9liorer l&#039;exp\u00e9rience utilisateur, r\u00e9soudre les probl\u00e8mes et bien plus encore. Obtenez des conseils et des bonnes pratiques gr\u00e2ce \u00e0 nos guides de commerce \u00e9lectronique d\u00e9taill\u00e9s.<\/p>\n<\/div>\n<\/div>\n<\/div>\n<\/div>\n<\/div>\n\n\n\n<div class=\"wp-block-columns is-layout-flex wp-container-core-columns-is-layout-28f84493 wp-block-columns-is-layout-flex\">\n<div class=\"wp-block-column is-layout-flow wp-block-column-is-layout-flow\">\n<div class=\"wp-block-group ticss-9e94b166 dco-ptm-32 dco-prm-32 dco-pbm-32 dco-plm-32 has-background is-layout-flow wp-block-group-is-layout-flow\" style=\"border-radius:10px;background-color:#fcecec;padding-top:4.38rem;padding-right:2.88rem;padding-bottom:4.38rem;padding-left:2.88rem\">\n<p class=\"ticss-feb309cd\"><a href=\"https:\/\/dokan.co\/fr\/wordpress\/videos\/\">\u00c9l\u00e9ment de lien personnalis\u00e9 de carte. ne modifiez pas.<\/a><\/p>\n\n\n\n<div class=\"wp-block-group dco-m-flex-col is-nowrap is-layout-flex wp-container-core-group-is-layout-940891e9 wp-block-group-is-layout-flex\" style=\"margin-top:0;margin-bottom:0\">\n<figure class=\"wp-block-image size-full is-resized ticss-eb6e3e96\"><img loading=\"lazy\" decoding=\"async\" src=\"https:\/\/dokan.co\/app\/uploads\/2023\/07\/docs-video-icon.png\" alt=\"\" class=\"wp-image-473304\" width=\"94\" height=\"94\" srcset=\"https:\/\/dokan.co\/app\/uploads\/2023\/07\/docs-video-icon.png 188w, https:\/\/dokan.co\/app\/uploads\/2023\/07\/docs-video-icon-150x150.png 150w, https:\/\/dokan.co\/app\/uploads\/2023\/07\/docs-video-icon-12x12.png 12w\" sizes=\"auto, (max-width: 94px) 100vw, 94px\" data-no-translation=\"\" data-no-auto-translation=\"\" \/><\/figure>\n\n\n\n<div class=\"wp-block-group has-global-padding is-layout-constrained wp-container-core-group-is-layout-f39e8682 wp-block-group-is-layout-constrained\">\n<p class=\"has-foreground-color has-text-color\" style=\"font-size:clamp(1.188rem, 1.188rem + ((1vw - 0.2rem) * 1.258), 1.88rem);line-height:1\">Tutoriels vid\u00e9os<\/p>\n\n\n\n<p class=\"has-text-color\" style=\"color:#575d64;margin-top:var(--wp--preset--spacing--30);margin-right:0;margin-bottom:0;margin-left:0\">Regardez nos didacticiels vid\u00e9o pour cr\u00e9er, lancer et d\u00e9velopper votre march\u00e9 multifournisseur sur WordPress.<\/p>\n<\/div>\n<\/div>\n<\/div>\n<\/div>\n\n\n\n<div class=\"wp-block-column is-layout-flow wp-block-column-is-layout-flow\">\n<div class=\"wp-block-group ticss-cc446614 dco-ptm-32 dco-prm-32 dco-pbm-32 dco-plm-32 has-background is-layout-flow wp-block-group-is-layout-flow\" style=\"border-radius:10px;background-color:#edf8f4;padding-top:4.38rem;padding-right:2.88rem;padding-bottom:4.38rem;padding-left:2.88rem\">\n<p class=\"ticss-feb309cd\"><a href=\"https:\/\/dokan.co\/docs\/wordpress\/developer-documentation\/\">\u00c9l\u00e9ment de lien personnalis\u00e9 de carte. ne modifiez pas.<\/a><\/p>\n\n\n\n<div class=\"wp-block-group dco-m-flex-col is-nowrap is-layout-flex wp-container-core-group-is-layout-940891e9 wp-block-group-is-layout-flex\" style=\"margin-top:0;margin-bottom:0\">\n<figure class=\"wp-block-image size-full is-resized ticss-eb6e3e96\"><img loading=\"lazy\" decoding=\"async\" src=\"https:\/\/dokan.co\/app\/uploads\/2023\/07\/docs-dev-icon.png\" alt=\"\" class=\"wp-image-473306\" width=\"94\" height=\"94\" data-no-translation=\"\" data-no-auto-translation=\"\"\/><\/figure>\n\n\n\n<div class=\"wp-block-group has-global-padding is-layout-constrained wp-container-core-group-is-layout-f39e8682 wp-block-group-is-layout-constrained\">\n<p class=\"has-foreground-color has-text-color\" style=\"font-size:clamp(1.188rem, 1.188rem + ((1vw - 0.2rem) * 1.258), 1.88rem);line-height:1\">Documents du d\u00e9veloppeur<\/p>\n\n\n\n<p class=\"has-text-color\" style=\"color:#575d64;margin-top:var(--wp--preset--spacing--30);margin-right:0;margin-bottom:0;margin-left:0\">Explorez nos API et nos documents de d\u00e9veloppement pour r\u00e9soudre les probl\u00e8mes et cr\u00e9er ou int\u00e9grer vos plugins\/th\u00e8mes avec Dokan Multivendor.<\/p>\n<\/div>\n<\/div>\n<\/div>\n<\/div>\n<\/div>\n<\/div>\n\n\n\n<div class=\"wp-block-group alignfull has-background has-global-padding is-layout-constrained wp-container-core-group-is-layout-a069c0b1 wp-block-group-is-layout-constrained\" style=\"background-color:#171717;padding-top:2.75rem;padding-bottom:2.75rem\">\n<div class=\"wp-block-cover is-light ticss-9ac89d76\"><span aria-hidden=\"true\" class=\"wp-block-cover__background has-background-dim-0 has-background-dim\"><\/span><img loading=\"lazy\" decoding=\"async\" width=\"1020\" height=\"349\" class=\"wp-block-cover__image-background wp-image-388\" alt=\"\" src=\"https:\/\/dokan.co\/app\/uploads\/2022\/02\/cta-bg.png\" data-object-fit=\"cover\" srcset=\"https:\/\/dokan.co\/app\/uploads\/2022\/02\/cta-bg.png 1020w, https:\/\/dokan.co\/app\/uploads\/2022\/02\/cta-bg-300x103.png 300w, https:\/\/dokan.co\/app\/uploads\/2022\/02\/cta-bg-768x263.png 768w, https:\/\/dokan.co\/app\/uploads\/2022\/02\/cta-bg-18x6.png 18w\" sizes=\"auto, (max-width: 1020px) 100vw, 1020px\" \/><div class=\"wp-block-cover__inner-container is-layout-flow wp-block-cover-is-layout-flow\">\n<h2 class=\"wp-block-heading has-text-align-center has-background-color has-text-color\" style=\"font-size:clamp(1.805rem, 1.805rem + ((1vw - 0.2rem) * 2.409), 3.13rem);font-style:normal;font-weight:900;line-height:1.2\">Je ne trouve pas quoi<br>vous cherchez?<\/h2>\n\n\n\n<div style=\"height:30px\" aria-hidden=\"true\" class=\"wp-block-spacer\"><\/div>\n\n\n\n<div class=\"wp-block-buttons is-content-justification-center is-layout-flex wp-container-core-buttons-is-layout-a89b3969 wp-block-buttons-is-layout-flex\">\n<div class=\"wp-block-button has-custom-font-size btn-bg-hover-transparent btn-color-hover-white has-small-font-size\" style=\"line-height:1\"><a class=\"wp-block-button__link has-base-color has-text-color has-background wp-element-button\" href=\"https:\/\/app.dokan.co\/support\/create\/\" style=\"border-radius:35px;background-color:#f1634c;padding-top:1.07rem;padding-right:2rem;padding-bottom:1.07rem;padding-left:2rem\">Soumettre un ticket d&#039;assistance<\/a><\/div>\n<\/div>\n<\/div><\/div>\n<\/div>","protected":false},"excerpt":{"rendered":"<p>Dokan Documentation The Documentation, Knowledge-base, FAQ, Forum, and more Card custom link element. don&#8217;t edit. Basic User Docs Get all the basic knowledge and support you need. Browse step-by-step user docs for installation, how-to, troubleshooting, and FAQ articles. Card custom link element. don&#8217;t edit. Advanced Guides Get advanced tutorials to enhance user experience, fix issues, [&hellip;]<\/p>\n","protected":false},"author":2,"featured_media":0,"parent":472416,"menu_order":0,"comment_status":"closed","ping_status":"closed","template":"page-dokan-wordpress","meta":{"footnotes":""},"class_list":["post-472493","page","type-page","status-publish","hentry"],"_links":{"self":[{"href":"https:\/\/dokan.co\/fr\/wp-json\/wp\/v2\/pages\/472493","targetHints":{"allow":["GET"]}}],"collection":[{"href":"https:\/\/dokan.co\/fr\/wp-json\/wp\/v2\/pages"}],"about":[{"href":"https:\/\/dokan.co\/fr\/wp-json\/wp\/v2\/types\/page"}],"author":[{"embeddable":true,"href":"https:\/\/dokan.co\/fr\/wp-json\/wp\/v2\/users\/2"}],"replies":[{"embeddable":true,"href":"https:\/\/dokan.co\/fr\/wp-json\/wp\/v2\/comments?post=472493"}],"version-history":[{"count":9,"href":"https:\/\/dokan.co\/fr\/wp-json\/wp\/v2\/pages\/472493\/revisions"}],"predecessor-version":[{"id":495257,"href":"https:\/\/dokan.co\/fr\/wp-json\/wp\/v2\/pages\/472493\/revisions\/495257"}],"up":[{"embeddable":true,"href":"https:\/\/dokan.co\/fr\/wp-json\/wp\/v2\/pages\/472416"}],"wp:attachment":[{"href":"https:\/\/dokan.co\/fr\/wp-json\/wp\/v2\/media?parent=472493"}],"curies":[{"name":"wp","href":"https:\/\/api.w.org\/{rel}","templated":true}]}}