{"id":474773,"date":"2023-08-18T19:03:18","date_gmt":"2023-08-18T13:03:18","guid":{"rendered":"https:\/\/dokan.co\/?page_id=474773"},"modified":"2023-08-23T08:58:49","modified_gmt":"2023-08-23T02:58:49","slug":"affiliate-terms-and-conditions","status":"publish","type":"page","link":"https:\/\/dokan.co\/fr\/affiliate-terms-and-conditions\/","title":{"rendered":"Conditions g\u00e9n\u00e9rales d&#039;affiliation"},"content":{"rendered":"<div class=\"wp-block-group alignfull has-global-padding is-layout-constrained wp-container-core-group-is-layout-bed9fd30 wp-block-group-is-layout-constrained\">\n<div style=\"height:20px\" aria-hidden=\"true\" class=\"wp-block-spacer\"><\/div>\n\n\n\n<h1 class=\"wp-block-heading has-text-align-center\" style=\"font-size:clamp(2.2rem, 2.2rem + ((1vw - 0.2rem) * 3.273), 4rem);\"><strong>Conditions g\u00e9n\u00e9rales d&#039;affiliation<\/strong><\/h1>\n\n\n\n<div style=\"height:20px\" aria-hidden=\"true\" class=\"wp-block-spacer\"><\/div>\n\n\n\n<h2 class=\"wp-block-heading has-large-font-size\"><strong>Comment \u00e7a marche?<\/strong><\/h2>\n\n\n\n<p>En tant que membre affili\u00e9, vous faites partie int\u00e9grante de notre \u00e9quipe commerciale. Gagnez des commissions pour chaque personne que vous parrainez et qui effectue un achat. Plus vous g\u00e9n\u00e9rez de r\u00e9f\u00e9rences, plus votre potentiel de gains est \u00e9lev\u00e9.&nbsp;<\/p>\n\n\n\n<h2 class=\"wp-block-heading has-large-font-size\"><strong>Dokan accepte-t-il l&#039;affiliation \u00e0 un site de coupons ?<\/strong><\/h2>\n\n\n\n<p>Non! Dokan n&#039;accepte pas l&#039;affiliation \u00e0 un site de coupons car ils ne g\u00e9n\u00e8rent pas de nouveau trafic pour Dokan. Supposons que quelqu&#039;un vienne \u00e0 Dokan. Ensuite, ils recherchent \u00ab code promo de Dokan \u00bb. Ils se rendent sur le site de coupons et reviennent sur Dokan via leur r\u00e9f\u00e9rence. Vous ne recommandez donc pas r\u00e9ellement notre produit aux visiteurs. Nous n&#039;acceptons jamais les r\u00e9f\u00e9rences provenant de sites de coupons.<\/p>\n\n\n\n<h2 class=\"wp-block-heading has-large-font-size\"><strong>Comment promouvoir Dokan\u00a0?<\/strong><\/h2>\n\n\n\n<p>Le plus populaire consiste \u00e0 cr\u00e9er un lien vers notre site avec une banni\u00e8re publicitaire ou un lien texte. Nous vous fournissons plusieurs exemples et banni\u00e8res publicitaires afin qu&#039;il vous soit facile de commencer imm\u00e9diatement.<\/p>\n\n\n\n<h2 class=\"wp-block-heading has-large-font-size\"><strong>En combien de temps puis-je commencer ?<\/strong><\/h2>\n\n\n\n<p>Cela d\u00e9pend de la vitesse \u00e0 laquelle vous pouvez taper. Notre courte candidature ne prend qu\u2019une minute et vous \u00eates instantan\u00e9ment approuv\u00e9 dans notre programme. Depuis votre compte d&#039;affili\u00e9, vous aurez acc\u00e8s \u00e0 notre biblioth\u00e8que de banni\u00e8res qui sont int\u00e9gr\u00e9es \u00e0 votre code de suivi unique. C&#039;est ainsi que nous pourrons savoir si une r\u00e9f\u00e9rence provient de vous ou de quelqu&#039;un d&#039;autre.<\/p>\n\n\n\n<h2 class=\"wp-block-heading has-large-font-size\"><strong>Combien d\u2019argent puis-je gagner ?<\/strong><\/h2>\n\n\n\n<p>Nous offrons une commission de 20% sur chaque vente r\u00e9ussie. Il n\u2019y a aucune limite quant au montant que vous pouvez gagner chaque mois. Plus vous travaillez dur pour nous promouvoir, meilleures sont vos chances de gagner plus d\u2019argent.<\/p>\n\n\n\n<h2 class=\"wp-block-heading has-large-font-size\"><strong>Comment fonctionne le programme?<\/strong><\/h2>\n\n\n\n<p>Par exemple, disons que la personne A voit la banni\u00e8re publicitaire Dokan sur votre site. Ils cliquent dessus et ach\u00e8tent l\u2019un de nos plugins pour $199. Vous gagnerez $39,8 en commission (20%). La commission ou la commande doit dater de 30 jours pour retirer la commission.<\/p>\n\n\n\n<h2 class=\"wp-block-heading has-large-font-size\"><strong>Comment saurai-je si j\u2019ai gagn\u00e9 une commission ?<\/strong><\/h2>\n\n\n\n<p>Vous serez instantan\u00e9ment averti par e-mail lorsqu&#039;une vente aura lieu. Tout ce que vous avez \u00e0 faire est de suivre les \u00e9tapes ci-dessous, puis de placer des banni\u00e8res ou des annonces textuelles sur votre site Web int\u00e9gr\u00e9es \u00e0 votre identifiant d&#039;affili\u00e9. C&#039;est aussi simple que cela et l&#039;adh\u00e9sion ne co\u00fbte rien ! Nous proposons m\u00eame des analyses gratuites pour que vous puissiez voir combien de clics vous g\u00e9n\u00e9rez.<\/p>\n\n\n\n<h2 class=\"wp-block-heading has-large-font-size\"><strong>Comment puis-je \u00eatre pay\u00e9\u00a0?<\/strong><\/h2>\n\n\n\n<p>Tous les paiements des affili\u00e9s sont effectu\u00e9s via PayPal. Si vous n&#039;avez pas de compte PayPal, veuillez d&#039;abord en cr\u00e9er un. Il leur faut g\u00e9n\u00e9ralement quelques jours pour v\u00e9rifier vos informations. Vous devez \u00e9galement vous assurer que votre mode de paiement et votre adresse e-mail PayPal sont correctement saisis dans votre compte d&#039;affili\u00e9 weDevs. Tout compte mal configur\u00e9 ne sera pas pay\u00e9 pour ce cycle.<\/p>\n\n\n\n<h2 class=\"wp-block-heading has-large-font-size\"><strong>Quand les paiements sont-ils effectu\u00e9s\u00a0?<\/strong><\/h2>\n\n\n\n<p>\u00c0 la fin de chaque mois, nous g\u00e9n\u00e9rons un rapport pour voir combien de ventes d&#039;affiliation ont \u00e9t\u00e9 r\u00e9alis\u00e9es. Chaque transaction est audit\u00e9e manuellement en raison d&#039;une augmentation de la fraude par affiliation. En supposant que vos commissions d&#039;affiliation sont valides (voir \u00ab J&#039;ai r\u00e9alis\u00e9 une vente mais je n&#039;ai pas \u00e9t\u00e9 pay\u00e9 \u00bb ci-dessous), les paiements du mois pr\u00e9c\u00e9dent seront ensuite envoy\u00e9s sur votre compte PayPal d&#039;ici la fin du mois suivant. Par exemple, si vous avez r\u00e9alis\u00e9 trois ventes en septembre, vous serez pay\u00e9 au plus tard le 31 octobre. Le montant minimum du paiement est de $300.<\/p>\n\n\n\n<h2 class=\"wp-block-heading has-large-font-size\"><strong>Puis-je gagner des commissions sur mes propres achats\u00a0?<\/strong><\/h2>\n\n\n\n<p>Non. Vous ne recevrez pas de cr\u00e9dit lors de l\u2019achat d\u2019un ou plusieurs produits via votre propre lien d\u2019affiliation. Vous pouvez recevoir une notification automatique de notre part pour vous informer qu&#039;une vente a eu lieu, mais votre paiement d&#039;affili\u00e9 n&#039;inclura pas ce montant. Alors s&#039;il vous pla\u00eet, ne perdez pas notre temps et essayez d&#039;\u00eatre d\u00e9licat en utilisant une autre adresse e-mail ou une autre m\u00e9thode intelligente. Il est facile de nous dire si quelqu&#039;un a achet\u00e9 nos produits via son lien d&#039;affiliation.&nbsp;<\/p>\n\n\n\n<p>En fin de compte : si vous avez des questions sur la l\u00e9gitimit\u00e9 de la vente d\u2019affiliation, vous ne serez pas pay\u00e9.<\/p>\n\n\n\n<h2 class=\"wp-block-heading has-large-font-size\"><strong>Puis-je gagner des commissions sur les mises \u00e0 niveau de produits\u00a0?<\/strong><\/h2>\n\n\n\n<p>Malheureusement, nous n&#039;offrons aucune commission pour les mises \u00e0 niveau et les renouvellements de licence.<\/p>\n\n\n\n<h2 class=\"wp-block-heading has-large-font-size\"><strong>Combien de temps dure le parrainage d&#039;affili\u00e9 ?<\/strong><\/h2>\n\n\n\n<p>Chaque fois qu&#039;un visiteur clique sur votre lien d&#039;affiliation, un cookie de 30 jours est d\u00e9fini. S&#039;ils effectuent un achat dans ces 30 jours (et qu&#039;ils n&#039;effacent pas leurs cookies), vous obtenez un cr\u00e9dit pour la vente.<\/p>\n\n\n\n<h2 class=\"wp-block-heading has-large-font-size\"><strong>Comment fonctionne le cookie d&#039;affiliation ?<\/strong><\/h2>\n\n\n\n<p>Lorsque quelqu&#039;un clique sur votre lien d&#039;affiliation, il est redirig\u00e9 vers notre site Web et un cookie est d\u00e9fini (affwp_ref) avec votre identifiant d&#039;affili\u00e9. Tant qu&#039;ils n&#039;effacent pas leurs cookies ou ne cliquent pas sur un autre lien d&#039;affiliation avant de proc\u00e9der au paiement, la vente vous sera cr\u00e9dit\u00e9e. Ce qui arrive parfois, c&#039;est qu&#039;une personne clique sur votre lien d&#039;affiliation, est redirig\u00e9e vers notre site Web et, avant de proc\u00e9der au paiement, recherche un code de r\u00e9duction sur Google.<\/p>\n\n\n\n<p>Si l&#039;utilisateur a d\u00e9j\u00e0 un cookie d\u00e9fini pour notre site, cela signifie que quelqu&#039;un est venu sur notre site \u00e0 partir d&#039;un lien d&#039;affiliation il y a 2 jours et qu&#039;il recherche davantage sur nos produits sur diff\u00e9rents sites, puis se rend sur un autre site qui a un lien d&#039;affiliation pour nous aussi. Il y aura un cookie qui a \u00e9t\u00e9 d\u00e9fini il y a 2 jours. Le nouveau cookie d&#039;affiliation ne sera pas plac\u00e9. Cela signifie que seul le premier parrain recevra la commission.<\/p>\n\n\n\n<h2 class=\"wp-block-heading has-large-font-size\"><strong>Puis-je utiliser la recherche payante pour promouvoir Dokan\u00a0?<\/strong><\/h2>\n\n\n\n<p>Oui, mais il y a certaines limites. Nous vous recommandons de faire de la publicit\u00e9 sur des sites tels que Google, Yahoo, Bing et Facebook tant que vous respectez les directives suivantes. Vous ne pouvez pas faire de publicit\u00e9 sur des mots cl\u00e9s li\u00e9s \u00e0 la marque Dokan tels que \u00ab Dokan \u00bb, \u00ab Dokan Multivendor \u00bb, \u00ab Dokan Plugin \u00bb, \u00ab Dokan Marketplace \u00bb ou toute autre variante de la marque Dokan. Vous pouvez cependant utiliser des termes recommand\u00e9s tels que \u00ab WordPress Multivendor Plugin \u00bb, \u00ab WordPress Marketplace Plugin \u00bb, \u00ab Multivendor Plugin \u00bb, etc. Toutes les ventes d&#039;affiliation g\u00e9n\u00e9r\u00e9es au cours du mois lors de la publicit\u00e9 sur les mots-cl\u00e9s de la marque Dokan seront annul\u00e9es et les commissions ne seront pas pay\u00e9es. .<\/p>\n\n\n\n<h2 class=\"wp-block-heading has-large-font-size\"><strong>Puis-je cr\u00e9er un site Web d\u00e9di\u00e9 pour promouvoir Dokan\u00a0?<\/strong><\/h2>\n\n\n\n<p>Techniquement oui, mais vous ne pouvez pas utiliser de noms de domaine avec des mots-cl\u00e9s li\u00e9s \u00e0 la marque Dokan (c&#039;est-\u00e0-dire dokan-plugin.com, dokan-coupons.net, etc.) dans le seul but de cliquer sur les affili\u00e9s. Vous ne pouvez pas non plus induire les visiteurs en erreur avec des URL masqu\u00e9es et\/ou des liens avec des codes de r\u00e9duction inexacts (cliquez sur moi pour d\u00e9sactiver 20%). Ces types de sites Web sont non seulement contraires \u00e0 nos conditions d&#039;affiliation, mais sont \u00e9galement probablement consid\u00e9r\u00e9s par Google comme des syst\u00e8mes de liens. Toutes les ventes d&#039;affiliation r\u00e9alis\u00e9es via ces sites de mots cl\u00e9s d\u00e9di\u00e9s \u00e0 la marque Dokan et\/ou ces codes de r\u00e9duction trompeurs seront annul\u00e9es et non pay\u00e9es.<\/p>\n\n\n\n<h2 class=\"wp-block-heading has-large-font-size\"><strong>J&#039;ai fait une vente mais je n&#039;ai pas \u00e9t\u00e9 pay\u00e9<\/strong><\/h2>\n\n\n\n<p>Si vous avez effectu\u00e9 une vente mais n&#039;avez jamais re\u00e7u de paiement, il est probable qu&#039;elle ait \u00e9t\u00e9 annul\u00e9e sur la base de notre audit ou que votre compte d&#039;affili\u00e9 soit incomplet. Nous devons avoir au minimum votre nom complet, votre adresse e-mail, votre pays, votre formulaire fiscal rempli dans notre dossier et votre \u00ab Mode de paiement \u00bb d\u00e9fini sur la page \u00ab D\u00e9tails du paiement \u00bb. Si nous soup\u00e7onnons une vente frauduleuse d&#039;affiliation, la commission ne sera pas vers\u00e9e et l&#039;affili\u00e9 court le risque de perdre son compte d&#039;affili\u00e9. Si vous avez oubli\u00e9 de d\u00e9finir votre \u00ab Mode de paiement \u00bb et que les commissions ont d\u00e9j\u00e0 \u00e9t\u00e9 pay\u00e9es pour ce mois, vous serez pay\u00e9 le mois suivant. Nous commettons parfois des erreurs, donc si vous avez un cas valide, veuillez envoyer \u00e0 notre \u00e9quipe d&#039;assistance un message comprenant les d\u00e9tails de votre transaction. Les transactions impay\u00e9es datant de plus de 60 jours ne pourront \u00eatre contest\u00e9es.<\/p>\n\n\n\n<h2 class=\"wp-block-heading has-large-font-size\"><strong>Montant minimum du paiement<\/strong><\/h2>\n\n\n\n<p>Nous payons nos partenaires affili\u00e9s une fois par mois. Un cr\u00e9dit minimum de $300USD est requis pour \u00eatre pay\u00e9<\/p>\n\n\n\n<h2 class=\"wp-block-heading has-large-font-size\"><strong>Pourquoi dois-je soumettre un formulaire fiscal\u00a0?<\/strong><\/h2>\n\n\n\n<p>En tant que soci\u00e9t\u00e9 am\u00e9ricaine, nous sommes l\u00e9galement tenus de collecter soit un W-9 (affili\u00e9 am\u00e9ricain), soit un W-8BEN (affili\u00e9 non am\u00e9ricain) avant que des commissions d&#039;affiliation ne soient pay\u00e9es. Vous n&#039;avez pas besoin d&#039;avoir un formulaire fiscal dans votre dossier pour activer et promouvoir nos produits, cependant, vous le ferez avant que des commissions d&#039;affiliation ne vous soient vers\u00e9es. La bonne nouvelle est que vous ne devez le faire qu\u2019une seule fois et que cela prend moins de 5 minutes. C&#039;est sans papier et peut \u00e9galement \u00eatre sign\u00e9 num\u00e9riquement. Pas besoin de le remplir, de l&#039;imprimer, de le signer, de le num\u00e9riser et de le renvoyer. Oh, et avons-nous mentionn\u00e9 que cela sauve les arbres ?<\/p>\n\n\n\n<p>Voici comment cela fonctionne. Si vous avez gagn\u00e9 $500 ou plus pour l&#039;ann\u00e9e en cours, nous d\u00e9poserons un 1099-MISC qui inclut vos revenus d&#039;affiliation. Sans ce formulaire dans nos dossiers, nous ne sommes pas en mesure de traiter vos commissions d&#039;affiliation, cependant, vous continuerez \u00e0 accumuler des ventes entre-temps. Veuillez noter que si vous ne soumettez pas un formulaire fiscal rempli avant le 31 d\u00e9cembre (de l&#039;ann\u00e9e en cours), vous perdrez toutes les commissions d&#039;affiliation gagn\u00e9es au cours de cette ann\u00e9e. Si vous ne nous avez pas encore soumis votre formulaire fiscal, veuillez vous connecter \u00e0 votre compte d&#039;affili\u00e9, puis cliquer sur \u00ab\u00a0D\u00e9tails du paiement\u00a0\u00bb pour obtenir des instructions sur la fa\u00e7on de proc\u00e9der.<\/p>\n\n\n\n<h2 class=\"wp-block-heading has-large-font-size\"><strong>J&#039;ai fait une vente mais maintenant elle appara\u00eet sous forme de cr\u00e9dit<\/strong><\/h2>\n\n\n\n<p>Cela signifie g\u00e9n\u00e9ralement qu&#039;un achat de l&#039;un de nos produits a \u00e9t\u00e9 annul\u00e9 en raison d&#039;une transaction frauduleuse. Notre passerelle de paiement rembourse automatiquement l&#039;argent, ce qui signifie que la commission que vous avez gagn\u00e9e est \u00e9galement restitu\u00e9e. Nous savons, c\u2019est nul et nous sommes tous les deux perdants. Cela pourrait \u00e9galement signifier que la vente d&#039;affiliation a \u00e9t\u00e9 annul\u00e9e parce qu&#039;elle n&#039;a pas \u00e9t\u00e9 effectu\u00e9e conform\u00e9ment \u00e0 nos directives d&#039;affiliation.<\/p>\n\n\n\n<h2 class=\"wp-block-heading has-large-font-size\"><strong>Puis-je promouvoir Dokan sur les forums\u00a0?<\/strong><\/h2>\n\n\n\n<p>C&#039;est un grand non, d\u00e9sol\u00e9. Nous ne voulons pas que tout le monde spamme les forums ou cr\u00e9e des signatures de profil int\u00e9gr\u00e9es \u00e0 des liens d&#039;affiliation. L&#039;acc\u00e8s au forum est un privil\u00e8ge alors ne nous obligez pas \u00e0 vous pr\u00e9venir deux fois sinon nous devrons r\u00e9silier votre compte affili\u00e9. Cela peut \u00e9galement inclure la retenue de tout paiement impay\u00e9. Comportez-vous simplement, d&#039;accord ?<\/p>\n\n\n\n<h2 class=\"wp-block-heading has-large-font-size\"><strong>Id\u00e9es promotionnelles<\/strong><\/h2>\n\n\n\n<p>L\u2019avantage des programmes d\u2019affiliation est que vous pouvez \u00eatre aussi cr\u00e9atif que vous le souhaitez. La plupart des gens choisissent la voie la plus simple qui consiste simplement \u00e0 placer des banni\u00e8res d&#039;affiliation sur leur site et \u00e0 esp\u00e9rer que quelqu&#039;un finira par cliquer dessus. M\u00eame si c\u2019est une bonne chose, ce n\u2019est pas toujours la m\u00e9thode la plus efficace. Laissez-nous vous donner quelques conseils de marketing d&#039;initi\u00e9s que nous avons appris gr\u00e2ce \u00e0 nos ann\u00e9es d&#039;exp\u00e9rience en mati\u00e8re d&#039;affiliation en ligne.<\/p>\n\n\n\n<p>Adoptez une approche \u00e0 deux volets lors de la promotion de Dokan. Utilisez des banni\u00e8res sur votre site, mais exploitez \u00e9galement la puissance d&#039;un article de blog. \u00c9crire un avis sur Dokan g\u00e9n\u00e9rera non seulement plus de trafic vers votre site, mais sera 10 fois plus susceptible de g\u00e9n\u00e9rer une vente d&#039;affiliation. Pourquoi? Parce que les gens recherchent sur le Web des avis sur des produits avant d\u2019acheter des produits. Ils sont d\u00e9j\u00e0 en mode achat et si votre avis les convainc suffisamment, ils cliqueront sur VOTRE lien d&#039;affiliation pour acheter Dokan. Bien s\u00fbr, rendez vos critiques honn\u00eates et dites-leur pourquoi vous aimez tant Dokan.<\/p>\n\n\n\n<h2 class=\"wp-block-heading has-large-font-size\"><strong>L\u00e9gal<\/strong><\/h2>\n\n\n\n<p>Dokan se r\u00e9serve le droit de refuser des paiements, de suspendre des comptes et\/ou de r\u00e9silier tout compte d&#039;utilisateur affili\u00e9 sans pr\u00e9avis. Cela peut \u00eatre d\u00fb \u00e0 une ou plusieurs des raisons suivantes : 1) Fournir des informations fausses et\/ou trompeuses sur les codes de r\u00e9duction Dokan 2) Lancer des campagnes de marketing sur les moteurs de recherche payants (c&#039;est-\u00e0-dire Google Ads) sur les mots-cl\u00e9s li\u00e9s \u00e0 la marque Dokan mentionn\u00e9s ci-dessus 3) Utiliser des fermes de liens, du spam sur des forums\/sites Web et\/ou la participation \u00e0 des actes illicites visant \u00e0 g\u00e9n\u00e9rer du trafic vers vos liens d&#039;affiliation. Tout affili\u00e9 r\u00e9sili\u00e9 avec des paiements en attente pour le mois en cours ne sera pas distribu\u00e9. Toutes les d\u00e9cisions sont d\u00e9finitives et les comptes cl\u00f4tur\u00e9s ou suspendus ne seront pas annul\u00e9s.<\/p>\n\n\n\n<p>Pr\u00eat \u00e0 vous inscrire en tant qu&#039;affili\u00e9 ? <a href=\"https:\/\/affiliates.dokan.co\/login\/\">Inscrivez-vous ici<\/a><\/p>\n\n\n\n<p>Si vous avez des questions, n&#039;h\u00e9sitez pas \u00e0 utiliser notre <a href=\"https:\/\/dokan.co\/fr\/contact\/\">formulaire de contact<\/a>.<\/p>\n\n\n\n<div style=\"height:100px\" aria-hidden=\"true\" class=\"wp-block-spacer\"><\/div>\n<\/div>","protected":false},"excerpt":{"rendered":"<p>Affiliate Terms And Conditions How Does it Work? As an affiliate member, you&#8217;re an integral part of our sales team. Earn commissions for each person you refer who makes a purchase. The more referrals you generate, the greater your earning potential.&nbsp; Does Dokan accept coupon site affiliation? No! Dokan does not accept coupon site affiliation [&hellip;]<\/p>\n","protected":false},"author":17,"featured_media":0,"parent":0,"menu_order":0,"comment_status":"closed","ping_status":"closed","template":"","meta":{"footnotes":""},"class_list":["post-474773","page","type-page","status-publish","hentry"],"_links":{"self":[{"href":"https:\/\/dokan.co\/fr\/wp-json\/wp\/v2\/pages\/474773","targetHints":{"allow":["GET"]}}],"collection":[{"href":"https:\/\/dokan.co\/fr\/wp-json\/wp\/v2\/pages"}],"about":[{"href":"https:\/\/dokan.co\/fr\/wp-json\/wp\/v2\/types\/page"}],"author":[{"embeddable":true,"href":"https:\/\/dokan.co\/fr\/wp-json\/wp\/v2\/users\/17"}],"replies":[{"embeddable":true,"href":"https:\/\/dokan.co\/fr\/wp-json\/wp\/v2\/comments?post=474773"}],"version-history":[{"count":3,"href":"https:\/\/dokan.co\/fr\/wp-json\/wp\/v2\/pages\/474773\/revisions"}],"predecessor-version":[{"id":475011,"href":"https:\/\/dokan.co\/fr\/wp-json\/wp\/v2\/pages\/474773\/revisions\/475011"}],"wp:attachment":[{"href":"https:\/\/dokan.co\/fr\/wp-json\/wp\/v2\/media?parent=474773"}],"curies":[{"name":"wp","href":"https:\/\/api.w.org\/{rel}","templated":true}]}}