{"id":480600,"date":"2023-12-06T13:46:17","date_gmt":"2023-12-06T07:46:17","guid":{"rendered":"https:\/\/dokan.co\/?page_id=480600"},"modified":"2023-12-06T15:52:21","modified_gmt":"2023-12-06T09:52:21","slug":"dokan-affiliate-hub","status":"publish","type":"page","link":"https:\/\/dokan.co\/fr\/dokan-affiliate-hub\/","title":{"rendered":"Centre d&#039;affiliation Dokan"},"content":{"rendered":"\n<h2 class=\"wp-block-heading has-text-align-center has-base-color has-dokan-background-color has-text-color has-background has-link-color has-x-large-font-size wp-elements-693084ad152d316fac0c9d356bd74348\" style=\"font-style:normal;font-weight:700;text-transform:capitalize\">Join Dokan\u2019s Affiliate Hub<\/h2>\n\n\n\n<h3 class=\"wp-block-heading has-text-align-center has-large-font-size\">Over 60,000 Marketplace Owners Await Your Expertise!<\/h3>\n\n\n\n<p>As an affiliate marketer, you wield the power to shape the future of e-commerce, and we present you with an exclusive opportunity. Position yourself for an affiliate partnership with Dokan, connecting with over 60,000 marketplace owners worldwide.<\/p>\n\n\n\n<figure class=\"wp-block-image aligncenter size-large\"><img loading=\"lazy\" decoding=\"async\" width=\"1024\" height=\"171\" src=\"https:\/\/dokan.co\/app\/uploads\/2023\/12\/One-of-the-Largest-eCommerce-Affiliate-Networks-Awaits-You-3-1024x171.gif\" alt=\"\" class=\"wp-image-480704\" srcset=\"https:\/\/dokan.co\/app\/uploads\/2023\/12\/One-of-the-Largest-eCommerce-Affiliate-Networks-Awaits-You-3-1024x171.gif 1024w, https:\/\/dokan.co\/app\/uploads\/2023\/12\/One-of-the-Largest-eCommerce-Affiliate-Networks-Awaits-You-3-300x50.gif 300w, https:\/\/dokan.co\/app\/uploads\/2023\/12\/One-of-the-Largest-eCommerce-Affiliate-Networks-Awaits-You-3-768x128.gif 768w, https:\/\/dokan.co\/app\/uploads\/2023\/12\/One-of-the-Largest-eCommerce-Affiliate-Networks-Awaits-You-3-18x3.gif 18w\" sizes=\"auto, (max-width: 1024px) 100vw, 1024px\" \/><\/figure>\n\n\n<div class='fluentform ff-default fluentform_wrapper_102  ff_guten_block ff_guten_block-102 ffs_modern_l_wrap'><form data-form_id=\"102\" id=\"fluentform_102\" class=\"frm-fluent-form fluent_form_102 ff-el-form-top ff_form_instance_102_1 ff-form-loading ffs_modern_l\" data-form_instance=\"ff_form_instance_102_1\" method=\"POST\" data-turnstile_key=\"0x4AAAAAAA5i65xvSA3KG26P\" ><fieldset  style=\"border: none!important;margin: 0!important;padding: 0!important;background-color: transparent!important;box-shadow: none!important;outline: none!important; min-inline-size: 100%;\">\n                    <legend class=\"ff_screen_reader_title\" style=\"display: block; margin: 0!important;padding: 0!important;height: 0!important;text-indent: -999999px;width: 0!important;overflow:hidden;\">Dokan Affiliate Hub<\/legend><p style=\"display: none !important;\" class=\"akismet-fields-container\" data-prefix=\"ak_\"><label>&#916;<textarea name=\"ak_hp_textarea\" cols=\"45\" rows=\"8\" maxlength=\"100\"><\/textarea><\/label><input type=\"hidden\" id=\"ak_js_1\" name=\"ak_js\" value=\"36\"\/><script>document.getElementById( \"ak_js_1\" ).setAttribute( \"value\", ( new Date() ).getTime() );<\/script><\/p>        <div\n                style=\"display: none!important; position: absolute!important; transform: translateX(1000%)!important;\"\n                class=\"ff-el-group ff-hpsf-container\"\n        >\n            <div class=\"ff-el-input--label asterisk-right\">\n                <label for=\"ff_102_item_sf\" aria-label=\"Newsletter\">\n                    Newsletter                <\/label>\n            <\/div>\n            <div class=\"ff-el-input--content\">\n                <input type=\"text\"\n                       name=\"item_102__fluent_sf\"\n                       class=\"ff-el-form-control\"\n                       id=\"ff_102_item_sf\"\n                \/>\n            <\/div>\n        <\/div>\n        <input type='hidden' name='__fluent_form_embded_post_id' value='480600' \/><input type=\"hidden\" id=\"_fluentform_102_fluentformnonce\" name=\"_fluentform_102_fluentformnonce\" value=\"1110003cef\" \/><input type=\"hidden\" name=\"_wp_http_referer\" value=\"\/fr\/wp-json\/wp\/v2\/pages\/480600\" \/><div data-type=\"name-element\" data-name=\"names\" class=\" ff-field_container ff-name-field-wrapper\" ><div class='ff-t-container'><div class='ff-t-cell '><div class='ff-el-group'><div class=\"ff-el-input--label ff-el-is-required asterisk-right\"><label for='ff_102_names_first_name_' id='label_ff_102_names_first_name_' >Name<\/label><\/div><div class='ff-el-input--content'><input type=\"text\" name=\"names[first_name]\" id=\"ff_102_names_first_name_\" class=\"ff-el-form-control\" placeholder=\"Name\" aria-invalid=\"false\" aria-required=true><\/div><\/div><\/div><\/div><\/div><div class='ff-el-group'><div class=\"ff-el-input--label ff-el-is-required asterisk-right\"><label for='ff_102_email' id='label_ff_102_email' aria-label=\"Email\">Email<\/label><\/div><div class='ff-el-input--content'><input type=\"email\" name=\"email\" id=\"ff_102_email\" class=\"ff-el-form-control\" data-name=\"email\"  aria-invalid=\"false\" aria-required=true><\/div><\/div><div class='ff-el-group'><div class=\"ff-el-input--label ff-el-is-required asterisk-right\"><label for='ff_102_country-list' id='label_ff_102_country-list' aria-label=\"Country\">Country<\/label><\/div><div class='ff-el-input--content'><select name=\"country-list\" id=\"ff_102_country-list\" class=\"ff-el-form-control\" placeholder=\"Select Country\" data-name=\"country-list\" aria-invalid='false' aria-required=true><option value=''>Select Country<\/option><option value='AF' >Afghanistan<\/option><option value='ZA' >Afrique du Sud<\/option><option value='AL' >Albanie<\/option><option value='DZ' >Alg\u00e9rie<\/option><option value='DE' >Allemagne<\/option><option value='AD' >Andorre<\/option><option value='AO' >Angola<\/option><option value='AI' >Anguilla<\/option><option value='AQ' >Antarctique<\/option><option value='AG' >Antigua-et-Barbuda<\/option><option value='SA' >Arabie Saoudite<\/option><option value='AR' >Argentine<\/option><option value='AM' >Arm\u00e9nie<\/option><option value='AW' >Aruba<\/option><option value='AU' >Australie<\/option><option value='AT' >Autriche<\/option><option value='AZ' >Azerba\u00efdjan<\/option><option value='BS' >Bahamas<\/option><option value='BH' >Bahrain<\/option><option value='BD' >Bangladesh<\/option><option value='BB' >Barbade<\/option><option value='BE' >Belgique<\/option><option value='BZ' >Belize<\/option><option value='BM' >Bermudes<\/option><option value='BT' >Bhoutan<\/option><option value='BY' >Bi\u00e9lorussie<\/option><option value='BO' >Bolivie<\/option><option value='BA' >Bosnie-Herz\u00e9govine<\/option><option value='BW' >Botswana<\/option><option value='BN' >Brunei<\/option><option value='BR' >Br\u00e9sil<\/option><option value='BG' >Bulgarie<\/option><option value='BF' >Burkina Faso<\/option><option value='BI' >Burundi<\/option><option value='BJ' >B\u00e9nin<\/option><option value='CV' >Cabo Verde<\/option><option value='KH' >Cambodge<\/option><option value='CM' >Cameroun<\/option><option value='CA' >Canada<\/option><option value='CL' >Chili<\/option><option value='CN' >Chine<\/option><option value='CX' >Christmas Island<\/option><option value='CY' >Chypre<\/option><option value='CO' >Colombie<\/option><option value='KM' >Comores<\/option><option value='KP' >Cor\u00e9e du Nord<\/option><option value='KR' >Cor\u00e9e du Sud<\/option><option value='CR' >Costa Rica<\/option><option value='HR' >Croatie<\/option><option value='CU' >Cuba<\/option><option value='CW' >Cura\u00e7ao<\/option><option value='CI' >C\u00f4te-d\u2019Ivoire<\/option><option value='DK' >Danemark<\/option><option value='CD' >Democratic Republic of the Congo (Kinshasa)<\/option><option value='DJ' >Djibouti<\/option><option value='DM' >Dominique<\/option><option value='ER' >Erythr\u00e9e<\/option><option value='ES' >Espagne<\/option><option value='EE' >Estonie<\/option><option value='SZ' >Eswatini<\/option><option value='US' >Etats-Unis (USA)<\/option><option value='FJ' >Fidji<\/option><option value='FI' >Finlande<\/option><option value='FR' >France<\/option><option value='GA' >Gabon<\/option><option value='GM' >Gambie<\/option><option value='GH' >Ghana<\/option><option value='GI' >Gibraltar<\/option><option value='GD' >Grenade<\/option><option value='GL' >Groenland<\/option><option value='GR' >Gr\u00e8ce<\/option><option value='GP' >Guadeloupe<\/option><option value='GU' >Guam<\/option><option value='GT' >Guatemala<\/option><option value='GG' >Guernesey<\/option><option value='GN' >Guin\u00e9e<\/option><option value='GQ' >Guin\u00e9e \u00c9quatoriale<\/option><option value='GW' >Guin\u00e9e-Bissau<\/option><option value='GY' >Guyane<\/option><option value='GF' >Guyane Fran\u00e7aise<\/option><option value='GE' >G\u00e9orgie<\/option><option value='GS' >G\u00e9orgie du Sud \/ \u00eeles Sandwich<\/option><option value='HT' >Ha\u00efti<\/option><option value='HN' >Honduras<\/option><option value='HK' >Hong Kong<\/option><option value='HU' >Hongrie<\/option><option value='IN' >Inde<\/option><option value='ID' >Indon\u00e9sie<\/option><option value='IQ' >Irak<\/option><option value='IR' >Iran<\/option><option value='IE' >Irlande<\/option><option value='IS' >Islande<\/option><option value='IL' >Isra\u00ebl<\/option><option value='IT' >Italie<\/option><option value='JM' >Jama\u00efque<\/option><option value='JP' >Japon<\/option><option value='JE' >Jersey<\/option><option value='JO' >Jordanie<\/option><option value='KZ' >Kazakhstan<\/option><option value='KE' >Kenya<\/option><option value='KI' >Kiribati<\/option><option value='XK' >Kosovo<\/option><option value='KW' >Kowe\u00eft<\/option><option value='KG' >Kyrgyzstan<\/option><option value='LA' >Laos<\/option><option value='LS' >Lesotho<\/option><option value='LV' >Lettonie<\/option><option value='LB' >Liban<\/option><option value='LR' >Liberia<\/option><option value='LY' >Libye<\/option><option value='LI' >Liechtenstein<\/option><option value='LT' >Lituanie<\/option><option value='LU' >Luxembourg<\/option><option value='MO' >Macao S.A.R., Chine<\/option><option value='MG' >Madagascar<\/option><option value='MY' >Malaisie<\/option><option value='MW' >Malawi<\/option><option value='MV' >Maldives<\/option><option value='ML' >Mali<\/option><option value='MT' >Malte<\/option><option value='MA' >Maroc<\/option><option value='MQ' >Martinique<\/option><option value='MU' >Maurice<\/option><option value='MR' >Mauritanie<\/option><option value='YT' >Mayotte<\/option><option value='MX' >Mexique<\/option><option value='FM' >Micron\u00e9sie<\/option><option value='MD' >Moldavie<\/option><option value='MC' >Monaco<\/option><option value='MN' >Mongolie<\/option><option value='MS' >Montserrat<\/option><option value='ME' >Mont\u00e9n\u00e9gro<\/option><option value='MZ' >Mozambique<\/option><option value='MM' >Myanmar<\/option><option value='NA' >Namibie<\/option><option value='NR' >Nauru<\/option><option value='NI' >Nicaragua<\/option><option value='NE' >Niger<\/option><option value='NG' >Nigeria<\/option><option value='NU' >Niue<\/option><option value='MK' >North Macedonia<\/option><option value='MP' >Northern Mariana Islands<\/option><option value='NO' >Norv\u00e8ge<\/option><option value='NC' >Nouvelle-Cal\u00e9donie<\/option><option value='NZ' >Nouvelle-Z\u00e9lande<\/option><option value='NP' >N\u00e9pal<\/option><option value='OM' >Oman<\/option><option value='UG' >Ouganda<\/option><option value='UZ' >Ouzb\u00e9kistan<\/option><option value='PK' >Pakistan<\/option><option value='PW' >Palau<\/option><option value='PA' >Panama<\/option><option value='PG' >Papouasie-Nouvelle-Guin\u00e9e<\/option><option value='PY' >Paraguay<\/option><option value='NL' >Pays-Bas<\/option><option value='PH' >Philippines<\/option><option value='PN' >Pitcairn<\/option><option value='PL' >Pologne<\/option><option value='PF' >Polyn\u00e9sie Fran\u00e7aise<\/option><option value='PT' >Portugal<\/option><option value='PR' >Puerto Rico<\/option><option value='PE' >P\u00e9rou<\/option><option value='QA' >Qatar<\/option><option value='CG' >Republic of the Congo (Brazzaville)<\/option><option value='RO' >Roumanie<\/option><option value='GB' >Royaume-Uni (UK)<\/option><option value='RU' >Russie<\/option><option value='RW' >Rwanda<\/option><option value='CF' >R\u00e9publique Centrafricaine<\/option><option value='DO' >R\u00e9publique Dominicaine<\/option><option value='CZ' >R\u00e9publique Tch\u00e8que<\/option><option value='RE' >R\u00e9union<\/option><option value='BQ' >Saba, Saint-Eustache et Bonaire<\/option><option value='EH' >Sahara occidental<\/option><option value='BL' >Saint Barth\u00e9lemy<\/option><option value='PM' >Saint Pierre et Miquelon<\/option><option value='KN' >Saint-Kitts-et-Nevis<\/option><option value='MF' >Saint-Martin (partie fran\u00e7aise)<\/option><option value='SX' >Saint-Martin (partie n\u00e9erlandaise)<\/option><option value='VC' >Saint-Vincent-et-les-Grenadines<\/option><option value='SH' >Sainte-H\u00e9l\u00e8ne<\/option><option value='LC' >Sainte-Lucie<\/option><option value='SV' >Salvador<\/option><option value='WS' >Samoa<\/option><option value='AS' >Samoa am\u00e9ricaines<\/option><option value='SM' >San Marino<\/option><option value='ST' >Sao Tome and Principe<\/option><option value='RS' >Serbie<\/option><option value='SC' >Seychelles<\/option><option value='SL' >Sierra Leone<\/option><option value='SG' >Singapour<\/option><option value='SK' >Slovaquie<\/option><option value='SI' >Slov\u00e9nie<\/option><option value='SO' >Somalie<\/option><option value='SD' >Soudan<\/option><option value='SS' >Soudan du Sud<\/option><option value='LK' >Sri Lanka<\/option><option value='CH' >Suisse<\/option><option value='SR' >Suriname<\/option><option value='SE' >Su\u00e8de<\/option><option value='SJ' >Svalbard et Jan Mayen<\/option><option value='SY' >Syrie<\/option><option value='SN' >S\u00e9n\u00e9gal<\/option><option value='TJ' >Tadjikistan<\/option><option value='TW' >Taiwan<\/option><option value='TZ' >Tanzanie<\/option><option value='TD' >Tchad<\/option><option value='TF' >Terres Australes Fran\u00e7aises<\/option><option value='PS' >Territoire Palestinien<\/option><option value='IO' >Territoires britanniques de l&#039;oc\u00e9an Indien<\/option><option value='TH' >Tha\u00eflande<\/option><option value='TL' >Timor-Leste<\/option><option value='TG' >Togo<\/option><option value='TK' >Tokelau<\/option><option value='TO' >Tonga<\/option><option value='TT' >Trinit\u00e9-et-Tobago<\/option><option value='TN' >Tunisie<\/option><option value='TM' >Turkm\u00e9nistan<\/option><option value='TV' >Tuvalu<\/option><option value='TR' >T\u00fcrkiye<\/option><option value='UA' >Ukraine<\/option><option value='UY' >Uruguay<\/option><option value='VU' >Vanuatu<\/option><option value='VA' >Vatican<\/option><option value='VE' >Venezuela<\/option><option value='VN' >Vietnam<\/option><option value='WF' >Wallis et Futuna<\/option><option value='YE' >Yemen<\/option><option value='ZM' >Zambie<\/option><option value='ZW' >Zimbabwe<\/option><option value='EG' >\u00c9gypte<\/option><option value='AE' >\u00c9mirats Arabes Unis<\/option><option value='EC' >\u00c9quateur<\/option><option value='ET' >\u00c9thiopie<\/option><option value='BV' >\u00cele Bouvet<\/option><option value='NF' >\u00cele Norfolk<\/option><option value='IM' >\u00cele de Man<\/option><option value='KY' >\u00celes Ca\u00efmans<\/option><option value='CC' >\u00celes Cocos<\/option><option value='CK' >\u00celes Cook<\/option><option value='FK' >\u00celes Falkland<\/option><option value='FO' >\u00celes F\u00e9ro\u00e9<\/option><option value='HM' >\u00celes Heard-et-MacDonald<\/option><option value='MH' >\u00celes Marshall<\/option><option value='UM' >\u00celes Mineures \u00e9loign\u00e9es des \u00c9tats-Unis<\/option><option value='SB' >\u00celes Salomon<\/option><option value='TC' >\u00celes Turques et Ca\u00efques<\/option><option value='VI' >\u00celes Vierges am\u00e9ricaines (US)<\/option><option value='VG' >\u00celes Vierges britanniques<\/option><option value='AX' >\u00celes d&amp;apos;\u00c5land<\/option><\/select><\/div><\/div><div class='ff-el-group'><div class=\"ff-el-input--label asterisk-right\"><label for='ff_102_url' id='label_ff_102_url' aria-label=\"Website URL (If any)\">Website URL (If any)<\/label><\/div><div class='ff-el-input--content'><input type=\"url\" name=\"url\" class=\"ff-el-form-control\" data-name=\"url\" id=\"ff_102_url\"  aria-invalid=\"false\" aria-required=false><\/div><\/div><div class='ff-el-group'><div class=\"ff-el-input--label asterisk-right\"><label for='ff_102_url_1' id='label_ff_102_url_1' aria-label=\"YouTube Channel (If any)\">YouTube Channel (If any)<\/label><\/div><div class='ff-el-input--content'><input type=\"url\" name=\"url_1\" class=\"ff-el-form-control\" data-name=\"url_1\" id=\"ff_102_url_1\"  aria-invalid=\"false\" aria-required=false><\/div><\/div><div class='ff-el-group'><div class=\"ff-el-input--label ff-el-is-required asterisk-right\"><label   aria-label=\"Have you been involved in any existing affiliate programs?\">Have you been involved in any existing affiliate programs?<\/label><\/div><div class='ff-el-input--content'><div class='ff-el-form-check ff-el-form-check-'><label class='ff-el-form-check-label' for='input_radio_4e0c4801dd2257d20a48ba490bbe6073'><input  type=\"radio\" name=\"input_radio\" data-name=\"input_radio\" class=\"ff-el-form-check-input ff-el-form-check-radio\" value=\"yes\"  id='input_radio_4e0c4801dd2257d20a48ba490bbe6073' aria-label='Yes' aria-invalid='false' aria-required=true> <span>Yes<\/span><\/label><\/div><div class='ff-el-form-check ff-el-form-check-'><label class='ff-el-form-check-label' for='input_radio_8ebc2cf178c939ee3be493090c127e92'><input  type=\"radio\" name=\"input_radio\" data-name=\"input_radio\" class=\"ff-el-form-check-input ff-el-form-check-radio\" value=\"no\"  id='input_radio_8ebc2cf178c939ee3be493090c127e92' aria-label='No' aria-invalid='false' aria-required=true> <span>No<\/span><\/label><\/div><\/div><\/div><div class='ff-el-group    ff-el-input--content'><div class='ff-el-form-check ff-el-tc'><label aria-label='I agree that my\u00a0submitted details will be exclusively shared with Dokan&#039;s 60,000 users for potential partnership outreach and will also be featured on our affiliate hub page.' class='ff-el-form-check-label ff_tc_label' for=terms-n-condition_25bb475f522e2e6e18131290c26c4682><span class='ff_tc_checkbox'><input type=\"checkbox\" name=\"terms-n-condition\" class=\"ff-el-form-check-input\" data-name=\"terms-n-condition\" id=\"terms-n-condition_25bb475f522e2e6e18131290c26c4682\"  value='on' aria-invalid='false' aria-required=true><\/span> <div class='ff_t_c'><p><strong>I agree<\/strong> that my\u00a0submitted details will be exclusively shared with Dokan&#8217;s 60,000 users for potential partnership outreach and will also be featured on our affiliate hub page.<\/p><\/div><\/label><\/div><\/div><div class='ff-el-group ' ><div class='ff-el-input--content'><div data-fluent_id='102' name='cf-turnstile-response'><div\n\t\tdata-sitekey='0x4AAAAAAA5i65xvSA3KG26P'\n\t\tdata-theme='auto'\n\t\tid='fluentform-turnstile-102-1'\n\t\tclass='ff-el-turnstile cf-turnstile'\n\t\tdata-appearance='always'><\/div><\/div><\/div><\/div><div class='ff-el-group ff-text-left ff_submit_btn_wrapper'><button type=\"submit\" class=\"ff-btn ff-btn-submit ff-btn-md ff_btn_style\"  aria-label=\"Join Now\">Join Now<\/button><\/div><\/fieldset><\/form><div id='fluentform_102_errors' class='ff-errors-in-stack ff_form_instance_102_1 ff-form-loading_errors ff_form_instance_102_1_errors'><\/div><\/div>            <script type=\"text\/javascript\">\n                window.fluent_form_ff_form_instance_102_1 = {\"id\":\"102\",\"settings\":{\"layout\":{\"labelPlacement\":\"top\",\"helpMessagePlacement\":\"with_label\",\"errorMessagePlacement\":\"inline\",\"cssClassName\":\"\",\"asteriskPlacement\":\"asterisk-right\"},\"restrictions\":{\"denyEmptySubmission\":{\"enabled\":false}}},\"form_instance\":\"ff_form_instance_102_1\",\"form_id_selector\":\"fluentform_102\",\"rules\":{\"names[first_name]\":{\"required\":{\"value\":true,\"message\":\"This field is required\",\"global\":true,\"global_message\":\"This field is required\"}},\"names[middle_name]\":{\"required\":{\"value\":false,\"message\":\"This field is required\",\"global\":true,\"global_message\":\"This field is required\"}},\"names[last_name]\":{\"required\":{\"value\":true,\"message\":\"This field is required\",\"global\":true,\"global_message\":\"This field is required\"}},\"email\":{\"required\":{\"value\":true,\"message\":\"This field is required\",\"global\":true,\"global_message\":\"This field is required\"},\"email\":{\"value\":true,\"message\":\"This field must contain a valid email\",\"global\":true,\"global_message\":\"This field must contain a valid email\"}},\"country-list\":{\"required\":{\"value\":true,\"message\":\"This field is required\",\"global_message\":\"This field is required\",\"global\":true}},\"url\":{\"required\":{\"value\":false,\"message\":\"This field is required\",\"global_message\":\"This field is required\",\"global\":true},\"url\":{\"value\":true,\"message\":\"This field must contain a valid url\",\"global_message\":\"This field must contain a valid url\",\"global\":true}},\"url_1\":{\"required\":{\"value\":false,\"message\":\"This field is required\",\"global_message\":\"This field is required\",\"global\":true},\"url\":{\"value\":true,\"message\":\"This field must contain a valid url\",\"global_message\":\"This field must contain a valid url\",\"global\":true}},\"input_radio\":{\"required\":{\"value\":true,\"message\":\"This field is required\",\"global\":true,\"global_message\":\"This field is required\"}},\"terms-n-condition\":{\"required\":{\"value\":true,\"message\":\"This field is required\",\"global_message\":\"This field is required\",\"global\":true}},\"cf-turnstile-response\":[]},\"debounce_time\":300};\n                            <\/script>\n            ","protected":false},"excerpt":{"rendered":"<p>Rejoignez le hub d&#039;affiliation de Dokan. Plus de 60 000 propri\u00e9taires de Marketplace attendent votre expertise ! En tant que sp\u00e9cialiste du marketing affili\u00e9, vous avez le pouvoir de fa\u00e7onner l\u2019avenir du commerce \u00e9lectronique et nous vous pr\u00e9sentons une opportunit\u00e9 exclusive. Positionnez-vous pour un partenariat d&#039;affiliation avec Dokan, en vous connectant avec plus de 60 000 propri\u00e9taires de places de march\u00e9 dans le monde.<\/p>","protected":false},"author":15,"featured_media":0,"parent":0,"menu_order":0,"comment_status":"closed","ping_status":"closed","template":"","meta":{"footnotes":""},"class_list":["post-480600","page","type-page","status-publish","hentry"],"_links":{"self":[{"href":"https:\/\/dokan.co\/fr\/wp-json\/wp\/v2\/pages\/480600","targetHints":{"allow":["GET"]}}],"collection":[{"href":"https:\/\/dokan.co\/fr\/wp-json\/wp\/v2\/pages"}],"about":[{"href":"https:\/\/dokan.co\/fr\/wp-json\/wp\/v2\/types\/page"}],"author":[{"embeddable":true,"href":"https:\/\/dokan.co\/fr\/wp-json\/wp\/v2\/users\/15"}],"replies":[{"embeddable":true,"href":"https:\/\/dokan.co\/fr\/wp-json\/wp\/v2\/comments?post=480600"}],"version-history":[{"count":12,"href":"https:\/\/dokan.co\/fr\/wp-json\/wp\/v2\/pages\/480600\/revisions"}],"predecessor-version":[{"id":480706,"href":"https:\/\/dokan.co\/fr\/wp-json\/wp\/v2\/pages\/480600\/revisions\/480706"}],"wp:attachment":[{"href":"https:\/\/dokan.co\/fr\/wp-json\/wp\/v2\/media?parent=480600"}],"curies":[{"name":"wp","href":"https:\/\/api.w.org\/{rel}","templated":true}]}}