{"id":489465,"date":"2024-09-06T16:52:51","date_gmt":"2024-09-06T10:52:51","guid":{"rendered":"https:\/\/dokan.co\/?page_id=489465"},"modified":"2025-02-06T12:08:52","modified_gmt":"2025-02-06T06:08:52","slug":"advanced-reporting","status":"publish","type":"page","link":"https:\/\/dokan.co\/fr\/cloud\/features\/advanced-reporting\/","title":{"rendered":"Rapports avanc\u00e9s"},"content":{"rendered":"<div class=\"wp-block-group alignfull has-global-padding is-layout-constrained wp-container-core-group-is-layout-d03da613 wp-block-group-is-layout-constrained\" style=\"padding-top:var(--wp--preset--spacing--50);padding-right:var(--wp--preset--spacing--30);padding-bottom:var(--wp--preset--spacing--80);padding-left:var(--wp--preset--spacing--30)\">\n<div style=\"margin-top:0;margin-bottom:0;height:14px\" aria-hidden=\"true\" class=\"wp-block-spacer\"><\/div>\n\n\n\n<div class=\"wp-block-group is-layout-flow wp-block-group-is-layout-flow\" style=\"margin-top:0;margin-bottom:0\">\n<p class=\"has-text-align-center has-text-color has-link-color wp-elements-d63b79aab0b7d169b00cd90b8e6aa833\" style=\"color:#cb6d00\" data-aos=\"slide-up\" data-aos-duration=\"1000\" data-aos-once=\"true\">Rapports avanc\u00e9s<\/p>\n\n\n\n<h1 class=\"wp-block-heading has-text-align-center ticss-f5fbb494 dco-m-br-hidden has-text-color has-link-color has-poppins-font-family wp-elements-2d56d64b1016bd5c9b07e0cf27f0376e\" style=\"color:#25252d;font-size:clamp(34.313px, 2.145rem + ((1vw - 3.2px) * 3.146), 62px);font-style:normal;font-weight:700\" data-aos=\"fade-up\" data-aos-duration=\"1000\" data-aos-once=\"true\">Complet <mark style=\"background-color:rgba(0, 0, 0, 0);color:#25252d\" class=\"has-inline-color\">Rapports<\/mark> <br>Des outils pour exploiter les donn\u00e9es<\/h1>\n\n\n\n<p class=\"has-text-align-center dco-m-br-hidden has-text-color has-link-color wp-elements-5f336fae839f523b42a8b767353a05da\" style=\"color:#393939;font-size:clamp(0.875rem, 0.875rem + ((1vw - 0.2rem) * 0.682), 1.25rem);line-height:1.5\" data-aos=\"slide-up\" data-aos-duration=\"1000\" data-aos-once=\"true\">Les rapports sur les ventes, les commandes, les produits et les fournisseurs sont analys\u00e9s via un tableau de bord centralis\u00e9. Optimisez votre strat\u00e9gie commerciale en ligne en prenant des d\u00e9cisions bas\u00e9es sur les donn\u00e9es.<\/p>\n\n\n\n<div class=\"wp-block-buttons is-content-justification-center is-layout-flex wp-container-core-buttons-is-layout-d8c0be80 wp-block-buttons-is-layout-flex\" style=\"margin-top:var(--wp--preset--spacing--40)\" data-aos=\"slide-up\" data-aos-duration=\"1000\" data-aos-once=\"true\">\n<div class=\"wp-block-button btn-border-color-hover-dokan-cloud btn-color-hover-dokan-cloud btn-bg-hover-transparent\"><a class=\"wp-block-button__link has-base-color has-text-color has-background has-link-color wp-element-button\" href=\"https:\/\/dokan.co\/fr\/cloud\/pricing\/\" style=\"border-radius:5px;background-color:#7047eb\">Obtenez Dokan Cloud<\/a><\/div>\n<\/div>\n<\/div>\n\n\n\n<div style=\"margin-top:var(--wp--preset--spacing--60);margin-bottom:0;height:9px\" aria-hidden=\"true\" class=\"wp-block-spacer\"><\/div>\n<\/div>\n\n\n\n<div class=\"wp-block-group alignfull has-global-padding is-layout-constrained wp-container-core-group-is-layout-92eb21e0 wp-block-group-is-layout-constrained\" style=\"padding-top:0;padding-right:var(--wp--preset--spacing--30);padding-bottom:var(--wp--preset--spacing--70);padding-left:var(--wp--preset--spacing--30)\">\n<figure class=\"wp-block-image size-full ticss-a4436cb1 hero-featured-img\"><img loading=\"lazy\" decoding=\"async\" width=\"1920\" height=\"1200\" src=\"https:\/\/dokan.co\/app\/uploads\/2024\/09\/reports-dashboard.webp\" alt=\"\" class=\"wp-image-489468\" srcset=\"https:\/\/dokan.co\/app\/uploads\/2024\/09\/reports-dashboard.webp 1920w, https:\/\/dokan.co\/app\/uploads\/2024\/09\/reports-dashboard-300x188.webp 300w, https:\/\/dokan.co\/app\/uploads\/2024\/09\/reports-dashboard-1024x640.webp 1024w, https:\/\/dokan.co\/app\/uploads\/2024\/09\/reports-dashboard-768x480.webp 768w, https:\/\/dokan.co\/app\/uploads\/2024\/09\/reports-dashboard-1536x960.webp 1536w, https:\/\/dokan.co\/app\/uploads\/2024\/09\/reports-dashboard-18x12.webp 18w\" sizes=\"auto, (max-width: 1920px) 100vw, 1920px\" data-no-translation=\"\" data-no-auto-translation=\"\" \/><\/figure>\n\n\n\n<div style=\"margin-top:0;margin-bottom:0;height:24px\" aria-hidden=\"true\" class=\"wp-block-spacer\"><\/div>\n\n\n\n<div class=\"wp-block-group has-global-padding is-layout-constrained wp-container-core-group-is-layout-27394559 wp-block-group-is-layout-constrained\" style=\"margin-top:var(--wp--preset--spacing--80)\">\n<div class=\"wp-block-columns is-layout-flex wp-container-core-columns-is-layout-28f84493 wp-block-columns-is-layout-flex\">\n<div class=\"wp-block-column is-layout-flow wp-block-column-is-layout-flow\">\n<div class=\"wp-block-group dco-ptm-20 dco-prm-20 dco-pbm-20 dco-plm-20 has-background is-layout-flow wp-block-group-is-layout-flow\" style=\"border-radius:10px;background-color:#f2f3f5;min-height:100%;padding-top:3.25rem;padding-right:3.25rem;padding-bottom:3.25rem;padding-left:3.25rem\" data-aos=\"fade-up\" data-aos-duration=\"1000\" data-aos-once=\"true\">\n<figure class=\"wp-block-image size-full\"><img loading=\"lazy\" decoding=\"async\" width=\"920\" height=\"506\" src=\"https:\/\/dokan.co\/app\/uploads\/2024\/09\/sales-report.png\" alt=\"\" class=\"wp-image-489480\" srcset=\"https:\/\/dokan.co\/app\/uploads\/2024\/09\/sales-report.png 920w, https:\/\/dokan.co\/app\/uploads\/2024\/09\/sales-report-300x165.png 300w, https:\/\/dokan.co\/app\/uploads\/2024\/09\/sales-report-768x422.png 768w, https:\/\/dokan.co\/app\/uploads\/2024\/09\/sales-report-18x10.png 18w\" sizes=\"auto, (max-width: 920px) 100vw, 920px\" data-no-translation=\"\" data-no-auto-translation=\"\" \/><\/figure>\n\n\n\n<h4 class=\"wp-block-heading dco-m-text-3xl dco-m-br-hidden has-text-color has-link-color has-poppins-font-family has-x-large-font-size wp-elements-7ed7abe21940b982a269557bb5f3fe64\" style=\"color:#25252d;font-style:normal;font-weight:700\">Rapport de ventes<\/h4>\n\n\n\n<p class=\"has-text-color has-link-color wp-elements-fab6c45d360cfc90a56967fa43c6286f\" style=\"color:#393939\">Nos rapports de ventes offrent un aper\u00e7u clair de vos activit\u00e9s de vente. Vous obtiendrez un graphique des revenus toutes les 2 heures. Il comprend les ventes brutes, le chiffre d&#039;affaires net et les commissions. Ce graphique facile \u00e0 lire vous permet de prendre des d\u00e9cisions \u00e9clair\u00e9es pour la croissance de votre entreprise.<\/p>\n<\/div>\n<\/div>\n\n\n\n<div class=\"wp-block-column is-layout-flow wp-block-column-is-layout-flow\">\n<div class=\"wp-block-group dco-ptm-20 dco-prm-20 dco-pbm-20 dco-plm-20 has-background is-layout-flow wp-block-group-is-layout-flow\" style=\"border-radius:10px;background-color:#f2f3f5;min-height:100%;padding-top:3.25rem;padding-right:3.25rem;padding-bottom:3.25rem;padding-left:3.25rem\" data-aos=\"fade-up\" data-aos-duration=\"1000\" data-aos-once=\"true\">\n<figure class=\"wp-block-image size-full\"><img loading=\"lazy\" decoding=\"async\" width=\"920\" height=\"504\" src=\"https:\/\/dokan.co\/app\/uploads\/2024\/09\/report-overview.png\" alt=\"\" class=\"wp-image-489482\" srcset=\"https:\/\/dokan.co\/app\/uploads\/2024\/09\/report-overview.png 920w, https:\/\/dokan.co\/app\/uploads\/2024\/09\/report-overview-300x164.png 300w, https:\/\/dokan.co\/app\/uploads\/2024\/09\/report-overview-768x421.png 768w, https:\/\/dokan.co\/app\/uploads\/2024\/09\/report-overview-18x10.png 18w\" sizes=\"auto, (max-width: 920px) 100vw, 920px\" data-no-translation=\"\" data-no-auto-translation=\"\" \/><\/figure>\n\n\n\n<h4 class=\"wp-block-heading dco-m-text-3xl dco-m-br-hidden has-text-color has-link-color has-poppins-font-family has-x-large-font-size wp-elements-4fc1d091f3e1a71ec890ce39599b7c2e\" style=\"color:#25252d;font-style:normal;font-weight:700\">Aper\u00e7u du rapport<\/h4>\n\n\n\n<p class=\"has-text-color has-link-color wp-elements-20db05e32e8fd359ab2ea3f592e13822\" style=\"color:#393939\">Il vous donne un aper\u00e7u instantan\u00e9 de vos performances commerciales, telles que le chiffre d&#039;affaires total, la valeur moyenne des commandes et les remboursements. Vous pouvez ainsi prendre des d\u00e9cisions bas\u00e9es sur les donn\u00e9es pour am\u00e9liorer vos performances financi\u00e8res.<\/p>\n<\/div>\n<\/div>\n<\/div>\n\n\n\n<div style=\"margin-top:0;margin-bottom:0;height:12px\" aria-hidden=\"true\" class=\"wp-block-spacer\"><\/div>\n\n\n\n<div class=\"wp-block-columns are-vertically-aligned-center has-background is-layout-flex wp-container-core-columns-is-layout-6ee317b0 wp-block-columns-is-layout-flex\" style=\"border-radius:20px;background-color:#82b5361a;margin-top:var(--wp--preset--spacing--40);padding-top:0;padding-right:0;padding-bottom:0;padding-left:0\" data-aos=\"fade-up\" data-aos-duration=\"1000\" data-aos-once=\"true\">\n<div class=\"wp-block-column is-vertically-aligned-center is-layout-flow wp-block-column-is-layout-flow\" style=\"padding-top:var(--wp--preset--spacing--30);padding-right:var(--wp--preset--spacing--50);padding-bottom:var(--wp--preset--spacing--30);padding-left:var(--wp--preset--spacing--50)\">\n<div class=\"wp-block-group is-layout-flow wp-block-group-is-layout-flow\">\n<h3 class=\"wp-block-heading dco-m-text-3xl has-text-color has-link-color has-poppins-font-family has-x-large-font-size wp-elements-24b0f67721e51044a6a9af0e064e33cb\" style=\"color:#393939;font-style:normal;font-weight:700\">Produits les plus vendus<\/h3>\n\n\n\n<p class=\"has-text-color has-link-color wp-elements-988a15271540679e9c388991ea907a05\" style=\"color:#575757;font-size:clamp(0.875rem, 0.875rem + ((1vw - 0.2rem) * 0.682), 1.25rem);\">Notre rapport sur les produits les plus vendus fournit des informations pr\u00e9cieuses pour optimiser votre inventaire et stimuler la croissance des revenus. Il r\u00e9pertorie les produits ou cat\u00e9gories de produits les plus vendus.<\/p>\n<\/div>\n<\/div>\n\n\n\n<div class=\"wp-block-column is-vertically-aligned-center is-layout-flow wp-block-column-is-layout-flow\" style=\"flex-basis:628px\">\n<figure class=\"wp-block-image size-full\"><img loading=\"lazy\" decoding=\"async\" width=\"1218\" height=\"836\" src=\"https:\/\/dokan.co\/app\/uploads\/2024\/09\/top-selling-products.webp\" alt=\"\" class=\"wp-image-489483\" srcset=\"https:\/\/dokan.co\/app\/uploads\/2024\/09\/top-selling-products.webp 1218w, https:\/\/dokan.co\/app\/uploads\/2024\/09\/top-selling-products-300x206.webp 300w, https:\/\/dokan.co\/app\/uploads\/2024\/09\/top-selling-products-1024x703.webp 1024w, https:\/\/dokan.co\/app\/uploads\/2024\/09\/top-selling-products-768x527.webp 768w, https:\/\/dokan.co\/app\/uploads\/2024\/09\/top-selling-products-18x12.webp 18w\" sizes=\"auto, (max-width: 1218px) 100vw, 1218px\" data-no-translation=\"\" data-no-auto-translation=\"\" \/><\/figure>\n<\/div>\n<\/div>\n\n\n\n<div class=\"wp-block-columns are-vertically-aligned-center has-background is-layout-flex wp-container-core-columns-is-layout-a5331a9e wp-block-columns-is-layout-flex\" style=\"border-radius:20px;background-color:#ffc1071a;padding-top:0;padding-right:0;padding-bottom:0;padding-left:0\" data-aos=\"fade-up\" data-aos-duration=\"1000\" data-aos-once=\"true\">\n<div class=\"wp-block-column is-vertically-aligned-center ticss-617ad2b7 is-layout-flow wp-block-column-is-layout-flow\" style=\"flex-basis:532px\">\n<div style=\"height:20px\" aria-hidden=\"true\" class=\"wp-block-spacer ticss-dfb04370\"><\/div>\n\n\n\n<figure class=\"wp-block-image size-full\"><img loading=\"lazy\" decoding=\"async\" width=\"963\" height=\"790\" src=\"https:\/\/dokan.co\/app\/uploads\/2024\/09\/report-filtering.webp\" alt=\"\" class=\"wp-image-489484\" srcset=\"https:\/\/dokan.co\/app\/uploads\/2024\/09\/report-filtering.webp 963w, https:\/\/dokan.co\/app\/uploads\/2024\/09\/report-filtering-300x246.webp 300w, https:\/\/dokan.co\/app\/uploads\/2024\/09\/report-filtering-768x630.webp 768w, https:\/\/dokan.co\/app\/uploads\/2024\/09\/report-filtering-15x12.webp 15w\" sizes=\"auto, (max-width: 963px) 100vw, 963px\" data-no-translation=\"\" data-no-auto-translation=\"\" \/><\/figure>\n<\/div>\n\n\n\n<div class=\"wp-block-column is-vertically-aligned-center is-layout-flow wp-block-column-is-layout-flow\" style=\"padding-top:var(--wp--preset--spacing--30);padding-right:var(--wp--preset--spacing--50);padding-bottom:var(--wp--preset--spacing--30);padding-left:var(--wp--preset--spacing--50)\">\n<div class=\"wp-block-group is-layout-flow wp-block-group-is-layout-flow\">\n<h3 class=\"wp-block-heading dco-m-text-3xl has-text-color has-link-color has-poppins-font-family has-x-large-font-size wp-elements-bd212bb65a79e65e23dd92f8b1428657\" style=\"color:#393939;font-style:normal;font-weight:700\">Filtrage des rapports<\/h3>\n\n\n\n<p class=\"has-text-color has-link-color wp-elements-663571b96c8f740293432272218775e2\" style=\"color:#575757;font-size:clamp(0.875rem, 0.875rem + ((1vw - 0.2rem) * 0.682), 1.25rem);\">Vous pouvez personnaliser les rapports en appliquant des filtres, des plages de dates et d&#039;autres param\u00e8tres pour obtenir des informations en fonction de vos besoins. Vous pouvez facilement comparer vos revenus au mois pr\u00e9c\u00e9dent \u00e0 l&#039;aide de rapports filtr\u00e9s.<\/p>\n<\/div>\n<\/div>\n<\/div>\n\n\n\n<div style=\"margin-top:0;margin-bottom:0;height:22px\" aria-hidden=\"true\" class=\"wp-block-spacer\"><\/div>\n<\/div>\n<\/div>\n\n\n\n<div class=\"wp-block-group alignfull has-contrast-background-color has-background has-global-padding is-layout-constrained wp-container-core-group-is-layout-5c2ec109 wp-block-group-is-layout-constrained\" style=\"margin-top:0;padding-top:var(--wp--preset--spacing--70);padding-right:var(--wp--preset--spacing--30);padding-bottom:var(--wp--preset--spacing--70);padding-left:var(--wp--preset--spacing--30);background-image:url(&apos;https:\/\/dokan.co\/app\/uploads\/2024\/08\/cta-bg.svg&apos;);background-position:50% 50%;background-size:cover;\">\n<div style=\"margin-top:0;margin-bottom:0;height:30px\" aria-hidden=\"true\" class=\"wp-block-spacer\"><\/div>\n\n\n\n<div class=\"wp-block-columns are-vertically-aligned-center is-layout-flex wp-container-core-columns-is-layout-c8f28843 wp-block-columns-is-layout-flex\" style=\"margin-top:0;margin-bottom:0\">\n<div class=\"wp-block-column is-vertically-aligned-center is-layout-flow wp-block-column-is-layout-flow\" style=\"flex-basis:625px\">\n<h2 class=\"wp-block-heading dco-m-br-hidden dco-m-text-3xl has-base-color has-text-color has-link-color has-poppins-font-family wp-elements-3a54177303b6525e87afa6bff44798b5\" style=\"font-size:clamp(2.55rem, 2.55rem + ((1vw - 0.2rem) * 4.109), 4.81rem);font-style:normal;font-weight:700\" data-aos=\"fade-up\" data-aos-duration=\"1000\" data-aos-once=\"true\">Transformer <br>Des donn\u00e9es aux opportunit\u00e9s de croissance<\/h2>\n<\/div>\n\n\n\n<div class=\"wp-block-column is-vertically-aligned-center is-layout-flow wp-block-column-is-layout-flow\">\n<div class=\"wp-block-group is-vertical is-layout-flex wp-container-core-group-is-layout-fe9cc265 wp-block-group-is-layout-flex\">\n<p class=\"has-text-color has-link-color wp-elements-877c73f885eea19e63054f189f26a798\" style=\"color:#d3d3d3;margin-top:12px;font-size:clamp(0.875rem, 0.875rem + ((1vw - 0.2rem) * 0.682), 1.25rem);\" data-aos=\"slide-up\" data-aos-duration=\"1000\" data-aos-once=\"true\">Boostez le succ\u00e8s de votre entreprise gr\u00e2ce aux rapports d\u00e9taill\u00e9s de Dokan Cloud. Obtenez des informations sur les tendances de vente et les meilleurs produits pour alimenter vos d\u00e9cisions strat\u00e9giques.<\/p>\n\n\n\n<div class=\"wp-block-buttons is-layout-flex wp-block-buttons-is-layout-flex\" data-aos=\"slide-up\" data-aos-duration=\"1000\" data-aos-once=\"true\">\n<div class=\"wp-block-button btn-border-color-hover-dokan-cloud btn-color-hover-dokan-cloud btn-bg-hover-transparent\"><a class=\"wp-block-button__link has-base-color has-text-color has-background has-link-color wp-element-button\" href=\"https:\/\/dokan.co\/fr\/cloud\/pricing\/\" style=\"border-radius:5px;background-color:#7047eb\">D\u00e9marrez votre entreprise<\/a><\/div>\n<\/div>\n<\/div>\n<\/div>\n<\/div>\n\n\n\n<div style=\"margin-top:0;margin-bottom:0;height:30px\" aria-hidden=\"true\" class=\"wp-block-spacer\"><\/div>\n<\/div>","protected":false},"excerpt":{"rendered":"<p>Advanced Reporting Comprehensive Reporting Tools to Harness Data Reports on sales, orders, products, and vendors are analyzed through a centralized dashboard. Maximize your online business strategy by making data-driven decisions. Sales Report Our sales reports offer clear insights into your sales activities. You will get a graph of earnings every 2 hours. It includes gross [&hellip;]<\/p>\n","protected":false},"author":2,"featured_media":0,"parent":483890,"menu_order":0,"comment_status":"closed","ping_status":"closed","template":"wp-custom-template-page-dokan-cloud","meta":{"footnotes":""},"class_list":["post-489465","page","type-page","status-publish","hentry"],"_links":{"self":[{"href":"https:\/\/dokan.co\/fr\/wp-json\/wp\/v2\/pages\/489465","targetHints":{"allow":["GET"]}}],"collection":[{"href":"https:\/\/dokan.co\/fr\/wp-json\/wp\/v2\/pages"}],"about":[{"href":"https:\/\/dokan.co\/fr\/wp-json\/wp\/v2\/types\/page"}],"author":[{"embeddable":true,"href":"https:\/\/dokan.co\/fr\/wp-json\/wp\/v2\/users\/2"}],"replies":[{"embeddable":true,"href":"https:\/\/dokan.co\/fr\/wp-json\/wp\/v2\/comments?post=489465"}],"version-history":[{"count":15,"href":"https:\/\/dokan.co\/fr\/wp-json\/wp\/v2\/pages\/489465\/revisions"}],"predecessor-version":[{"id":496397,"href":"https:\/\/dokan.co\/fr\/wp-json\/wp\/v2\/pages\/489465\/revisions\/496397"}],"up":[{"embeddable":true,"href":"https:\/\/dokan.co\/fr\/wp-json\/wp\/v2\/pages\/483890"}],"wp:attachment":[{"href":"https:\/\/dokan.co\/fr\/wp-json\/wp\/v2\/media?parent=489465"}],"curies":[{"name":"wp","href":"https:\/\/api.w.org\/{rel}","templated":true}]}}