{"id":8544,"date":"2023-04-11T15:11:43","date_gmt":"2023-04-11T09:11:43","guid":{"rendered":"https:\/\/dokan.co\/?page_id=8544"},"modified":"2025-06-03T11:13:52","modified_gmt":"2025-06-03T05:13:52","slug":"terms-of-service","status":"publish","type":"page","link":"https:\/\/dokan.co\/fr\/wordpress\/terms-of-service\/","title":{"rendered":"Conditions d&#039;utilisation"},"content":{"rendered":"<div class=\"wp-block-group alignfull has-global-padding is-layout-constrained wp-container-core-group-is-layout-bed9fd30 wp-block-group-is-layout-constrained\">\n<div style=\"height:20px\" aria-hidden=\"true\" class=\"wp-block-spacer\"><\/div>\n\n\n\n<h1 class=\"wp-block-heading has-text-align-center\" style=\"font-size:clamp(2.2rem, 2.2rem + ((1vw - 0.2rem) * 3.273), 4rem);\"><strong>Conditions d&#039;utilisation du plugin Dokan <\/strong><\/h1>\n\n\n\n<div style=\"height:20px\" aria-hidden=\"true\" class=\"wp-block-spacer\"><\/div>\n\n\n\n<p>Ces conditions d&#039;utilisation (&quot;Conditions&quot;) s&#039;appliquent \u00e0 l&#039;utilisation de Dokan, un produit logiciel d\u00e9tenu et exploit\u00e9 par weDevs Ltd. (&quot;weDevs&quot;, &quot;nous&quot;, &quot;notre&quot; ou &quot;nous&quot;). En utilisant ou en acc\u00e9dant \u00e0 Dokan, vous acceptez d&#039;\u00eatre li\u00e9 par les conditions suivantes. Si vous n&#039;acceptez pas ces conditions, nous vous d\u00e9conseillons d&#039;utiliser Dokan.<\/p>\n\n\n\n<h3 class=\"wp-block-heading\"><strong><strong>Licence<\/strong><\/strong><\/h3>\n\n\n\n<p style=\"margin-top:var(--wp--preset--spacing--20)\">Dokan est publi\u00e9 sous la licence publique GNU version 2.0. Nous vous d\u00e9conseillons fortement de les proposer, modifi\u00e9s ou non, pour redistribution ou revente de quelque nature que ce soit.<\/p>\n\n\n\n<p>La cl\u00e9 de licence garantit l&#039;acc\u00e8s aux mises \u00e0 jour de nos serveurs. Sans activation, vous ne pourrez pas utiliser les modules premium. Si votre abonnement est annul\u00e9 ou expire, les modules premium cesseront de fonctionner.<\/p>\n\n\n\n<p>Chaque produit de notre site comprend 365 jours de support et la validit\u00e9 des mises \u00e0 jour. Cette date est calcul\u00e9e \u00e0 partir de la minute o\u00f9 la commande a \u00e9t\u00e9 marqu\u00e9e comme termin\u00e9e. Si vous ne disposez pas d&#039;une licence valide, vous ne pourrez t\u00e9l\u00e9charger aucun des produits que vous avez achet\u00e9s.<\/p>\n\n\n\n<p>Un abonnement actif est requis pour acc\u00e9der \u00e0 la section des t\u00e9l\u00e9chargements. Chaque produit est livr\u00e9 avec une fonction de renouvellement automatique via les abonnements PayPal et Stripe pour assurer un flux fluide de mises \u00e0 jour et d&#039;assistance.<\/p>\n\n\n\n<h3 class=\"wp-block-heading\"><strong><strong>Restrictions<\/strong><\/strong><\/h3>\n\n\n\n<p style=\"margin-top:var(--wp--preset--spacing--20)\">Vous ne devez pas copier, modifier, distribuer, vendre, louer, sous-licencier ou transf\u00e9rer toute partie de Dokan sans notre consentement \u00e9crit pr\u00e9alable. Vous ne devez pas non plus d\u00e9sosser ou tenter d&#039;extraire le code source de Dokan ou utiliser tout moyen pour obtenir un acc\u00e8s non autoris\u00e9 \u00e0 Dokan ou \u00e0 ses syst\u00e8mes associ\u00e9s.<\/p>\n\n\n\n<h3 class=\"wp-block-heading\"><strong><strong>Propri\u00e9t\u00e9 intellectuelle<\/strong><\/strong><\/h3>\n\n\n\n<p style=\"margin-top:var(--wp--preset--spacing--20);margin-right:var(--wp--preset--spacing--20);margin-bottom:var(--wp--preset--spacing--20);margin-left:var(--wp--preset--spacing--20)\">Dokan est prot\u00e9g\u00e9 par le droit d&#039;auteur, les marques de commerce et d&#039;autres lois sur la propri\u00e9t\u00e9 intellectuelle. Tous les droits, titres et int\u00e9r\u00eats relatifs \u00e0 Dokan, y compris tous les droits de propri\u00e9t\u00e9 intellectuelle, sont et resteront la propri\u00e9t\u00e9 exclusive de Dokan.<\/p>\n\n\n\n<h3 class=\"wp-block-heading\"><strong><strong>Avis de non-responsabilit\u00e9 et limitations de responsabilit\u00e9<\/strong><\/strong><\/h3>\n\n\n\n<p style=\"margin-top:var(--wp--preset--spacing--20)\">Dokan est fourni &quot;tel quel&quot; sans garantie d&#039;aucune sorte, expresse ou implicite, y compris, mais sans s&#039;y limiter, les garanties de qualit\u00e9 marchande, d&#039;ad\u00e9quation \u00e0 un usage particulier et d&#039;absence de contrefa\u00e7on. Dokan ne sera en aucun cas responsable des dommages indirects, accessoires, sp\u00e9ciaux, punitifs ou cons\u00e9cutifs r\u00e9sultant de ou li\u00e9s \u00e0 l&#039;utilisation ou \u00e0 l&#039;impossibilit\u00e9 d&#039;utiliser Dokan.<\/p>\n\n\n\n<h3 class=\"wp-block-heading\"><strong><strong><strong>R\u00e9siliation<\/strong><\/strong><\/strong><\/h3>\n\n\n\n<p>Dokan se r\u00e9serve le droit de suspendre et\/ou de r\u00e9silier tout compte utilisateur sans pr\u00e9avis. Cela peut \u00eatre d\u00fb \u00e0 une ou plusieurs des raisons suivantes.<\/p>\n\n\n\n<p>Comportement abusif et\/ou n\u00e9gativit\u00e9 excessive envers le personnel de Dokan et\/ou d&#039;autres clients de Dokan.<\/p>\n\n\n\n<p>Des d\u00e9clarations diffamatoires, malveillantes et\/ou fausses r\u00e9p\u00e9t\u00e9es, y compris des calomnies contre Dokan, et\/ou des tentatives pour persuader des clients potentiels de ne pas acheter Dokan.<\/p>\n\n\n\n<p>Promouvoir des produits concurrents, contribuer au piratage de logiciels, au piratage, au spam ou \u00e0 d&#039;autres actes ill\u00e9gaux.<\/p>\n\n\n\n<p>Nous pensons raisonnablement que votre compte a \u00e9t\u00e9 compromis, partag\u00e9 avec d&#039;autres ou pour d&#039;autres raisons de s\u00e9curit\u00e9. Toutes les d\u00e9cisions sont d\u00e9finitives et les comptes r\u00e9sili\u00e9s ou suspendus ne seront pas annul\u00e9s.<\/p>\n\n\n\n<h3 class=\"wp-block-heading\"><strong><strong><strong><strong>RGPD et Dokan<\/strong><\/strong><\/strong><\/strong><\/h3>\n\n\n\n<p>Dokan met en \u0153uvre les principes du RGPD pour se conformer au RGPD. Le R\u00e8glement g\u00e9n\u00e9ral sur la protection des donn\u00e9es (RGPD) de l&#039;Europe est la derni\u00e8re r\u00e9glementation et politique de confidentialit\u00e9 qui sera mise en \u0153uvre en mai 2018 dans le monde entier.<\/p>\n\n\n\n<p>Chez Dokan, nous travaillons strictement pour apporter de la transparence \u00e0 nos utilisations des donn\u00e9es - comment nous allons collecter, stocker et utiliser les donn\u00e9es de nos clients et utilisateurs.<\/p>\n\n\n\n<p>Dokan prend toujours grand soin des donn\u00e9es des utilisateurs et pr\u00e9serve la confidentialit\u00e9, car elles sont d&#039;une importance cruciale pour nous. Depuis le d\u00e9but de notre entreprise, nous avons maintenu des principes stricts de protection des donn\u00e9es et de confidentialit\u00e9.<\/p>\n\n\n\n<h3 class=\"wp-block-heading\"><strong><strong><strong><strong><strong>Modifications de ces conditions<\/strong><\/strong><\/strong><\/strong><\/strong><\/h3>\n\n\n\n<p style=\"margin-top:var(--wp--preset--spacing--20);margin-right:var(--wp--preset--spacing--20);margin-bottom:var(--wp--preset--spacing--20);margin-left:var(--wp--preset--spacing--20)\">Nous nous r\u00e9servons le droit de modifier ces conditions \u00e0 tout moment, et toute modification entrera en vigueur imm\u00e9diatement apr\u00e8s la publication des conditions modifi\u00e9es sur notre site Web. Votre utilisation continue de Dokan apr\u00e8s la publication de toute modification de ces Conditions constituera votre acceptation de ces modifications.<\/p>\n\n\n\n<h3 class=\"wp-block-heading\"><strong><strong>Accord complet<\/strong><\/strong><\/h3>\n\n\n\n<p>Ces conditions constituent l&#039;int\u00e9gralit\u00e9 de l&#039;accord entre vous et Dokan concernant l&#039;utilisation du logiciel et remplacent toutes les communications et propositions ant\u00e9rieures ou contemporaines, qu&#039;elles soient orales ou \u00e9crites, entre vous et Dokan.<\/p>\n\n\n\n<p>Si vous avez des questions ou des pr\u00e9occupations concernant ces Conditions ou Dokan, veuillez <a href=\"https:\/\/dokan.co\/fr\/contact\/\">Contactez-nous<\/a>.<\/p>\n<\/div>\n\n\n\n<div style=\"height:100px\" aria-hidden=\"true\" class=\"wp-block-spacer\"><\/div>","protected":false},"excerpt":{"rendered":"<p>Terms of Service &#8211; Dokan Plugin These Terms of Service (&#8220;Terms&#8221;) apply to the use of Dokan, a software product owned and operated by weDevs Ltd. (&#8220;weDevs&#8221;, &#8220;us&#8221;, &#8220;our&#8221; or &#8220;we&#8221;). By using or accessing Dokan, you agree to be bound by the following terms. If you do not agree to these Terms, we discourage [&hellip;]<\/p>\n","protected":false},"author":2,"featured_media":0,"parent":472416,"menu_order":0,"comment_status":"closed","ping_status":"closed","template":"","meta":{"footnotes":""},"class_list":["post-8544","page","type-page","status-publish","hentry"],"_links":{"self":[{"href":"https:\/\/dokan.co\/fr\/wp-json\/wp\/v2\/pages\/8544","targetHints":{"allow":["GET"]}}],"collection":[{"href":"https:\/\/dokan.co\/fr\/wp-json\/wp\/v2\/pages"}],"about":[{"href":"https:\/\/dokan.co\/fr\/wp-json\/wp\/v2\/types\/page"}],"author":[{"embeddable":true,"href":"https:\/\/dokan.co\/fr\/wp-json\/wp\/v2\/users\/2"}],"replies":[{"embeddable":true,"href":"https:\/\/dokan.co\/fr\/wp-json\/wp\/v2\/comments?post=8544"}],"version-history":[{"count":7,"href":"https:\/\/dokan.co\/fr\/wp-json\/wp\/v2\/pages\/8544\/revisions"}],"predecessor-version":[{"id":500438,"href":"https:\/\/dokan.co\/fr\/wp-json\/wp\/v2\/pages\/8544\/revisions\/500438"}],"up":[{"embeddable":true,"href":"https:\/\/dokan.co\/fr\/wp-json\/wp\/v2\/pages\/472416"}],"wp:attachment":[{"href":"https:\/\/dokan.co\/fr\/wp-json\/wp\/v2\/media?parent=8544"}],"curies":[{"name":"wp","href":"https:\/\/api.w.org\/{rel}","templated":true}]}}