{"id":9256,"date":"2023-06-08T14:56:07","date_gmt":"2023-06-08T08:56:07","guid":{"rendered":"https:\/\/dokan.co\/?page_id=9256"},"modified":"2026-04-02T10:10:28","modified_gmt":"2026-04-02T04:10:28","slug":"about","status":"publish","type":"page","link":"https:\/\/dokan.co\/fr\/about\/","title":{"rendered":"\u00c0 propos de nous"},"content":{"rendered":"<div class=\"wp-block-group alignfull has-global-padding is-layout-constrained wp-block-group-is-layout-constrained\">\n<div style=\"height:38px\" aria-hidden=\"true\" class=\"wp-block-spacer\"><\/div>\n\n\n\n<p class=\"has-text-align-center ticss-c5be21c2 has-text-color has-medium-font-size\" style=\"color:#2409cb;font-style:normal;font-weight:700\">\u00c0 propos de nous<\/p>\n\n\n\n<h1 class=\"wp-block-heading alignfull has-text-align-center dco-m-text-3xl dco-m-br-hidden has-foreground-color has-text-color\" style=\"margin-top:0;margin-right:0;margin-bottom:0;margin-left:0;font-size:clamp(1.93rem, 1.93rem + ((1vw - 0.2rem) * 2.673), 3.4rem);font-style:normal;font-weight:900\">Autonomiser les entrepreneurs avec Premier<br> Solutions de march\u00e9 multifournisseurs<\/h1>\n\n\n\n<p class=\"has-text-align-center has-text-color has-medium-font-size\" style=\"color:#575d64\">L&#039;endroit o\u00f9 vos r\u00eaves de march\u00e9 commencent.<\/p>\n\n\n\n<div style=\"height:42px\" aria-hidden=\"true\" class=\"wp-block-spacer\"><\/div>\n<\/div>\n\n\n\n<div class=\"wp-block-group alignfull has-global-padding is-layout-constrained wp-container-core-group-is-layout-c6de8d87 wp-block-group-is-layout-constrained\" style=\"padding-bottom:var(--wp--preset--spacing--50)\">\n<div class=\"wp-block-columns is-layout-flex wp-container-core-columns-is-layout-66fad18a wp-block-columns-is-layout-flex\">\n<div class=\"wp-block-column is-layout-flow wp-block-column-is-layout-flow\">\n<figure class=\"wp-block-image size-large\"><img decoding=\"async\" src=\"https:\/\/staging.dokan.co\/app\/uploads\/2023\/06\/Group-1000005562-1024x975.png\" alt=\"\" class=\"wp-image-7744\" data-no-translation=\"\" data-no-auto-translation=\"\"\/><\/figure>\n<\/div>\n\n\n\n<div class=\"wp-block-column is-layout-flow wp-block-column-is-layout-flow\">\n<div class=\"wp-block-group has-global-padding is-layout-constrained wp-block-group-is-layout-constrained\">\n<h3 class=\"wp-block-heading\" style=\"font-size:clamp(1.378rem, 1.378rem + ((1vw - 0.2rem) * 1.585), 2.25rem);font-style:normal;font-weight:500;line-height:1.5\">Notre histoire<\/h3>\n\n\n\n<p class=\"has-text-color has-medium-font-size\" style=\"color:#575d64\">En tant qu&#039;entrepreneur nous-m\u00eames, nous avons lutt\u00e9 et abord\u00e9 de nombreuses difficult\u00e9s d&#039;\u00eatre un homme d&#039;affaires. Nous avons compris pourquoi de nombreuses entreprises \u00e0 potentiel perdent espoir et abandonnent. En tant que tel, nous avons mis notre c\u0153ur et notre \u00e2me au travail et avons cr\u00e9\u00e9 Dokan Multivendor Marketplace en 2015. D&#039;entrepreneurs en entrepreneurs, nous voulions \u00e9tendre notre aide \u00e0 ceux qui se d\u00e9battent dans les \u00e9tapes dans lesquelles nous avons lutt\u00e9.<\/p>\n\n\n\n<p class=\"has-text-color has-medium-font-size\" style=\"color:#575d64\">Aujourd&#039;hui, nous sommes fiers d&#039;\u00eatre un nom de confiance dans l&#039;industrie, offrant une gamme compl\u00e8te de fonctionnalit\u00e9s et de services pour r\u00e9pondre aux besoins des entrepreneurs en herbe. Notre \u00e9quipe s&#039;engage \u00e0 rendre votre voyage aussi fluide que possible et nous nous engageons \u00e0 fournir un service client exceptionnel \u00e0 chaque \u00e9tape du processus.<\/p>\n\n\n\n<p class=\"has-text-color has-medium-font-size\" style=\"color:#575d64\">D\u00e9sormais, Dokan dispose \u00e9galement d&#039;une solution cloud Marketplace d\u00e9di\u00e9e. La solution Dokan Marketplace Cloud offre une approche rationalis\u00e9e et \u00e9volutive pour cr\u00e9er une place de march\u00e9 en ligne, avec des interfaces conviviales, une s\u00e9curit\u00e9 robuste et une assistance \u00e9tendue.<\/p>\n<\/div>\n<\/div>\n<\/div>\n\n\n\n<div style=\"height:25px\" aria-hidden=\"true\" class=\"wp-block-spacer\"><\/div>\n\n\n\n<div class=\"wp-block-columns is-layout-flex wp-container-core-columns-is-layout-66fad18a wp-block-columns-is-layout-flex\">\n<div class=\"wp-block-column is-layout-flow wp-block-column-is-layout-flow\">\n<div class=\"wp-block-group has-global-padding is-layout-constrained wp-block-group-is-layout-constrained\">\n<p class=\"has-text-color has-medium-font-size\" style=\"color:#2409cb;font-style:normal;font-weight:700\">Notre mission<\/p>\n\n\n\n<h3 class=\"wp-block-heading dco-m-br-hidden\" style=\"margin-top:var(--wp--preset--spacing--30);margin-right:0;margin-bottom:0;margin-left:0;font-size:clamp(1.378rem, 1.378rem + ((1vw - 0.2rem) * 1.585), 2.25rem);font-style:normal;font-weight:500;line-height:1.5\">Luttant pour <br>Innovation continue<\/h3>\n\n\n\n<p class=\"has-text-color has-medium-font-size\" style=\"color:#575d64\">Notre mission chez Dokan est de cr\u00e9er la meilleure exp\u00e9rience de d\u00e9veloppement de march\u00e9 possible pour nos clients. Nous nous engageons \u00e0 fournir une gamme vari\u00e9e d&#039;options de haute qualit\u00e9 \u00e0 des tarifs raisonnables, ainsi qu&#039;\u00e0 fournir un excellent service client \u00e0 tout moment. Nous croyons en l&#039;int\u00e9gration d&#039;une technologie de pointe pour rendre l&#039;exp\u00e9rience utilisateur plus rapide, plus facile et plus pratique. Nous nous engageons \u00e0 d\u00e9velopper une communaut\u00e9 forte et d\u00e9vou\u00e9e autour de notre marque et \u00e0 laisser une marque positive durable sur nos clients.<\/p>\n<\/div>\n<\/div>\n\n\n\n<div class=\"wp-block-column is-layout-flow wp-block-column-is-layout-flow\">\n<figure class=\"wp-block-image size-large\"><img decoding=\"async\" src=\"https:\/\/staging.dokan.co\/app\/uploads\/2023\/06\/Group-1000005563-1024x905.png\" alt=\"\" class=\"wp-image-7773\" data-no-translation=\"\" data-no-auto-translation=\"\"\/><\/figure>\n<\/div>\n<\/div>\n\n\n\n<div style=\"height:25px\" aria-hidden=\"true\" class=\"wp-block-spacer\"><\/div>\n\n\n\n<div class=\"wp-block-columns is-layout-flex wp-container-core-columns-is-layout-66fad18a wp-block-columns-is-layout-flex\">\n<div class=\"wp-block-column is-layout-flow wp-block-column-is-layout-flow\">\n<figure class=\"wp-block-image size-full\"><img decoding=\"async\" src=\"https:\/\/staging.dokan.co\/app\/uploads\/2023\/06\/Group-1000005571.png\" alt=\"\" class=\"wp-image-7775\" data-no-translation=\"\" data-no-auto-translation=\"\"\/><\/figure>\n<\/div>\n\n\n\n<div class=\"wp-block-column is-layout-flow wp-block-column-is-layout-flow\">\n<div class=\"wp-block-group has-global-padding is-layout-constrained wp-block-group-is-layout-constrained\">\n<p class=\"has-text-color has-medium-font-size\" style=\"color:#2409cb;font-style:normal;font-weight:700\">Notre vision<\/p>\n\n\n\n<h3 class=\"wp-block-heading dco-m-br-hidden\" style=\"margin-top:var(--wp--preset--spacing--30);margin-right:0;margin-bottom:0;margin-left:0;font-size:clamp(1.378rem, 1.378rem + ((1vw - 0.2rem) * 1.585), 2.25rem);font-style:normal;font-weight:500;line-height:1.5\">De l&#039;exp\u00e9rience <br>le meilleur des meilleurs<\/h3>\n\n\n\n<p class=\"has-text-color has-medium-font-size\" style=\"color:#575d64\">Chez Dokan, nous esp\u00e9rons fournir une solution unique aux entrepreneurs qui souhaitent faire passer leurs id\u00e9es au niveau sup\u00e9rieur. Nous nous engageons \u00e0 fournir une exp\u00e9rience simplifi\u00e9e et conviviale qui permet \u00e0 tout utilisateur, novice ou expert, de cr\u00e9er une place de march\u00e9 qui r\u00e9pond \u00e0 ses besoins. Nous nous effor\u00e7ons de fournir une technologie de pointe et d&#039;apporter des fonctions innovantes pour r\u00e9duire les charges de gestion et am\u00e9liorer continuellement notre plateforme. Chez Dokan, nous pensons que tout le monde m\u00e9rite d&#039;avoir acc\u00e8s aux meilleurs produits et services, et nous nous engageons \u00e0 en faire une r\u00e9alit\u00e9.<\/p>\n<\/div>\n<\/div>\n<\/div>\n<\/div>\n\n\n\n<div style=\"height:1px\" aria-hidden=\"true\" class=\"wp-block-spacer\"><\/div>\n\n\n\n<div class=\"wp-block-group alignfull has-background has-global-padding is-layout-constrained wp-container-core-group-is-layout-336b874b wp-block-group-is-layout-constrained\" style=\"background-color:#130924;padding-top:var(--wp--preset--spacing--50);padding-right:0;padding-bottom:var(--wp--preset--spacing--50);padding-left:0\">\n<p class=\"dco-m-br-hidden has-text-color\" style=\"color:#888294\">Si une image peut raconter une histoire, les chiffres peuvent en dire beaucoup plus. Le <br>l&#039;authenticit\u00e9 des chiffres est incontestable et nous partons donc <br>c&#039;est \u00e0 vous d&#039;interpr\u00e9ter notre r\u00e9cit.<\/p>\n\n\n\n<div class=\"wp-block-group dco-m-flex-col is-nowrap is-layout-flex wp-container-core-group-is-layout-0ec88a00 wp-block-group-is-layout-flex\">\n<div class=\"wp-block-group has-global-padding is-layout-constrained wp-block-group-is-layout-constrained\">\n<h2 class=\"wp-block-heading dco-m-text-3xl has-background-color has-text-color\" style=\"margin-top:0;margin-right:0;margin-bottom:0;margin-left:0;font-size:clamp(2.629rem, 2.629rem + ((1vw - 0.2rem) * 4.311), 5rem);font-style:normal;font-weight:800\">50 000+<\/h2>\n\n\n\n<p class=\"has-text-color has-medium-font-size\" style=\"color:#a19da7;margin-top:0;margin-right:0;margin-bottom:0;margin-left:0;font-style:normal;font-weight:500\">Installations actives<\/p>\n<\/div>\n\n\n\n<div class=\"wp-block-group has-global-padding is-layout-constrained wp-block-group-is-layout-constrained\">\n<h2 class=\"wp-block-heading dco-m-text-3xl has-background-color has-text-color\" style=\"margin-top:0;margin-right:0;margin-bottom:0;margin-left:0;font-size:clamp(2.629rem, 2.629rem + ((1vw - 0.2rem) * 4.311), 5rem);font-style:normal;font-weight:800\">Plus de 3,6 millions<\/h2>\n\n\n\n<p class=\"has-text-color has-medium-font-size\" style=\"color:#a19da7;margin-top:0;margin-right:0;margin-bottom:0;margin-left:0;font-style:normal;font-weight:500\">T\u00e9l\u00e9chargement total<\/p>\n<\/div>\n\n\n\n<div class=\"wp-block-group has-global-padding is-layout-constrained wp-block-group-is-layout-constrained\">\n<h2 class=\"wp-block-heading dco-m-text-3xl has-background-color has-text-color\" style=\"margin-top:0;margin-right:0;margin-bottom:0;margin-left:0;font-size:clamp(2.629rem, 2.629rem + ((1vw - 0.2rem) * 4.311), 5rem);font-style:normal;font-weight:800\">4.6<\/h2>\n\n\n\n<p class=\"has-text-color has-medium-font-size\" style=\"color:#a19da7;margin-top:0;margin-right:0;margin-bottom:0;margin-left:0;font-style:normal;font-weight:500\">\u00c9toiles sur wp.org<\/p>\n<\/div>\n\n\n\n<div class=\"wp-block-group has-global-padding is-layout-constrained wp-block-group-is-layout-constrained\">\n<h2 class=\"wp-block-heading dco-m-text-3xl has-background-color has-text-color\" style=\"margin-top:0;margin-right:0;margin-bottom:0;margin-left:0;font-size:clamp(2.629rem, 2.629rem + ((1vw - 0.2rem) * 4.311), 5rem);font-style:normal;font-weight:800\">700+<\/h2>\n\n\n\n<p class=\"has-text-color has-medium-font-size\" style=\"color:#a19da7;margin-top:0;margin-right:0;margin-bottom:0;margin-left:0;font-style:normal;font-weight:500\">Avis des clients<\/p>\n<\/div>\n<\/div>\n<\/div>\n\n\n\n<div class=\"wp-block-group alignfull dco-mt-0 has-background has-global-padding is-layout-constrained wp-container-core-group-is-layout-8c2efdb4 wp-block-group-is-layout-constrained\" style=\"background-color:#f7f7f7;padding-top:7.5rem;padding-bottom:var(--wp--preset--spacing--60)\">\n<div class=\"wp-block-group dco-m-flex-col is-nowrap is-layout-flex wp-container-core-group-is-layout-0ac73906 wp-block-group-is-layout-flex\">\n<h2 class=\"wp-block-heading dco-m-text-3xl dco-m-br-hidden\" style=\"font-size:clamp(1.805rem, 1.805rem + ((1vw - 0.2rem) * 2.409), 3.13rem);font-style:normal;font-weight:900;line-height:1.2\">Obtenez plus avec <br>Compl\u00e9ments Dokan<\/h2>\n\n\n\n<p class=\"dco-m-br-hidden has-text-color has-medium-font-size\" style=\"color:#575d64\">La cr\u00e9ation d&#039;un \u00e9cosyst\u00e8me Dokan complet n&#039;est possible que si non seulement <br>vous et vos vendeurs, mais aussi vos clients et d&#039;autres parties <br>impliqu\u00e9s peuvent interagir avec votre march\u00e9. Ainsi, d\u00e9veloppez votre <br>Activit\u00e9s Dokan avec leurs addons.<\/p>\n<\/div>\n\n\n\n<div style=\"height:27px\" aria-hidden=\"true\" class=\"wp-block-spacer\"><\/div>\n\n\n\n<div class=\"wp-block-columns is-layout-flex wp-container-core-columns-is-layout-28f84493 wp-block-columns-is-layout-flex\">\n<div class=\"wp-block-column is-layout-flow wp-block-column-is-layout-flow\">\n<div class=\"wp-block-group ticss-c372f98c has-border-color has-background-background-color has-background has-global-padding is-layout-constrained wp-container-core-group-is-layout-d62634c6 wp-block-group-is-layout-constrained\" style=\"border-color:#e9e9e9;border-width:1px;border-radius:10px;padding-top:2.5rem;padding-right:2.5rem;padding-bottom:2.5rem;padding-left:2.5rem\">\n<figure class=\"wp-block-image size-full\"><a href=\"https:\/\/dokan.co\/fr\/wordpress\/dokan-mobile-app\/\"><img decoding=\"async\" src=\"https:\/\/staging.dokan.co\/app\/uploads\/2023\/06\/Frame-1000005569.png\" alt=\"\" class=\"wp-image-7810\" data-no-translation=\"\" data-no-auto-translation=\"\"\/><\/a><\/figure>\n\n\n\n<h3 class=\"wp-block-heading has-foreground-color has-text-color\" style=\"font-size:clamp(1.188rem, 1.188rem + ((1vw - 0.2rem) * 1.258), 1.88rem);font-style:normal;font-weight:500;line-height:1.4\">Application mobile Dokan<\/h3>\n\n\n\n<p class=\"has-text-color has-medium-font-size\" style=\"color:#575d64\">Rendez l&#039;exp\u00e9rience d&#039;achat de vos clients aussi fluide que possible. Vos consommateurs peuvent d\u00e9couvrir tout ce dont ils ont besoin directement sur l&#039;application gr\u00e2ce \u00e0 l&#039;interface facile \u00e0 utiliser. Compatible \u00e0 la fois avec Android et iOS, capturez et fid\u00e9lisez tous vos clients simplement.<\/p>\n\n\n\n<p class=\"has-text-color has-small-font-size\" style=\"color:#393939;margin-top:var(--wp--preset--spacing--40);margin-right:0;margin-bottom:0;margin-left:0\"><a href=\"https:\/\/dokan.co\/fr\/wordpress\/dokan-mobile-app\/\" data-type=\"page\" data-id=\"472419\">D\u00e9couvrez l&#039;application \u2192<\/a><\/p>\n<\/div>\n<\/div>\n\n\n\n<div class=\"wp-block-column is-layout-flow wp-block-column-is-layout-flow\">\n<div class=\"wp-block-group ticss-c372f98c has-border-color has-background-background-color has-background has-global-padding is-layout-constrained wp-container-core-group-is-layout-d62634c6 wp-block-group-is-layout-constrained\" style=\"border-color:#e9e9e9;border-width:1px;border-radius:10px;padding-top:2.5rem;padding-right:2.5rem;padding-bottom:2.5rem;padding-left:2.5rem\">\n<figure class=\"wp-block-image size-full\"><a href=\"https:\/\/dokan.co\/fr\/wordpress\/delivery-driver-app\/\"><img decoding=\"async\" src=\"https:\/\/staging.dokan.co\/app\/uploads\/2023\/06\/Frame-1000005570.png\" alt=\"\" class=\"wp-image-7834\" data-no-translation=\"\" data-no-auto-translation=\"\"\/><\/a><\/figure>\n\n\n\n<h3 class=\"wp-block-heading has-foreground-color has-text-color\" style=\"font-size:clamp(1.188rem, 1.188rem + ((1vw - 0.2rem) * 1.258), 1.88rem);font-style:normal;font-weight:500;line-height:1.4\">Application de chauffeur-livreur Dokan<\/h3>\n\n\n\n<p class=\"has-text-color has-medium-font-size\" style=\"color:#575d64\">L&#039;efficacit\u00e9 de la livraison des commandes n&#039;est qu&#039;\u00e0 une application. Invitez vos conducteurs \u00e0 rejoindre votre application de marque con\u00e7ue sp\u00e9cifiquement pour fournir une communication synchronis\u00e9e entre les vendeurs et les clients de votre place de march\u00e9. R\u00e9aliser des livraisons n&#039;a jamais \u00e9t\u00e9 aussi facile.<\/p>\n\n\n\n<p class=\"has-text-color has-small-font-size\" style=\"color:#393939;margin-top:var(--wp--preset--spacing--40);margin-right:0;margin-bottom:0;margin-left:0\"><a href=\"https:\/\/dokan.co\/fr\/wordpress\/delivery-driver-app\/\" data-type=\"page\" data-id=\"472467\">D\u00e9couvrez l&#039;application \u2192<\/a><\/p>\n<\/div>\n<\/div>\n<\/div>\n\n\n\n<div class=\"wp-block-columns is-layout-flex wp-container-core-columns-is-layout-28f84493 wp-block-columns-is-layout-flex\">\n<div class=\"wp-block-column is-layout-flow wp-block-column-is-layout-flow\">\n<div class=\"wp-block-group ticss-c372f98c has-border-color has-background-background-color has-background has-global-padding is-layout-constrained wp-container-core-group-is-layout-d62634c6 wp-block-group-is-layout-constrained\" style=\"border-color:#e9e9e9;border-width:1px;border-radius:10px;padding-top:2.5rem;padding-right:2.5rem;padding-bottom:2.5rem;padding-left:2.5rem\">\n<figure class=\"wp-block-image size-full\"><a href=\"https:\/\/dokan.co\/fr\/wordpress\/otel-theme\/\"><img decoding=\"async\" src=\"https:\/\/staging.dokan.co\/app\/uploads\/2023\/06\/A-Detailed-Overview-of-the-Hotel-Marketplace-Theme.png\" alt=\"\" class=\"wp-image-7835\" data-no-translation=\"\" data-no-auto-translation=\"\"\/><\/a><\/figure>\n\n\n\n<h3 class=\"wp-block-heading has-foreground-color has-text-color\" style=\"font-size:clamp(1.188rem, 1.188rem + ((1vw - 0.2rem) * 1.258), 1.88rem);font-style:normal;font-weight:500;line-height:1.4\">Th\u00e8me de l&#039;h\u00f4tel<\/h3>\n\n\n\n<p class=\"has-text-color has-medium-font-size\" style=\"color:#575d64\">Un look \u00e9l\u00e9gant est \u00e0 port\u00e9e de main. Le th\u00e8me Otel de Dokan garantit un look destin\u00e9 \u00e0 attirer et \u00e0 captiver les visiteurs de votre Marketplace de r\u00e9servation d&#039;h\u00f4tel. Il a tout ce dont vous avez besoin pour votre site Web, pas seulement le style, mais aussi les fonctionnalit\u00e9s de base faciles \u00e0 utiliser.<\/p>\n\n\n\n<p class=\"has-text-color has-small-font-size\" style=\"color:#393939;margin-top:var(--wp--preset--spacing--40);margin-right:0;margin-bottom:0;margin-left:0\"><a href=\"https:\/\/dokan.co\/fr\/wordpress\/otel-theme\/\" data-type=\"page\" data-id=\"472472\">D\u00e9couvrez l&#039;application \u2192<\/a><\/p>\n<\/div>\n<\/div>\n\n\n\n<div class=\"wp-block-column is-layout-flow wp-block-column-is-layout-flow\">\n<div class=\"wp-block-group ticss-c372f98c has-border-color has-background-background-color has-background has-global-padding is-layout-constrained wp-container-core-group-is-layout-d62634c6 wp-block-group-is-layout-constrained\" style=\"border-color:#e9e9e9;border-width:1px;border-radius:10px;padding-top:2.5rem;padding-right:2.5rem;padding-bottom:2.5rem;padding-left:2.5rem\">\n<figure class=\"wp-block-image size-full is-resized\"><a href=\"https:\/\/dokan.co\/fr\/wordpress\/dokani-theme\/\"><img decoding=\"async\" src=\"https:\/\/staging.dokan.co\/app\/uploads\/2023\/06\/Mask-group.png\" alt=\"\" class=\"wp-image-7832\" style=\"width:361px;height:259px\" data-no-translation=\"\" data-no-auto-translation=\"\"\/><\/a><\/figure>\n\n\n\n<h3 class=\"wp-block-heading has-foreground-color has-text-color\" style=\"font-size:clamp(1.188rem, 1.188rem + ((1vw - 0.2rem) * 1.258), 1.88rem);font-style:normal;font-weight:500;line-height:1.4\">Th\u00e8me Dokani<\/h3>\n\n\n\n<p class=\"has-text-color has-medium-font-size\" style=\"color:#575d64\">Con\u00e7u exclusivement pour les march\u00e9s Dokan, ce th\u00e8me g\u00e8re tous les aspects difficiles et techniques de la conception de votre site. Il vous suffit de vous asseoir et d&#039;ajouter votre imagination pour am\u00e9liorer l&#039;interface de votre site.<\/p>\n\n\n\n<p class=\"has-text-color has-small-font-size\" style=\"color:#393939;margin-top:var(--wp--preset--spacing--40);margin-right:0;margin-bottom:0;margin-left:0\"><a href=\"https:\/\/dokan.co\/fr\/wordpress\/dokani-theme\/\" data-type=\"page\" data-id=\"9289\">D\u00e9couvrez l&#039;application \u2192<\/a><\/p>\n\n\n\n<div style=\"height:15px\" aria-hidden=\"true\" class=\"wp-block-spacer\"><\/div>\n<\/div>\n<\/div>\n<\/div>\n<\/div>\n\n\n\n<div class=\"wp-block-group alignfull has-background has-global-padding is-layout-constrained wp-container-core-group-is-layout-01742c58 wp-block-group-is-layout-constrained\" style=\"background-color:#f6f7fb;margin-top:0;padding-top:3.4rem;padding-bottom:var(--wp--preset--spacing--60)\">\n<div class=\"wp-block-group ticss-e6880699 has-background is-layout-flow wp-block-group-is-layout-flow\" style=\"border-radius:30px;background-color:#171717;padding-top:4.69rem;padding-right:var(--wp--preset--spacing--30);padding-bottom:4.69rem;padding-left:var(--wp--preset--spacing--30)\">\n<h2 class=\"wp-block-heading has-text-align-center dco-m-text-3xl dco-m-br-hidden has-base-color has-text-color\" style=\"font-size:clamp(1.805rem, 1.805rem + ((1vw - 0.2rem) * 2.409), 3.13rem);font-style:normal;font-weight:900;line-height:1.2\">Commencez avec <br>Dokan<\/h2>\n\n\n\n<p class=\"has-text-align-center dco-m-br-hidden has-base-color has-text-color\">Nous sommes l\u00e0 pour vous fournir les bons outils, mais c&#039;est vous qui <br>devez croire en vos capacit\u00e9s et commencer.<\/p>\n\n\n\n<div class=\"wp-block-buttons is-content-justification-center is-layout-flex wp-container-core-buttons-is-layout-a89b3969 wp-block-buttons-is-layout-flex\">\n<div class=\"wp-block-button btn-bg-hover-transparent\"><a class=\"wp-block-button__link has-base-color has-dokan-background-color has-text-color has-background wp-element-button\" href=\"https:\/\/dokan.co\/fr\/wordpress\/pricing\/\" style=\"border-radius:35px;padding-right:2.5rem;padding-left:2.5rem\">Commencer<\/a><\/div>\n<\/div>\n<\/div>\n<\/div>","protected":false},"excerpt":{"rendered":"<p>About Us Empowering Entrepreneurs with Premier Multivendor Marketplace Solutions The place where your marketplace dreams begin. Our Story Being an entrepreneur ourselves, we struggled and tackled numerous difficulties of being a business person. We realized why many businesses with potential lose hope and give up. As such, we put our heart and soul into work [&hellip;]<\/p>\n","protected":false},"author":2,"featured_media":9264,"parent":0,"menu_order":0,"comment_status":"closed","ping_status":"closed","template":"page-dokan-wordpress","meta":{"footnotes":""},"class_list":["post-9256","page","type-page","status-publish","has-post-thumbnail","hentry"],"_links":{"self":[{"href":"https:\/\/dokan.co\/fr\/wp-json\/wp\/v2\/pages\/9256","targetHints":{"allow":["GET"]}}],"collection":[{"href":"https:\/\/dokan.co\/fr\/wp-json\/wp\/v2\/pages"}],"about":[{"href":"https:\/\/dokan.co\/fr\/wp-json\/wp\/v2\/types\/page"}],"author":[{"embeddable":true,"href":"https:\/\/dokan.co\/fr\/wp-json\/wp\/v2\/users\/2"}],"replies":[{"embeddable":true,"href":"https:\/\/dokan.co\/fr\/wp-json\/wp\/v2\/comments?post=9256"}],"version-history":[{"count":14,"href":"https:\/\/dokan.co\/fr\/wp-json\/wp\/v2\/pages\/9256\/revisions"}],"predecessor-version":[{"id":510069,"href":"https:\/\/dokan.co\/fr\/wp-json\/wp\/v2\/pages\/9256\/revisions\/510069"}],"wp:featuredmedia":[{"embeddable":true,"href":"https:\/\/dokan.co\/fr\/wp-json\/wp\/v2\/media\/9264"}],"wp:attachment":[{"href":"https:\/\/dokan.co\/fr\/wp-json\/wp\/v2\/media?parent=9256"}],"curies":[{"name":"wp","href":"https:\/\/api.w.org\/{rel}","templated":true}]}}