{"id":9279,"date":"2023-06-20T11:39:55","date_gmt":"2023-06-20T05:39:55","guid":{"rendered":"https:\/\/dokan.co\/?page_id=9279"},"modified":"2025-05-05T18:23:22","modified_gmt":"2025-05-05T12:23:22","slug":"changelog","status":"publish","type":"page","link":"https:\/\/dokan.co\/fr\/wordpress\/changelog\/","title":{"rendered":"Journal des modifications"},"content":{"rendered":"<div class=\"wp-block-group alignfull has-global-padding is-layout-constrained wp-block-group-is-layout-constrained\">\n<div style=\"height:37px\" aria-hidden=\"true\" class=\"wp-block-spacer\"><\/div>\n\n\n\n<p class=\"has-text-align-center has-text-color has-medium-font-size\" style=\"color:#2409cb\">Journal des modifications<\/p>\n\n\n\n<h1 class=\"wp-block-heading has-text-align-center dco-m-text-3xl\" style=\"margin-top:var(--wp--preset--spacing--30);margin-right:0;margin-bottom:0;margin-left:0;font-size:clamp(2.089rem, 2.089rem + ((1vw - 0.2rem) * 3.02), 3.75rem);font-style:normal;font-weight:800\">Qu&#039;est-ce que c&#039;est <mark style=\"background-color:rgba(0, 0, 0, 0);color:#ef5253\" class=\"has-inline-color\">Nouveau<\/mark><\/h1>\n\n\n\n<p class=\"has-text-align-center has-text-color has-medium-font-size\" style=\"color:#758598;margin-top:var(--wp--preset--spacing--30);margin-right:0;margin-bottom:0;margin-left:0\">Nouvelles versions, am\u00e9liorations et mises \u00e0 jour de Dokan<\/p>\n\n\n\n<div style=\"height:63px\" aria-hidden=\"true\" class=\"wp-block-spacer\"><\/div>\n<\/div>\n\n\n\n<div class=\"wp-block-group alignfull has-global-padding is-content-justification-center is-layout-constrained wp-container-core-group-is-layout-57b77c9f wp-block-group-is-layout-constrained\">\n<div class=\"wp-block-query alignwide dco-changelog-posts is-layout-flow wp-block-query-is-layout-flow\"><ul class=\"alignwide wp-block-post-template is-layout-flow wp-block-post-template-is-layout-flow\"><li class=\"wp-block-post post-510275 dco_changelog type-dco_changelog status-publish hentry dco_changelog_cats-wordpress\">\n\n<div class=\"wp-block-group has-global-padding is-layout-constrained wp-container-core-group-is-layout-fb69ee0b wp-block-group-is-layout-constrained\"><div class=\"wp-block-post-date\"><time datetime=\"2026-04-03T11:24:29+06:00\">3 avril 2026<\/time><\/div>\n\n<div class=\"entry-content wp-block-post-content is-layout-flow wp-block-post-content-is-layout-flow\">\n<figure class=\"wp-block-image size-large\"><a href=\"https:\/\/dokan.co\/fr\/wordpress\/changelog\/v4-3-3-april-03-2026\/\"><img loading=\"lazy\" decoding=\"async\" width=\"1024\" height=\"559\" src=\"https:\/\/dokan.co\/app\/uploads\/2026\/04\/Dokan-release-email-banner-pro-22-1024x559.jpg\" alt=\"\" class=\"wp-image-510276\" srcset=\"https:\/\/dokan.co\/app\/uploads\/2026\/04\/Dokan-release-email-banner-pro-22-1024x559.jpg 1024w, https:\/\/dokan.co\/app\/uploads\/2026\/04\/Dokan-release-email-banner-pro-22-300x164.jpg 300w, https:\/\/dokan.co\/app\/uploads\/2026\/04\/Dokan-release-email-banner-pro-22-768x420.jpg 768w, https:\/\/dokan.co\/app\/uploads\/2026\/04\/Dokan-release-email-banner-pro-22-1536x839.jpg 1536w, https:\/\/dokan.co\/app\/uploads\/2026\/04\/Dokan-release-email-banner-pro-22-18x10.jpg 18w, https:\/\/dokan.co\/app\/uploads\/2026\/04\/Dokan-release-email-banner-pro-22.jpg 1622w\" sizes=\"auto, (max-width: 1024px) 100vw, 1024px\" data-no-translation=\"\" data-no-auto-translation=\"\" \/><\/a><\/figure>\n\n\n\n<ul class=\"wp-block-list\">\n<li>Correction\u00a0: Un probl\u00e8me emp\u00eachant le traitement distinct des paiements vendeurs Stripe Express pour chaque sous-commande finalis\u00e9e dans les commandes multi-vendeurs a \u00e9t\u00e9 r\u00e9solu. Les paiements sont d\u00e9sormais g\u00e9r\u00e9s ind\u00e9pendamment pour chaque vendeur.<\/li>\n<\/ul>\n\n\n\n<p><\/p>\n<\/div>\n\n\n<div style=\"height:100px\" aria-hidden=\"true\" class=\"wp-block-spacer\"><\/div>\n<\/div>\n\n<\/li><li class=\"wp-block-post post-510272 dco_changelog type-dco_changelog status-publish hentry dco_changelog_cats-wordpress\">\n\n<div class=\"wp-block-group has-global-padding is-layout-constrained wp-container-core-group-is-layout-fb69ee0b wp-block-group-is-layout-constrained\"><div class=\"wp-block-post-date\"><time datetime=\"2026-03-31T11:21:41+06:00\">31 mars 2026<\/time><\/div>\n\n<div class=\"entry-content wp-block-post-content is-layout-flow wp-block-post-content-is-layout-flow\">\n<figure class=\"wp-block-image size-large\"><a href=\"https:\/\/dokan.co\/fr\/wordpress\/changelog\/v4-3-2-march-31-2026\/\"><img loading=\"lazy\" decoding=\"async\" width=\"1024\" height=\"559\" src=\"https:\/\/dokan.co\/app\/uploads\/2026\/04\/Dokan-release-email-banner-pro-21-1024x559.jpg\" alt=\"\" class=\"wp-image-510273\" srcset=\"https:\/\/dokan.co\/app\/uploads\/2026\/04\/Dokan-release-email-banner-pro-21-1024x559.jpg 1024w, https:\/\/dokan.co\/app\/uploads\/2026\/04\/Dokan-release-email-banner-pro-21-300x164.jpg 300w, https:\/\/dokan.co\/app\/uploads\/2026\/04\/Dokan-release-email-banner-pro-21-768x420.jpg 768w, https:\/\/dokan.co\/app\/uploads\/2026\/04\/Dokan-release-email-banner-pro-21-1536x839.jpg 1536w, https:\/\/dokan.co\/app\/uploads\/2026\/04\/Dokan-release-email-banner-pro-21-18x10.jpg 18w, https:\/\/dokan.co\/app\/uploads\/2026\/04\/Dokan-release-email-banner-pro-21.jpg 1622w\" sizes=\"auto, (max-width: 1024px) 100vw, 1024px\" data-no-translation=\"\" data-no-auto-translation=\"\" \/><\/a><\/figure>\n\n\n\n<ul class=\"wp-block-list\">\n<li>Mise \u00e0 jour\u00a0: Ajout des param\u00e8tres de d\u00e9lai de livraison des fournisseurs et des cr\u00e9neaux de livraison disponibles \u00e0 l\u2019API de la boutique afin que ces informations puissent \u00eatre utilis\u00e9es dans le panier et lors du paiement.<\/li>\n\n\n\n<li>Mise \u00e0 jour\u00a0: L\u2019API REST de commande en magasin renvoie d\u00e9sormais des informations de livraison sp\u00e9cifiques \u00e0 chaque commande au lieu des param\u00e8tres g\u00e9n\u00e9raux du fournisseur.<\/li>\n\n\n\n<li>Mise \u00e0 jour\u00a0: Am\u00e9lioration de l\u2019affichage mobile de la page de cr\u00e9ation manuelle de commandes dans le tableau de bord fournisseur afin de faciliter son utilisation sur les petits \u00e9crans.<\/li>\n\n\n\n<li>Mise \u00e0 jour\u00a0: Ajout de la prise en charge de l\u2019API REST afin que les vendeurs puissent mettre \u00e0 jour les informations relatives aux d\u00e9lais de livraison des commandes.<\/li>\n\n\n\n<li>Mise \u00e0 jour\u00a0: Navigation am\u00e9lior\u00e9e gr\u00e2ce \u00e0 l\u2019ajout d\u2019un lien de redirection depuis le message d\u2019erreur relatif \u00e0 la restriction du devis vers la page du devis.<\/li>\n\n\n\n<li>Mise \u00e0 jour\u00a0: Ajout de points d\u2019ancrage et d\u2019emplacements pour permettre aux d\u00e9veloppeurs de personnaliser plus facilement le mod\u00e8le de liste des packs d\u2019abonnement des fournisseurs.<\/li>\n\n\n\n<li>Correction : Correction d&#039;un probl\u00e8me o\u00f9 la page d&#039;abonnement de l&#039;administrateur appelait le mauvais point de terminaison API lorsque les abonnements des fournisseurs \u00e9taient d\u00e9sactiv\u00e9s dans les param\u00e8tres.<\/li>\n\n\n\n<li>Correction : Correction d&#039;un probl\u00e8me o\u00f9 le pays d&#039;int\u00e9gration Stripe Express ne se mettait pas \u00e0 jour lorsque le fournisseur modifiait l&#039;emplacement de sa boutique.<\/li>\n\n\n\n<li>Correction : Correction du texte non traduit sur l&#039;\u00e9cran \u00ab Rapports Stock \u00bb du tableau de bord fournisseur\u00a0; toutes les \u00e9tiquettes s&#039;affichent d\u00e9sormais correctement.<\/li>\n\n\n\n<li>Correction : Standardisation du fonctionnement des valeurs illimit\u00e9es dans les param\u00e8tres des produits d&#039;abonnement Dokan, notamment en ce qui concerne la validit\u00e9 des packs.<\/li>\n\n\n\n<li>Correction : Correction d&#039;un probl\u00e8me o\u00f9 les traductions ne se chargeaient pas correctement pour le menu Assistance boutique dans le tableau de bord vendeur.<\/li>\n<\/ul>\n<\/div>\n\n\n<div style=\"height:100px\" aria-hidden=\"true\" class=\"wp-block-spacer\"><\/div>\n<\/div>\n\n<\/li><li class=\"wp-block-post post-509040 dco_changelog type-dco_changelog status-publish hentry dco_changelog_cats-wordpress\">\n\n<div class=\"wp-block-group has-global-padding is-layout-constrained wp-container-core-group-is-layout-fb69ee0b wp-block-group-is-layout-constrained\"><div class=\"wp-block-post-date\"><time datetime=\"2026-03-06T10:54:32+06:00\">6 mars 2026<\/time><\/div>\n\n<div class=\"entry-content wp-block-post-content is-layout-flow wp-block-post-content-is-layout-flow\">\n<figure class=\"wp-block-image size-large\"><a href=\"https:\/\/dokan.co\/fr\/wordpress\/changelog\/v4-3-1-march-6-2026\/\"><img loading=\"lazy\" decoding=\"async\" width=\"1024\" height=\"559\" src=\"https:\/\/dokan.co\/app\/uploads\/2026\/03\/Dokan-release-email-banner-pro-21-1-1024x559.jpg\" alt=\"\" class=\"wp-image-509041\" srcset=\"https:\/\/dokan.co\/app\/uploads\/2026\/03\/Dokan-release-email-banner-pro-21-1-1024x559.jpg 1024w, https:\/\/dokan.co\/app\/uploads\/2026\/03\/Dokan-release-email-banner-pro-21-1-300x164.jpg 300w, https:\/\/dokan.co\/app\/uploads\/2026\/03\/Dokan-release-email-banner-pro-21-1-768x420.jpg 768w, https:\/\/dokan.co\/app\/uploads\/2026\/03\/Dokan-release-email-banner-pro-21-1-1536x839.jpg 1536w, https:\/\/dokan.co\/app\/uploads\/2026\/03\/Dokan-release-email-banner-pro-21-1-18x10.jpg 18w, https:\/\/dokan.co\/app\/uploads\/2026\/03\/Dokan-release-email-banner-pro-21-1.jpg 1622w\" sizes=\"auto, (max-width: 1024px) 100vw, 1024px\" data-no-translation=\"\" data-no-auto-translation=\"\" \/><\/a><\/figure>\n\n\n\n<ul class=\"wp-block-list\">\n<li>Mise \u00e0 jour\u00a0: Correction des erreurs de comptage de produits et des probl\u00e8mes de limites d\u2019abonnement lors de l\u2019importation CSV, garantissant ainsi une importation correcte des produits sans incidence sur les limites d\u2019abonnement des fournisseurs.<\/li>\n\n\n\n<li>Mise \u00e0 jour\u00a0: Am\u00e9lioration du traitement des paiements Stripe Express\u00a0: les paiements des sous-commandes sont d\u00e9sormais diff\u00e9r\u00e9s et trait\u00e9s s\u00e9par\u00e9ment une fois chaque sous-commande finalis\u00e9e. Les vendeurs peuvent ainsi recevoir leurs paiements ind\u00e9pendamment.<\/li>\n\n\n\n<li>Mise \u00e0 jour\u00a0: Le SDK Razorpay a \u00e9t\u00e9 mis \u00e0 jour afin de r\u00e9soudre les conflits de d\u00e9pendances et d\u2019am\u00e9liorer la compatibilit\u00e9.<\/li>\n\n\n\n<li>Correction : Am\u00e9lioration de la d\u00e9sinfection des entr\u00e9es et de l&#039;\u00e9chappement des sorties afin de renforcer la s\u00e9curit\u00e9 et de pr\u00e9venir les vuln\u00e9rabilit\u00e9s potentielles.<\/li>\n\n\n\n<li>Correction : Le menu d\u00e9roulant des produits dans la fen\u00eatre modale de publicit\u00e9 a \u00e9t\u00e9 corrig\u00e9 afin qu&#039;il charge d\u00e9sormais correctement les produits appartenant au fournisseur sp\u00e9cifique.<\/li>\n\n\n\n<li>Correction : L&#039;affichage des remises en pourcentage pour les coupons cr\u00e9\u00e9s par les fournisseurs a \u00e9t\u00e9 corrig\u00e9 ; elles apparaissent d\u00e9sormais sous forme de pourcentages et non de montants fixes.<\/li>\n\n\n\n<li>Correction : R\u00e9solution d&#039;un probl\u00e8me o\u00f9 la passerelle de paiement Dokan PayPal Marketplace n&#039;apparaissait pas lors du processus de paiement des publicit\u00e9s de produits.<\/li>\n<\/ul>\n<\/div>\n\n\n<div style=\"height:100px\" aria-hidden=\"true\" class=\"wp-block-spacer\"><\/div>\n<\/div>\n\n<\/li><li class=\"wp-block-post post-508678 dco_changelog type-dco_changelog status-publish hentry dco_changelog_cats-wordpress\">\n\n<div class=\"wp-block-group has-global-padding is-layout-constrained wp-container-core-group-is-layout-fb69ee0b wp-block-group-is-layout-constrained\"><div class=\"wp-block-post-date\"><time datetime=\"2026-02-25T15:33:48+06:00\">25 f\u00e9vrier 2026<\/time><\/div>\n\n<div class=\"entry-content wp-block-post-content is-layout-flow wp-block-post-content-is-layout-flow\">\n<figure class=\"wp-block-image size-large\"><a href=\"https:\/\/dokan.co\/fr\/wordpress\/changelog\/v4-3-0-february-25-2026\/\"><img loading=\"lazy\" decoding=\"async\" width=\"1024\" height=\"559\" src=\"https:\/\/dokan.co\/app\/uploads\/2026\/02\/Dokan-release-email-banner-pro-20-1-1024x559.jpg\" alt=\"\" class=\"wp-image-508679\" srcset=\"https:\/\/dokan.co\/app\/uploads\/2026\/02\/Dokan-release-email-banner-pro-20-1-1024x559.jpg 1024w, https:\/\/dokan.co\/app\/uploads\/2026\/02\/Dokan-release-email-banner-pro-20-1-300x164.jpg 300w, https:\/\/dokan.co\/app\/uploads\/2026\/02\/Dokan-release-email-banner-pro-20-1-768x420.jpg 768w, https:\/\/dokan.co\/app\/uploads\/2026\/02\/Dokan-release-email-banner-pro-20-1-1536x839.jpg 1536w, https:\/\/dokan.co\/app\/uploads\/2026\/02\/Dokan-release-email-banner-pro-20-1-18x10.jpg 18w, https:\/\/dokan.co\/app\/uploads\/2026\/02\/Dokan-release-email-banner-pro-20-1.jpg 1622w\" sizes=\"auto, (max-width: 1024px) 100vw, 1024px\" data-no-translation=\"\" data-no-auto-translation=\"\" \/><\/a><\/figure>\n\n\n\n<ul class=\"wp-block-list\">\n<li>Nouveau : Ajout de la prise en charge de WooCommerce Block Checkout avec les paiements Stripe Express, permettant aux clients de payer via Stripe Express sur la page de paiement par blocs.<\/li>\n\n\n\n<li>Nouveau : Introduction d&#039;un syst\u00e8me de jetons de paiement unifi\u00e9 pour diff\u00e9rents modes de paiement et activation de la prise en charge de plusieurs cartes enregistr\u00e9es, qui peuvent \u00eatre g\u00e9r\u00e9es depuis le tableau de bord Stripe Express.<\/li>\n\n\n\n<li>Mise \u00e0 jour\u00a0: Le service Dokan CAPTCHA a \u00e9t\u00e9 remani\u00e9 et la prise en charge des CAPTCHA a \u00e9t\u00e9 ajout\u00e9e \u00e0 la fen\u00eatre contextuelle de connexion du support Store pour une meilleure s\u00e9curit\u00e9.<\/li>\n\n\n\n<li>Mise \u00e0 jour\u00a0: Am\u00e9lioration des param\u00e8tres de la passerelle Stripe Express gr\u00e2ce \u00e0 une s\u00e9paration claire des modes Production, Test et Sandbox afin d\u2019\u00e9viter toute confusion.<\/li>\n\n\n\n<li>Mise \u00e0 jour : Am\u00e9lioration du traitement des abonnements et des paiements r\u00e9currents lors du passage en caisse afin de rendre le processus plus fluide et plus fiable.<\/li>\n\n\n\n<li>Correction : Correction d&#039;un probl\u00e8me o\u00f9 un message d&#039;erreur incorrect s&#039;affichait lorsqu&#039;un coupon vendeur \u00e9tait utilis\u00e9 conjointement avec des produits d&#039;administration.<\/li>\n\n\n\n<li>Correction : Les abonnements des utilisateurs sont d\u00e9sormais correctement renouvel\u00e9s lorsque Dokan est actif.<\/li>\n\n\n\n<li>Correction : Correction d&#039;un probl\u00e8me d&#039;incompatibilit\u00e9 de type d&#039;horodatage de webhook dans Stripe Express qui pouvait entra\u00eener des erreurs de traitement.<\/li>\n\n\n\n<li>Correction : Nous avons veill\u00e9 \u00e0 ce que les scripts jQuery BlockUI et TipTip se chargent correctement afin que les fonctionnalit\u00e9s associ\u00e9es fonctionnent comme pr\u00e9vu.<\/li>\n\n\n\n<li>Correction : Mise \u00e0 jour de la v\u00e9rification de connexion Stripe Express : les frais et les paiements doivent d\u00e9sormais \u00eatre activ\u00e9s avant de confirmer la r\u00e9ussite de la connexion.<\/li>\n<\/ul>\n<\/div>\n\n\n<div style=\"height:100px\" aria-hidden=\"true\" class=\"wp-block-spacer\"><\/div>\n<\/div>\n\n<\/li><li class=\"wp-block-post post-507838 dco_changelog type-dco_changelog status-publish hentry dco_changelog_cats-wordpress\">\n\n<div class=\"wp-block-group has-global-padding is-layout-constrained wp-container-core-group-is-layout-fb69ee0b wp-block-group-is-layout-constrained\"><div class=\"wp-block-post-date\"><time datetime=\"2026-01-30T10:21:55+06:00\">30 janvier 2026<\/time><\/div>\n\n<div class=\"entry-content wp-block-post-content is-layout-flow wp-block-post-content-is-layout-flow\">\n<figure class=\"wp-block-image size-large\"><a href=\"https:\/\/dokan.co\/fr\/wordpress\/changelog\/v4-2-4-january-30-2026\/\"><img loading=\"lazy\" decoding=\"async\" width=\"1024\" height=\"559\" src=\"https:\/\/dokan.co\/app\/uploads\/2026\/02\/Dokan-release-email-banner-pro-19-1-1024x559.jpg\" alt=\"\" class=\"wp-image-507839\" srcset=\"https:\/\/dokan.co\/app\/uploads\/2026\/02\/Dokan-release-email-banner-pro-19-1-1024x559.jpg 1024w, https:\/\/dokan.co\/app\/uploads\/2026\/02\/Dokan-release-email-banner-pro-19-1-300x164.jpg 300w, https:\/\/dokan.co\/app\/uploads\/2026\/02\/Dokan-release-email-banner-pro-19-1-768x420.jpg 768w, https:\/\/dokan.co\/app\/uploads\/2026\/02\/Dokan-release-email-banner-pro-19-1-1536x839.jpg 1536w, https:\/\/dokan.co\/app\/uploads\/2026\/02\/Dokan-release-email-banner-pro-19-1-18x10.jpg 18w, https:\/\/dokan.co\/app\/uploads\/2026\/02\/Dokan-release-email-banner-pro-19-1.jpg 1622w\" sizes=\"auto, (max-width: 1024px) 100vw, 1024px\" data-no-translation=\"\" data-no-auto-translation=\"\" \/><\/a><\/figure>\n\n\n\n<ul class=\"wp-block-list\">\n<li>Mise \u00e0 jour\u00a0: Les tickets d\u2019assistance aux fournisseurs ont \u00e9t\u00e9 mis \u00e0 jour pour utiliser la version am\u00e9lior\u00e9e de DokanModal, ce qui rend les interactions plus fluides et plus coh\u00e9rentes.<\/li>\n\n\n\n<li>Mise \u00e0 jour\u00a0: Application de restrictions \u00e0 l\u2019API REST afin de contr\u00f4ler la disponibilit\u00e9 des commandes manuelles pour les fournisseurs et leur personnel, garantissant un acc\u00e8s appropri\u00e9 en fonction des autorisations.<\/li>\n\n\n\n<li>Mise \u00e0 jour\u00a0: Les pages d\u2019abonnement des fournisseurs affichent d\u00e9sormais les d\u00e9tails de la p\u00e9riode d\u2019essai afin que les fournisseurs puissent clairement consulter les informations relatives \u00e0 leur essai.<\/li>\n\n\n\n<li>Mise \u00e0 jour\u00a0: Les pages d\u2019abonnement r\u00e9current affichent d\u00e9sormais les dates de d\u00e9but et de fin de la p\u00e9riode de facturation en cours pour plus de clart\u00e9.<\/li>\n\n\n\n<li>Correction : Correction d&#039;un probl\u00e8me o\u00f9 le champ de cl\u00e9 API incorrect \u00e9tait utilis\u00e9 pour Dokan Stripe lors du passage du mode Sandbox au mode Test.<\/li>\n\n\n\n<li>Correction : Am\u00e9lioration des interactions par d\u00e9faut des tableaux dans la zone d&#039;administration de Dokan afin de faciliter leur utilisation.<\/li>\n\n\n\n<li>Correction : La bo\u00eete de r\u00e9ception du tableau de bord fournisseur affiche d\u00e9sormais correctement le nombre de messages de chat en direct non lus.<\/li>\n\n\n\n<li>Correction : Correction d&#039;un avertissement PHP qui apparaissait lorsqu&#039;une cl\u00e9 de paiement \u00e9tait manquante dans les m\u00e9thodes de retrait personnalis\u00e9es.<\/li>\n\n\n\n<li>Correction : Am\u00e9lioration du service Dokan AI Image Enhancer afin d&#039;\u00e9viter les erreurs lors du processus d&#039;am\u00e9lioration d&#039;image.<\/li>\n<\/ul>\n<\/div>\n\n\n<div style=\"height:100px\" aria-hidden=\"true\" class=\"wp-block-spacer\"><\/div>\n<\/div>\n\n<\/li><\/ul>\n\n<nav class=\"alignwide wp-block-query-pagination is-content-justification-left is-layout-flex wp-container-core-query-pagination-is-layout-fc4fd283 wp-block-query-pagination-is-layout-flex\" aria-label=\"Pagination\">\n\n\n<div class=\"wp-block-query-pagination-numbers\"><span aria-current=\"page\" class=\"page-numbers current\">1<\/span>\n<a class=\"page-numbers\" href=\"?query-25-page=2\">2<\/a>\n<a class=\"page-numbers\" href=\"?query-25-page=3\">3<\/a>\n<span class=\"page-numbers dots\">\u2026<\/span>\n<a class=\"page-numbers\" href=\"?query-25-page=14\">14<\/a><\/div>\n\n<a href=\"\/fr\/wp-json\/wp\/v2\/pages\/9279?query-25-page=2\" class=\"wp-block-query-pagination-next has-small-font-size\">Page suivante<span class='wp-block-query-pagination-next-arrow is-arrow-arrow' aria-hidden='true'>\u2192<\/span><\/a>\n<\/nav><\/div>\n<\/div>\n\n\n\n<div style=\"height:91px\" aria-hidden=\"true\" class=\"wp-block-spacer\"><\/div>","protected":false},"excerpt":{"rendered":"<p>Changelog Quoi de neuf Nouvelles versions, am\u00e9liorations et mises \u00e0 jour de Dokan<\/p>","protected":false},"author":2,"featured_media":0,"parent":472416,"menu_order":0,"comment_status":"closed","ping_status":"closed","template":"page-dokan-wordpress","meta":{"footnotes":""},"class_list":["post-9279","page","type-page","status-publish","hentry"],"_links":{"self":[{"href":"https:\/\/dokan.co\/fr\/wp-json\/wp\/v2\/pages\/9279","targetHints":{"allow":["GET"]}}],"collection":[{"href":"https:\/\/dokan.co\/fr\/wp-json\/wp\/v2\/pages"}],"about":[{"href":"https:\/\/dokan.co\/fr\/wp-json\/wp\/v2\/types\/page"}],"author":[{"embeddable":true,"href":"https:\/\/dokan.co\/fr\/wp-json\/wp\/v2\/users\/2"}],"replies":[{"embeddable":true,"href":"https:\/\/dokan.co\/fr\/wp-json\/wp\/v2\/comments?post=9279"}],"version-history":[{"count":4,"href":"https:\/\/dokan.co\/fr\/wp-json\/wp\/v2\/pages\/9279\/revisions"}],"predecessor-version":[{"id":498803,"href":"https:\/\/dokan.co\/fr\/wp-json\/wp\/v2\/pages\/9279\/revisions\/498803"}],"up":[{"embeddable":true,"href":"https:\/\/dokan.co\/fr\/wp-json\/wp\/v2\/pages\/472416"}],"wp:attachment":[{"href":"https:\/\/dokan.co\/fr\/wp-json\/wp\/v2\/media?parent=9279"}],"curies":[{"name":"wp","href":"https:\/\/api.w.org\/{rel}","templated":true}]}}