{"id":9287,"date":"2023-06-11T15:56:42","date_gmt":"2023-06-11T09:56:42","guid":{"rendered":"https:\/\/dokan.co\/?page_id=9287"},"modified":"2024-04-25T16:09:51","modified_gmt":"2024-04-25T10:09:51","slug":"dokan-nulled","status":"publish","type":"page","link":"https:\/\/dokan.co\/fr\/wordpress\/dokan-nulled\/","title":{"rendered":"Dokan annul\u00e9"},"content":{"rendered":"<div class=\"wp-block-group alignfull has-global-padding is-layout-constrained wp-container-core-group-is-layout-987dd0f1 wp-block-group-is-layout-constrained\" style=\"padding-top:var(--wp--preset--spacing--50)\">\n<h2 class=\"wp-block-heading has-text-align-center dco-m-text-3xl dco-m-br-hidden has-foreground-color has-text-color\" style=\"font-size:clamp(1.805rem, 1.805rem + ((1vw - 0.2rem) * 2.409), 3.13rem);font-style:normal;font-weight:900;line-height:1.4\">Dokan&nbsp;<mark style=\"background-color:rgba(0, 0, 0, 0);color:#ff4a4c\" class=\"has-inline-color\">Versions annul\u00e9es<\/mark>&nbsp;Sont<br>Pas s\u00fbr pour votre site Web<\/h2>\n\n\n\n<p class=\"has-text-align-center dco-m-br-hidden has-foreground-color has-text-color has-medium-font-size\" style=\"line-height:1.6\">La gratuit\u00e9 est toujours attrayante, mais les versions gratuites annul\u00e9es de Dokan sont<br>dangereux pour la s\u00e9curit\u00e9 de votre site Web<\/p>\n<\/div>\n\n\n\n<div style=\"height:28px\" aria-hidden=\"true\" class=\"wp-block-spacer\"><\/div>\n\n\n\n<div class=\"wp-block-group alignfull has-global-padding is-layout-constrained wp-container-core-group-is-layout-1c2ac5aa wp-block-group-is-layout-constrained\">\n<div class=\"wp-block-group ticss-39e2c3a9 has-foreground-background-color has-background is-layout-flow wp-block-group-is-layout-flow\" style=\"border-radius:25px;padding-top:var(--wp--preset--spacing--70);padding-right:var(--wp--preset--spacing--30);padding-bottom:var(--wp--preset--spacing--70);padding-left:var(--wp--preset--spacing--30)\">\n<h3 class=\"wp-block-heading has-text-align-center has-background-color has-text-color\" style=\"font-size:clamp(0.984rem, 0.984rem + ((1vw - 0.2rem) * 0.938), 1.5rem);font-style:normal;font-weight:900;line-height:1.3\">Comment identifier un&nbsp;<mark style=\"background-color:rgba(0, 0, 0, 0);color:#ff4a4c\" class=\"has-inline-color\">Version annul\u00e9e de Dokan<\/mark><\/h3>\n\n\n\n<p class=\"has-text-align-center has-text-color\" style=\"color:#d2d2d2\">Supposons que vous t\u00e9l\u00e9chargiez ou achetiez le&nbsp;<mark style=\"background-color:rgba(0, 0, 0, 0);color:#febf42\" class=\"has-inline-color\">Plugin premium Dokan partout sauf sur notre site Web<\/mark> qui sera consid\u00e9r\u00e9 comme un&nbsp;<mark style=\"background-color:rgba(0, 0, 0, 0);color:#febf42\" class=\"has-inline-color\">plugin annul\u00e9. Prime Dokan<\/mark>&nbsp;n&#039;est disponible sur aucun autre site Web autre que&nbsp;<mark style=\"background-color:rgba(0, 0, 0, 0);color:#febf42\" class=\"has-inline-color\">wedevs.com<\/mark><\/p>\n<\/div>\n\n\n\n<div style=\"height:60px\" aria-hidden=\"true\" class=\"wp-block-spacer\"><\/div>\n\n\n\n<h3 class=\"wp-block-heading has-text-align-center dco-m-text-3xl dco-m-br-hidden\" style=\"font-size:clamp(1.624rem, 1.624rem + ((1vw - 0.2rem) * 2.047), 2.75rem);font-style:normal;font-weight:900;line-height:1.5\">Qu&#039;est-ce qui vous manquera dans un projet annul\u00e9<br>Version de Dokan<\/h3>\n\n\n\n<div style=\"height:10px\" aria-hidden=\"true\" class=\"wp-block-spacer\"><\/div>\n\n\n\n<div class=\"wp-block-columns is-layout-flex wp-container-core-columns-is-layout-28f84493 wp-block-columns-is-layout-flex\">\n<div class=\"wp-block-column is-layout-flow wp-block-column-is-layout-flow\">\n<div class=\"wp-block-group has-global-padding is-layout-constrained wp-block-group-is-layout-constrained\">\n<figure class=\"wp-block-image aligncenter size-full is-resized\"><img loading=\"lazy\" decoding=\"async\" width=\"164\" height=\"164\" src=\"https:\/\/dokan.co\/app\/uploads\/2023\/06\/settings.png\" alt=\"\" class=\"wp-image-9557\" style=\"width:82px\" srcset=\"https:\/\/dokan.co\/app\/uploads\/2023\/06\/settings.png 164w, https:\/\/dokan.co\/app\/uploads\/2023\/06\/settings-150x150.png 150w, https:\/\/dokan.co\/app\/uploads\/2023\/06\/settings-12x12.png 12w\" sizes=\"auto, (max-width: 164px) 100vw, 164px\" data-no-translation=\"\" data-no-auto-translation=\"\" \/><\/figure>\n\n\n\n<p class=\"has-text-align-center dco-m-br-hidden has-text-color has-medium-font-size\" style=\"color:#484545\">Vous ne pourrez pas mettre \u00e0 jour le plugin Dokan annul\u00e9 <br>et je manquerai les derni\u00e8res nouveaut\u00e9s tr\u00e8s importantes <br>fonctionnalit\u00e9s et am\u00e9liorations.<\/p>\n<\/div>\n<\/div>\n\n\n\n<div class=\"wp-block-column is-layout-flow wp-block-column-is-layout-flow\">\n<figure class=\"wp-block-image aligncenter size-full is-resized\"><img loading=\"lazy\" decoding=\"async\" width=\"164\" height=\"164\" src=\"https:\/\/dokan.co\/app\/uploads\/2023\/06\/user.png\" alt=\"\" class=\"wp-image-9556\" style=\"width:82px\" srcset=\"https:\/\/dokan.co\/app\/uploads\/2023\/06\/user.png 164w, https:\/\/dokan.co\/app\/uploads\/2023\/06\/user-150x150.png 150w, https:\/\/dokan.co\/app\/uploads\/2023\/06\/user-12x12.png 12w\" sizes=\"auto, (max-width: 164px) 100vw, 164px\" data-no-translation=\"\" data-no-auto-translation=\"\" \/><\/figure>\n\n\n\n<p class=\"has-text-align-center dco-m-br-hidden has-text-color\" style=\"color:#484545\">Vous ne recevrez aucune sorte d&#039;assistance en mati\u00e8re de tickets de la part de <br>l&#039;\u00e9quipe d&#039;assistance Dokan car vous \u00eates un <br>utilisateur non enregistr\u00e9.<\/p>\n<\/div>\n<\/div>\n\n\n\n<div style=\"height:50px\" aria-hidden=\"true\" class=\"wp-block-spacer\"><\/div>\n\n\n\n<h3 class=\"wp-block-heading has-text-align-center dco-m-text-3xl dco-m-br-hidden\" style=\"font-size:clamp(1.624rem, 1.624rem + ((1vw - 0.2rem) * 2.047), 2.75rem);font-style:normal;font-weight:900;line-height:1.5\">S\u00e9curit\u00e9 et autres probl\u00e8mes d&#039;utilisation<br>Plugin annul\u00e9 Dokan<\/h3>\n\n\n\n<div style=\"height:20px\" aria-hidden=\"true\" class=\"wp-block-spacer\"><\/div>\n\n\n\n<div class=\"wp-block-columns is-layout-flex wp-container-core-columns-is-layout-28f84493 wp-block-columns-is-layout-flex\">\n<div class=\"wp-block-column is-layout-flow wp-block-column-is-layout-flow\">\n<div class=\"wp-block-group has-background has-global-padding is-layout-constrained wp-container-core-group-is-layout-16d6e2d2 wp-block-group-is-layout-constrained\" style=\"border-radius:15px;background-color:#eaf5ff;padding-top:3rem;padding-right:3rem;padding-bottom:3rem;padding-left:3rem\">\n<figure class=\"wp-block-image size-full is-resized\"><img loading=\"lazy\" decoding=\"async\" width=\"124\" height=\"124\" src=\"https:\/\/dokan.co\/app\/uploads\/2023\/06\/n-plugin-1.png\" alt=\"\" class=\"wp-image-9555\" style=\"width:62px\" srcset=\"https:\/\/dokan.co\/app\/uploads\/2023\/06\/n-plugin-1.png 124w, https:\/\/dokan.co\/app\/uploads\/2023\/06\/n-plugin-1-12x12.png 12w\" sizes=\"auto, (max-width: 124px) 100vw, 124px\" data-no-translation=\"\" data-no-auto-translation=\"\" \/><\/figure>\n\n\n\n<p class=\"has-foreground-color has-text-color has-small-font-size\">Les plugins annul\u00e9s compromettent la s\u00e9curit\u00e9 de votre site Web\u00a0; ils contiennent souvent des logiciels malveillants. Le code malveillant peut se propager \u00e0 diff\u00e9rents fichiers de votre site Web. En cons\u00e9quence, votre site Web peut \u00eatre pirat\u00e9 \u00e0 tout moment.<\/p>\n<\/div>\n<\/div>\n\n\n\n<div class=\"wp-block-column is-layout-flow wp-block-column-is-layout-flow\">\n<div class=\"wp-block-group has-background has-global-padding is-layout-constrained wp-container-core-group-is-layout-16d6e2d2 wp-block-group-is-layout-constrained\" style=\"border-radius:15px;background-color:#fff0eb;padding-top:3rem;padding-right:3rem;padding-bottom:3rem;padding-left:3rem\">\n<figure class=\"wp-block-image size-full is-resized\"><img loading=\"lazy\" decoding=\"async\" width=\"124\" height=\"124\" src=\"https:\/\/dokan.co\/app\/uploads\/2023\/06\/n-plugin-2.png\" alt=\"\" class=\"wp-image-9554\" style=\"width:62px\" srcset=\"https:\/\/dokan.co\/app\/uploads\/2023\/06\/n-plugin-2.png 124w, https:\/\/dokan.co\/app\/uploads\/2023\/06\/n-plugin-2-12x12.png 12w\" sizes=\"auto, (max-width: 124px) 100vw, 124px\" data-no-translation=\"\" data-no-auto-translation=\"\" \/><\/figure>\n\n\n\n<p class=\"has-foreground-color has-text-color has-small-font-size\">Dokan est un plugin premium. En cons\u00e9quence, il est totalement ill\u00e9gal d\u2019utiliser ou de distribuer une copie pirat\u00e9e. Cela peut entra\u00eener des probl\u00e8mes juridiques pour vous et votre entreprise.<\/p>\n<\/div>\n<\/div>\n<\/div>\n\n\n\n<div class=\"wp-block-columns is-layout-flex wp-container-core-columns-is-layout-28f84493 wp-block-columns-is-layout-flex\">\n<div class=\"wp-block-column is-layout-flow wp-block-column-is-layout-flow\">\n<div class=\"wp-block-group has-background has-global-padding is-layout-constrained wp-container-core-group-is-layout-16d6e2d2 wp-block-group-is-layout-constrained\" style=\"border-radius:15px;background-color:#edeaf9;padding-top:3rem;padding-right:3rem;padding-bottom:3rem;padding-left:3rem\">\n<figure class=\"wp-block-image size-full is-resized\"><img loading=\"lazy\" decoding=\"async\" width=\"124\" height=\"124\" src=\"https:\/\/dokan.co\/app\/uploads\/2023\/06\/n-plugin-3.png\" alt=\"\" class=\"wp-image-9553\" style=\"width:62px\" srcset=\"https:\/\/dokan.co\/app\/uploads\/2023\/06\/n-plugin-3.png 124w, https:\/\/dokan.co\/app\/uploads\/2023\/06\/n-plugin-3-12x12.png 12w\" sizes=\"auto, (max-width: 124px) 100vw, 124px\" data-no-translation=\"\" data-no-auto-translation=\"\" \/><\/figure>\n\n\n\n<p class=\"has-foreground-color has-text-color has-small-font-size\">Ils peuvent exposer des informations personnelles telles que des noms, des adresses e-mail, des mots de passe et d\u2019autres donn\u00e9es gr\u00e2ce \u00e0 divers codes malveillants invisibles. Conform\u00e9ment aux r\u00e8gles du RGPD, vous pouvez faire face \u00e0 de graves poursuites si des donn\u00e9es personnelles sont divulgu\u00e9es depuis votre site.<\/p>\n<\/div>\n<\/div>\n\n\n\n<div class=\"wp-block-column is-layout-flow wp-block-column-is-layout-flow\">\n<div class=\"wp-block-group has-background has-global-padding is-layout-constrained wp-container-core-group-is-layout-16d6e2d2 wp-block-group-is-layout-constrained\" style=\"border-radius:15px;background-color:#ebf6f0;padding-top:3rem;padding-right:3rem;padding-bottom:3rem;padding-left:3rem\">\n<figure class=\"wp-block-image size-full is-resized\"><img loading=\"lazy\" decoding=\"async\" width=\"124\" height=\"124\" src=\"https:\/\/dokan.co\/app\/uploads\/2023\/06\/n-plugin-4.png\" alt=\"\" class=\"wp-image-9552\" style=\"width:62px\" srcset=\"https:\/\/dokan.co\/app\/uploads\/2023\/06\/n-plugin-4.png 124w, https:\/\/dokan.co\/app\/uploads\/2023\/06\/n-plugin-4-12x12.png 12w\" sizes=\"auto, (max-width: 124px) 100vw, 124px\" data-no-translation=\"\" data-no-auto-translation=\"\" \/><\/figure>\n\n\n\n<p class=\"has-foreground-color has-text-color has-small-font-size\">Le plugin Dokan annul\u00e9 peut diminuer votre classement SEO. Ils ajoutent souvent des liens de spam vers votre site Web. En cons\u00e9quence, les utilisateurs peuvent \u00eatre redirig\u00e9s vers des sites Web nuisibles. Pour cela, Google peut m\u00eame mettre votre site Web sur liste noire.<\/p>\n<\/div>\n<\/div>\n<\/div>\n\n\n\n<div style=\"height:40px\" aria-hidden=\"true\" class=\"wp-block-spacer\"><\/div>\n\n\n\n<div class=\"wp-block-group alignfull has-global-padding is-layout-constrained wp-container-core-group-is-layout-34f9127a wp-block-group-is-layout-constrained\">\n<h1 class=\"wp-block-heading has-text-align-center dco-m-text-3xl dco-m-br-hidden\" style=\"font-size:clamp(1.805rem, 1.805rem + ((1vw - 0.2rem) * 2.409), 3.13rem);font-style:normal;font-weight:900;line-height:1.4\">Le multifournisseur n\u00b01 <br>Place de march\u00e9 pour WordPress<\/h1>\n\n\n\n<p class=\"has-text-align-center\" style=\"font-size:clamp(0.915rem, 0.915rem + ((1vw - 0.2rem) * 0.836), 1.375rem);\">Plus de <mark style=\"background-color:rgba(0, 0, 0, 0);color:#f1634c\" class=\"has-inline-color\"><strong>70,000<\/strong><\/mark> Les clients nous font confiance, pourquoi pas vous\u00a0?<\/p>\n\n\n\n<div style=\"height:40px\" aria-hidden=\"true\" class=\"wp-block-spacer\"><\/div>\n<\/div>\n\n\n\n<div class=\"wp-block-do-blocks-pricing\" data-block-attributes=\"{&quot;discountPercent&quot;:&quot;Save up to 35%&quot;,&quot;isActivePlan&quot;:false,&quot;annualPricingModel&quot;:{&quot;starter&quot;:149,&quot;professional&quot;:249,&quot;business&quot;:499,&quot;enterprise&quot;:999},&quot;annualPricingLink&quot;:{&quot;starter&quot;:&quot;dokan-starter&quot;,&quot;professional&quot;:&quot;dokan-professional&quot;,&quot;business&quot;:&quot;dokan-business&quot;,&quot;enterprise&quot;:&quot;dokan-enterprise&quot;},&quot;annualPricingCoupons&quot;:{&quot;starter&quot;:&quot;&quot;,&quot;professional&quot;:&quot;&quot;,&quot;business&quot;:&quot;&quot;,&quot;enterprise&quot;:&quot;&quot;},&quot;lifetimePricingModel&quot;:{&quot;starter&quot;:745,&quot;professional&quot;:1245,&quot;business&quot;:2495,&quot;enterprise&quot;:4995},&quot;lifetimePricingLink&quot;:{&quot;starter&quot;:&quot;dokan-litetime-deal-starter&quot;,&quot;professional&quot;:&quot;dokan-litetime-deal-professional&quot;,&quot;business&quot;:&quot;dokan-litetime-deal-business&quot;,&quot;enterprise&quot;:&quot;dokan-litetime-deal-enterprise&quot;},&quot;lifetimePricingCoupons&quot;:{&quot;starter&quot;:&quot;&quot;,&quot;professional&quot;:&quot;&quot;,&quot;business&quot;:&quot;&quot;,&quot;enterprise&quot;:&quot;&quot;},&quot;discountsModel&quot;:{&quot;starter&quot;:&quot;&quot;,&quot;professional&quot;:&quot;&quot;,&quot;business&quot;:&quot;&quot;,&quot;enterprise&quot;:&quot;&quot;,&quot;starterLtd&quot;:&quot;20% Off&quot;,&quot;professionalLtd&quot;:&quot;25% Off&quot;,&quot;businessLtd&quot;:&quot;30% Off&quot;,&quot;enterpriseLtd&quot;:&quot;35% Off&quot;},&quot;hasCustomCSS&quot;:false}\"><\/div>\n\n\n\n<p class=\"has-text-align-center has-text-color\" style=\"color:#525252\"><strong>*<\/strong>Les prix excluent <strong>TVA\/Taxes.<\/strong><\/p>\n\n\n\n<div style=\"height:56px\" aria-hidden=\"true\" class=\"wp-block-spacer\"><\/div>\n\n\n\n<div class=\"wp-block-group dco-ptm-20 dco-prm-20 dco-pbm-20 dco-plm-20 dco-m-text-center has-background is-layout-flow wp-block-group-is-layout-flow\" style=\"border-radius:20px;background-color:#f7f7f7;padding-top:60px;padding-right:75px;padding-bottom:48px;padding-left:60px\">\n<div class=\"wp-block-columns are-vertically-aligned-top is-layout-flex wp-container-core-columns-is-layout-28f84493 wp-block-columns-is-layout-flex\">\n<div class=\"wp-block-column is-vertically-aligned-top is-layout-flow wp-block-column-is-layout-flow\" style=\"flex-basis:22.5%\">\n<figure class=\"wp-block-image size-full\"><img loading=\"lazy\" decoding=\"async\" width=\"425\" height=\"424\" src=\"https:\/\/dokan.co\/app\/uploads\/2023\/06\/guarantee.png\" alt=\"\" class=\"wp-image-9564\" srcset=\"https:\/\/dokan.co\/app\/uploads\/2023\/06\/guarantee.png 425w, https:\/\/dokan.co\/app\/uploads\/2023\/06\/guarantee-300x300.png 300w, https:\/\/dokan.co\/app\/uploads\/2023\/06\/guarantee-150x150.png 150w, https:\/\/dokan.co\/app\/uploads\/2023\/06\/guarantee-12x12.png 12w\" sizes=\"auto, (max-width: 425px) 100vw, 425px\" data-no-translation=\"\" data-no-auto-translation=\"\" \/><\/figure>\n<\/div>\n\n\n\n<div class=\"wp-block-column is-vertically-aligned-top is-layout-flow wp-block-column-is-layout-flow\" style=\"flex-basis:80%\">\n<h3 class=\"wp-block-heading dco-m-text-3xl has-foreground-color has-text-color\" style=\"margin-bottom:10px;font-size:clamp(1.317rem, 1.317rem + ((1vw - 0.2rem) * 1.478), 2.13rem);font-style:normal;font-weight:900;line-height:1\">Notre politique de remboursement \u00e9quitable<\/h3>\n\n\n\n<p class=\"dco-m-br-hidden has-text-color has-small-font-size\" style=\"color:#6b6b6b\">Nous garantissons la satisfaction de 100% avec notre service d&#039;aide et de support. Cependant, si notre plugin ne fonctionne toujours pas <br>r\u00e9pondre \u00e0 vos besoins, nous nous ferons un plaisir de vous rembourser 100% de votre argent dans les 14 jours suivant votre achat.<\/p>\n\n\n\n<p class=\"dco-m-br-hidden has-text-color has-small-font-size\" style=\"color:#6b6b6b\">Aucune question ne sera pos\u00e9e. Veuillez noter que nous ne remboursons pas si le produit a<br>\u00e9t\u00e9 achet\u00e9 \u00e0 rabais.<\/p>\n\n\n\n<div class=\"wp-block-group dco-m-flex-col is-content-justification-left is-nowrap is-layout-flex wp-container-core-group-is-layout-a06460ac wp-block-group-is-layout-flex\">\n<p class=\"has-medium-font-size\" style=\"font-style:normal;font-weight:700;line-height:1.7\">Options de paiement:<\/p>\n\n\n\n<figure class=\"wp-block-image size-full\"><img loading=\"lazy\" decoding=\"async\" width=\"268\" height=\"61\" src=\"https:\/\/dokan.co\/app\/uploads\/2023\/06\/payments01.webp\" alt=\"\" class=\"wp-image-9563\" data-no-translation=\"\" data-no-auto-translation=\"\"\/><\/figure>\n\n\n\n<figure class=\"wp-block-image size-full\"><img loading=\"lazy\" decoding=\"async\" width=\"282\" height=\"71\" src=\"https:\/\/dokan.co\/app\/uploads\/2023\/06\/payments02.webp\" alt=\"\" class=\"wp-image-9562\" data-no-translation=\"\" data-no-auto-translation=\"\"\/><\/figure>\n<\/div>\n<\/div>\n<\/div>\n<\/div>\n\n\n\n<div style=\"height:40px\" aria-hidden=\"true\" class=\"wp-block-spacer\"><\/div>\n\n\n\n<h2 class=\"wp-block-heading has-text-align-center\" style=\"font-style:normal;font-weight:800\">T\u00e9moignages<\/h2>\n\n\n\n<p class=\"has-text-align-center dco-m-br-hidden has-text-color\" style=\"color:#8a8a8a\">D\u00e9couvrez ce que les autres disent de Dokan Multivendor<br>Solutions de march\u00e9.<\/p>\n\n\n\n<div class=\"wp-block-columns is-layout-flex wp-container-core-columns-is-layout-28f84493 wp-block-columns-is-layout-flex\">\n<div class=\"wp-block-column is-layout-flow wp-block-column-is-layout-flow\">\n<div class=\"wp-block-group has-border-color is-layout-flow wp-block-group-is-layout-flow\" style=\"border-color:#f4f4f4;border-style:solid;border-width:2px;border-radius:5px;padding-top:40px;padding-right:40px;padding-bottom:40px;padding-left:40px\">\n<figure class=\"wp-block-image size-full\"><img loading=\"lazy\" decoding=\"async\" width=\"150\" height=\"33\" src=\"https:\/\/dokan.co\/app\/uploads\/2022\/02\/capterra-1.png\" alt=\"\" class=\"wp-image-929\" srcset=\"https:\/\/dokan.co\/app\/uploads\/2022\/02\/capterra-1.png 150w, https:\/\/dokan.co\/app\/uploads\/2022\/02\/capterra-1-18x4.png 18w\" sizes=\"auto, (max-width: 150px) 100vw, 150px\" data-no-translation=\"\" data-no-auto-translation=\"\" \/><\/figure>\n\n\n\n<div style=\"height:1px\" aria-hidden=\"true\" class=\"wp-block-spacer\"><\/div>\n\n\n\n<figure class=\"wp-block-image size-full is-resized _opacity-30\"><img loading=\"lazy\" decoding=\"async\" width=\"102\" height=\"74\" src=\"https:\/\/dokan.co\/app\/uploads\/2022\/02\/quote-black.png\" alt=\"\" class=\"wp-image-930\" style=\"width:51px\" srcset=\"https:\/\/dokan.co\/app\/uploads\/2022\/02\/quote-black.png 102w, https:\/\/dokan.co\/app\/uploads\/2022\/02\/quote-black-18x12.png 18w\" sizes=\"auto, (max-width: 102px) 100vw, 102px\" data-no-translation=\"\" data-no-auto-translation=\"\" \/><\/figure>\n\n\n\n<p class=\"has-text-color has-small-font-size\" style=\"color:#8a8a8a\">Excellent plugin pour ajouter des fonctionnalit\u00e9s de march\u00e9 \u00e0 un e-commerce (site Web)<\/p>\n\n\n\n<figure class=\"wp-block-image size-full is-resized\"><img loading=\"lazy\" decoding=\"async\" width=\"184\" height=\"32\" src=\"https:\/\/dokan.co\/app\/uploads\/2023\/07\/rating.png\" alt=\"\" class=\"wp-image-473329\" style=\"width:92px\" srcset=\"https:\/\/dokan.co\/app\/uploads\/2023\/07\/rating.png 184w, https:\/\/dokan.co\/app\/uploads\/2023\/07\/rating-18x3.png 18w\" sizes=\"auto, (max-width: 184px) 100vw, 184px\" data-no-translation=\"\" data-no-auto-translation=\"\" \/><\/figure>\n\n\n\n<p class=\"has-small-font-size\"><span style=\"text-decoration: underline;\">-Sergio A.<\/span><\/p>\n<\/div>\n<\/div>\n\n\n\n<div class=\"wp-block-column is-layout-flow wp-block-column-is-layout-flow\">\n<div class=\"wp-block-group has-border-color is-layout-flow wp-block-group-is-layout-flow\" style=\"border-color:#f4f4f4;border-style:solid;border-width:2px;border-radius:5px;padding-top:40px;padding-right:40px;padding-bottom:40px;padding-left:40px\">\n<figure class=\"wp-block-image size-full\"><img loading=\"lazy\" decoding=\"async\" width=\"150\" height=\"34\" src=\"https:\/\/dokan.co\/app\/uploads\/2022\/02\/wordpress-1.png\" alt=\"\" class=\"wp-image-928\" srcset=\"https:\/\/dokan.co\/app\/uploads\/2022\/02\/wordpress-1.png 150w, https:\/\/dokan.co\/app\/uploads\/2022\/02\/wordpress-1-18x4.png 18w\" sizes=\"auto, (max-width: 150px) 100vw, 150px\" data-no-translation=\"\" data-no-auto-translation=\"\" \/><\/figure>\n\n\n\n<div style=\"height:1px\" aria-hidden=\"true\" class=\"wp-block-spacer\"><\/div>\n\n\n\n<figure class=\"wp-block-image size-full is-resized _opacity-30\"><img loading=\"lazy\" decoding=\"async\" width=\"102\" height=\"74\" src=\"https:\/\/dokan.co\/app\/uploads\/2022\/02\/quote-black.png\" alt=\"\" class=\"wp-image-930\" style=\"width:51px\" srcset=\"https:\/\/dokan.co\/app\/uploads\/2022\/02\/quote-black.png 102w, https:\/\/dokan.co\/app\/uploads\/2022\/02\/quote-black-18x12.png 18w\" sizes=\"auto, (max-width: 102px) 100vw, 102px\" data-no-translation=\"\" data-no-auto-translation=\"\" \/><\/figure>\n\n\n\n<p class=\"has-text-color has-small-font-size\" style=\"color:#8a8a8a\">Meilleur plugin de march\u00e9, super <br>Support<\/p>\n\n\n\n<figure class=\"wp-block-image size-full is-resized\"><img loading=\"lazy\" decoding=\"async\" width=\"184\" height=\"32\" src=\"https:\/\/dokan.co\/app\/uploads\/2023\/07\/rating.png\" alt=\"\" class=\"wp-image-473329\" style=\"width:92px\" srcset=\"https:\/\/dokan.co\/app\/uploads\/2023\/07\/rating.png 184w, https:\/\/dokan.co\/app\/uploads\/2023\/07\/rating-18x3.png 18w\" sizes=\"auto, (max-width: 184px) 100vw, 184px\" data-no-translation=\"\" data-no-auto-translation=\"\" \/><\/figure>\n\n\n\n<p class=\"has-small-font-size\"><span style=\"text-decoration: underline;\">\u2013 Maheanuu<\/span><\/p>\n\n\n\n<div style=\"height:0px\" aria-hidden=\"true\" class=\"wp-block-spacer\"><\/div>\n<\/div>\n<\/div>\n\n\n\n<div class=\"wp-block-column is-layout-flow wp-block-column-is-layout-flow\">\n<div class=\"wp-block-group has-border-color is-layout-flow wp-block-group-is-layout-flow\" style=\"border-color:#f4f4f4;border-style:solid;border-width:2px;border-radius:5px;padding-top:40px;padding-right:40px;padding-bottom:40px;padding-left:40px\">\n<figure class=\"wp-block-image size-full is-resized\"><img loading=\"lazy\" decoding=\"async\" width=\"42\" height=\"43\" src=\"https:\/\/dokan.co\/app\/uploads\/2022\/02\/g2-1.png\" alt=\"\" class=\"wp-image-927\" srcset=\"https:\/\/dokan.co\/app\/uploads\/2022\/02\/g2-1.png 42w, https:\/\/dokan.co\/app\/uploads\/2022\/02\/g2-1-12x12.png 12w\" sizes=\"auto, (max-width: 42px) 100vw, 42px\" data-no-translation=\"\" data-no-auto-translation=\"\" \/><\/figure>\n\n\n\n<div style=\"height:1px\" aria-hidden=\"true\" class=\"wp-block-spacer\"><\/div>\n\n\n\n<figure class=\"wp-block-image size-full is-resized _opacity-30\"><img loading=\"lazy\" decoding=\"async\" width=\"102\" height=\"74\" src=\"https:\/\/dokan.co\/app\/uploads\/2022\/02\/quote-black.png\" alt=\"\" class=\"wp-image-930\" style=\"width:51px\" srcset=\"https:\/\/dokan.co\/app\/uploads\/2022\/02\/quote-black.png 102w, https:\/\/dokan.co\/app\/uploads\/2022\/02\/quote-black-18x12.png 18w\" sizes=\"auto, (max-width: 102px) 100vw, 102px\" data-no-translation=\"\" data-no-auto-translation=\"\" \/><\/figure>\n\n\n\n<p class=\"has-text-color has-small-font-size\" style=\"color:#8a8a8a\">Apr\u00e8s avoir test\u00e9 de nombreuses applications similaires, nous avons opt\u00e9 pour Dokan simplement parce que c&#039;est la meilleure plate-forme<\/p>\n\n\n\n<figure class=\"wp-block-image size-full is-resized\"><img loading=\"lazy\" decoding=\"async\" width=\"184\" height=\"32\" src=\"https:\/\/dokan.co\/app\/uploads\/2023\/07\/rating.png\" alt=\"\" class=\"wp-image-473329\" style=\"width:92px\" srcset=\"https:\/\/dokan.co\/app\/uploads\/2023\/07\/rating.png 184w, https:\/\/dokan.co\/app\/uploads\/2023\/07\/rating-18x3.png 18w\" sizes=\"auto, (max-width: 184px) 100vw, 184px\" data-no-translation=\"\" data-no-auto-translation=\"\" \/><\/figure>\n\n\n\n<p class=\"has-small-font-size\"><span style=\"text-decoration: underline;\">\u2013 Administrateur en biens de consommation<\/span><\/p>\n<\/div>\n<\/div>\n<\/div>\n\n\n\n<div style=\"height:75px\" aria-hidden=\"true\" class=\"wp-block-spacer\"><\/div>\n<\/div>","protected":false},"excerpt":{"rendered":"<p>Dokan&nbsp;Nulled Versions&nbsp;AreNot Safe For Your Website Free is always attractive, but the free nulled versions of Dokan arehazardous to your website&#8217;s security How to Identify a&nbsp;Nulled Version of Dokan Suppose you download or buy the&nbsp;Dokan premium plugin anywhere except our website that will be considered a&nbsp;nulled plugin. Dokan premium&nbsp;is not available on any other website [&hellip;]<\/p>\n","protected":false},"author":2,"featured_media":0,"parent":472416,"menu_order":0,"comment_status":"closed","ping_status":"closed","template":"page-dokan-wordpress","meta":{"footnotes":""},"class_list":["post-9287","page","type-page","status-publish","hentry"],"_links":{"self":[{"href":"https:\/\/dokan.co\/fr\/wp-json\/wp\/v2\/pages\/9287","targetHints":{"allow":["GET"]}}],"collection":[{"href":"https:\/\/dokan.co\/fr\/wp-json\/wp\/v2\/pages"}],"about":[{"href":"https:\/\/dokan.co\/fr\/wp-json\/wp\/v2\/types\/page"}],"author":[{"embeddable":true,"href":"https:\/\/dokan.co\/fr\/wp-json\/wp\/v2\/users\/2"}],"replies":[{"embeddable":true,"href":"https:\/\/dokan.co\/fr\/wp-json\/wp\/v2\/comments?post=9287"}],"version-history":[{"count":20,"href":"https:\/\/dokan.co\/fr\/wp-json\/wp\/v2\/pages\/9287\/revisions"}],"predecessor-version":[{"id":480860,"href":"https:\/\/dokan.co\/fr\/wp-json\/wp\/v2\/pages\/9287\/revisions\/480860"}],"up":[{"embeddable":true,"href":"https:\/\/dokan.co\/fr\/wp-json\/wp\/v2\/pages\/472416"}],"wp:attachment":[{"href":"https:\/\/dokan.co\/fr\/wp-json\/wp\/v2\/media?parent=9287"}],"curies":[{"name":"wp","href":"https:\/\/api.w.org\/{rel}","templated":true}]}}