{"id":9302,"date":"2023-06-13T11:59:29","date_gmt":"2023-06-13T05:59:29","guid":{"rendered":"https:\/\/dokan.co\/?page_id=9302"},"modified":"2024-09-20T16:33:51","modified_gmt":"2024-09-20T10:33:51","slug":"screenshots","status":"publish","type":"page","link":"https:\/\/dokan.co\/fr\/wordpress\/screenshots\/","title":{"rendered":"Captures d&#039;\u00e9cran"},"content":{"rendered":"\n<div style=\"height:20px\" aria-hidden=\"true\" class=\"wp-block-spacer\"><\/div>\n\n\n\n<h1 class=\"wp-block-heading has-text-align-center\" style=\"font-size:clamp(2.089rem, 2.089rem + ((1vw - 0.2rem) * 3.02), 3.75rem);font-style:normal;font-weight:900\">Screenshots<\/h1>\n\n\n\n<div style=\"height:10px\" aria-hidden=\"true\" class=\"wp-block-spacer\"><\/div>\n\n\n\n<div class=\"wp-block-group alignfull is-layout-flow wp-block-group-is-layout-flow\">\n<p class=\"has-text-align-center has-text-color\" style=\"color:#616161;font-size:clamp(1.317rem, 1.317rem + ((1vw - 0.2rem) * 1.478), 2.13rem);\">As a non-member<\/p>\n\n\n\n<p class=\"has-text-align-center has-text-color\" style=\"color:#8a8a8a\">Holisticly embrace innovative web-readiness rather than performance based leadership. Uniquely create <br>compelling deliverables and goal-oriented growth strategies. Dynamically pursue covalent <br>portals and excellent e-services. Synergistically.<\/p>\n<\/div>\n\n\n\n<div style=\"height:40px\" aria-hidden=\"true\" class=\"wp-block-spacer\"><\/div>\n\n\n\n<div class=\"wp-block-group alignfull has-global-padding is-layout-constrained wp-container-core-group-is-layout-1c2ac5aa wp-block-group-is-layout-constrained\">\n<div class=\"wp-block-do-blocks-image-lightbox ticss-efe6ec7f\" data-block-attributes=\"{&quot;blockId&quot;:&quot;block-efe6ec7f-c9db-4f10-8986-7ba52bc950a0&quot;,&quot;images&quot;:[{&quot;sizes&quot;:{&quot;thumbnail&quot;:{&quot;url&quot;:&quot;https:\/\/dokan.co\/app\/uploads\/2023\/07\/Screen-Shot-2016-10-05-at-12.39.04-PM-e1475981601301-1024x285-1-150x150.png&quot;,&quot;height&quot;:150,&quot;width&quot;:150,&quot;orientation&quot;:&quot;landscape&quot;},&quot;medium&quot;:{&quot;url&quot;:&quot;https:\/\/dokan.co\/app\/uploads\/2023\/07\/Screen-Shot-2016-10-05-at-12.39.04-PM-e1475981601301-1024x285-1-300x83.png&quot;,&quot;height&quot;:83,&quot;width&quot;:300,&quot;orientation&quot;:&quot;landscape&quot;},&quot;trp-custom-language-flag&quot;:{&quot;url&quot;:&quot;https:\/\/dokan.co\/app\/uploads\/2023\/07\/Screen-Shot-2016-10-05-at-12.39.04-PM-e1475981601301-1024x285-1-18x5.png&quot;,&quot;height&quot;:5,&quot;width&quot;:18,&quot;orientation&quot;:&quot;landscape&quot;},&quot;full&quot;:{&quot;url&quot;:&quot;https:\/\/dokan.co\/app\/uploads\/2023\/07\/Screen-Shot-2016-10-05-at-12.39.04-PM-e1475981601301-1024x285-1.png&quot;,&quot;height&quot;:285,&quot;width&quot;:1024,&quot;orientation&quot;:&quot;landscape&quot;}},&quot;mime&quot;:&quot;image\/png&quot;,&quot;type&quot;:&quot;image&quot;,&quot;subtype&quot;:&quot;png&quot;,&quot;id&quot;:473391,&quot;url&quot;:&quot;https:\/\/dokan.co\/app\/uploads\/2023\/07\/Screen-Shot-2016-10-05-at-12.39.04-PM-e1475981601301-1024x285-1.png&quot;,&quot;alt&quot;:&quot;&quot;,&quot;link&quot;:&quot;https:\/\/dokan.co\/wordpress\/screenshots\/screen-shot-2016-10-05-at-12-39-04-pm-e1475981601301-1024x285-1\/&quot;,&quot;caption&quot;:&quot;&quot;},{&quot;sizes&quot;:{&quot;thumbnail&quot;:{&quot;url&quot;:&quot;https:\/\/dokan.co\/app\/uploads\/2023\/07\/Screen-Shot-2016-10-05-at-12.39.33-PM-1024x582-1-150x150.png&quot;,&quot;height&quot;:150,&quot;width&quot;:150,&quot;orientation&quot;:&quot;landscape&quot;},&quot;medium&quot;:{&quot;url&quot;:&quot;https:\/\/dokan.co\/app\/uploads\/2023\/07\/Screen-Shot-2016-10-05-at-12.39.33-PM-1024x582-1-300x171.png&quot;,&quot;height&quot;:171,&quot;width&quot;:300,&quot;orientation&quot;:&quot;landscape&quot;},&quot;trp-custom-language-flag&quot;:{&quot;url&quot;:&quot;https:\/\/dokan.co\/app\/uploads\/2023\/07\/Screen-Shot-2016-10-05-at-12.39.33-PM-1024x582-1-18x10.png&quot;,&quot;height&quot;:10,&quot;width&quot;:18,&quot;orientation&quot;:&quot;landscape&quot;},&quot;full&quot;:{&quot;url&quot;:&quot;https:\/\/dokan.co\/app\/uploads\/2023\/07\/Screen-Shot-2016-10-05-at-12.39.33-PM-1024x582-1.png&quot;,&quot;height&quot;:582,&quot;width&quot;:1024,&quot;orientation&quot;:&quot;landscape&quot;}},&quot;mime&quot;:&quot;image\/png&quot;,&quot;type&quot;:&quot;image&quot;,&quot;subtype&quot;:&quot;png&quot;,&quot;id&quot;:473392,&quot;url&quot;:&quot;https:\/\/dokan.co\/app\/uploads\/2023\/07\/Screen-Shot-2016-10-05-at-12.39.33-PM-1024x582-1.png&quot;,&quot;alt&quot;:&quot;&quot;,&quot;link&quot;:&quot;https:\/\/dokan.co\/wordpress\/screenshots\/screen-shot-2016-10-05-at-12-39-33-pm-1024x582-1\/&quot;,&quot;caption&quot;:&quot;&quot;},{&quot;sizes&quot;:{&quot;thumbnail&quot;:{&quot;url&quot;:&quot;https:\/\/dokan.co\/app\/uploads\/2023\/07\/Screen-Shot-2016-10-05-at-12.40.19-PM-1024x640-1-150x150.png&quot;,&quot;height&quot;:150,&quot;width&quot;:150,&quot;orientation&quot;:&quot;landscape&quot;},&quot;medium&quot;:{&quot;url&quot;:&quot;https:\/\/dokan.co\/app\/uploads\/2023\/07\/Screen-Shot-2016-10-05-at-12.40.19-PM-1024x640-1-300x188.png&quot;,&quot;height&quot;:188,&quot;width&quot;:300,&quot;orientation&quot;:&quot;landscape&quot;},&quot;trp-custom-language-flag&quot;:{&quot;url&quot;:&quot;https:\/\/dokan.co\/app\/uploads\/2023\/07\/Screen-Shot-2016-10-05-at-12.40.19-PM-1024x640-1-18x12.png&quot;,&quot;height&quot;:12,&quot;width&quot;:18,&quot;orientation&quot;:&quot;landscape&quot;},&quot;full&quot;:{&quot;url&quot;:&quot;https:\/\/dokan.co\/app\/uploads\/2023\/07\/Screen-Shot-2016-10-05-at-12.40.19-PM-1024x640-1.png&quot;,&quot;height&quot;:640,&quot;width&quot;:1024,&quot;orientation&quot;:&quot;landscape&quot;}},&quot;mime&quot;:&quot;image\/png&quot;,&quot;type&quot;:&quot;image&quot;,&quot;subtype&quot;:&quot;png&quot;,&quot;id&quot;:473393,&quot;url&quot;:&quot;https:\/\/dokan.co\/app\/uploads\/2023\/07\/Screen-Shot-2016-10-05-at-12.40.19-PM-1024x640-1.png&quot;,&quot;alt&quot;:&quot;&quot;,&quot;link&quot;:&quot;https:\/\/dokan.co\/wordpress\/screenshots\/screen-shot-2016-10-05-at-12-40-19-pm-1024x640-1\/&quot;,&quot;caption&quot;:&quot;&quot;},{&quot;sizes&quot;:{&quot;thumbnail&quot;:{&quot;url&quot;:&quot;https:\/\/dokan.co\/app\/uploads\/2023\/07\/Screen-Shot-2016-10-05-at-12.29.50-PM-1024x275-1-150x150.png&quot;,&quot;height&quot;:150,&quot;width&quot;:150,&quot;orientation&quot;:&quot;landscape&quot;},&quot;medium&quot;:{&quot;url&quot;:&quot;https:\/\/dokan.co\/app\/uploads\/2023\/07\/Screen-Shot-2016-10-05-at-12.29.50-PM-1024x275-1-300x81.png&quot;,&quot;height&quot;:81,&quot;width&quot;:300,&quot;orientation&quot;:&quot;landscape&quot;},&quot;trp-custom-language-flag&quot;:{&quot;url&quot;:&quot;https:\/\/dokan.co\/app\/uploads\/2023\/07\/Screen-Shot-2016-10-05-at-12.29.50-PM-1024x275-1-18x5.png&quot;,&quot;height&quot;:5,&quot;width&quot;:18,&quot;orientation&quot;:&quot;landscape&quot;},&quot;full&quot;:{&quot;url&quot;:&quot;https:\/\/dokan.co\/app\/uploads\/2023\/07\/Screen-Shot-2016-10-05-at-12.29.50-PM-1024x275-1.png&quot;,&quot;height&quot;:275,&quot;width&quot;:1024,&quot;orientation&quot;:&quot;landscape&quot;}},&quot;mime&quot;:&quot;image\/png&quot;,&quot;type&quot;:&quot;image&quot;,&quot;subtype&quot;:&quot;png&quot;,&quot;id&quot;:473394,&quot;url&quot;:&quot;https:\/\/dokan.co\/app\/uploads\/2023\/07\/Screen-Shot-2016-10-05-at-12.29.50-PM-1024x275-1.png&quot;,&quot;alt&quot;:&quot;&quot;,&quot;link&quot;:&quot;https:\/\/dokan.co\/wordpress\/screenshots\/screen-shot-2016-10-05-at-12-29-50-pm-1024x275-1\/&quot;,&quot;caption&quot;:&quot;&quot;},{&quot;sizes&quot;:{&quot;thumbnail&quot;:{&quot;url&quot;:&quot;https:\/\/dokan.co\/app\/uploads\/2023\/07\/dokan-digital-product-checked-150x150.png&quot;,&quot;height&quot;:150,&quot;width&quot;:150,&quot;orientation&quot;:&quot;landscape&quot;},&quot;medium&quot;:{&quot;url&quot;:&quot;https:\/\/dokan.co\/app\/uploads\/2023\/07\/dokan-digital-product-checked-300x160.png&quot;,&quot;height&quot;:160,&quot;width&quot;:300,&quot;orientation&quot;:&quot;landscape&quot;},&quot;trp-custom-language-flag&quot;:{&quot;url&quot;:&quot;https:\/\/dokan.co\/app\/uploads\/2023\/07\/dokan-digital-product-checked-18x10.png&quot;,&quot;height&quot;:10,&quot;width&quot;:18,&quot;orientation&quot;:&quot;landscape&quot;},&quot;full&quot;:{&quot;url&quot;:&quot;https:\/\/dokan.co\/app\/uploads\/2023\/07\/dokan-digital-product-checked.png&quot;,&quot;height&quot;:476,&quot;width&quot;:894,&quot;orientation&quot;:&quot;landscape&quot;}},&quot;mime&quot;:&quot;image\/png&quot;,&quot;type&quot;:&quot;image&quot;,&quot;subtype&quot;:&quot;png&quot;,&quot;id&quot;:473395,&quot;url&quot;:&quot;https:\/\/dokan.co\/app\/uploads\/2023\/07\/dokan-digital-product-checked.png&quot;,&quot;alt&quot;:&quot;&quot;,&quot;link&quot;:&quot;https:\/\/dokan.co\/wordpress\/screenshots\/dokan-digital-product-checked\/&quot;,&quot;caption&quot;:&quot;&quot;},{&quot;sizes&quot;:{&quot;thumbnail&quot;:{&quot;url&quot;:&quot;https:\/\/dokan.co\/app\/uploads\/2024\/09\/dokan-ss-150x150.png&quot;,&quot;height&quot;:150,&quot;width&quot;:150,&quot;orientation&quot;:&quot;landscape&quot;},&quot;medium&quot;:{&quot;url&quot;:&quot;https:\/\/dokan.co\/app\/uploads\/2024\/09\/dokan-ss-300x169.png&quot;,&quot;height&quot;:169,&quot;width&quot;:300,&quot;orientation&quot;:&quot;landscape&quot;},&quot;large&quot;:{&quot;url&quot;:&quot;https:\/\/dokan.co\/app\/uploads\/2024\/09\/dokan-ss-1024x576.png&quot;,&quot;height&quot;:576,&quot;width&quot;:1024,&quot;orientation&quot;:&quot;landscape&quot;},&quot;trp-custom-language-flag&quot;:{&quot;url&quot;:&quot;https:\/\/dokan.co\/app\/uploads\/2024\/09\/dokan-ss-18x10.png&quot;,&quot;height&quot;:10,&quot;width&quot;:18,&quot;orientation&quot;:&quot;landscape&quot;},&quot;full&quot;:{&quot;url&quot;:&quot;https:\/\/dokan.co\/app\/uploads\/2024\/09\/dokan-ss.png&quot;,&quot;height&quot;:675,&quot;width&quot;:1200,&quot;orientation&quot;:&quot;landscape&quot;}},&quot;mime&quot;:&quot;image\/png&quot;,&quot;type&quot;:&quot;image&quot;,&quot;subtype&quot;:&quot;png&quot;,&quot;id&quot;:490340,&quot;url&quot;:&quot;https:\/\/dokan.co\/app\/uploads\/2024\/09\/dokan-ss.png&quot;,&quot;alt&quot;:&quot;&quot;,&quot;link&quot;:&quot;https:\/\/dokan.co\/wordpress\/screenshots\/dokan-ss\/&quot;,&quot;caption&quot;:&quot;&quot;}],&quot;startIndex&quot;:0,&quot;zoomStep&quot;:0.3,&quot;buttonAlign&quot;:&quot;flex-end&quot;,&quot;showTitle&quot;:true,&quot;allowRotate&quot;:true,&quot;allowReset&quot;:true,&quot;keyboardInteraction&quot;:4,&quot;doubleClickZoom&quot;:true,&quot;className&quot;:&quot;ticss-efe6ec7f&quot;,&quot;hasCustomCSS&quot;:true,&quot;customCSS&quot;:&quot;.ticss-efe6ec7f {\\n  display: flex;\\n  flex-flow: row wrap;\\n  align-items: flex-start;\\n  justify-content: flex-start;\\n  column-gap: 2rem;\\n  row-gap: 4rem;\\n}\\n\\n.ticss-efe6ec7f img {\\n  flex-grow: 1;\\n  width: 29.333%;\\n  cursor: pointer;\\n}&quot;}\" id=\"block-efe6ec7f-c9db-4f10-8986-7ba52bc950a0\"><\/div>\n<\/div>\n\n\n\n<div class=\"wp-block-group alignfull has-global-padding is-layout-constrained wp-container-core-group-is-layout-7a18123a wp-block-group-is-layout-constrained\" style=\"padding-top:var(--wp--preset--spacing--60);padding-bottom:var(--wp--preset--spacing--60)\">\n<div class=\"wp-block-group ticss-c2b99990 dco-m-flex-col has-base-background-color has-background is-nowrap is-layout-flex wp-container-core-group-is-layout-eee36d49 wp-block-group-is-layout-flex\" style=\"border-radius:5px;padding-top:2.63rem;padding-right:3.75rem;padding-bottom:2.63rem;padding-left:3.75rem\">\n<figure class=\"wp-block-image size-full\"><img decoding=\"async\" src=\"https:\/\/dokan.co\/app\/uploads\/2024\/09\/gradient-dokan-logo.svg\" alt=\"\" class=\"wp-image-490337\"\/><\/figure>\n\n\n\n<div class=\"wp-block-group is-vertical is-layout-flex wp-container-core-group-is-layout-01814474 wp-block-group-is-layout-flex\">\n<h3 class=\"wp-block-heading dco-m-text-3xl dco-m-text-center has-contrast-color has-text-color has-x-large-font-size\" style=\"font-style:normal;font-weight:700\">Get Started with <mark style=\"background-color:rgba(0, 0, 0, 0);color:#f1634c\" class=\"has-inline-color\">Dokan<\/mark><\/h3>\n\n\n\n<p class=\"dco-m-br-hidden dco-m-text-center has-text-color has-small-font-size\" style=\"color:#a88682\">We are here to provide you with the right tools, but it is You who<br>must believe in your ability and start.<\/p>\n<\/div>\n\n\n\n<div class=\"wp-block-buttons ticss-28327585 is-content-justification-center is-layout-flex wp-container-core-buttons-is-layout-a89b3969 wp-block-buttons-is-layout-flex\">\n<div class=\"wp-block-button has-custom-font-size btn-bg-hover-transparent btn-color-hover-black has-small-font-size\" style=\"line-height:1\"><a class=\"wp-block-button__link has-base-color has-text-color has-background wp-element-button\" href=\"https:\/\/dokan.co\/wordpress\/pricing\/\" style=\"border-radius:3px;background-color:#f1634c;padding-top:1rem;padding-right:1.5rem;padding-bottom:1rem;padding-left:1.5rem\">Get Started<\/a><\/div>\n<\/div>\n<\/div>\n<\/div>\n","protected":false},"excerpt":{"rendered":"<p>Captures d&#039;\u00e9cran En tant que non-membre, adoptez de mani\u00e8re globale une pr\u00e9paration innovante au Web plut\u00f4t qu&#039;un leadership bas\u00e9 sur la performance. Cr\u00e9ez de mani\u00e8re unique des livrables convaincants et des strat\u00e9gies de croissance ax\u00e9es sur les objectifs. Recherchez de mani\u00e8re dynamique des portails covalents et d\u2019excellents services \u00e9lectroniques. En synergie. Commencez avec Dokan Nous sommes l\u00e0 pour vous fournir les bons outils, mais c&#039;est vous qui devez croire en vos capacit\u00e9s et commencer.<\/p>","protected":false},"author":2,"featured_media":0,"parent":472416,"menu_order":0,"comment_status":"closed","ping_status":"closed","template":"page-dokan-wordpress","meta":{"footnotes":""},"class_list":["post-9302","page","type-page","status-publish","hentry"],"_links":{"self":[{"href":"https:\/\/dokan.co\/fr\/wp-json\/wp\/v2\/pages\/9302","targetHints":{"allow":["GET"]}}],"collection":[{"href":"https:\/\/dokan.co\/fr\/wp-json\/wp\/v2\/pages"}],"about":[{"href":"https:\/\/dokan.co\/fr\/wp-json\/wp\/v2\/types\/page"}],"author":[{"embeddable":true,"href":"https:\/\/dokan.co\/fr\/wp-json\/wp\/v2\/users\/2"}],"replies":[{"embeddable":true,"href":"https:\/\/dokan.co\/fr\/wp-json\/wp\/v2\/comments?post=9302"}],"version-history":[{"count":10,"href":"https:\/\/dokan.co\/fr\/wp-json\/wp\/v2\/pages\/9302\/revisions"}],"predecessor-version":[{"id":490341,"href":"https:\/\/dokan.co\/fr\/wp-json\/wp\/v2\/pages\/9302\/revisions\/490341"}],"up":[{"embeddable":true,"href":"https:\/\/dokan.co\/fr\/wp-json\/wp\/v2\/pages\/472416"}],"wp:attachment":[{"href":"https:\/\/dokan.co\/fr\/wp-json\/wp\/v2\/media?parent=9302"}],"curies":[{"name":"wp","href":"https:\/\/api.w.org\/{rel}","templated":true}]}}