{"id":9306,"date":"2023-06-13T12:00:48","date_gmt":"2023-06-13T06:00:48","guid":{"rendered":"https:\/\/dokan.co\/?page_id=9306"},"modified":"2024-09-06T12:20:23","modified_gmt":"2024-09-06T06:20:23","slug":"success-stories","status":"publish","type":"page","link":"https:\/\/dokan.co\/fr\/wordpress\/success-stories\/","title":{"rendered":"R\u00e9ussites"},"content":{"rendered":"<div class=\"wp-block-group alignfull ticss-4a4fe886 has-global-padding is-layout-constrained wp-container-core-group-is-layout-784e502a wp-block-group-is-layout-constrained\">\n<div style=\"height:61px\" aria-hidden=\"true\" class=\"wp-block-spacer\"><\/div>\n\n\n\n<div class=\"wp-block-columns is-layout-flex wp-container-core-columns-is-layout-28f84493 wp-block-columns-is-layout-flex\">\n<div class=\"wp-block-column is-vertically-aligned-center is-layout-flow wp-block-column-is-layout-flow\">\n<div class=\"wp-block-group is-layout-flow wp-block-group-is-layout-flow\">\n<figure class=\"wp-block-image size-full is-resized\"><img loading=\"lazy\" decoding=\"async\" width=\"130\" height=\"130\" src=\"https:\/\/dokan.co\/app\/uploads\/2023\/07\/cup.png\" alt=\"\" class=\"wp-image-473416\" style=\"width:65px;height:65px\" srcset=\"https:\/\/dokan.co\/app\/uploads\/2023\/07\/cup.png 130w, https:\/\/dokan.co\/app\/uploads\/2023\/07\/cup-12x12.png 12w\" sizes=\"auto, (max-width: 130px) 100vw, 130px\" data-no-translation=\"\" data-no-auto-translation=\"\" \/><\/figure>\n\n\n\n<h1 class=\"wp-block-heading dco-m-text-3xl has-foreground-color has-text-color\" style=\"font-size:clamp(1.624rem, 1.624rem + ((1vw - 0.2rem) * 2.047), 2.75rem);font-style:normal;font-weight:900;line-height:1.2\">Vos histoires<br><mark style=\"background-color:rgba(0, 0, 0, 0);color:#7047eb\" class=\"has-inline-color\">Nos r\u00e9alisations<\/mark><\/h1>\n\n\n\n<p class=\"has-text-color has-medium-font-size\" style=\"color:#8a8a8a;line-height:1.5\">Nous croyons que les gens apprennent \u00e0 partir d&#039;exemples. C&#039;est donc un petit effort de notre part pour vous pr\u00e9senter quelques histoires de grandes r\u00e9alisations de vous les gars dont nous sommes extr\u00eamement fiers de faire partie.<\/p>\n<\/div>\n<\/div>\n\n\n\n<div class=\"wp-block-column is-layout-flow wp-block-column-is-layout-flow\">\n<div class=\"wp-block-group is-layout-flow wp-block-group-is-layout-flow\">\n<figure class=\"wp-block-image alignright size-large\"><img loading=\"lazy\" decoding=\"async\" width=\"1024\" height=\"973\" src=\"https:\/\/dokan.co\/app\/uploads\/2023\/07\/header-feature-image-1024x973.png\" alt=\"\" class=\"wp-image-473415\" srcset=\"https:\/\/dokan.co\/app\/uploads\/2023\/07\/header-feature-image-1024x973.png 1024w, https:\/\/dokan.co\/app\/uploads\/2023\/07\/header-feature-image-300x285.png 300w, https:\/\/dokan.co\/app\/uploads\/2023\/07\/header-feature-image-768x729.png 768w, https:\/\/dokan.co\/app\/uploads\/2023\/07\/header-feature-image-13x12.png 13w, https:\/\/dokan.co\/app\/uploads\/2023\/07\/header-feature-image.png 1117w\" sizes=\"auto, (max-width: 1024px) 100vw, 1024px\" data-no-translation=\"\" data-no-auto-translation=\"\" \/><\/figure>\n<\/div>\n<\/div>\n<\/div>\n\n\n\n<div style=\"height:100px\" aria-hidden=\"true\" class=\"wp-block-spacer\"><\/div>\n<\/div>\n\n\n\n<div class=\"wp-block-group alignfull has-global-padding is-layout-constrained wp-container-core-group-is-layout-784e502a wp-block-group-is-layout-constrained\">\n<div class=\"wp-block-group has-global-padding is-layout-constrained wp-container-core-group-is-layout-a7e59e30 wp-block-group-is-layout-constrained\">\n<h2 class=\"wp-block-heading has-text-align-center dco-m-text-3xl\">Histoire \u00e0 succ\u00e8s du mois<\/h2>\n\n\n\n<figure class=\"wp-block-image aligncenter size-large has-custom-border\"><img loading=\"lazy\" decoding=\"async\" width=\"1024\" height=\"559\" src=\"https:\/\/dokan.co\/app\/uploads\/2024\/09\/Joshi-success-stories-with-Dokan-multivendor-1024x559.jpg\" alt=\"\" class=\"wp-image-489321\" style=\"border-radius:10px\" srcset=\"https:\/\/dokan.co\/app\/uploads\/2024\/09\/Joshi-success-stories-with-Dokan-multivendor-1024x559.jpg 1024w, https:\/\/dokan.co\/app\/uploads\/2024\/09\/Joshi-success-stories-with-Dokan-multivendor-300x164.jpg 300w, https:\/\/dokan.co\/app\/uploads\/2024\/09\/Joshi-success-stories-with-Dokan-multivendor-768x420.jpg 768w, https:\/\/dokan.co\/app\/uploads\/2024\/09\/Joshi-success-stories-with-Dokan-multivendor-1536x839.jpg 1536w, https:\/\/dokan.co\/app\/uploads\/2024\/09\/Joshi-success-stories-with-Dokan-multivendor-18x10.jpg 18w, https:\/\/dokan.co\/app\/uploads\/2024\/09\/Joshi-success-stories-with-Dokan-multivendor.jpg 1622w\" sizes=\"auto, (max-width: 1024px) 100vw, 1024px\" data-no-translation=\"\" data-no-auto-translation=\"\" \/><\/figure>\n\n\n\n<h3 class=\"wp-block-heading has-text-align-center\" style=\"font-size:clamp(1.25rem, 1.25rem + ((1vw - 0.2rem) * 1.364), 2rem);font-style:normal;font-weight:400\">Une r\u00e9ussite in\u00e9dite d&#039;un march\u00e9 de la sant\u00e9 &quot;JOSHi&quot;<\/h3>\n\n\n\n<p class=\"has-text-align-center has-text-color\" style=\"color:#8a8a8a\">Le march\u00e9 de la sant\u00e9, de la nutrition et du sport est JOSHi.at qui a fait toute une marque dans le domaine de la promotion d&#039;articles de sant\u00e9 et nutritifs de qualit\u00e9 aupr\u00e8s des clients. Mais connaissons-nous des id\u00e9es int\u00e9ressantes et l&#039;histoire du succ\u00e8s d&#039;un march\u00e9 aussi noble qui g\u00e8re son entreprise en action\u00a0? Eh bien, si ce n&#039;est pas le cas, d\u00e9couvrons-le.<\/p>\n\n\n\n<div class=\"wp-block-buttons is-content-justification-center is-layout-flex wp-container-core-buttons-is-layout-a89b3969 wp-block-buttons-is-layout-flex\">\n<div class=\"wp-block-button btn-border-color-hover-dokan-cloud btn-color-hover-dokan-cloud\"><a class=\"wp-block-button__link has-background-color has-text-color wp-element-button\" href=\"https:\/\/dokan.co\/blog\/477947\/a-success-story-of-a-healthcare-marketplace\/\" style=\"padding-top:10px;padding-right:30px;padding-bottom:10px;padding-left:30px\" target=\"_blank\" rel=\"noreferrer noopener\">En savoir plus \u2192<\/a><\/div>\n<\/div>\n<\/div>\n\n\n\n<div style=\"height:30px\" aria-hidden=\"true\" class=\"wp-block-spacer\"><\/div>\n<\/div>\n\n\n\n<div class=\"wp-block-group alignfull has-global-padding is-layout-constrained wp-container-core-group-is-layout-784e502a wp-block-group-is-layout-constrained\">\n<div class=\"wp-block-group is-layout-flow wp-block-group-is-layout-flow\">\n<h2 class=\"wp-block-heading has-text-align-center dco-m-text-3xl\" style=\"font-style:normal;font-weight:500\">Principales histoires de r\u00e9ussite des propri\u00e9taires de Dokan Marketplace<\/h2>\n\n\n\n<div style=\"height:10px\" aria-hidden=\"true\" class=\"wp-block-spacer\"><\/div>\n\n\n\n<div class=\"wp-block-columns is-layout-flex wp-container-core-columns-is-layout-28f84493 wp-block-columns-is-layout-flex\">\n<div class=\"wp-block-column is-layout-flow wp-block-column-is-layout-flow\">\n<div class=\"wp-block-group dco-rounded dco-overflow-none dco-shadow-sm ticss-a946614c has-background-background-color has-background has-global-padding is-layout-constrained wp-container-core-group-is-layout-905199b4 wp-block-group-is-layout-constrained\" style=\"border-radius:10px;padding-top:0px;padding-right:0px;padding-bottom:0px;padding-left:0px\">\n<figure class=\"wp-block-image size-large\"><img loading=\"lazy\" decoding=\"async\" width=\"1024\" height=\"559\" src=\"https:\/\/dokan.co\/app\/uploads\/2024\/09\/Melissa-McGovern-1024x559.jpg\" alt=\"\" class=\"wp-image-489329\" srcset=\"https:\/\/dokan.co\/app\/uploads\/2024\/09\/Melissa-McGovern-1024x559.jpg 1024w, https:\/\/dokan.co\/app\/uploads\/2024\/09\/Melissa-McGovern-300x164.jpg 300w, https:\/\/dokan.co\/app\/uploads\/2024\/09\/Melissa-McGovern-768x420.jpg 768w, https:\/\/dokan.co\/app\/uploads\/2024\/09\/Melissa-McGovern-1536x839.jpg 1536w, https:\/\/dokan.co\/app\/uploads\/2024\/09\/Melissa-McGovern-18x10.jpg 18w, https:\/\/dokan.co\/app\/uploads\/2024\/09\/Melissa-McGovern.jpg 1622w\" sizes=\"auto, (max-width: 1024px) 100vw, 1024px\" data-no-translation=\"\" data-no-auto-translation=\"\" \/><\/figure>\n\n\n\n<div class=\"wp-block-group is-layout-flow wp-block-group-is-layout-flow\" style=\"margin-top:0px;margin-bottom:0px;padding-top:15px;padding-right:15px;padding-bottom:15px;padding-left:15px\">\n<p class=\"ticss-667eacf3 has-link-color has-small-font-size wp-elements-e736531784ed402ef10d37259f779121\" style=\"font-style:normal;font-weight:700\"><a href=\"https:\/\/dokan.co\/blog\/477935\/dokan-customer-dream-multivendor-marketplace\/\" target=\"_blank\" rel=\"noreferrer noopener nofollow\">Comment Dokan a aid\u00e9 Melissa \u00e0 cr\u00e9er sa place de march\u00e9 multifournisseur de r\u00eave<\/a><\/p>\n<\/div>\n<\/div>\n<\/div>\n\n\n\n<div class=\"wp-block-column is-layout-flow wp-block-column-is-layout-flow\">\n<div class=\"wp-block-group dco-rounded dco-overflow-none dco-shadow-sm ticss-a946614c has-background-background-color has-background has-global-padding is-layout-constrained wp-container-core-group-is-layout-905199b4 wp-block-group-is-layout-constrained\" style=\"border-radius:10px;padding-top:0px;padding-right:0px;padding-bottom:0px;padding-left:0px\">\n<figure class=\"wp-block-image size-large\"><img loading=\"lazy\" decoding=\"async\" width=\"1024\" height=\"559\" src=\"https:\/\/dokan.co\/app\/uploads\/2024\/09\/Bootstrap-Using-Dokan-multivendor-1024x559.jpg\" alt=\"\" class=\"wp-image-489333\" srcset=\"https:\/\/dokan.co\/app\/uploads\/2024\/09\/Bootstrap-Using-Dokan-multivendor-1024x559.jpg 1024w, https:\/\/dokan.co\/app\/uploads\/2024\/09\/Bootstrap-Using-Dokan-multivendor-300x164.jpg 300w, https:\/\/dokan.co\/app\/uploads\/2024\/09\/Bootstrap-Using-Dokan-multivendor-768x420.jpg 768w, https:\/\/dokan.co\/app\/uploads\/2024\/09\/Bootstrap-Using-Dokan-multivendor-1536x839.jpg 1536w, https:\/\/dokan.co\/app\/uploads\/2024\/09\/Bootstrap-Using-Dokan-multivendor-18x10.jpg 18w, https:\/\/dokan.co\/app\/uploads\/2024\/09\/Bootstrap-Using-Dokan-multivendor.jpg 1622w\" sizes=\"auto, (max-width: 1024px) 100vw, 1024px\" data-no-translation=\"\" data-no-auto-translation=\"\" \/><\/figure>\n\n\n\n<div class=\"wp-block-group is-layout-flow wp-block-group-is-layout-flow\" style=\"margin-top:0px;margin-bottom:0px;padding-top:15px;padding-right:15px;padding-bottom:15px;padding-left:15px\">\n<p class=\"ticss-667eacf3 has-link-color has-small-font-size wp-elements-8b372020b87c26993fd9179cd2b2214d\" style=\"font-style:normal;font-weight:700\"><a href=\"https:\/\/dokan.co\/blog\/477939\/bootstrap-using-dokan-for-their-multivendor-theme-marketplace\/\" target=\"_blank\" rel=\"noreferrer noopener nofollow\">Bootstrap utilise Dokan pour son march\u00e9 de th\u00e8mes multifournisseurs<\/a><\/p>\n<\/div>\n<\/div>\n<\/div>\n\n\n\n<div class=\"wp-block-column is-layout-flow wp-block-column-is-layout-flow\">\n<div class=\"wp-block-group dco-rounded dco-overflow-none dco-shadow-sm ticss-a946614c has-background-background-color has-background has-global-padding is-layout-constrained wp-container-core-group-is-layout-905199b4 wp-block-group-is-layout-constrained\" style=\"border-radius:10px;padding-top:0px;padding-right:0px;padding-bottom:0px;padding-left:0px\">\n<figure class=\"wp-block-image size-large\"><img loading=\"lazy\" decoding=\"async\" width=\"1024\" height=\"559\" src=\"https:\/\/dokan.co\/app\/uploads\/2024\/09\/eCommerce-success-story-for-Dokan-multiivendor-1024x559.jpg\" alt=\"\" class=\"wp-image-489338\" srcset=\"https:\/\/dokan.co\/app\/uploads\/2024\/09\/eCommerce-success-story-for-Dokan-multiivendor-1024x559.jpg 1024w, https:\/\/dokan.co\/app\/uploads\/2024\/09\/eCommerce-success-story-for-Dokan-multiivendor-300x164.jpg 300w, https:\/\/dokan.co\/app\/uploads\/2024\/09\/eCommerce-success-story-for-Dokan-multiivendor-768x420.jpg 768w, https:\/\/dokan.co\/app\/uploads\/2024\/09\/eCommerce-success-story-for-Dokan-multiivendor-1536x839.jpg 1536w, https:\/\/dokan.co\/app\/uploads\/2024\/09\/eCommerce-success-story-for-Dokan-multiivendor-18x10.jpg 18w, https:\/\/dokan.co\/app\/uploads\/2024\/09\/eCommerce-success-story-for-Dokan-multiivendor.jpg 1622w\" sizes=\"auto, (max-width: 1024px) 100vw, 1024px\" data-no-translation=\"\" data-no-auto-translation=\"\" \/><\/figure>\n\n\n\n<div class=\"wp-block-group is-layout-flow wp-block-group-is-layout-flow\" style=\"margin-top:0px;margin-bottom:0px;padding-top:15px;padding-right:15px;padding-bottom:15px;padding-left:15px\">\n<p class=\"ticss-667eacf3 has-link-color has-small-font-size wp-elements-c66f473c5f1057f1a2f4d2897bd18dc1\" style=\"font-style:normal;font-weight:700\"><a href=\"https:\/\/dokan.co\/blog\/477944\/dokan-ecommerce-success-story-forstep-style\/\" target=\"_blank\" rel=\"noreferrer noopener nofollow\">Une r\u00e9ussite dans le commerce \u00e9lectronique\u00a0: comment Sara Mehandzieva et Igor Dimitrov ont cr\u00e9\u00e9 le \u00ab\u00a0style Forstep\u00a0\u00bb \u00e0 l&#039;aide de Dokan<\/a><\/p>\n<\/div>\n<\/div>\n<\/div>\n<\/div>\n\n\n\n<div style=\"height:69px\" aria-hidden=\"true\" class=\"wp-block-spacer\"><\/div>\n\n\n\n<div class=\"wp-block-group dco-shadow-sm dco-ptm-20 dco-prm-20 dco-pbm-20 dco-plm-20 has-background-background-color has-background is-layout-flow wp-block-group-is-layout-flow\" style=\"border-radius:10px;padding-top:64px;padding-right:112px;padding-bottom:64px;padding-left:112px\">\n<div class=\"wp-block-group dco-m-flex-col dco-m-text-center is-horizontal is-content-justification-space-between is-nowrap is-layout-flex wp-container-core-group-is-layout-720518e1 wp-block-group-is-layout-flex\">\n<p class=\"has-foreground-color has-text-color\" style=\"font-size:clamp(0.984rem, 0.984rem + ((1vw - 0.2rem) * 0.938), 1.5rem);font-style:normal;font-weight:700\">Vous voulez partager votre propre histoire ?<\/p>\n\n\n\n<div class=\"wp-block-buttons is-content-justification-right is-layout-flex wp-container-core-buttons-is-layout-d445cf74 wp-block-buttons-is-layout-flex\">\n<div class=\"wp-block-button btn-border-color-hover-dokan-cloud btn-color-hover-dokan-cloud\"><a class=\"wp-block-button__link has-background-color has-text-color wp-element-button\" href=\"https:\/\/dokan.co\/fr\/wordpress\/submit-success-story\/\" style=\"padding-top:10px;padding-right:30px;padding-bottom:10px;padding-left:30px\">Soumettez vos informations<\/a><\/div>\n<\/div>\n<\/div>\n<\/div>\n\n\n\n<div style=\"height:69px\" aria-hidden=\"true\" class=\"wp-block-spacer\"><\/div>\n<\/div>\n<\/div>\n\n\n\n<div class=\"wp-block-group alignfull has-global-padding is-layout-constrained wp-container-core-group-is-layout-784e502a wp-block-group-is-layout-constrained\">\n<h2 class=\"wp-block-heading has-text-align-center\" style=\"font-size:clamp(1.566rem, 1.566rem + ((1vw - 0.2rem) * 1.935), 2.63rem);\">Avis sur Dokan<\/h2>\n\n\n\n<p class=\"has-text-align-center dco-m-br-hidden has-text-color\" style=\"color:#8a8a8a\">Voici ce que les gens disent de Dokan<br>Sur diverses plateformes populaires<\/p>\n\n\n\n<div style=\"height:20px\" aria-hidden=\"true\" class=\"wp-block-spacer\"><\/div>\n\n\n\n<div class=\"wp-block-columns is-layout-flex wp-container-core-columns-is-layout-28f84493 wp-block-columns-is-layout-flex\">\n<div class=\"wp-block-column is-layout-flow wp-block-column-is-layout-flow\">\n<div class=\"wp-block-group has-border-color has-background-background-color has-background is-layout-flow wp-block-group-is-layout-flow\" style=\"border-color:#f0f0f0;border-style:solid;border-width:1px;border-radius:10px;padding-top:50px;padding-right:25px;padding-bottom:50px;padding-left:25px\">\n<figure class=\"wp-block-image size-full dco-mb-44\"><img loading=\"lazy\" decoding=\"async\" width=\"600\" height=\"152\" src=\"https:\/\/dokan.co\/app\/uploads\/2023\/07\/Group-148-1.png\" alt=\"\" class=\"wp-image-473413\" srcset=\"https:\/\/dokan.co\/app\/uploads\/2023\/07\/Group-148-1.png 600w, https:\/\/dokan.co\/app\/uploads\/2023\/07\/Group-148-1-300x76.png 300w, https:\/\/dokan.co\/app\/uploads\/2023\/07\/Group-148-1-18x5.png 18w\" sizes=\"auto, (max-width: 600px) 100vw, 600px\" data-no-translation=\"\" data-no-auto-translation=\"\" \/><\/figure>\n\n\n\n<p class=\"has-text-align-center\">La plus grande force de Dokan : il repose sur les \u00e9paules de g\u00e9ants<\/p>\n<\/div>\n<\/div>\n\n\n\n<div class=\"wp-block-column is-layout-flow wp-block-column-is-layout-flow\">\n<div class=\"wp-block-group has-border-color has-background-background-color has-background is-layout-flow wp-block-group-is-layout-flow\" style=\"border-color:#f0f0f0;border-style:solid;border-width:1px;border-radius:10px;padding-top:50px;padding-right:25px;padding-bottom:50px;padding-left:25px\">\n<figure class=\"wp-block-image size-full dco-mb-44\"><img loading=\"lazy\" decoding=\"async\" width=\"600\" height=\"152\" src=\"https:\/\/dokan.co\/app\/uploads\/2023\/07\/Group-149.png\" alt=\"\" class=\"wp-image-473412\" srcset=\"https:\/\/dokan.co\/app\/uploads\/2023\/07\/Group-149.png 600w, https:\/\/dokan.co\/app\/uploads\/2023\/07\/Group-149-300x76.png 300w, https:\/\/dokan.co\/app\/uploads\/2023\/07\/Group-149-18x5.png 18w\" sizes=\"auto, (max-width: 600px) 100vw, 600px\" data-no-translation=\"\" data-no-auto-translation=\"\" \/><\/figure>\n\n\n\n<p class=\"has-text-align-center\">Dokan est con\u00e7u pour les d\u00e9butants ainsi que pour les experts de l&#039;espace de commerce \u00e9lectronique.<\/p>\n<\/div>\n<\/div>\n\n\n\n<div class=\"wp-block-column is-layout-flow wp-block-column-is-layout-flow\">\n<div class=\"wp-block-group has-border-color has-background-background-color has-background is-layout-flow wp-block-group-is-layout-flow\" style=\"border-color:#f0f0f0;border-style:solid;border-width:1px;border-radius:10px;padding-top:50px;padding-right:25px;padding-bottom:50px;padding-left:25px\">\n<figure class=\"wp-block-image size-full dco-mb-44\"><img loading=\"lazy\" decoding=\"async\" width=\"600\" height=\"152\" src=\"https:\/\/dokan.co\/app\/uploads\/2023\/07\/Group-154.png\" alt=\"\" class=\"wp-image-473411\" srcset=\"https:\/\/dokan.co\/app\/uploads\/2023\/07\/Group-154.png 600w, https:\/\/dokan.co\/app\/uploads\/2023\/07\/Group-154-300x76.png 300w, https:\/\/dokan.co\/app\/uploads\/2023\/07\/Group-154-18x5.png 18w\" sizes=\"auto, (max-width: 600px) 100vw, 600px\" data-no-translation=\"\" data-no-auto-translation=\"\" \/><\/figure>\n\n\n\n<p class=\"has-text-align-center\">Dokan - Construisez un march\u00e9 de commerce \u00e9lectronique multifournisseur comme un professionnel<\/p>\n<\/div>\n<\/div>\n<\/div>\n\n\n\n<div class=\"wp-block-columns is-layout-flex wp-container-core-columns-is-layout-28f84493 wp-block-columns-is-layout-flex\">\n<div class=\"wp-block-column is-layout-flow wp-block-column-is-layout-flow\">\n<div class=\"wp-block-group has-border-color has-background-background-color has-background is-layout-flow wp-block-group-is-layout-flow\" style=\"border-color:#f0f0f0;border-style:solid;border-width:1px;border-radius:10px;padding-top:50px;padding-right:25px;padding-bottom:50px;padding-left:25px\">\n<figure class=\"wp-block-image size-full dco-mb-44\"><img loading=\"lazy\" decoding=\"async\" width=\"600\" height=\"152\" src=\"https:\/\/dokan.co\/app\/uploads\/2023\/07\/Group-153.png\" alt=\"\" class=\"wp-image-473410\" srcset=\"https:\/\/dokan.co\/app\/uploads\/2023\/07\/Group-153.png 600w, https:\/\/dokan.co\/app\/uploads\/2023\/07\/Group-153-300x76.png 300w, https:\/\/dokan.co\/app\/uploads\/2023\/07\/Group-153-18x5.png 18w\" sizes=\"auto, (max-width: 600px) 100vw, 600px\" data-no-translation=\"\" data-no-auto-translation=\"\" \/><\/figure>\n\n\n\n<p class=\"has-text-align-center\">La plus grande force de Dokan : il repose sur les \u00e9paules de g\u00e9ants<\/p>\n<\/div>\n<\/div>\n\n\n\n<div class=\"wp-block-column is-layout-flow wp-block-column-is-layout-flow\">\n<div class=\"wp-block-group has-border-color has-background-background-color has-background is-layout-flow wp-block-group-is-layout-flow\" style=\"border-color:#f0f0f0;border-style:solid;border-width:1px;border-radius:10px;padding-top:50px;padding-right:25px;padding-bottom:50px;padding-left:25px\">\n<figure class=\"wp-block-image size-full dco-mb-44\"><img loading=\"lazy\" decoding=\"async\" width=\"600\" height=\"152\" src=\"https:\/\/dokan.co\/app\/uploads\/2023\/07\/Group-152.png\" alt=\"\" class=\"wp-image-473409\" srcset=\"https:\/\/dokan.co\/app\/uploads\/2023\/07\/Group-152.png 600w, https:\/\/dokan.co\/app\/uploads\/2023\/07\/Group-152-300x76.png 300w, https:\/\/dokan.co\/app\/uploads\/2023\/07\/Group-152-18x5.png 18w\" sizes=\"auto, (max-width: 600px) 100vw, 600px\" data-no-translation=\"\" data-no-auto-translation=\"\" \/><\/figure>\n\n\n\n<p class=\"has-text-align-center\">La solution compl\u00e8te de commerce \u00e9lectronique multifournisseur pour WordPress et WooCommerce<\/p>\n<\/div>\n<\/div>\n\n\n\n<div class=\"wp-block-column is-layout-flow wp-block-column-is-layout-flow\">\n<div class=\"wp-block-group has-border-color has-background-background-color has-background is-layout-flow wp-block-group-is-layout-flow\" style=\"border-color:#f0f0f0;border-style:solid;border-width:1px;border-radius:10px;padding-top:50px;padding-right:25px;padding-bottom:50px;padding-left:25px\">\n<figure class=\"wp-block-image size-full dco-mb-44\"><img loading=\"lazy\" decoding=\"async\" width=\"600\" height=\"152\" src=\"https:\/\/dokan.co\/app\/uploads\/2023\/07\/Group-151.png\" alt=\"\" class=\"wp-image-473408\" srcset=\"https:\/\/dokan.co\/app\/uploads\/2023\/07\/Group-151.png 600w, https:\/\/dokan.co\/app\/uploads\/2023\/07\/Group-151-300x76.png 300w, https:\/\/dokan.co\/app\/uploads\/2023\/07\/Group-151-18x5.png 18w\" sizes=\"auto, (max-width: 600px) 100vw, 600px\" data-no-translation=\"\" data-no-auto-translation=\"\" \/><\/figure>\n\n\n\n<p class=\"has-text-align-center\">Nous avons s\u00e9lectionn\u00e9 WeDevs Dokan comme l&#039;interface vendeur la plus intuitive et la plus simple\u2026<\/p>\n<\/div>\n<\/div>\n<\/div>\n<\/div>\n\n\n\n<div class=\"wp-block-group alignfull has-background has-global-padding is-layout-constrained wp-container-core-group-is-layout-01742c58 wp-block-group-is-layout-constrained\" style=\"background-color:#f6f7fb;margin-top:0;padding-top:3.4rem;padding-bottom:var(--wp--preset--spacing--60)\">\n<div class=\"wp-block-group ticss-e6880699 has-background is-layout-flow wp-block-group-is-layout-flow\" style=\"border-radius:30px;background-color:#171717;padding-top:8.7rem;padding-right:var(--wp--preset--spacing--30);padding-bottom:8.7rem;padding-left:var(--wp--preset--spacing--30)\">\n<h2 class=\"wp-block-heading has-text-align-center dco-m-text-3xl dco-m-br-hidden has-base-color has-text-color\" style=\"font-size:clamp(0.918rem, 0.918rem + ((1vw - 0.2rem) * 0.84), 1.38rem);font-style:normal;font-weight:400;line-height:1.5\">Cr\u00e9ez votre propre place de march\u00e9 d\u00e8s aujourd&#039;hui\u00a0! Gardez une longueur d&#039;avance dans le jeu<br>avec la meilleure solution multi-fournisseur WooCommerce.<\/h2>\n\n\n\n<div class=\"wp-block-buttons is-content-justification-center is-layout-flex wp-container-core-buttons-is-layout-a89b3969 wp-block-buttons-is-layout-flex\">\n<div class=\"wp-block-button btn-border-color-hover-dokan-cloud btn-color-hover-white\"><a class=\"wp-block-button__link has-base-color has-text-color wp-element-button\" href=\"https:\/\/dokan.co\/fr\/wordpress\/pricing\/\" style=\"padding-right:2.5rem;padding-left:2.5rem\">Acheter un plan d&#039;affaires<\/a><\/div>\n<\/div>\n<\/div>\n<\/div>","protected":false},"excerpt":{"rendered":"<p>Your StoriesOur Achievements We believe that people learn from examples. So this is a little effort from our side to present to you some stories of great achievements by you guys that we are extremely proud to be a part of. Success Story of The Month An Untold Success Story of a Healthcare Marketplace \u2018JOSHi\u2019 [&hellip;]<\/p>\n","protected":false},"author":2,"featured_media":487108,"parent":472416,"menu_order":0,"comment_status":"closed","ping_status":"closed","template":"page-dokan-wordpress","meta":{"footnotes":""},"class_list":["post-9306","page","type-page","status-publish","has-post-thumbnail","hentry"],"_links":{"self":[{"href":"https:\/\/dokan.co\/fr\/wp-json\/wp\/v2\/pages\/9306","targetHints":{"allow":["GET"]}}],"collection":[{"href":"https:\/\/dokan.co\/fr\/wp-json\/wp\/v2\/pages"}],"about":[{"href":"https:\/\/dokan.co\/fr\/wp-json\/wp\/v2\/types\/page"}],"author":[{"embeddable":true,"href":"https:\/\/dokan.co\/fr\/wp-json\/wp\/v2\/users\/2"}],"replies":[{"embeddable":true,"href":"https:\/\/dokan.co\/fr\/wp-json\/wp\/v2\/comments?post=9306"}],"version-history":[{"count":29,"href":"https:\/\/dokan.co\/fr\/wp-json\/wp\/v2\/pages\/9306\/revisions"}],"predecessor-version":[{"id":489339,"href":"https:\/\/dokan.co\/fr\/wp-json\/wp\/v2\/pages\/9306\/revisions\/489339"}],"up":[{"embeddable":true,"href":"https:\/\/dokan.co\/fr\/wp-json\/wp\/v2\/pages\/472416"}],"wp:featuredmedia":[{"embeddable":true,"href":"https:\/\/dokan.co\/fr\/wp-json\/wp\/v2\/media\/487108"}],"wp:attachment":[{"href":"https:\/\/dokan.co\/fr\/wp-json\/wp\/v2\/media?parent=9306"}],"curies":[{"name":"wp","href":"https:\/\/api.w.org\/{rel}","templated":true}]}}