{"id":9308,"date":"2023-06-13T12:01:41","date_gmt":"2023-06-13T06:01:41","guid":{"rendered":"https:\/\/dokan.co\/?page_id=9308"},"modified":"2024-06-12T15:52:24","modified_gmt":"2024-06-12T09:52:24","slug":"testimonials","status":"publish","type":"page","link":"https:\/\/dokan.co\/fr\/testimonials\/","title":{"rendered":"T\u00e9moignages"},"content":{"rendered":"<div class=\"wp-block-group alignfull ticss-a9b21d18 dco-ptm-64 dco-pbm-40 is-vertical is-content-justification-center is-layout-flex wp-container-core-group-is-layout-1b69a8be wp-block-group-is-layout-flex\" style=\"padding-top:var(--wp--preset--spacing--80);padding-bottom:12rem\">\n<h1 class=\"wp-block-heading has-text-align-center dco-m-text-3xl ticss-8e81dc8b has-foreground-color has-text-color\" style=\"padding-top:0;padding-right:0;padding-bottom:0;padding-left:0;font-size:clamp(1.802rem, 1.802rem + ((1vw - 0.2rem) * 2.405), 3.125rem);font-style:normal;font-weight:900\"><mark style=\"background-color:rgba(0, 0, 0, 0);color:#f1634c\" class=\"has-inline-color\">Dokan<\/mark> T\u00e9moignages<\/h1>\n<\/div>\n\n\n\n<div class=\"wp-block-group alignfull has-global-padding is-layout-constrained wp-container-core-group-is-layout-784e502a wp-block-group-is-layout-constrained\">\n<div class=\"wp-block-columns dco-mt-minus-112 is-layout-flex wp-container-core-columns-is-layout-28f84493 wp-block-columns-is-layout-flex\">\n<div class=\"wp-block-column is-layout-flow wp-block-column-is-layout-flow\">\n<div class=\"wp-block-group dco-shadow-sm has-background-background-color has-background is-layout-flow wp-block-group-is-layout-flow\" style=\"border-radius:5px;padding-top:45px;padding-right:45px;padding-bottom:45px;padding-left:45px\">\n<figure class=\"wp-block-image size-large is-resized\"><img decoding=\"async\" src=\"https:\/\/wedevs.com\/img\/dokan\/quote-icon.png\" alt=\"\" style=\"width:51px;height:37px\" data-no-translation=\"\" data-no-auto-translation=\"\"\/><\/figure>\n\n\n\n<p class=\"has-text-color has-small-font-size\" style=\"color:#758598\">Si bon. Tout ce que je voulais pour ce certain plugin \u00e0 faire et bien plus encore avec le module disponible. Je voulais que la g\u00e9olocalisation soit ajout\u00e9e et ils ont eu la gentillesse de le reprendre et de le faire en 1 semaine \u00e0 ma grande surprise.<br>Ce n&#039;est pas ce que j&#039;appelle une entreprise centr\u00e9e sur le client.<br>MERCI BEAUCOUP LES GARS !<\/p>\n\n\n\n<div class=\"wp-block-group is-nowrap is-layout-flex wp-container-core-group-is-layout-6c531013 wp-block-group-is-layout-flex\">\n<figure class=\"wp-block-image size-large is-resized is-style-rounded\"><img decoding=\"async\" src=\"https:\/\/cdn.wedevs.com\/uploads\/2018\/10\/73x73-1.png\" alt=\"\" style=\"width:67px;height:67px\" data-no-translation=\"\" data-no-auto-translation=\"\"\/><\/figure>\n\n\n\n<p><strong>Labdhee Mehta<\/strong><\/p>\n<\/div>\n<\/div>\n<\/div>\n\n\n\n<div class=\"wp-block-column is-layout-flow wp-block-column-is-layout-flow\">\n<div class=\"wp-block-group dco-shadow-sm has-background-background-color has-background is-layout-flow wp-block-group-is-layout-flow\" style=\"border-radius:5px;padding-top:45px;padding-right:45px;padding-bottom:45px;padding-left:45px\">\n<figure class=\"wp-block-image size-large is-resized\"><img decoding=\"async\" src=\"https:\/\/wedevs.com\/img\/dokan\/quote-icon.png\" alt=\"\" style=\"width:51px;height:37px\" data-no-translation=\"\" data-no-auto-translation=\"\"\/><\/figure>\n\n\n\n<p class=\"has-text-color has-small-font-size\" style=\"color:#758598\">Ils sont le meilleur support d&#039;\u00e9quipe, j&#039;ai rencontr\u00e9 un probl\u00e8me avec la traduction arabe et je leur ai demand\u00e9 de l&#039;aide, et voici mes points\u00a0:<br>1. vitesse de r\u00e9ponse<br>2. ils sont tr\u00e8s patients<br>3. clair<br>4. ils ne vous quitteront pas avant d&#039;avoir r\u00e9solu votre probl\u00e8me<br>Merci beaucoup pour vous les gars<\/p>\n\n\n\n<div class=\"wp-block-group is-nowrap is-layout-flex wp-container-core-group-is-layout-6c531013 wp-block-group-is-layout-flex\">\n<figure class=\"wp-block-image size-large is-resized is-style-rounded\"><img decoding=\"async\" src=\"https:\/\/cdn.wedevs.com\/uploads\/2018\/10\/73x73.png\" alt=\"\" style=\"width:67px;height:67px\" data-no-translation=\"\" data-no-auto-translation=\"\"\/><\/figure>\n\n\n\n<p><strong>Maher Daoud<\/strong><\/p>\n<\/div>\n<\/div>\n<\/div>\n\n\n\n<div class=\"wp-block-column is-layout-flow wp-block-column-is-layout-flow\">\n<div class=\"wp-block-group dco-shadow-sm has-background-background-color has-background is-layout-flow wp-block-group-is-layout-flow\" style=\"border-radius:5px;padding-top:45px;padding-right:45px;padding-bottom:45px;padding-left:45px\">\n<figure class=\"wp-block-image size-large is-resized\"><img decoding=\"async\" src=\"https:\/\/wedevs.com\/img\/dokan\/quote-icon.png\" alt=\"\" style=\"width:51px;height:37px\" data-no-translation=\"\" data-no-auto-translation=\"\"\/><\/figure>\n\n\n\n<p class=\"has-text-color has-small-font-size\" style=\"color:#758598\">Le plugin est vraiment g\u00e9nial pour l&#039;acheteur et le vendeur ! Bien que j&#039;utilise la version gratuite et que je puisse utiliser des fonctionnalit\u00e9s mineures, je suis vraiment tomb\u00e9 amoureux de ce que l&#039;\u00e9quipe WeDevs a fait gratuitement. Je recommande fortement la version payante \ud83d\ude42<\/p>\n\n\n\n<div class=\"wp-block-group is-nowrap is-layout-flex wp-container-core-group-is-layout-6c531013 wp-block-group-is-layout-flex\">\n<figure class=\"wp-block-image size-large is-resized is-style-rounded\"><img decoding=\"async\" src=\"https:\/\/wedevs.com\/img\/blog\/anonymous-user.png\" alt=\"\" style=\"width:67px;height:67px\" data-no-translation=\"\" data-no-auto-translation=\"\"\/><\/figure>\n\n\n\n<p><strong>shaonbd2020<\/strong><\/p>\n<\/div>\n<\/div>\n<\/div>\n<\/div>\n\n\n\n<div class=\"wp-block-columns is-layout-flex wp-container-core-columns-is-layout-28f84493 wp-block-columns-is-layout-flex\">\n<div class=\"wp-block-column is-layout-flow wp-block-column-is-layout-flow\">\n<div class=\"wp-block-group dco-shadow-sm has-background-background-color has-background is-layout-flow wp-block-group-is-layout-flow\" style=\"border-radius:5px;padding-top:45px;padding-right:45px;padding-bottom:45px;padding-left:45px\">\n<figure class=\"wp-block-image size-large is-resized\"><img decoding=\"async\" src=\"https:\/\/wedevs.com\/img\/dokan\/quote-icon.png\" alt=\"\" style=\"width:51px;height:37px\" data-no-translation=\"\" data-no-auto-translation=\"\"\/><\/figure>\n\n\n\n<p class=\"has-text-color has-small-font-size\" style=\"color:#758598\">Je suis tr\u00e8s heureux d&#039;avoir ce plugin dokan. cela augmente mon client et j&#039;ai fait 40 sites Web en utilisant cela. j&#039;adore ce plugin<\/p>\n\n\n\n<div class=\"wp-block-group is-nowrap is-layout-flex wp-container-core-group-is-layout-6c531013 wp-block-group-is-layout-flex\">\n<figure class=\"wp-block-image size-large is-resized is-style-rounded\"><img decoding=\"async\" src=\"https:\/\/wedevs.com\/img\/blog\/anonymous-user.png\" alt=\"\" style=\"width:67px;height:67px\" data-no-translation=\"\" data-no-auto-translation=\"\"\/><\/figure>\n\n\n\n<p><strong>arifur06<\/strong><\/p>\n<\/div>\n<\/div>\n<\/div>\n\n\n\n<div class=\"wp-block-column is-layout-flow wp-block-column-is-layout-flow\">\n<div class=\"wp-block-group dco-shadow-sm has-background-background-color has-background is-layout-flow wp-block-group-is-layout-flow\" style=\"border-radius:5px;padding-top:45px;padding-right:45px;padding-bottom:45px;padding-left:45px\">\n<figure class=\"wp-block-image size-large is-resized\"><img decoding=\"async\" src=\"https:\/\/wedevs.com\/img\/dokan\/quote-icon.png\" alt=\"\" style=\"width:51px;height:37px\" data-no-translation=\"\" data-no-auto-translation=\"\"\/><\/figure>\n\n\n\n<p class=\"has-text-color has-small-font-size\" style=\"color:#758598\">&#039;pas dit! \ud83d\ude42 Le support est \u00e9galement bon et rapide, mon probl\u00e8me a \u00e9t\u00e9 r\u00e9solu en moins de 24h !<\/p>\n\n\n\n<div class=\"wp-block-group is-nowrap is-layout-flex wp-container-core-group-is-layout-6c531013 wp-block-group-is-layout-flex\">\n<figure class=\"wp-block-image size-large is-resized is-style-rounded\"><img decoding=\"async\" src=\"https:\/\/wedevs.com\/img\/blog\/anonymous-user.png\" alt=\"\" style=\"width:67px;height:67px\" data-no-translation=\"\" data-no-auto-translation=\"\"\/><\/figure>\n\n\n\n<p><strong>viriato_sueco<\/strong><\/p>\n<\/div>\n<\/div>\n<\/div>\n\n\n\n<div class=\"wp-block-column is-layout-flow wp-block-column-is-layout-flow\">\n<div class=\"wp-block-group dco-shadow-sm has-background-background-color has-background is-layout-flow wp-block-group-is-layout-flow\" style=\"border-radius:5px;padding-top:45px;padding-right:45px;padding-bottom:45px;padding-left:45px\">\n<figure class=\"wp-block-image size-large is-resized\"><img decoding=\"async\" src=\"https:\/\/wedevs.com\/img\/dokan\/quote-icon.png\" alt=\"\" style=\"width:51px;height:37px\" data-no-translation=\"\" data-no-auto-translation=\"\"\/><\/figure>\n\n\n\n<p class=\"has-text-color has-small-font-size\" style=\"color:#758598\">Travail utile<br>Mostafijur<\/p>\n\n\n\n<div class=\"wp-block-group is-nowrap is-layout-flex wp-container-core-group-is-layout-6c531013 wp-block-group-is-layout-flex\">\n<figure class=\"wp-block-image size-large is-resized is-style-rounded\"><img decoding=\"async\" src=\"https:\/\/wedevs.com\/img\/blog\/anonymous-user.png\" alt=\"\" style=\"width:67px;height:67px\" data-no-translation=\"\" data-no-auto-translation=\"\"\/><\/figure>\n\n\n\n<p><strong>engrmostafijur<\/strong><\/p>\n<\/div>\n<\/div>\n<\/div>\n<\/div>\n\n\n\n<div class=\"wp-block-columns is-layout-flex wp-container-core-columns-is-layout-28f84493 wp-block-columns-is-layout-flex\">\n<div class=\"wp-block-column is-layout-flow wp-block-column-is-layout-flow\">\n<div class=\"wp-block-group dco-shadow-sm has-background-background-color has-background is-layout-flow wp-block-group-is-layout-flow\" style=\"border-radius:5px;padding-top:45px;padding-right:45px;padding-bottom:45px;padding-left:45px\">\n<figure class=\"wp-block-image size-large is-resized\"><img decoding=\"async\" src=\"https:\/\/wedevs.com\/img\/dokan\/quote-icon.png\" alt=\"\" style=\"width:51px;height:37px\" data-no-translation=\"\" data-no-auto-translation=\"\"\/><\/figure>\n\n\n\n<p class=\"has-text-color has-small-font-size\" style=\"color:#758598\">nous utilisions le plugin Wc Vendor, mais maintenant nous utilisons le plugin Dokan Multivendor mais le vendeur n&#039;est pas \u00e9ligible pour acc\u00e9der \u00e0 ses fonctions principales comme l&#039;ajout de produits, etc.<\/p>\n\n\n\n<div class=\"wp-block-group is-nowrap is-layout-flex wp-container-core-group-is-layout-6c531013 wp-block-group-is-layout-flex\">\n<figure class=\"wp-block-image size-large is-resized is-style-rounded\"><img decoding=\"async\" src=\"https:\/\/wedevs.com\/img\/blog\/anonymous-user.png\" alt=\"\" style=\"width:67px;height:67px\" data-no-translation=\"\" data-no-auto-translation=\"\"\/><\/figure>\n\n\n\n<p><strong>Indianswan<\/strong><\/p>\n<\/div>\n<\/div>\n<\/div>\n\n\n\n<div class=\"wp-block-column is-layout-flow wp-block-column-is-layout-flow\">\n<div class=\"wp-block-group dco-shadow-sm has-background-background-color has-background is-layout-flow wp-block-group-is-layout-flow\" style=\"border-radius:5px;padding-top:45px;padding-right:45px;padding-bottom:45px;padding-left:45px\">\n<figure class=\"wp-block-image size-large is-resized\"><img decoding=\"async\" src=\"https:\/\/wedevs.com\/img\/dokan\/quote-icon.png\" alt=\"\" style=\"width:51px;height:37px\" data-no-translation=\"\" data-no-auto-translation=\"\"\/><\/figure>\n\n\n\n<p class=\"has-text-color has-small-font-size\" style=\"color:#758598\">Excellent plugin, ou plus complet. S\u00f3 tive dificuldades pra traduzir mas consegui de boa. S\u00f3 acho que faltou a \u00e1rea do cliente, mas a\u00ed tem outros plugins que d\u00e1 pra fazer isso.<\/p>\n\n\n\n<div class=\"wp-block-group is-nowrap is-layout-flex wp-container-core-group-is-layout-6c531013 wp-block-group-is-layout-flex\">\n<figure class=\"wp-block-image size-large is-resized is-style-rounded\"><img decoding=\"async\" src=\"https:\/\/wedevs.com\/img\/blog\/anonymous-user.png\" alt=\"\" style=\"width:67px;height:67px\" data-no-translation=\"\" data-no-auto-translation=\"\"\/><\/figure>\n\n\n\n<p><strong>albertupload<\/strong><\/p>\n<\/div>\n<\/div>\n<\/div>\n\n\n\n<div class=\"wp-block-column is-layout-flow wp-block-column-is-layout-flow\">\n<div class=\"wp-block-group dco-shadow-sm has-background-background-color has-background is-layout-flow wp-block-group-is-layout-flow\" style=\"border-radius:5px;padding-top:45px;padding-right:45px;padding-bottom:45px;padding-left:45px\">\n<figure class=\"wp-block-image size-large is-resized\"><img decoding=\"async\" src=\"https:\/\/wedevs.com\/img\/dokan\/quote-icon.png\" alt=\"\" style=\"width:51px;height:37px\" data-no-translation=\"\" data-no-auto-translation=\"\"\/><\/figure>\n\n\n\n<p class=\"has-text-color has-small-font-size\" style=\"color:#758598\">J&#039;ai essay\u00e9 plusieurs autres plugins multifournisseurs, j&#039;ai appr\u00e9ci\u00e9 la meilleure solution de l&#039;\u00e9quipe weDevs. J&#039;aime le support professionnel et rapide. Je ne regrette pas d&#039;avoir achet\u00e9 le Dokan PRO. Hautement recommand\u00e9. Bravo \u00e0 l&#039;\u00e9quipe !<\/p>\n\n\n\n<div class=\"wp-block-group is-nowrap is-layout-flex wp-container-core-group-is-layout-6c531013 wp-block-group-is-layout-flex\">\n<figure class=\"wp-block-image size-large is-resized is-style-rounded\"><img decoding=\"async\" src=\"https:\/\/wedevs.com\/img\/blog\/anonymous-user.png\" alt=\"\" style=\"width:67px;height:67px\" data-no-translation=\"\" data-no-auto-translation=\"\"\/><\/figure>\n\n\n\n<p><strong>tjosh<\/strong><\/p>\n<\/div>\n<\/div>\n<\/div>\n<\/div>\n\n\n\n<div class=\"wp-block-columns is-layout-flex wp-container-core-columns-is-layout-28f84493 wp-block-columns-is-layout-flex\">\n<div class=\"wp-block-column is-layout-flow wp-block-column-is-layout-flow\">\n<div class=\"wp-block-group dco-shadow-sm has-background-background-color has-background is-layout-flow wp-block-group-is-layout-flow\" style=\"border-radius:5px;padding-top:45px;padding-right:45px;padding-bottom:45px;padding-left:45px\">\n<figure class=\"wp-block-image size-large is-resized\"><img decoding=\"async\" src=\"https:\/\/wedevs.com\/img\/dokan\/quote-icon.png\" alt=\"\" style=\"width:51px;height:37px\" data-no-translation=\"\" data-no-auto-translation=\"\"\/><\/figure>\n\n\n\n<p class=\"has-text-color has-small-font-size\" style=\"color:#758598\">J&#039;ai pass\u00e9 en revue Dokan et il semble qu&#039;il n&#039;y ait pas de correspondance en ce qui concerne les fonctionnalit\u00e9s et les capacit\u00e9s frontales.<\/p>\n\n\n\n<div class=\"wp-block-group is-nowrap is-layout-flex wp-container-core-group-is-layout-6c531013 wp-block-group-is-layout-flex\">\n<figure class=\"wp-block-image size-large is-resized is-style-rounded\"><img decoding=\"async\" src=\"https:\/\/wedevs.com\/img\/blog\/anonymous-user.png\" alt=\"\" style=\"width:67px;height:67px\" data-no-translation=\"\" data-no-auto-translation=\"\"\/><\/figure>\n\n\n\n<p><strong>shariq11<\/strong><\/p>\n<\/div>\n<\/div>\n<\/div>\n\n\n\n<div class=\"wp-block-column is-layout-flow wp-block-column-is-layout-flow\">\n<div class=\"wp-block-group dco-shadow-sm has-background-background-color has-background is-layout-flow wp-block-group-is-layout-flow\" style=\"border-radius:5px;padding-top:45px;padding-right:45px;padding-bottom:45px;padding-left:45px\">\n<figure class=\"wp-block-image size-large is-resized\"><img decoding=\"async\" src=\"https:\/\/wedevs.com\/img\/dokan\/quote-icon.png\" alt=\"\" style=\"width:51px;height:37px\" data-no-translation=\"\" data-no-auto-translation=\"\"\/><\/figure>\n\n\n\n<p class=\"has-text-color has-small-font-size\" style=\"color:#758598\">C&#039;est merveilleux comme il est facile \u00e0 mettre en place. Et le support est tr\u00e8s amical et utile. J&#039;ai obtenu toutes les r\u00e9ponses \u00e0 toutes mes questions et si mes comp\u00e9tences sont en retard, le support me dit ce que je dois changer et explique les d\u00e9tails. Je tiens particuli\u00e8rement \u00e0 remercier les \u00e9quipes de support Mahbubur Rahman, il est tr\u00e8s bon et sympathique. Il sait exactement ce que je dois changer ou o\u00f9 je peux trouver quelque chose. Tr\u00e8s bien !! Merci Rahman !<\/p>\n\n\n\n<div class=\"wp-block-group is-nowrap is-layout-flex wp-container-core-group-is-layout-6c531013 wp-block-group-is-layout-flex\">\n<figure class=\"wp-block-image size-large is-resized is-style-rounded\"><img decoding=\"async\" src=\"https:\/\/wedevs.com\/img\/blog\/anonymous-user.png\" alt=\"\" style=\"width:67px;height:67px\" data-no-translation=\"\" data-no-auto-translation=\"\"\/><\/figure>\n\n\n\n<p><strong>raavo<\/strong><\/p>\n<\/div>\n<\/div>\n<\/div>\n\n\n\n<div class=\"wp-block-column is-layout-flow wp-block-column-is-layout-flow\">\n<div class=\"wp-block-group dco-shadow-sm has-background-background-color has-background is-layout-flow wp-block-group-is-layout-flow\" style=\"border-radius:5px;padding-top:45px;padding-right:45px;padding-bottom:45px;padding-left:45px\">\n<figure class=\"wp-block-image size-large is-resized\"><img decoding=\"async\" src=\"https:\/\/wedevs.com\/img\/dokan\/quote-icon.png\" alt=\"\" style=\"width:51px;height:37px\" data-no-translation=\"\" data-no-auto-translation=\"\"\/><\/figure>\n\n\n\n<p class=\"has-text-color has-small-font-size\" style=\"color:#758598\">Le plugin Dokan est g\u00e9nial ! Si vous avez besoin de cr\u00e9er un march\u00e9 de commerce \u00e9lectronique, ne cherchez pas plus loin. J&#039;ai regard\u00e9 de nombreux plugins jusqu&#039;\u00e0 ce que je trouve celui-ci, et celui-ci est de loin le meilleur. Les zones du tableau de bord du vendeur sont \u00e9galement bien con\u00e7ues et ce plugin a (presque) tout ce dont vous avez besoin pr\u00eat \u00e0 l&#039;emploi.<br>Leur soutien est vraiment bon aussi. S&#039;il y a un probl\u00e8me ou un bogue, ils r\u00e9pondent imm\u00e9diatement et ont un correctif pr\u00eat \u00e0 l&#039;emploi si n\u00e9cessaire. Plusieurs fois, il s&#039;agit simplement d&#039;un param\u00e8tre personnalis\u00e9 qui n&#039;a pas besoin d&#039;une nouvelle version pour \u00eatre mis \u00e0 jour. Bravo pour ce plugin.<\/p>\n\n\n\n<div class=\"wp-block-group is-nowrap is-layout-flex wp-container-core-group-is-layout-6c531013 wp-block-group-is-layout-flex\">\n<figure class=\"wp-block-image size-large is-resized is-style-rounded\"><img decoding=\"async\" src=\"https:\/\/wedevs.com\/img\/blog\/anonymous-user.png\" alt=\"\" style=\"width:67px;height:67px\" data-no-translation=\"\" data-no-auto-translation=\"\"\/><\/figure>\n\n\n\n<p><strong>upandit<\/strong><\/p>\n<\/div>\n<\/div>\n<\/div>\n<\/div>\n<\/div>\n\n\n\n<div class=\"wp-block-group alignfull has-global-padding is-layout-constrained wp-container-core-group-is-layout-b260d317 wp-block-group-is-layout-constrained\" style=\"margin-top:0;padding-top:6.2rem;padding-bottom:var(--wp--preset--spacing--60)\">\n<div class=\"wp-block-group ticss-e6880699 has-background is-layout-flow wp-block-group-is-layout-flow\" style=\"border-radius:30px;background-color:#171717;padding-top:4.69rem;padding-right:var(--wp--preset--spacing--30);padding-bottom:4.69rem;padding-left:var(--wp--preset--spacing--30)\">\n<h2 class=\"wp-block-heading has-text-align-center dco-m-text-3xl dco-m-br-hidden has-base-color has-text-color\" style=\"font-size:clamp(1.805rem, 1.805rem + ((1vw - 0.2rem) * 2.409), 3.13rem);font-style:normal;font-weight:900;line-height:1.2\">Commencez avec <br>Dokan<\/h2>\n\n\n\n<p class=\"has-text-align-center dco-m-br-hidden has-base-color has-text-color\">Nous sommes l\u00e0 pour vous fournir les bons outils, mais c&#039;est vous qui <br>devez croire en vos capacit\u00e9s et commencer.<\/p>\n\n\n\n<div class=\"wp-block-buttons is-content-justification-center is-layout-flex wp-container-core-buttons-is-layout-a89b3969 wp-block-buttons-is-layout-flex\">\n<div class=\"wp-block-button btn-border-color-hover-dokan-cloud btn-color-hover-white\"><a class=\"wp-block-button__link has-base-color has-text-color wp-element-button\" href=\"https:\/\/dokan.co\/fr\/wordpress\/pricing\/\" style=\"padding-right:2.5rem;padding-left:2.5rem\">Commencer<\/a><\/div>\n<\/div>\n<\/div>\n<\/div>","protected":false},"excerpt":{"rendered":"<p>Dokan Testimonials So good. Everything I wanted for this certain plugin to do and a lot more with the module available. I wanted Geolocation to be added and they were kind enough to take it up and get it done in 1 week to my surprise.That&#8217;t what I call a customer centric company.THANK YOU SO [&hellip;]<\/p>\n","protected":false},"author":2,"featured_media":487113,"parent":0,"menu_order":0,"comment_status":"closed","ping_status":"closed","template":"page-dokan-wordpress","meta":{"footnotes":""},"class_list":["post-9308","page","type-page","status-publish","has-post-thumbnail","hentry"],"_links":{"self":[{"href":"https:\/\/dokan.co\/fr\/wp-json\/wp\/v2\/pages\/9308","targetHints":{"allow":["GET"]}}],"collection":[{"href":"https:\/\/dokan.co\/fr\/wp-json\/wp\/v2\/pages"}],"about":[{"href":"https:\/\/dokan.co\/fr\/wp-json\/wp\/v2\/types\/page"}],"author":[{"embeddable":true,"href":"https:\/\/dokan.co\/fr\/wp-json\/wp\/v2\/users\/2"}],"replies":[{"embeddable":true,"href":"https:\/\/dokan.co\/fr\/wp-json\/wp\/v2\/comments?post=9308"}],"version-history":[{"count":18,"href":"https:\/\/dokan.co\/fr\/wp-json\/wp\/v2\/pages\/9308\/revisions"}],"predecessor-version":[{"id":484648,"href":"https:\/\/dokan.co\/fr\/wp-json\/wp\/v2\/pages\/9308\/revisions\/484648"}],"wp:featuredmedia":[{"embeddable":true,"href":"https:\/\/dokan.co\/fr\/wp-json\/wp\/v2\/media\/487113"}],"wp:attachment":[{"href":"https:\/\/dokan.co\/fr\/wp-json\/wp\/v2\/media?parent=9308"}],"curies":[{"name":"wp","href":"https:\/\/api.w.org\/{rel}","templated":true}]}}